{"id":172,"date":"2011-05-09T21:14:30","date_gmt":"2011-05-09T19:14:30","guid":{"rendered":"http:\/\/www.aulablog.com\/blog\/edublogs11\/?page_id=172"},"modified":"2011-07-02T18:54:05","modified_gmt":"2011-07-02T16:54:05","slug":"comunicaciones","status":"publish","type":"page","link":"https:\/\/www.aulablog.com\/blog\/edublogs11\/comunicaciones\/","title":{"rendered":"Comunicaciones"},"content":{"rendered":"<p style=\"text-align: left;\">Las <strong>comunicaciones<\/strong> son breves ponencias que tratan sobre experiencias relacionadas con las nuevas tecnolog\u00edas en el \u00e1mbito de la educaci\u00f3n.<\/p>\n<h2 style=\"text-align: left;\">Comunicaciones del Encuentro Aulablog 2011<\/h2>\n<table style=\"width: 100%; background-color: #f9fac6;\" border=\"0\">\n<tbody>\n<tr>\n<td style=\"text-align: center;\" colspan=\"3\"><strong>Lunes 4, 18:30 \u2013 19:30<\/strong><\/td>\n<\/tr>\n<tr style=\"text-align: center;\">\n<td><strong>Comunicaci\u00f3n<\/strong><\/td>\n<td style=\"width: 30%;\"><strong>Autores<\/strong><\/td>\n<td style=\"width: 15%;\"><strong>Aula<\/strong><\/td>\n<\/tr>\n<tr>\n<td colspan=\"3\" align=\"center\"><strong>Secundaria<\/strong><\/td>\n<\/tr>\n<tr>\n<td><a href=\"http:\/\/www.cibercorresponsales.org\/\" target=\"_blank\">Cibercorresponsales<\/a>:<br \/>\nred social de j\u00f3venes periodistas<\/td>\n<td>Olga Fern\u00e1ndez Berrios y David Mart\u00edn D\u00edaz<\/td>\n<td>0.1<\/td>\n<\/tr>\n<tr>\n<td>Aula y libro digital en el <a href=\"http:\/\/80.38.27.4\/aula\/\" target=\"_blank\">IES Mar\u00eda Guerrero<\/a><\/td>\n<td>Elvira Gonz\u00e1lez<\/td>\n<td>0.1<\/td>\n<\/tr>\n<tr>\n<td><a href=\"http:\/\/astroatocha.wikispaces.com\/\" target=\"_blank\">AstroAtocha<\/a><\/td>\n<td>Marina Gude y Charo Fdez<\/td>\n<td>0.1<\/td>\n<\/tr>\n<tr>\n<td colspan=\"3\" align=\"center\"><strong>Primaria<\/strong><\/td>\n<\/tr>\n<tr>\n<td>Aprendizaje basado en juegos<\/td>\n<td>David Moreno<\/td>\n<td>0.2<\/td>\n<\/tr>\n<tr>\n<td><a href=\"http:\/\/www.ceipsigueiro.org\/pilla_o_rato\" target=\"_blank\">Crea con tablets<\/a><\/td>\n<td>Manel Rives<\/td>\n<td>0.2<\/td>\n<\/tr>\n<tr>\n<td>SCRATH Eguna<\/td>\n<td>Josu Garro<\/td>\n<td>0.2<\/td>\n<\/tr>\n<tr>\n<td colspan=\"3\" align=\"center\"><strong>General<\/strong><\/td>\n<\/tr>\n<tr>\n<td>Proyectos colaborativos: Poesia eres t\u00fa. Nuestros pueblos. Kiosko de<br \/>\nchuches 2.0. Callejeros literarios. Identidad digital y redes.<\/td>\n<td>Varios<\/td>\n<td>S. actos<\/td>\n<\/tr>\n<\/tbody>\n<\/table>\n<table style=\"width: 100%; background-color: #f9edbd;\" border=\"0\">\n<tbody>\n<tr>\n<td style=\"text-align: center;\" colspan=\"3\"><strong>Martes 5,\u00a0 10:00 \u2013 11:00<\/strong><\/td>\n<\/tr>\n<tr style=\"text-align: center;\">\n<td><strong>Comunicaci\u00f3n<\/strong><\/td>\n<td style=\"width: 30%;\"><strong>Autores<\/strong><\/td>\n<td style=\"width: 15%;\"><strong>Aula<\/strong><\/td>\n<\/tr>\n<tr>\n<td colspan=\"3\" align=\"center\"><strong>Secundaria<\/strong><\/td>\n<\/tr>\n<tr>\n<td><a href=\"http:\/\/www.wix.com\/garabana\/leer-es-en-aulablog\" target=\"_blank\">Leer.es<\/a>, centro virtual de fomento a la lectura en la era digital<\/td>\n<td>Estrella L\u00f3pez<\/td>\n<td>S. actos<\/td>\n<\/tr>\n<tr>\n<td><a href=\"http:\/\/www.javierpelayo.com\/inicio\" target=\"_blank\">La web de autor<\/a><\/td>\n<td>Javier Pelayo<\/td>\n<td>S. actos<\/td>\n<\/tr>\n<tr>\n<td><a href=\"http:\/\/lauracano2000.glogster.com\/glog-4584\/\" target=\"_blank\">Proyecto Alameda 2.0<\/a><\/td>\n<td>Laura Cano<\/td>\n<td>S. actos<\/td>\n<\/tr>\n<tr>\n<td colspan=\"3\" align=\"center\"><strong>Primaria<\/strong><\/td>\n<\/tr>\n<tr>\n<td>Nuevos estuches y cuadernos. Las herramientas 2.0 y los blogs como herramientas de trabajo en Primaria<\/td>\n<td>Ra\u00fal Diego Obeg\u00f3n<\/td>\n<td>0.2<\/td>\n<\/tr>\n<tr>\n<td>Agrega, una plataforma para reutilizar y compartir contenidos digitales<\/td>\n<td>Isidro Vidal<\/td>\n<td>0.2<\/td>\n<\/tr>\n<tr>\n<td colspan=\"3\" align=\"center\"><strong>General<\/strong><\/td>\n<\/tr>\n<tr>\n<td>Grupo de actividades educativas en <a title=\"El tinglado\" href=\"http:\/\/www.tinglado.net\" target=\"_blank\">El tinglado<\/a>, blog de aula colectivo<\/td>\n<td>Alejandro Valero<\/td>\n<td>0.2<\/td>\n<\/tr>\n<tr>\n<td><a href=\"http:\/\/giges.edu.glogster.com\/inteligencia-emocional-vi-encuentro-edublogs-2011\/\" target=\"_blank\">Inteligencia emocional<\/a> y educaci\u00f3n emocional para profesores y alumnos<\/td>\n<td>Manuel Rino<\/td>\n<td>0.1<\/td>\n<\/tr>\n<tr>\n<td><a title=\"Chicas 10\" href=\"http:\/\/saludlibertadeinternet.blogspot.com\/\" target=\"_blank\">Chicass 10<\/a>. Canto Coral a la Libertad. V\u00eddeos: <a title=\"Diario de las ilusiones\" href=\"https:\/\/www.aulablog.com\/blog\/edublogs11\/wp-content\/uploads\/2011\/07\/diario.wmv\" target=\"_blank\">Diario de las ilusiones<\/a> y <a title=\"Chicas 10\" href=\"https:\/\/www.aulablog.com\/blog\/edublogs11\/wp-content\/uploads\/2011\/07\/chicas10.wmv\" target=\"_blank\">Chicas 10<\/a><\/td>\n<td>Chicass10 y \u00c1ngel S\u00e1ez<\/td>\n<td>0.1<\/td>\n<\/tr>\n<tr>\n<td><em>Purposed<\/em>: el prop\u00f3sito de la educaci\u00f3n.<\/td>\n<td>Jaime Olmos<\/td>\n<td>0.1<\/td>\n<\/tr>\n<\/tbody>\n<\/table>\n<p>Las personas interesadas enviar\u00e1n a la organizaci\u00f3n del evento un resumen de <strong>una p\u00e1gina<\/strong> en un archivo de texto y <strong>un p\u00f3ster<\/strong> en formato *.pdf y tama\u00f1o din A4.<\/p>\n<ul>\n<li>\n<div>El <strong>resumen<\/strong> deber\u00e1 incluir: t\u00edtulo de la comunicaci\u00f3n, nombre y apellidos de autor\/es y centro educativo de procedencia.<\/div>\n<\/li>\n<li>El <strong>p\u00f3ster<\/strong> deber\u00e1  incluir t\u00edtulo, autor\/es, forma de contacto y  resumen de la experiencia  de forma gr\u00e1fica.<\/li>\n<\/ul>\n<ul>\n<li>Estos documentos se har\u00e1n llegar como ficheros adjuntos a la siguiente direcci\u00f3n:<\/li>\n<\/ul>\n<p style=\"text-align: center;\"><strong><a><span style=\"color: #ff0000;\">comunicaciones11@aulablog.com<\/span><\/a><\/strong>.<\/p>\n<ul>\n<li>El <strong>plazo<\/strong> para la presentaci\u00f3n de comunicaciones estar\u00e1 abierto hasta el<span style=\"color: #ff0000;\"><strong> 15 de Junio.<\/strong><\/span><\/li>\n<li>El Comit\u00e9 Organizador seleccionar\u00e1  aquellas comunicaciones que sean consideradas como de mayor inter\u00e9s para  el conjunto de los asistentes, haciendo p\u00fablica su decisi\u00f3n en esta web  el d\u00eda<strong><span style=\"color: #ff0000;\"> 22 de Junio.<\/span><\/strong><\/li>\n<li>No es necesario que los trabajos sean in\u00e9ditos.<\/li>\n<li>Los comunicantes dispondr\u00e1n de un  m\u00e1ximo de 15 min. para exponer su experiencia. Tras la exposici\u00f3n se  abrir\u00e1 un peque\u00f1o turno de debate y preguntas hasta completar los<strong> 20 min.<\/strong> (La organizaci\u00f3n ser\u00e1 estricta con el cumplimiento del horario).  Posteriormente se abrir\u00e1 un espacio com\u00fan durante una hora para que los  asistentes puedan realizar consultas a los diferentes comunicantes.<\/li>\n<li>Para participar como comunicante ser\u00e1 <strong>necesario estar inscrito\/a<\/strong> en el encuentro.<\/li>\n<li>Se certificar\u00e1 con un <strong>diploma que acredita nuestro reconocimiento<\/strong>.<\/li>\n<li>Las comunicaciones <strong>podr\u00e1n publicarse en la web del encuentro<\/strong> en forma de texto, presentaci\u00f3n multimedia, etc.<\/li>\n<\/ul>\n<p>&nbsp;<\/p>\n<hr \/>\n<p><strong>Si te resulta \u00fatil puedes utilizar <a href=\"http:\/\/www.glogster.com\/\" target=\"_blank\">Glogster<\/a> para hacer tu p\u00f3ster, aunque l\u00f3gicamente queda a tu elecci\u00f3n.<\/strong><\/p>\n<p><strong><a href=\"http:\/\/www.youtube.com\/watch?v=_TSNAuwWzq8\" target=\"_blank\">Tutorial de Glogster<\/a>.<\/strong><\/p>\n<h2><strong>Ejemplos de posters<\/strong><\/h2>\n<p><strong>Ejemplo realizado con glogster<\/strong><\/p>\n<p style=\"text-align: center;\"><strong><a href=\"https:\/\/www.aulablog.com\/blog\/edublogs11\/files\/2011\/05\/poster2.jpg\"><img loading=\"lazy\" decoding=\"async\" class=\"aligncenter size-medium wp-image-158\" title=\"poster2\" src=\"https:\/\/www.aulablog.com\/blog\/edublogs11\/files\/2011\/05\/poster2-209x300.jpg\" alt=\"\" width=\"209\" height=\"300\" srcset=\"https:\/\/www.aulablog.com\/blog\/edublogs11\/files\/2011\/05\/poster2-209x300.jpg 209w, https:\/\/www.aulablog.com\/blog\/edublogs11\/files\/2011\/05\/poster2-97x140.jpg 97w, https:\/\/www.aulablog.com\/blog\/edublogs11\/files\/2011\/05\/poster2.jpeg 520w\" sizes=\"auto, (max-width: 209px) 100vw, 209px\" \/><\/a><br \/>\n<\/strong><\/p>\n<p><strong>Ejemplo realizado con <a title=\"inkscape\" href=\"http:\/\/inkscape.org\/?lang=es\" target=\"_blank\">Inkscape<\/a><\/strong><\/p>\n<p style=\"text-align: center;\"><strong><a href=\"http:\/\/www.iticlab.es\/iTIC\/imagenes\/poster6v.png\"><img loading=\"lazy\" decoding=\"async\" class=\"aligncenter\" title=\"poster con inkscape\" src=\"http:\/\/www.iticlab.es\/iTIC\/imagenes\/poster6v.png\" alt=\"\" width=\"200\" height=\"300\" \/><\/a><br \/>\n<\/strong><\/p>\n","protected":false},"excerpt":{"rendered":"<p>Las comunicaciones son breves ponencias que tratan sobre experiencias relacionadas con las nuevas tecnolog\u00edas en el \u00e1mbito de la educaci\u00f3n. Comunicaciones del Encuentro Aulablog 2011 Lunes 4, 18:30 \u2013 19:30 Comunicaci\u00f3n Autores Aula Secundaria Cibercorresponsales: red social de j\u00f3venes periodistas Olga Fern\u00e1ndez Berrios y David Mart\u00edn D\u00edaz 0.1 Aula y libro digital en el IES [&hellip;]<\/p>\n","protected":false},"author":1,"featured_media":0,"parent":0,"menu_order":4,"comment_status":"open","ping_status":"closed","template":"","meta":{"footnotes":""},"class_list":["post-172","page","type-page","status-publish","hentry"],"_links":{"self":[{"href":"https:\/\/www.aulablog.com\/blog\/edublogs11\/wp-json\/wp\/v2\/pages\/172","targetHints":{"allow":["GET"]}}],"collection":[{"href":"https:\/\/www.aulablog.com\/blog\/edublogs11\/wp-json\/wp\/v2\/pages"}],"about":[{"href":"https:\/\/www.aulablog.com\/blog\/edublogs11\/wp-json\/wp\/v2\/types\/page"}],"author":[{"embeddable":true,"href":"https:\/\/www.aulablog.com\/blog\/edublogs11\/wp-json\/wp\/v2\/users\/1"}],"replies":[{"embeddable":true,"href":"https:\/\/www.aulablog.com\/blog\/edublogs11\/wp-json\/wp\/v2\/comments?post=172"}],"version-history":[{"count":31,"href":"https:\/\/www.aulablog.com\/blog\/edublogs11\/wp-json\/wp\/v2\/pages\/172\/revisions"}],"predecessor-version":[{"id":682,"href":"https:\/\/www.aulablog.com\/blog\/edublogs11\/wp-json\/wp\/v2\/pages\/172\/revisions\/682"}],"wp:attachment":[{"href":"https:\/\/www.aulablog.com\/blog\/edublogs11\/wp-json\/wp\/v2\/media?parent=172"}],"curies":[{"name":"wp","href":"https:\/\/api.w.org\/{rel}","templated":true}]}}