{"id":21,"date":"2011-05-02T00:34:35","date_gmt":"2011-05-01T22:34:35","guid":{"rendered":"http:\/\/www.aulablog.com\/blog\/edublogs11\/?page_id=21"},"modified":"2011-06-23T02:07:36","modified_gmt":"2011-06-23T00:07:36","slug":"cartel","status":"publish","type":"page","link":"https:\/\/www.aulablog.com\/blog\/edublogs11\/cartel\/","title":{"rendered":"Cartel"},"content":{"rendered":"<p>Cartel para el Encuentro de Aulablog en Madrid, obra de C\u00e9sar Poyatos. Aqu\u00ed ten\u00e9is varios tama\u00f1os del cartel para que los pong\u00e1is en vuestros blogs o webs:<\/p>\n<h3>1. Tama\u00f1o: 200 x 283<\/h3>\n<p style=\"text-align: center;\"><a href=\"https:\/\/www.aulablog.com\/blog\/edublogs11\/?attachment_id=150\"><img loading=\"lazy\" decoding=\"async\" class=\"size-full wp-image-150 aligncenter\" title=\"Cartel de Edublogs 2011-5\" src=\"https:\/\/www.aulablog.com\/blog\/edublogs11\/files\/2011\/05\/edublogs11_cartel5.jpg\" alt=\"Cartel de Edublogs 2011-5\" width=\"200\" height=\"283\" \/><\/a><\/p>\n<p><textarea style=\"width: 100%;\"><a href=\"https:\/\/www.aulablog.com\/blog\/edublogs11\" _mce_href=\"https:\/\/www.aulablog.com\/blog\/edublogs11\" target=\"_blank\" title=\"VI Encuentro de Edublogs 2011 en Madrid\"><img loading=\"lazy\" decoding=\"async\" src=\"https:\/\/www.aulablog.com\/blog\/edublogs11\/files\/2011\/05\/edublogs11_cartel5.jpg\" width=\"200\" height=\"283\" border=\"0\" alt=\"VI Encuentro de Edublogs 2011 en Madrid\" \/><\/a><\/textarea><\/p>\n<h3>2. Tama\u00f1o: 250 \u00d7 354:<\/h3>\n<p><a rel=\"attachment wp-att-148\" href=\"https:\/\/www.aulablog.com\/blog\/edublogs11\/?attachment_id=148\"><img loading=\"lazy\" decoding=\"async\" class=\"aligncenter size-full wp-image-148\" title=\"Cartel de Edublogs 2011-3\" src=\"https:\/\/www.aulablog.com\/blog\/edublogs11\/files\/2011\/05\/edublogs11_cartel3.jpg\" alt=\"Cartel de Edublogs 2011-3\" width=\"250\" height=\"354\" \/><\/a><\/p>\n<p><textarea style=\"width: 100%;\"><a href=\"https:\/\/www.aulablog.com\/blog\/edublogs11\" _mce_href=\"https:\/\/www.aulablog.com\/blog\/edublogs11\" target=\"_blank\" title=\"VI Encuentro de Edublogs 2011 en Madrid\"><img loading=\"lazy\" decoding=\"async\" src=\"https:\/\/www.aulablog.com\/blog\/edublogs11\/files\/2011\/05\/edublogs11_cartel3.jpg\" width=\"250\" height=\"354\" border=\"0\" alt=\"VI Encuentro de Edublogs 2011 en Madrid\" \/><\/a><\/textarea><\/p>\n<h3>3. Tama\u00f1o: 350 \u00d7 496:<\/h3>\n<p><a href=\"https:\/\/www.aulablog.com\/blog\/edublogs11\/?attachment_id=149\"><img loading=\"lazy\" decoding=\"async\" class=\"aligncenter size-full wp-image-149\" title=\"Cartel de Edublogs 2011-4\" src=\"https:\/\/www.aulablog.com\/blog\/edublogs11\/files\/2011\/05\/edublogs11_cartel4.jpg\" alt=\"Cartel de Edublogs 2011-4\" width=\"350\" height=\"496\" \/><\/a><\/p>\n<p><textarea style=\"width: 100%;\"><a href=\"https:\/\/www.aulablog.com\/blog\/edublogs11\" _mce_href=\"https:\/\/www.aulablog.com\/blog\/edublogs11\" target=\"_blank\" title=\"VI Encuentro de Edublogs 2011 en Madrid\"><img loading=\"lazy\" decoding=\"async\" src=\"https:\/\/www.aulablog.com\/blog\/edublogs11\/files\/2011\/05\/edublogs11_cartel4.jpg\" width=\"350\" height=\"496\" border=\"0\" alt=\"VI Encuentro de Edublogs 2011 en Madrid\" \/><\/a><\/textarea><\/p>\n<h3>4. Tama\u00f1o: 565 \u00d7 800:<\/h3>\n<p><a href=\"https:\/\/www.aulablog.com\/blog\/edublogs11\/?attachment_id=378\"><img loading=\"lazy\" decoding=\"async\" class=\"alignleft size-full wp-image-378\" style=\"border: 0pt none;\" title=\"Cartel de Edublogs 2011\" src=\"https:\/\/www.aulablog.com\/blog\/edublogs11\/files\/2011\/05\/edublogs11_cartel.jpg\" alt=\"Cartel de Edublogs 2011\" width=\"565\" height=\"799\" \/><\/a><\/p>\n<p><textarea style=\"width: 100%;\"><a href=\"https:\/\/www.aulablog.com\/blog\/edublogs11\" _mce_href=\"https:\/\/www.aulablog.com\/blog\/edublogs11\" target=\"_blank\" title=\"VI Encuentro de Edublogs 2011 en Madrid\"><img loading=\"lazy\" decoding=\"async\" src=\"https:\/\/www.aulablog.com\/blog\/edublogs11\/files\/2011\/05\/edublogs11_cartel.jpg\" width=\"565\" height=\"800\" border=\"0\" alt=\"VI Encuentro de Edublogs 2011 en Madrid\" \/><\/a><a><\/a><\/textarea><\/p>\n","protected":false},"excerpt":{"rendered":"<p>Cartel para el Encuentro de Aulablog en Madrid, obra de C\u00e9sar Poyatos. Aqu\u00ed ten\u00e9is varios tama\u00f1os del cartel para que los pong\u00e1is en vuestros blogs o webs: 1. Tama\u00f1o: 200 x 283 2. Tama\u00f1o: 250 \u00d7 354: 3. Tama\u00f1o: 350 \u00d7 496: 4. Tama\u00f1o: 565 \u00d7 800:<\/p>\n","protected":false},"author":12,"featured_media":0,"parent":0,"menu_order":9,"comment_status":"open","ping_status":"closed","template":"","meta":{"footnotes":""},"class_list":["post-21","page","type-page","status-publish","hentry"],"_links":{"self":[{"href":"https:\/\/www.aulablog.com\/blog\/edublogs11\/wp-json\/wp\/v2\/pages\/21","targetHints":{"allow":["GET"]}}],"collection":[{"href":"https:\/\/www.aulablog.com\/blog\/edublogs11\/wp-json\/wp\/v2\/pages"}],"about":[{"href":"https:\/\/www.aulablog.com\/blog\/edublogs11\/wp-json\/wp\/v2\/types\/page"}],"author":[{"embeddable":true,"href":"https:\/\/www.aulablog.com\/blog\/edublogs11\/wp-json\/wp\/v2\/users\/12"}],"replies":[{"embeddable":true,"href":"https:\/\/www.aulablog.com\/blog\/edublogs11\/wp-json\/wp\/v2\/comments?post=21"}],"version-history":[{"count":14,"href":"https:\/\/www.aulablog.com\/blog\/edublogs11\/wp-json\/wp\/v2\/pages\/21\/revisions"}],"predecessor-version":[{"id":713,"href":"https:\/\/www.aulablog.com\/blog\/edublogs11\/wp-json\/wp\/v2\/pages\/21\/revisions\/713"}],"wp:attachment":[{"href":"https:\/\/www.aulablog.com\/blog\/edublogs11\/wp-json\/wp\/v2\/media?parent=21"}],"curies":[{"name":"wp","href":"https:\/\/api.w.org\/{rel}","templated":true}]}}