{"id":27,"date":"2011-04-13T17:46:34","date_gmt":"2011-04-13T15:46:34","guid":{"rendered":"http:\/\/www.aulablog.com\/blog\/edublogs11\/?page_id=27"},"modified":"2011-07-07T01:56:12","modified_gmt":"2011-07-06T23:56:12","slug":"fotos","status":"publish","type":"page","link":"https:\/\/www.aulablog.com\/blog\/edublogs11\/fotos\/","title":{"rendered":"Fotos"},"content":{"rendered":"<p>Pod\u00e9is ver las fotograf\u00edas del VI Encuentro Aulablog 2011 en el <a href=\"http:\/\/www.flickr.com\/groups\/aulablog2011\/pool\/\" target=\"_blank\">Mural Aulablog11<\/a>:<br \/>\n<object width=\"520\" height=\"416\"><param name=\"flashvars\" value=\"offsite=true&amp;lang=es-us&amp;page_show_url=%2Fgroups%2Faulablog2011%2Fpool%2Fshow%2Fwith%2F5909704692%2F&amp;page_show_back_url=%2Fgroups%2Faulablog2011%2Fpool%2Fwith%2F5909704692%2F&amp;group_id=1756746@N22&amp;jump_to=5909704692&amp;start_index=\" \/><param name=\"movie\" value=\"http:\/\/www.flickr.com\/apps\/slideshow\/show.swf?v=104087\" \/><param name=\"allowFullScreen\" value=\"true\" \/><embed type=\"application\/x-shockwave-flash\" width=\"520\" height=\"416\" src=\"http:\/\/www.flickr.com\/apps\/slideshow\/show.swf?v=104087\" allowfullscreen=\"true\" flashvars=\"offsite=true&amp;lang=es-us&amp;page_show_url=%2Fgroups%2Faulablog2011%2Fpool%2Fshow%2Fwith%2F5909704692%2F&amp;page_show_back_url=%2Fgroups%2Faulablog2011%2Fpool%2Fwith%2F5909704692%2F&amp;group_id=1756746@N22&amp;jump_to=5909704692&amp;start_index=\"><\/embed><\/object><\/p>\n<p style=\"text-align: center;\"><strong>Participa en el <a title=\"Fotomarat\u00f3n\" href=\"http:\/\/edublogsfoto.blogspot.com\" target=\"_blank\">Fotomarat\u00f3n de Aulablog 2011<\/a><\/strong><\/p>\n<p style=\"text-align: center;\"><a title=\"Fotomarat\u00f3n\" rel=\"attachment wp-att-568\" href=\"https:\/\/www.aulablog.com\/blog\/edublogs11\/fotos\/fotomaraton\/\" target=\"_blank\"><img loading=\"lazy\" decoding=\"async\" class=\"aligncenter size-full wp-image-568\" style=\"border: 1px solid black;\" title=\"Fotomarat\u00f3n\" src=\"https:\/\/www.aulablog.com\/blog\/edublogs11\/files\/2011\/04\/fotomaraton.jpg\" alt=\"Fotomarat\u00f3n\" width=\"550\" height=\"138\" srcset=\"https:\/\/www.aulablog.com\/blog\/edublogs11\/files\/2011\/04\/fotomaraton.jpg 550w, https:\/\/www.aulablog.com\/blog\/edublogs11\/files\/2011\/04\/fotomaraton-300x75.jpg 300w, https:\/\/www.aulablog.com\/blog\/edublogs11\/files\/2011\/04\/fotomaraton-250x62.jpg 250w, https:\/\/www.aulablog.com\/blog\/edublogs11\/files\/2011\/04\/fotomaraton-140x35.jpg 140w\" sizes=\"auto, (max-width: 550px) 100vw, 550px\" \/><\/a><\/p>\n<p style=\"text-align: center;\">&nbsp;<\/p>\n<p style=\"text-align: center;\"><a title=\"Mural con fotos de nuestro entorno\" href=\"http:\/\/www.flickr.com\/groups\/1683628@N23\/pool\/\" target=\"_blank\"><strong>Mural con fotos de nuestro entorno<\/strong><\/a><\/p>\n<p style=\"text-align: center;\">\ufeff\ufeff<a title=\"Fotos de nuestro entorno\" href=\"https:\/\/www.aulablog.com\/blog\/edublogs11\/2011\/05\/17\/fotos-de-nuestro-entorno\/\">Participa en este mural<\/a> con tres fotos como m\u00e1ximo. <a title=\"Fotos de nuestro entorno\" href=\"http:\/\/www.flickr.com\/groups\/1683628@N23\/pool\/show\/\" target=\"_blank\">Presentaci\u00f3n<\/a><\/p>\n<p><object width=\"520\" height=\"391\"><param name=\"flashvars\" value=\"offsite=true&amp;lang=es-us&amp;page_show_url=%2Fgroups%2F1683628%40N23%2Fpool%2Fshow%2F&amp;page_show_back_url=%2Fgroups%2F1683628%40N23%2Fpool%2F&amp;group_id=1683628@N23&amp;jump_to=&amp;start_index=\" \/><param name=\"movie\" value=\"http:\/\/www.flickr.com\/apps\/slideshow\/show.swf?v=71649\" \/><param name=\"allowFullScreen\" value=\"true\" \/><embed type=\"application\/x-shockwave-flash\" width=\"520\" height=\"391\" src=\"http:\/\/www.flickr.com\/apps\/slideshow\/show.swf?v=71649\" allowfullscreen=\"true\" flashvars=\"offsite=true&amp;lang=es-us&amp;page_show_url=%2Fgroups%2F1683628%40N23%2Fpool%2Fshow%2F&amp;page_show_back_url=%2Fgroups%2F1683628%40N23%2Fpool%2F&amp;group_id=1683628@N23&amp;jump_to=&amp;start_index=\"><\/embed><\/object><\/p>\n<p style=\"text-align: center;\"><strong>Fotograf\u00edas de la Escuela de Organizaci\u00f3n Industrial (EOI):<\/strong><\/p><embed type=\"application\/x-shockwave-flash\" width=\"520\" height=\"295\" src=\"https:\/\/picasaweb.google.com\/s\/c\/bin\/slideshow.swf\" flashvars=\"host=picasaweb.google.com&amp;noautoplay=1&amp;hl=es&amp;feat=flashalbum&amp;RGB=0x000000&amp;feed=https%3A%2F%2Fpicasaweb.google.com%2Fdata%2Ffeed%2Fapi%2Fuser%2Favalerofer%2Falbumid%2F5593892777998792625%3Falt%3Drss%26kind%3Dphoto%26hl%3Des\" pluginspage=\"http:\/\/www.macromedia.com\/go\/getflashplayer\"><\/embed><p style=\"text-align: center;\"><strong>Fotos de Encuentros anteriores:<\/strong><\/p>\n<p><object width=\"520\" height=\"390\"><param name=\"flashvars\" value=\"offsite=true&amp;lang=en-us&amp;page_show_url=%2Fphotos%2Fedublogs06%2Fshow%2F&amp;page_show_back_url=%2Fphotos%2Fedublogs06%2F&amp;user_id=72258230@N00&amp;jump_to=\" \/><param name=\"movie\" value=\"http:\/\/www.flickr.com\/apps\/slideshow\/show.swf?v=71649\" \/><param name=\"allowFullScreen\" value=\"true\" \/><embed type=\"application\/x-shockwave-flash\" width=\"520\" height=\"390\" src=\"http:\/\/www.flickr.com\/apps\/slideshow\/show.swf?v=71649\" allowfullscreen=\"true\" flashvars=\"offsite=true&amp;lang=en-us&amp;page_show_url=%2Fphotos%2Fedublogs06%2Fshow%2F&amp;page_show_back_url=%2Fphotos%2Fedublogs06%2F&amp;user_id=72258230@N00&amp;jump_to=\"><\/embed><\/object><\/p>\n","protected":false},"excerpt":{"rendered":"<p>Pod\u00e9is ver las fotograf\u00edas del VI Encuentro Aulablog 2011 en el Mural Aulablog11: Participa en el Fotomarat\u00f3n de Aulablog 2011 &nbsp; Mural con fotos de nuestro entorno \ufeff\ufeffParticipa en este mural con tres fotos como m\u00e1ximo. Presentaci\u00f3n Fotograf\u00edas de la Escuela de Organizaci\u00f3n Industrial (EOI):Fotos de Encuentros anteriores:<\/p>\n","protected":false},"author":12,"featured_media":0,"parent":0,"menu_order":7,"comment_status":"open","ping_status":"closed","template":"","meta":{"footnotes":""},"class_list":["post-27","page","type-page","status-publish","hentry"],"_links":{"self":[{"href":"https:\/\/www.aulablog.com\/blog\/edublogs11\/wp-json\/wp\/v2\/pages\/27","targetHints":{"allow":["GET"]}}],"collection":[{"href":"https:\/\/www.aulablog.com\/blog\/edublogs11\/wp-json\/wp\/v2\/pages"}],"about":[{"href":"https:\/\/www.aulablog.com\/blog\/edublogs11\/wp-json\/wp\/v2\/types\/page"}],"author":[{"embeddable":true,"href":"https:\/\/www.aulablog.com\/blog\/edublogs11\/wp-json\/wp\/v2\/users\/12"}],"replies":[{"embeddable":true,"href":"https:\/\/www.aulablog.com\/blog\/edublogs11\/wp-json\/wp\/v2\/comments?post=27"}],"version-history":[{"count":37,"href":"https:\/\/www.aulablog.com\/blog\/edublogs11\/wp-json\/wp\/v2\/pages\/27\/revisions"}],"predecessor-version":[{"id":34,"href":"https:\/\/www.aulablog.com\/blog\/edublogs11\/wp-json\/wp\/v2\/pages\/27\/revisions\/34"}],"wp:attachment":[{"href":"https:\/\/www.aulablog.com\/blog\/edublogs11\/wp-json\/wp\/v2\/media?parent=27"}],"curies":[{"name":"wp","href":"https:\/\/api.w.org\/{rel}","templated":true}]}}