{"id":540,"date":"2011-06-13T21:05:49","date_gmt":"2011-06-13T19:05:49","guid":{"rendered":"http:\/\/www.aulablog.com\/blog\/edublogs11\/?page_id=540"},"modified":"2011-07-08T18:16:51","modified_gmt":"2011-07-08T16:16:51","slug":"intro","status":"publish","type":"page","link":"https:\/\/www.aulablog.com\/blog\/edublogs11\/intro\/","title":{"rendered":"Intro"},"content":{"rendered":"<p><a rel=\"attachment wp-att-410\" href=\"https:\/\/www.aulablog.com\/blog\/edublogs11\/intro\/edublogs11_cartel2\/\"><img loading=\"lazy\" decoding=\"async\" class=\"alignleft size-full wp-image-410\" title=\"Cartel de Edublogs 2011-2\" src=\"https:\/\/www.aulablog.com\/blog\/edublogs11\/files\/2011\/05\/edublogs11_cartel2.jpg\" alt=\"Cartel de Edublogs 2011-2\" width=\"190\" height=\"269\" srcset=\"https:\/\/www.aulablog.com\/blog\/edublogs11\/files\/2011\/05\/edublogs11_cartel2.jpg 190w, https:\/\/www.aulablog.com\/blog\/edublogs11\/files\/2011\/05\/edublogs11_cartel2-98x140.jpg 98w\" sizes=\"auto, (max-width: 190px) 100vw, 190px\" \/><\/a>El <strong>VI Encuentro Aulablog 2011<\/strong>, que celebramos en la <a title=\"Escuela de Organizaci\u00f3n industrial (EOI), en Madrid\" href=\"http:\/\/www.eoi.es\/portal\/guest\/inicio\" target=\"_blank\">Escuela de Organizaci\u00f3n Industrial<\/a> de Madrid los d\u00edas 4, 5 y 6 de julio, es una reuni\u00f3n de docentes de toda Espa\u00f1a donde ponemos en com\u00fan nuestras experiencias educativas dentro del \u00e1mbito de las nuevas tecnolog\u00edas. Desde el a\u00f1o 2006 celebramos estos encuentros anuales, que hasta el a\u00f1o pasado hemos llamado <em>de Edublogs<\/em>, con el objetivo de contribuir a la renovaci\u00f3n necesaria que mejore nuestro sistema educativo y lo incorpore a la nueva Sociedad de la Informaci\u00f3n y del Conocimiento en un ambiente de creatividad, colaboraci\u00f3n y libertad. Adem\u00e1s, estas reuniones nos sirven para fortalecer lazos y amistades creadas hace ya tiempo y conocer a docentes que quieran contribuir a los objetivos ampliamente deseados por quienes nos dedicamos a la ense\u00f1anza.<\/p>\n<p>En los Encuentros trabajamos de forma colectiva formando <strong>talleres<\/strong> donde aprendemos a usar nuevas herramientas TIC, ofreciendo <strong>comunicaciones<\/strong> de nuestras experiencias educativas, asistiendo a <strong>conferencias<\/strong> sobre los temas m\u00e1s actuales de la Web 2.0 y realizando <strong>actividades<\/strong> conjuntas que nos entretienen. Todo ello en un<strong> ambiente de amistad y de trabajo<\/strong> que nos proporciona m\u00e1s motivaciones para nuestra labor educativa.<\/p>\n<p>Ya desde el primer Encuentro en Roa de Duero sab\u00edamos lo que quer\u00edamos, y lo que entonces parec\u00eda dif\u00edcil de conseguir, se ha ido incorporando poco a poco a nuestros sistemas educativos. Nuestra <a title=\"Declaraci\u00f3n de Roa\" href=\"http:\/\/aulablog.wikispaces.com\/Declaracion+de+Roa\" target=\"_blank\">Declaraci\u00f3n de Roa<\/a> parec\u00eda casi una utop\u00eda en el a\u00f1o 2006, pero cinco a\u00f1os despu\u00e9s hemos conseguido entre todos que sus principios nos resulten familiares.<\/p>\n<blockquote>\n<p id=\"toc0\"><strong>Declaraci\u00f3n de Roa por la integraci\u00f3n de las TIC en la educaci\u00f3n<\/strong><\/p>\n<p><a rel=\"attachment wp-att-573\" href=\"https:\/\/www.aulablog.com\/blog\/edublogs11\/intro\/bannerdeclara\/\"><img loading=\"lazy\" decoding=\"async\" class=\"alignleft size-full wp-image-573\" title=\"Declaraci\u00f3n de Roa\" src=\"https:\/\/www.aulablog.com\/blog\/edublogs11\/files\/2011\/06\/bannerdeclara.png\" alt=\"Declaraci\u00f3n de Roa\" width=\"150\" height=\"121\" srcset=\"https:\/\/www.aulablog.com\/blog\/edublogs11\/files\/2011\/06\/bannerdeclara.png 150w, https:\/\/www.aulablog.com\/blog\/edublogs11\/files\/2011\/06\/bannerdeclara-140x112.png 140w\" sizes=\"auto, (max-width: 150px) 100vw, 150px\" \/><\/a>La efectiva incorporaci\u00f3n a la Sociedad de la Informaci\u00f3n y la  Comunicaci\u00f3n debe ser un objetivo prioritario para cualquier sistema  educativo y para cualquier pa\u00eds. La instituci\u00f3n educativa debe asumir la  responsabilidad de conseguir la alfabetizaci\u00f3n digital y el acceso de  la ciudadan\u00eda a las TIC. Pero la integraci\u00f3n de las TIC necesita un  impulso mucho m\u00e1s decidido por parte de toda la comunidad educativa; en  consecuencia, el profesorado reunido en Roa realiza la siguiente  declaraci\u00f3n por la integraci\u00f3n de las TIC en la ense\u00f1anza.<\/p>\n<ol>\n<li>La incorporaci\u00f3n de las TIC facilita el aprendizaje y la comunicaci\u00f3n de toda la comunidad educativa, y resulta un objetivo irrenunciable.<\/li>\n<li>Es necesaria una pol\u00edtica decidida de las administraciones educativas para que las TIC formen parte del curr\u00edculum y se integren en \u00e9l con competencias definidas.<\/li>\n<li>Resulta necesaria la implementaci\u00f3n de un sistema de evaluaci\u00f3n de los modelos de integraci\u00f3n existentes y los que se puedan poner en marcha.<\/li>\n<li>Se debe dotar a todos los centros educativos de medios t\u00e9cnicos suficientes y funcionales. Es prioritario el acceso a Internet mediante banda ancha.<\/li>\n<li>La dotaci\u00f3n de medios debe ir siempre acompa\u00f1ada del personal t\u00e9cnico especializado. Adem\u00e1s, consideramos necesaria la creaci\u00f3n de la figura del animador\/a TIC, que promueva el uso de estas tecnolog\u00edas, y gu\u00ede a quienes se inician.<\/li>\n<li>Debe fomentarse el uso y desarrollo del software libre, puesto  que est\u00e1 sirviendo de soporte para las experiencias innovadoras, que  resultan econ\u00f3micamente inviables con herramientas comerciales, y porque  facilita el acceso a las TIC.<\/li>\n<li>La formaci\u00f3n del profesorado requiere un cambio en las TIC como objeto y como medio de formaci\u00f3n e incorpore modelos pedag\u00f3gicos para su aplicaci\u00f3n el aula.<\/li>\n<li>Es necesario incentivar al profesorado comprometido con la innovaci\u00f3n, no solo econ\u00f3micamente.<\/li>\n<li>Se debe fomentar la creaci\u00f3n de comunidades profesionales modelo y redes sociales que permitan la formaci\u00f3n entre iguales, la transmisi\u00f3n de buenas pr\u00e1cticas y el trabajo cooperativo.<\/li>\n<li>Se debe difundir el uso de esquemas abiertos de propiedad intelectual y gesti\u00f3n de derechos de autor que fomenten el trabajo en colaboraci\u00f3n y faciliten el acceso a repositorios de recursos educativos.<\/li>\n<\/ol>\n<\/blockquote>\n<p>Nuestros encuentros han sido los siguientes:<\/p>\n<ol>\n<li><a title=\"Encuentro de Edublogs 2006 en Roa\" href=\"..\/..\/..\/portal\/edublogs2006\">Edublogs 2006<\/a>, en Roa de Duero, Burgos.<\/li>\n<li><a title=\"Encuentro de Edublogs 2007 en Ayerbe\" href=\"..\/..\/..\/portal\/edublogs2007\">Edublogs 2007<\/a>, en Ayerbe, Teruel.<\/li>\n<li><a title=\"Encuentro de Edublogs 2008 en Santiago de Compostela\" href=\"..\/..\/..\/portal\/edublogs2008\">Edublogs 2008<\/a>,  en Santiago, La Coru\u00f1a.<\/li>\n<li><a title=\"Encuentro de Edublogs 2009 en Getxo\" href=\"..\/..\/..\/portal\/edublogs2009\">Edublogs 2009<\/a>, en Getxo, Vizcaya.<\/li>\n<li><a title=\"Encuentro de Edublogs 2010 en Avil\u00e9s\" href=\"http:\/\/aulablog.com\/edublogs2010\/\">Edublogs 2010<\/a>, en Avil\u00e9s, Oviedo.<\/li>\n<li><a title=\"Encuentro de Edublogs 2011 en Madrid\" href=\"https:\/\/www.aulablog.com\/blog\/edublogs11\" target=\"_blank\">Edublogs 2011<\/a>, en Madrid.<\/li>\n<\/ol>\n<p style=\"background-color: #e3f7f9; border: 1px solid green; padding: 3px 8px;\">Contacta con Aulablog en <strong>info@aulablog.com<\/strong><\/p>\n","protected":false},"excerpt":{"rendered":"<p>El VI Encuentro Aulablog 2011, que celebramos en la Escuela de Organizaci\u00f3n Industrial de Madrid los d\u00edas 4, 5 y 6 de julio, es una reuni\u00f3n de docentes de toda Espa\u00f1a donde ponemos en com\u00fan nuestras experiencias educativas dentro del \u00e1mbito de las nuevas tecnolog\u00edas. Desde el a\u00f1o 2006 celebramos estos encuentros anuales, que hasta [&hellip;]<\/p>\n","protected":false},"author":12,"featured_media":0,"parent":0,"menu_order":1,"comment_status":"open","ping_status":"open","template":"","meta":{"footnotes":""},"class_list":["post-540","page","type-page","status-publish","hentry"],"_links":{"self":[{"href":"https:\/\/www.aulablog.com\/blog\/edublogs11\/wp-json\/wp\/v2\/pages\/540","targetHints":{"allow":["GET"]}}],"collection":[{"href":"https:\/\/www.aulablog.com\/blog\/edublogs11\/wp-json\/wp\/v2\/pages"}],"about":[{"href":"https:\/\/www.aulablog.com\/blog\/edublogs11\/wp-json\/wp\/v2\/types\/page"}],"author":[{"embeddable":true,"href":"https:\/\/www.aulablog.com\/blog\/edublogs11\/wp-json\/wp\/v2\/users\/12"}],"replies":[{"embeddable":true,"href":"https:\/\/www.aulablog.com\/blog\/edublogs11\/wp-json\/wp\/v2\/comments?post=540"}],"version-history":[{"count":63,"href":"https:\/\/www.aulablog.com\/blog\/edublogs11\/wp-json\/wp\/v2\/pages\/540\/revisions"}],"predecessor-version":[{"id":594,"href":"https:\/\/www.aulablog.com\/blog\/edublogs11\/wp-json\/wp\/v2\/pages\/540\/revisions\/594"}],"wp:attachment":[{"href":"https:\/\/www.aulablog.com\/blog\/edublogs11\/wp-json\/wp\/v2\/media?parent=540"}],"curies":[{"name":"wp","href":"https:\/\/api.w.org\/{rel}","templated":true}]}}