{"id":61,"date":"2011-05-01T18:56:20","date_gmt":"2011-05-01T16:56:20","guid":{"rendered":"http:\/\/www.aulablog.com\/blog\/edublogs11\/?page_id=61"},"modified":"2011-06-28T20:01:34","modified_gmt":"2011-06-28T18:01:34","slug":"informacion","status":"publish","type":"page","link":"https:\/\/www.aulablog.com\/blog\/edublogs11\/informacion\/","title":{"rendered":"Informaci\u00f3n"},"content":{"rendered":"<h2>Localizaci\u00f3n<\/h2>\n<p><strong>Sede del VI Encuentro de Edublogs<\/strong>.<\/p>\n<div>\n<div>\n<div><strong>EOI (Escuela de Organizaci\u00f3n Industrial)<\/strong><\/div>\n<div>Avenida Gregorio del Amo, 6 &#8211;\u00a028040 Madrid &#8211; Tel.\u00a0913 495 600<\/div>\n<\/div>\n<p><small>Ver <a style=\"color: #0000ff; text-align: left;\" href=\"http:\/\/maps.google.com\/maps\/ms?ie=UTF8&amp;hl=es&amp;msa=0&amp;msid=217429474272490961899.0004a23a00e7a3112f2ad&amp;ll=40.447161,-3.720917&amp;spn=0.003114,0.002093&amp;source=embed\">Edublogs- Madrid 2011 <\/a> en un mapa m\u00e1s grande<\/small><\/p>\n<h2>Transporte<\/h2>\n<p><a href=\"https:\/\/www.aulablog.com\/blog\/edublogs11\/files\/2011\/05\/metro_madrid-e1304276528562.jpg\"><img loading=\"lazy\" decoding=\"async\" class=\"alignleft size-full wp-image-67\" title=\"metro_madrid\" src=\"https:\/\/www.aulablog.com\/blog\/edublogs11\/files\/2011\/05\/metro_madrid-e1304276528562.jpg\" alt=\"\" width=\"50\" height=\"30\" \/><\/a> <strong>L\u00ednea 6. Estaci\u00f3n Metropolitano<\/strong>. Esta estaci\u00f3n est\u00e1 pr\u00e1cticamente en la puerta de la EOI. <a title=\"Mapa del metro de Madrid\" href=\"http:\/\/www.crtm.es\/red_transportes\/metro\/red_metro_esquema_general.jsp?CODPANTALLA=11&amp;CODBOTON=107\" target=\"_blank\">Ver mapa del Metro.<\/a><\/p>\n<p><strong><a title=\"C\u00f3mo ir\" href=\"http:\/\/www.crtm.es\/como_ir_a\/madrid\/como_ir_a_madrid1.jsp?CODPANTALLA=3&amp;CODBOTON=201\" target=\"_blank\"><\/a><a href=\"http:\/\/www.crtm.es\/como_ir_a\/madrid\/como_ir_a_madrid1.jsp?CODPANTALLA=3&amp;CODBOTON=201\"><img loading=\"lazy\" decoding=\"async\" class=\" alignleft\" title=\"como llegar\" src=\"http:\/\/www.crtm.es\/imagenes\/dospuntos.gif\" alt=\"Buscador de medios de transporte para acceder\" width=\"25\" height=\"26\" \/><\/a><\/strong><\/p>\n<p><strong> <\/strong><\/p>\n<p><a style=\"font-weight: bold;\" title=\"C\u00f3mo ir\" href=\"http:\/\/www.crtm.es\/como_ir_a\/madrid\/como_ir_a_madrid1.jsp?CODPANTALLA=3&amp;CODBOTON=201\" target=\"_blank\">C\u00f3mo ir<\/a> desde cualquier punto del Municipio de Madrid. Esta aplicaci\u00f3n te ofrecer\u00e1 las distintas posibilidades transporte p\u00fablico para acceder desde el sitio en el que te encuentras.<\/p>\n<h2><strong>Alojamiento<\/strong><\/h2>\n<p>Una opci\u00f3n recomendable por precio y por ubicaci\u00f3n, es alojarse en alguno de los Colegios Mayores pr\u00f3ximos a la sede de la EOI. Nosotros hemos dejado reservadas 30 plazas en el <strong><a href=\"http:\/\/www.jaimedelamo.org\/spip.php?page=static&amp;id_rubrique=14\" target=\"_blank\">CM Jaime del Amo<\/a> <\/strong>, os agradecer\u00edamos que cuando <strong>concert\u00e9is vuestra estancia dej\u00e9is constancia de que sois asistentes al Encuentro de Edublogs<\/strong>. \u00a0Existen otros colegios mayores, pr\u00f3ximos pero no ha sido posible concertar ninguna reserva en ellos. En los marcadores del mapa ten\u00e9is toda la informaci\u00f3n de contacto.<\/p>\n<h2>Itinerarios: direcciones y desplazamientos<\/h2>\n<p><strong>1. Colegio Mayor Universitario Jaime del Amo<\/strong>.<br \/>\nAvenida Gregorio del Amo 5 \u2013 28040 Madrid \u2013 Tel. 915 540 804<br \/>\nL\u00ednea 6. Estaci\u00f3n Metropolitano.<\/p>\n<p><strong>2. \u00bfC\u00f3mo ir desde la EOI a Gaudeamus?<\/strong><\/p>\n<p>La forma m\u00e1s sencilla es METRO. Se toma la l\u00ednea 6 en Metropolitano hasta Moncloa, ah\u00ed se hace transbordo a la l\u00ednea 3 (direcci\u00f3n Villaverde Alto) hasta Lavapi\u00e9s.<\/p>\n<p><strong>Gaudeamus<\/strong><br \/>\nC\/ Tribulete, 14 &#8211; 28012 Madrid- Tel. 915 282 594<\/p>\n<p><strong>3. \u00bfC\u00f3mo ir desde Gaudeamus a La Escalera de Jacob?<\/strong><\/p>\n<p>Iremos andando: \u00a1s\u00f3lo son 8 minutos! Volvemos por la calle Tribulete hacia la plaza de Lavapi\u00e9s y desde all\u00ed subiremos por la calle Lavapi\u00e9s hasta el n\u00famero 11.<\/p>\n<p><strong>La Escalera de Jacob<\/strong><br \/>\nc\/ Lavapi\u00e9s, 11, 28012 Madrid \u2013 Tel. 915 39 10 44<\/p>\n<p><strong>4. \u00bfC\u00f3mo ir desde la EOI hasta la cervecer\u00eda Kruger?<\/strong><\/p>\n<p>Lo mejor es ir en METRO. Se toma en Metropolitano (l\u00ednea 6) hasta Moncloa. Ah\u00ed se hace transbordo a la l\u00ednea 3 (direcci\u00f3n Villaverde Alto) hasta Plaza de Espa\u00f1a. Al salir iremos por la calle Princesa hasta la llamada \u201cPlaza de los cubos\u201d, bajamos la escalera hacia el pasaje y ah\u00ed est\u00e1 la cervecer\u00eda.<strong><br \/>\n<\/strong><\/p>\n<p><strong>Kruger<\/strong><br \/>\nC\/ Princesa, 5 (Semis\u00f3tano \u2013 Pasaje Mart\u00edn de los Heros) 28008 Madrid\u00a0\u2013 Tel. 915 484 797<\/p>\n<p><strong>5. \u00bfC\u00f3mo ir desde la EOI hasta el restaurante Da Nicola?<\/strong><\/p>\n<p>Tambi\u00e9n lo mejor es ir en METRO. Tomaremos la l\u00ednea 6 en Metropolitano hasta Moncloa y all\u00ed haremos transbordo, direcci\u00f3n Villaverde Alto hasta Plaza de Espa\u00f1a.<\/p>\n<p><strong>Da Nicola<\/strong><br \/>\nc\/ Mostenses, 11 &#8211; Madrid 28015<\/div>\n","protected":false},"excerpt":{"rendered":"<p>Localizaci\u00f3n Sede del VI Encuentro de Edublogs. EOI (Escuela de Organizaci\u00f3n Industrial) Avenida Gregorio del Amo, 6 &#8211;\u00a028040 Madrid &#8211; Tel.\u00a0913 495 600 Ver Edublogs- Madrid 2011 en un mapa m\u00e1s grande Transporte L\u00ednea 6. Estaci\u00f3n Metropolitano. Esta estaci\u00f3n est\u00e1 pr\u00e1cticamente en la puerta de la EOI. Ver mapa del Metro. C\u00f3mo ir desde cualquier [&hellip;]<\/p>\n","protected":false},"author":1,"featured_media":0,"parent":0,"menu_order":5,"comment_status":"open","ping_status":"closed","template":"","meta":{"footnotes":""},"class_list":["post-61","page","type-page","status-publish","hentry"],"_links":{"self":[{"href":"https:\/\/www.aulablog.com\/blog\/edublogs11\/wp-json\/wp\/v2\/pages\/61","targetHints":{"allow":["GET"]}}],"collection":[{"href":"https:\/\/www.aulablog.com\/blog\/edublogs11\/wp-json\/wp\/v2\/pages"}],"about":[{"href":"https:\/\/www.aulablog.com\/blog\/edublogs11\/wp-json\/wp\/v2\/types\/page"}],"author":[{"embeddable":true,"href":"https:\/\/www.aulablog.com\/blog\/edublogs11\/wp-json\/wp\/v2\/users\/1"}],"replies":[{"embeddable":true,"href":"https:\/\/www.aulablog.com\/blog\/edublogs11\/wp-json\/wp\/v2\/comments?post=61"}],"version-history":[{"count":22,"href":"https:\/\/www.aulablog.com\/blog\/edublogs11\/wp-json\/wp\/v2\/pages\/61\/revisions"}],"predecessor-version":[{"id":66,"href":"https:\/\/www.aulablog.com\/blog\/edublogs11\/wp-json\/wp\/v2\/pages\/61\/revisions\/66"}],"wp:attachment":[{"href":"https:\/\/www.aulablog.com\/blog\/edublogs11\/wp-json\/wp\/v2\/media?parent=61"}],"curies":[{"name":"wp","href":"https:\/\/api.w.org\/{rel}","templated":true}]}}