{"id":693,"date":"2011-06-23T02:02:15","date_gmt":"2011-06-23T00:02:15","guid":{"rendered":"http:\/\/www.aulablog.com\/blog\/edublogs11\/?page_id=693"},"modified":"2011-07-03T13:58:41","modified_gmt":"2011-07-03T11:58:41","slug":"talleres","status":"publish","type":"page","link":"https:\/\/www.aulablog.com\/blog\/edublogs11\/talleres\/","title":{"rendered":"Talleres"},"content":{"rendered":"<p>En los <strong>talleres<\/strong> del Encuentro se ense\u00f1a a utilizar  herramientas TIC de forma pr\u00e1ctica. Es necesario que los participantes  lleven sus propios port\u00e1tiles para realizar las actividades.<\/p>\n<h2>Talleres del Encuentro Aulablog 2011<\/h2>\n<table style=\"width: 100%; background-color: #f5f5a2;\" border=\"0\">\n<tbody>\n<tr>\n<td style=\"text-align: center;\" colspan=\"3\"><strong>Martes 5, 12:30-14:30<br \/>\n<\/strong><\/td>\n<\/tr>\n<tr style=\"text-align: center;\">\n<td style=\"width: 55%;\"><strong>Taller<\/strong><\/td>\n<td style=\"width: 35%;\"><strong>Autores<\/strong><\/td>\n<td><strong>Aula<\/strong><\/td>\n<\/tr>\n<tr>\n<td><a href=\"https:\/\/www.aulablog.com\/blog\/edublogs11\/2011\/05\/11\/taller-iniciacion-a-los-blogs\/\" target=\"_blank\">Taller de blogs: iniciaci\u00f3n<\/a><\/td>\n<td>Jorge G\u00f3mez<\/td>\n<td>1.1<\/td>\n<\/tr>\n<tr>\n<td><a href=\"https:\/\/www.aulablog.com\/blog\/edublogs11\/2011\/05\/09\/taller-aplicaciones-portables-para-la-ensenanza\/\" target=\"_blank\">Aplicaciones portables<\/a> para desarrollar la competencia digital.<\/td>\n<td>Javier Monteagudo<\/td>\n<td>1.3<\/td>\n<\/tr>\n<tr>\n<td><a href=\"https:\/\/www.aulablog.com\/blog\/edublogs11\/2011\/05\/10\/taller-investigando-con-las-tic-en-el-aula\/\" target=\"_blank\">Investigaci\u00f3n con las TIC en el aula<\/a><\/td>\n<td>Pepe Ambrona y V\u00edctor Cuevas<\/td>\n<td>0.3<\/td>\n<\/tr>\n<tr>\n<td><a href=\"https:\/\/www.aulablog.com\/blog\/edublogs11\/2011\/05\/10\/taller-recursos-tecnologicos-para-el-aula\/\" target=\"_blank\">Recursos tecnol\u00f3gicos para el aula<\/a><\/td>\n<td>Lara Romero y Alejandra Velasco<\/td>\n<td>0.2<\/td>\n<\/tr>\n<tr>\n<td><a href=\"https:\/\/www.aulablog.com\/blog\/edublogs11\/2011\/05\/11\/taller-de-scratch\/\" target=\"_blank\">Scratch<\/a><\/td>\n<td>Jon Bustillo<\/td>\n<td>0.1<\/td>\n<\/tr>\n<tr>\n<td><a href=\"https:\/\/www.aulablog.com\/blog\/edublogs11\/2011\/05\/10\/taller-emotionware-emociones-en-el-aula\/\" target=\"_blank\"><em>Emotionware<\/em>, gesti\u00f3n de emociones en el aula<\/a><\/td>\n<td>Isabel Ruiz<\/td>\n<td>1.2<\/td>\n<\/tr>\n<tr>\n<td><a href=\"https:\/\/www.aulablog.com\/blog\/edublogs11\/2011\/05\/23\/taller-max-install-party\/\" target=\"_blank\">Max Install Party<\/a><\/td>\n<td>Jos\u00e9 Miguel Sancho<\/td>\n<td>2.1<\/td>\n<\/tr>\n<\/tbody>\n<\/table>\n<table style=\"width: 100%; background-color: #faecc6;\" border=\"0\">\n<tbody>\n<tr>\n<td style=\"text-align: center;\" colspan=\"3\"><strong>Martes, 5 16:30-18:30<br \/>\n<\/strong><\/td>\n<\/tr>\n<tr style=\"text-align: center;\">\n<td style=\"width: 55%;\"><strong>Taller<\/strong><\/td>\n<td style=\"width: 35%;\"><strong>Autores<\/strong><\/td>\n<td><strong>Aula<\/strong><\/td>\n<\/tr>\n<tr>\n<td><a href=\"https:\/\/www.aulablog.com\/blog\/edublogs11\/2011\/05\/09\/taller-sobre-trabajo-colaborativo\/\" target=\"_blank\">Trabajo colaborativo en el aula<\/a><\/td>\n<td>\u00c1ngeles Araguz<\/td>\n<td>1.2<\/td>\n<\/tr>\n<tr>\n<td><a href=\"https:\/\/www.aulablog.com\/blog\/edublogs11\/2011\/05\/10\/taller-como-usas-blogger-animate-y-descubre-otras-posibilidades-didacticas\/\" target=\"_blank\">C\u00f3mo usas Blogger<\/a>. An\u00edmate y descubre otras posibilidades did\u00e1cticas<\/td>\n<td>Marcos Cadenato y Berta Mart\u00ednez<\/td>\n<td>1.1<\/td>\n<\/tr>\n<tr>\n<td><a href=\"https:\/\/www.aulablog.com\/blog\/edublogs11\/2011\/05\/11\/taller-de-edicion-de-audio-y-podcast\/\" target=\"_blank\">Edici\u00f3n de audio digital y podcast<\/a><\/td>\n<td>\u00c1ngel Puente<\/td>\n<td>1.3<\/td>\n<\/tr>\n<tr>\n<td><a href=\"https:\/\/www.aulablog.com\/blog\/edublogs11\/2011\/05\/10\/taller-de-creacion-de-actividades-multimedia-con-edilim\/\" target=\"_blank\">Creaci\u00f3n de actividades multimedia con EdiLIM<\/a><\/td>\n<td>Laura Cano y Bernab\u00e9 Mart\u00edn P\u00e9rez<\/td>\n<td>0.1<\/td>\n<\/tr>\n<tr>\n<td><a href=\"https:\/\/www.aulablog.com\/blog\/edublogs11\/2011\/05\/14\/taller-de-google-docs-y-google-sites\/\" target=\"_blank\">Google Docs\/Sites<\/a><\/td>\n<td>\u00c1ngel S\u00e1ez<\/td>\n<td>0.3<\/td>\n<\/tr>\n<tr>\n<td><a href=\"https:\/\/www.aulablog.com\/blog\/edublogs11\/2011\/05\/09\/taller-creacion-y-edicion-de-video-con-wmm\/\" target=\"_blank\">Creaci\u00f3n y edici\u00f3n de v\u00eddeo con Windows Movie Maker<\/a><\/td>\n<td>Isidro Vidal<\/td>\n<td>2.1<\/td>\n<\/tr>\n<tr>\n<td><a href=\"https:\/\/www.aulablog.com\/blog\/edublogs11\/2011\/05\/09\/taller-de-identidad-digital-y-redes-sociales\/\" target=\"_blank\">Identidad digital y redes sociales<\/a><\/td>\n<td>Antonio Omatos y V\u00edctor Cuevas<\/td>\n<td>0.2<\/td>\n<\/tr>\n<tr>\n<td><a href=\"..\/2011\/05\/23\/taller-max-install-party\/\" target=\"_blank\">Max Install Party<\/a><\/td>\n<td>Jos\u00e9 Miguel Sancho<\/td>\n<td>2.1<\/td>\n<\/tr>\n<\/tbody>\n<\/table>\n","protected":false},"excerpt":{"rendered":"<p>En los talleres del Encuentro se ense\u00f1a a utilizar herramientas TIC de forma pr\u00e1ctica. Es necesario que los participantes lleven sus propios port\u00e1tiles para realizar las actividades. Talleres del Encuentro Aulablog 2011 Martes 5, 12:30-14:30 Taller Autores Aula Taller de blogs: iniciaci\u00f3n Jorge G\u00f3mez 1.1 Aplicaciones portables para desarrollar la competencia digital. Javier Monteagudo 1.3 [&hellip;]<\/p>\n","protected":false},"author":12,"featured_media":0,"parent":0,"menu_order":3,"comment_status":"open","ping_status":"closed","template":"","meta":{"footnotes":""},"class_list":["post-693","page","type-page","status-publish","hentry"],"_links":{"self":[{"href":"https:\/\/www.aulablog.com\/blog\/edublogs11\/wp-json\/wp\/v2\/pages\/693","targetHints":{"allow":["GET"]}}],"collection":[{"href":"https:\/\/www.aulablog.com\/blog\/edublogs11\/wp-json\/wp\/v2\/pages"}],"about":[{"href":"https:\/\/www.aulablog.com\/blog\/edublogs11\/wp-json\/wp\/v2\/types\/page"}],"author":[{"embeddable":true,"href":"https:\/\/www.aulablog.com\/blog\/edublogs11\/wp-json\/wp\/v2\/users\/12"}],"replies":[{"embeddable":true,"href":"https:\/\/www.aulablog.com\/blog\/edublogs11\/wp-json\/wp\/v2\/comments?post=693"}],"version-history":[{"count":26,"href":"https:\/\/www.aulablog.com\/blog\/edublogs11\/wp-json\/wp\/v2\/pages\/693\/revisions"}],"predecessor-version":[{"id":714,"href":"https:\/\/www.aulablog.com\/blog\/edublogs11\/wp-json\/wp\/v2\/pages\/693\/revisions\/714"}],"wp:attachment":[{"href":"https:\/\/www.aulablog.com\/blog\/edublogs11\/wp-json\/wp\/v2\/media?parent=693"}],"curies":[{"name":"wp","href":"https:\/\/api.w.org\/{rel}","templated":true}]}}