{"id":87,"date":"2011-05-02T01:04:22","date_gmt":"2011-05-01T23:04:22","guid":{"rendered":"http:\/\/www.aulablog.com\/blog\/edublogs11\/?page_id=87"},"modified":"2011-07-07T01:09:52","modified_gmt":"2011-07-06T23:09:52","slug":"programa","status":"publish","type":"page","link":"https:\/\/www.aulablog.com\/blog\/edublogs11\/programa\/","title":{"rendered":"Programa"},"content":{"rendered":"<p>Os ofrecemos un avance del programa del Encuentro, que iremos completando en los pr\u00f3ximos d\u00edas.<\/p>\n<table style=\"width: 100%; background-color: #e4fafa; border-width: 1px; border-style: solid;\" border=\"0\">\n<tbody>\n<tr>\n<td style=\"width: 20%;\" colspan=\"2\" align=\"center\"><strong>Lunes 4 de julio<\/strong><\/td>\n<\/tr>\n<tr>\n<td style=\"width: 20%;\">10:00 &#8211; 13:30<\/td>\n<td><a title=\"Blog del Fotomarat\u00f3n\" href=\"http:\/\/edublogsfoto.blogspot.com\/\" target=\"_blank\">Fotomarat\u00f3n<\/a>: Madrid de los Austrias: empieza en Plaza Mayor (Metro Sol) y termina en Pr\u00edncipe P\u00edo.<\/td>\n<\/tr>\n<tr>\n<td>14:00 &#8211; 16:00<\/td>\n<td>Comida en el Colegio Mayor Jaime del Amo. Metro Metropolitano<\/td>\n<\/tr>\n<tr>\n<td>16:00 &#8211; 16:30<\/td>\n<td>Recepci\u00f3n de participantes. Acogida y entrega de materiales.<\/td>\n<\/tr>\n<tr>\n<td>16:30 &#8211; 17:00<\/td>\n<td>Inauguraci\u00f3n oficial del Encuentro<\/td>\n<\/tr>\n<tr>\n<td>17:00 &#8211; 18:00<\/td>\n<td><a title=\"Francis Pisani nos habla de innovaci\u00f3n\" href=\"https:\/\/www.aulablog.com\/blog\/edublogs11\/2011\/06\/05\/francis-pisani-nos-habla-de-inovacion\/\" target=\"_blank\">Conferencia inaugural<\/a> a cargo de Francis Pisani<\/td>\n<\/tr>\n<tr>\n<td>18:00 &#8211; 18:30<\/td>\n<td>Pausa para caf\u00e9<\/td>\n<\/tr>\n<tr>\n<td>18:30 &#8211; 19:30<\/td>\n<td>Comunicaciones<\/td>\n<\/tr>\n<tr>\n<td>19:30 &#8211; 20:30<\/td>\n<td><em>Unconference<\/em><\/td>\n<\/tr>\n<tr>\n<td>21:00 &#8211; 00:00<\/td>\n<td>Cena en <em>Gaudeamus Caf\u00e9<\/em>: terraza de la UNED. Tribulete 14, 4\u00aa planta. Metro Lavapi\u00e9s.<br \/>\nCopas en <em>La Escalera de Jacob<\/em>. Lavapi\u00e9s, 11.<\/td>\n<\/tr>\n<\/tbody>\n<\/table>\n<p>&nbsp;<\/p>\n<table style=\"width: 100%; background-color: #fdf0e1; border-width: 1px; border-style: solid;\" border=\"0\">\n<tbody>\n<tr>\n<td style=\"width: 20%;\" colspan=\"2\" align=\"center\"><strong>Martes 5 de julio<\/strong><\/td>\n<\/tr>\n<tr>\n<td style=\"width: 20%;\">10:00 &#8211; 11:00<\/td>\n<td>Comunicaciones<\/td>\n<\/tr>\n<tr>\n<td>11:00 &#8211; 11:30<\/td>\n<td>Pausa para caf\u00e9<\/td>\n<\/tr>\n<tr>\n<td>11:30 &#8211; 12:30<\/td>\n<td>Mesa de <a title=\"Presentaci\u00f3n\" href=\"https:\/\/docs.google.com\/present\/edit?id=0Acom3rWfjmRnYWpmbnBxZmY3c2ZmXzE3NzVmYzlwbnpocw&amp;authkey=CLez0N0F&amp;invite=COfrlms\" target=\"_blank\">grupos de docentes<\/a>: <a title=\"Andatic\" href=\"https:\/\/www.aulablog.com\/blog\/edublogs11\/2011\/06\/15\/asociacion-andatic\/\" target=\"_blank\">Andatic<\/a>, <a title=\"Aulablog\" href=\"http:\/\/www.aulablog.com\" target=\"_blank\">Aulablog<\/a>, <a title=\"Chiron\" href=\"https:\/\/www.aulablog.com\/blog\/edublogs11\/2011\/06\/26\/chiron-en-la-mesa-de-grupos-de-docentes\/\" target=\"_blank\">Chiron<\/a>, <a title=\"EABE 2011\" href=\"http:\/\/eabe11.pen.io\/\" target=\"_blank\">EABE<\/a>, <a title=\"Ciberespiral\" href=\"http:\/\/ciberespiral.net\/\" target=\"_blank\">Espiral<\/a>, <a title=\"Novadors\" href=\"http:\/\/www.novadors.org\/\" target=\"_blank\">Novadors<\/a>, <a title=\"Profeblog.es\" href=\"https:\/\/www.aulablog.com\/blog\/edublogs11\/2011\/07\/01\/profeblog-es-en-la-mesa-de-grupos-de-docentes\/\" target=\"_blank\">Profeblog<\/a>, <a title=\"Proyecto Grimm\" href=\"http:\/\/proyectogrimm.net\/\" target=\"_blank\">Proyecto Grimm<\/a> (S. actos)<\/td>\n<\/tr>\n<tr>\n<td>12.30 &#8211; 14:30<\/td>\n<td>Talleres<\/td>\n<\/tr>\n<tr>\n<td>14:30 &#8211; 16:30<\/td>\n<td>Comida en el Colegio Mayor Jaime del Amo. Metro Metropolitano<\/td>\n<\/tr>\n<tr>\n<td>16:30 &#8211; 18:30<\/td>\n<td>Talleres<\/td>\n<\/tr>\n<tr>\n<td>18:30 &#8211; 18:50<\/td>\n<td>Descanso<\/td>\n<\/tr>\n<tr>\n<td>18:50 &#8211; 20:00<\/td>\n<td>Mesa de principiantes: <a title=\"Leng\u00fcetrazos\" href=\"http:\/\/lenguetrazos.blogspot.com\/\" target=\"_blank\">In\u00e9s Andr\u00e9s<\/a>, <a href=\"https:\/\/sites.google.com\/site\/ejemplando\/home\" target=\"_blank\">Jos\u00e9 Frutos<\/a>, <a title=\"LLueve en la Arcadia\" href=\"http:\/\/lluevenlarcadia.blogspot.com\/\" target=\"_blank\">Bego\u00f1a Rold\u00e1n<\/a>, <a title=\"El laurel de apoyo\" href=\"http:\/\/ellaureldeapoyo.blogspot.com\" target=\"_blank\">Laura Serrano<\/a> (S. actos)<\/td>\n<\/tr>\n<tr>\n<td>21:00 &#8211; 00:00<\/td>\n<td>Cena en <em>Gran Cervecer\u00eda Kr\u00fcger<\/em>. Princesa, 5. Metro Plaza de Espa\u00f1a<\/td>\n<\/tr>\n<\/tbody>\n<\/table>\n<p>&nbsp;<\/p>\n<table style=\"width: 100%; background-color: #fcfcb9; border-width: 1px; border-style: solid;\" border=\"0\">\n<tbody>\n<tr>\n<td style=\"width: 20%;\" colspan=\"2\" align=\"center\"><strong>Mi\u00e9rcoles 6 de julio<\/strong><\/td>\n<\/tr>\n<tr>\n<td style=\"width: 20%;\">10:00 &#8211; 11:30<\/td>\n<td>Resumen : <em>unconference<\/em><\/td>\n<\/tr>\n<tr>\n<td>11:30 &#8211; 12:00<\/td>\n<td>Descanso<\/td>\n<\/tr>\n<tr>\n<td>12:00 &#8211; 13:00<\/td>\n<td><a title=\"T\u00edscar Lara nos habla de la escuela digital\" href=\"https:\/\/www.aulablog.com\/blog\/edublogs11\/2011\/06\/11\/tiscar-lara-nos-habla-de-la-escuela-digital\/\" target=\"_blank\">Conferencia de clausura<\/a> a cargo de T\u00edscar Lara<\/td>\n<\/tr>\n<tr>\n<td>13:00 &#8211; 14:00<\/td>\n<td><a href=\"https:\/\/www.aulablog.com\/blog\/edublogs11\/2011\/07\/07\/nuestro-homenaje-a-carlos-santos-en-aulablog11\/\" target=\"_blank\">Homenaje<\/a> a <a title=\"Recordando a Carlos\" href=\"http:\/\/recordandoacarlos.blogspot.com\/\" target=\"_blank\">Carlos Santos<\/a>. Memoria Aulablog y grupos de trabajo. Evaluaci\u00f3n del Encuentro y clausura. Chotis vs Polka<\/td>\n<\/tr>\n<tr>\n<td>14:30<\/td>\n<td>Comida en <em>Da Nicola<\/em>, Plaza de los Mostenses, 11. Metro Plaza de Espa\u00f1a<\/td>\n<\/tr>\n<\/tbody>\n<\/table>\n<div id=\"_mcePaste\" class=\"mcePaste\" style=\"position: absolute; left: -10000px; top: 141px; width: 1px; height: 1px; overflow: hidden;\"><a rel=\"nofollow\" href=\"http:\/\/11870.com\/pro\/gaudeamus-cafe\/map\">Calle de Tribulete 14, 4\u00aa planta<\/a><\/div>\n","protected":false},"excerpt":{"rendered":"<p>Os ofrecemos un avance del programa del Encuentro, que iremos completando en los pr\u00f3ximos d\u00edas. Lunes 4 de julio 10:00 &#8211; 13:30 Fotomarat\u00f3n: Madrid de los Austrias: empieza en Plaza Mayor (Metro Sol) y termina en Pr\u00edncipe P\u00edo. 14:00 &#8211; 16:00 Comida en el Colegio Mayor Jaime del Amo. Metro Metropolitano 16:00 &#8211; 16:30 Recepci\u00f3n [&hellip;]<\/p>\n","protected":false},"author":1,"featured_media":0,"parent":0,"menu_order":2,"comment_status":"open","ping_status":"closed","template":"","meta":{"footnotes":""},"class_list":["post-87","page","type-page","status-publish","hentry"],"_links":{"self":[{"href":"https:\/\/www.aulablog.com\/blog\/edublogs11\/wp-json\/wp\/v2\/pages\/87","targetHints":{"allow":["GET"]}}],"collection":[{"href":"https:\/\/www.aulablog.com\/blog\/edublogs11\/wp-json\/wp\/v2\/pages"}],"about":[{"href":"https:\/\/www.aulablog.com\/blog\/edublogs11\/wp-json\/wp\/v2\/types\/page"}],"author":[{"embeddable":true,"href":"https:\/\/www.aulablog.com\/blog\/edublogs11\/wp-json\/wp\/v2\/users\/1"}],"replies":[{"embeddable":true,"href":"https:\/\/www.aulablog.com\/blog\/edublogs11\/wp-json\/wp\/v2\/comments?post=87"}],"version-history":[{"count":54,"href":"https:\/\/www.aulablog.com\/blog\/edublogs11\/wp-json\/wp\/v2\/pages\/87\/revisions"}],"predecessor-version":[{"id":94,"href":"https:\/\/www.aulablog.com\/blog\/edublogs11\/wp-json\/wp\/v2\/pages\/87\/revisions\/94"}],"wp:attachment":[{"href":"https:\/\/www.aulablog.com\/blog\/edublogs11\/wp-json\/wp\/v2\/media?parent=87"}],"curies":[{"name":"wp","href":"https:\/\/api.w.org\/{rel}","templated":true}]}}