{"id":981,"date":"2011-07-08T02:49:50","date_gmt":"2011-07-08T00:49:50","guid":{"rendered":"http:\/\/www.aulablog.com\/blog\/edublogs11\/?page_id=981"},"modified":"2011-07-12T17:23:16","modified_gmt":"2011-07-12T15:23:16","slug":"soy-aulablog","status":"publish","type":"page","link":"https:\/\/www.aulablog.com\/blog\/edublogs11\/soy-aulablog\/","title":{"rendered":"Soy Aulablog"},"content":{"rendered":"<p>En esta p\u00e1gina recopilamos las reacciones a tanta emoci\u00f3n acumulada en nuestro Encuentro. En los comentarios de esta p\u00e1gina, escribid los enlaces a las entradas de blog y a otros materiales que se han creado con motivo del Encuentro Aulablog11. \u00a1Escribid lo que quer\u00e1is! <strong>A ver cu\u00e1ntos somos Aulablog!!!<\/strong> \ud83d\ude42<\/p>\n<div id=\"attachment_984\" style=\"width: 525px\" class=\"wp-caption aligncenter\"><a rel=\"attachment wp-att-984\" href=\"https:\/\/www.aulablog.com\/blog\/edublogs11\/soy-aulablog\/somos_aulablog\/\"><img loading=\"lazy\" decoding=\"async\" aria-describedby=\"caption-attachment-984\" class=\"size-large wp-image-984\" title=\"Somos Aulablog\" src=\"https:\/\/www.aulablog.com\/blog\/edublogs11\/files\/2011\/07\/somos_aulablog-1024x334.jpg\" alt=\"Somos Aulablog\" width=\"515\" height=\"167\" srcset=\"https:\/\/www.aulablog.com\/blog\/edublogs11\/files\/2011\/07\/somos_aulablog-1024x334.jpg 1024w, https:\/\/www.aulablog.com\/blog\/edublogs11\/files\/2011\/07\/somos_aulablog-300x97.jpg 300w, https:\/\/www.aulablog.com\/blog\/edublogs11\/files\/2011\/07\/somos_aulablog-250x81.jpg 250w, https:\/\/www.aulablog.com\/blog\/edublogs11\/files\/2011\/07\/somos_aulablog-140x45.jpg 140w, https:\/\/www.aulablog.com\/blog\/edublogs11\/files\/2011\/07\/somos_aulablog.jpg 1348w\" sizes=\"auto, (max-width: 515px) 100vw, 515px\" \/><\/a><p id=\"caption-attachment-984\" class=\"wp-caption-text\">Somos Aulablog<\/p><\/div>\n","protected":false},"excerpt":{"rendered":"<p>En esta p\u00e1gina recopilamos las reacciones a tanta emoci\u00f3n acumulada en nuestro Encuentro. En los comentarios de esta p\u00e1gina, escribid los enlaces a las entradas de blog y a otros materiales que se han creado con motivo del Encuentro Aulablog11. \u00a1Escribid lo que quer\u00e1is! A ver cu\u00e1ntos somos Aulablog!!! \ud83d\ude42<\/p>\n","protected":false},"author":12,"featured_media":0,"parent":0,"menu_order":11,"comment_status":"open","ping_status":"open","template":"","meta":{"footnotes":""},"class_list":["post-981","page","type-page","status-publish","hentry"],"_links":{"self":[{"href":"https:\/\/www.aulablog.com\/blog\/edublogs11\/wp-json\/wp\/v2\/pages\/981","targetHints":{"allow":["GET"]}}],"collection":[{"href":"https:\/\/www.aulablog.com\/blog\/edublogs11\/wp-json\/wp\/v2\/pages"}],"about":[{"href":"https:\/\/www.aulablog.com\/blog\/edublogs11\/wp-json\/wp\/v2\/types\/page"}],"author":[{"embeddable":true,"href":"https:\/\/www.aulablog.com\/blog\/edublogs11\/wp-json\/wp\/v2\/users\/12"}],"replies":[{"embeddable":true,"href":"https:\/\/www.aulablog.com\/blog\/edublogs11\/wp-json\/wp\/v2\/comments?post=981"}],"version-history":[{"count":14,"href":"https:\/\/www.aulablog.com\/blog\/edublogs11\/wp-json\/wp\/v2\/pages\/981\/revisions"}],"predecessor-version":[{"id":1024,"href":"https:\/\/www.aulablog.com\/blog\/edublogs11\/wp-json\/wp\/v2\/pages\/981\/revisions\/1024"}],"wp:attachment":[{"href":"https:\/\/www.aulablog.com\/blog\/edublogs11\/wp-json\/wp\/v2\/media?parent=981"}],"curies":[{"name":"wp","href":"https:\/\/api.w.org\/{rel}","templated":true}]}}