{"id":1763,"date":"2013-05-06T09:58:24","date_gmt":"2013-05-06T07:58:24","guid":{"rendered":"http:\/\/www.aulablog.com\/blog\/edublogs13\/?page_id=1763"},"modified":"2013-05-06T17:03:15","modified_gmt":"2013-05-06T15:03:15","slug":"taller-de-voz","status":"publish","type":"page","link":"https:\/\/www.aulablog.com\/blog\/edublogs13\/talleres\/taller-de-voz\/","title":{"rendered":"Taller de voz"},"content":{"rendered":"<div style=\"width: 310px\" class=\"wp-caption aligncenter\"><a href=\"http:\/\/www.damsu.uncu.edu.ar\/novedades\/index\/el-manejo-de-tu-voz\"><img loading=\"lazy\" decoding=\"async\" class=\" \" alt=\"\" src=\"http:\/\/www.damsu.uncu.edu.ar\/cache\/cursodeoratoria.jpg_999_300.jpg\" width=\"300\" height=\"229\" \/><\/a><p class=\"wp-caption-text\">hablar en p\u00fablico<\/p><\/div>\n<p>Para algunas profesiones la voz es la esencia sobre la que se construye y desarrolla todo el trabajo, supone el principio y el fin. La voz es una manifestaci\u00f3n del \u201cyo\u201d m\u00e1s \u00edntimo, podemos decir que tal como somos as\u00ed hablamos, o viceversa.<\/p>\n<p>La voz es la parte m\u00e1s emotiva de nosotros y nosotras pero muchas veces es lo que menos cuidado tiene por nuestra parte, a pesar de que se quiebra f\u00e1cilmente, es la parte de nuestro cuerpo m\u00e1s olvidada. Estamos acostumbrados a que la voz se equilibre \u201csola\u201d cuando los otros factores implicados se equilibran en nuestro interior.<\/p>\n<p>Es preciso conocer y sentir nuestra voz para encontrar un equilibrio sonoro que nos proporcione una eficacia y control adecuados.<\/p>\n<p><strong>Objetivos<\/strong><\/p>\n<ul>\n<li>Conseguir unos h\u00e1bitos \u201csaludables\u201d en el uso de la voz hablada.<\/li>\n<li>Tomar conciencia de las situaciones de estr\u00e9s para no \u201ccargar\u201d la voz.<\/li>\n<li>No competir en intensidad sonora: nuestra voz en situaciones de ruido.<\/li>\n<li>No hablar demasiado r\u00e1pido que dificulte una correcta administraci\u00f3n del soplo y una buena vocalizaci\u00f3n.<\/li>\n<li>Evitar tensiones \u201cautomatizadas\u201d a nivel de cuello y hombros.<\/li>\n<li>Aprender a tener en cuenta las condiciones ac\u00fasticas del local donde se desarrolla la mayor parte del tiempo de trabajo.<\/li>\n<li>Mejorar la emisi\u00f3n de la voz con eficacia respiratoria.<\/li>\n<\/ul>\n<h3>Contenidos<\/h3>\n<p><strong>Respiraci\u00f3n<\/strong><\/p>\n<ul>\n<li>Conseguir una buena respiraci\u00f3n diafragm\u00e1tica, con eficacia respiratoria.<\/li>\n<li>Lograr tener una espiraci\u00f3n correcta, que tenga la suficiente presi\u00f3n de aire para conseguir un sonido \u201cnatural\u201d.<\/li>\n<li>Controlar la espiraci\u00f3n con el diafragma.<\/li>\n<\/ul>\n<p>&nbsp;<\/p>\n<p><strong>Postura corporal y relajaci\u00f3n general<\/strong><\/p>\n<ul>\n<li>Colocaci\u00f3n de hombros, mand\u00edbula inferior, evitar tics en la cara, tomar conciencia de la verticalidad.<\/li>\n<\/ul>\n<p>&nbsp;<\/p>\n<p><strong>Emisi\u00f3n<\/strong><\/p>\n<ul>\n<li>Cuidar el ataque del sonido y evitar el golpe gl\u00f3tico.<\/li>\n<\/ul>\n<ul>\n<li>Conseguir un buen sonido de acuerdo a las caracter\u00edsticas respiratorias (cantidad y calidad del aire espirado) de cada persona.<\/li>\n<\/ul>\n<ul>\n<li>Ser capaces de: subir y bajar el tono de la voz, aumentar y disminuir la intensidad, etc&#8230;<\/li>\n<\/ul>\n<p>&nbsp;<\/p>\n<p><strong>Moldes voc\u00e1licos<\/strong><\/p>\n<ul>\n<li>Conseguir una buena articulaci\u00f3n y\/o posici\u00f3n de la boca:\n<ul>\n<li>Relajaci\u00f3n mand\u00edbula inferior<\/li>\n<li>Colocaci\u00f3n de la lengua<\/li>\n<li>Apertura adecuada a cada vocal y conseguir un \u201cmolde\u201d para cada vocal.<\/li>\n<\/ul>\n<\/li>\n<\/ul>\n<p>&nbsp;<\/p>\n<p><strong>Voz hablada<\/strong><\/p>\n<ul>\n<li>Realizar ejercicios que sirvan para un mejor control de la voz hablada.<\/li>\n<\/ul>\n<p>&nbsp;<\/p>\n<p><span style=\"color: #000080;\">Observaciones: llevar ropa c\u00f3moda y un espejo de mano<\/span><\/p>\n<h3 style=\"text-align: right;\">Taller impartido por Isidro Vidal<\/h3>\n","protected":false},"excerpt":{"rendered":"<p>Para algunas profesiones la voz es la esencia sobre la que se construye y desarrolla todo el trabajo, supone el principio y el fin. La voz es una manifestaci\u00f3n del \u201cyo\u201d m\u00e1s \u00edntimo, podemos decir que tal como somos as\u00ed hablamos, o viceversa. La voz es la parte m\u00e1s emotiva de nosotros y nosotras pero [&hellip;]<\/p>\n","protected":false},"author":5,"featured_media":0,"parent":693,"menu_order":0,"comment_status":"open","ping_status":"open","template":"","meta":{"footnotes":""},"class_list":["post-1763","page","type-page","status-publish","hentry"],"_links":{"self":[{"href":"https:\/\/www.aulablog.com\/blog\/edublogs13\/wp-json\/wp\/v2\/pages\/1763","targetHints":{"allow":["GET"]}}],"collection":[{"href":"https:\/\/www.aulablog.com\/blog\/edublogs13\/wp-json\/wp\/v2\/pages"}],"about":[{"href":"https:\/\/www.aulablog.com\/blog\/edublogs13\/wp-json\/wp\/v2\/types\/page"}],"author":[{"embeddable":true,"href":"https:\/\/www.aulablog.com\/blog\/edublogs13\/wp-json\/wp\/v2\/users\/5"}],"replies":[{"embeddable":true,"href":"https:\/\/www.aulablog.com\/blog\/edublogs13\/wp-json\/wp\/v2\/comments?post=1763"}],"version-history":[{"count":2,"href":"https:\/\/www.aulablog.com\/blog\/edublogs13\/wp-json\/wp\/v2\/pages\/1763\/revisions"}],"predecessor-version":[{"id":1804,"href":"https:\/\/www.aulablog.com\/blog\/edublogs13\/wp-json\/wp\/v2\/pages\/1763\/revisions\/1804"}],"up":[{"embeddable":true,"href":"https:\/\/www.aulablog.com\/blog\/edublogs13\/wp-json\/wp\/v2\/pages\/693"}],"wp:attachment":[{"href":"https:\/\/www.aulablog.com\/blog\/edublogs13\/wp-json\/wp\/v2\/media?parent=1763"}],"curies":[{"name":"wp","href":"https:\/\/api.w.org\/{rel}","templated":true}]}}