{"id":1765,"date":"2013-05-06T10:00:57","date_gmt":"2013-05-06T08:00:57","guid":{"rendered":"http:\/\/www.aulablog.com\/blog\/edublogs13\/?page_id=1765"},"modified":"2013-07-04T18:34:29","modified_gmt":"2013-07-04T16:34:29","slug":"taller-de-presentaciones-del-pobrepoint-al-prezi","status":"publish","type":"page","link":"https:\/\/www.aulablog.com\/blog\/edublogs13\/talleres\/taller-de-presentaciones-del-pobrepoint-al-prezi\/","title":{"rendered":"Taller de presentaciones (del \u00abpobrepoint\u00bb al prezi)"},"content":{"rendered":"<p><img loading=\"lazy\" decoding=\"async\" class=\"aligncenter\" alt=\"\" src=\"http:\/\/farm9.staticflickr.com\/8227\/8561748362_8cc69fced5.jpg\" width=\"451\" height=\"337\" \/><\/p>\n<p style=\"text-align: center;\"><a title=\"Fotografia de Hautatzen\" href=\"http:\/\/www.flickr.com\/photos\/argazkiakmarian\/8561748362\/\" target=\"_blank\">Fotograf\u00eda de Hautatzen<\/a><\/p>\n<p>Este taller quiere proporcionar consejos que abarquen los aspectos de una presentaci\u00f3n multimedia:<\/p>\n<ul>\n<li>Definir un prop\u00f3sito<\/li>\n<li>Conocer y adaptarse a la audiencia<\/li>\n<li>Planificar una presentaci\u00f3n, cu\u00e1l puede ser la mejor estructura, qu\u00e9 papel juegan las historias en una presentaci\u00f3n (incluso t\u00e9cnica), cu\u00e1l es la mejor forma de empezar y de finalizar.<\/li>\n<li>Dise\u00f1o visual de las diapositivas cuidando el uso de im\u00e1genes, del color del texto<\/li>\n<li>La persona: c\u00f3mo prepararse o manejar los nervios, la importancia de ensayar y c\u00f3mo hacerlo, la voz, la postura&#8230;<\/li>\n<li>Tecnolog\u00edas on-line para la realizaci\u00f3n de las presentaciones multimedia.<\/li>\n<\/ul>\n<p><strong>Edici\u00f3n de v\u00eddeo Online<\/strong><\/p>\n<ul>\n<li>youtube<\/li>\n<li>wevideo<\/li>\n<li>Hangout<\/li>\n<li>otras opciones&#8230;<\/li>\n<\/ul>\n<p><strong> Audio edici\u00f3n online y licencias<\/strong><\/p>\n<ul>\n<li>Jamendo<\/li>\n<li>SoundCloud<\/li>\n<li>UJAM<\/li>\n<li>SOUNDATION<\/li>\n<li>otras opciones<\/li>\n<\/ul>\n<p><strong> Presentaciones Online<\/strong><\/p>\n<ul>\n<li>Photopeach<\/li>\n<li>SlideRocket<\/li>\n<li>Slideshare<\/li>\n<li>Prezi<\/li>\n<li>PreZentit<\/li>\n<li>Zoho<\/li>\n<li>GoogleDocs<\/li>\n<li>Power point online<\/li>\n<li>otras opciones&#8230;<\/li>\n<\/ul>\n<p><strong> Inserci\u00f3n en WEB<\/strong><\/p>\n<ul>\n<li>c\u00f3digos y etiquetas<\/li>\n<\/ul>\n<p><strong>Almacenamiento en la nube<\/strong><\/p>\n<h3 style=\"text-align: right;\">Taller impartido por Josu Garro<\/h3>\n<p><iframe loading=\"lazy\" src=\"http:\/\/prezi.com\/embed\/uulvadaobroy\/?bgcolor=ffffff&amp;lock_to_path=0&amp;autoplay=0&amp;autohide_ctrls=0&amp;features=undefined&amp;disabled_features=undefined\" width=\"550\" height=\"400\" frameBorder=\"0\"><\/iframe><\/p>\n","protected":false},"excerpt":{"rendered":"<p>Fotograf\u00eda de Hautatzen Este taller quiere proporcionar consejos que abarquen los aspectos de una presentaci\u00f3n multimedia: Definir un prop\u00f3sito Conocer y adaptarse a la audiencia Planificar una presentaci\u00f3n, cu\u00e1l puede ser la mejor estructura, qu\u00e9 papel juegan las historias en una presentaci\u00f3n (incluso t\u00e9cnica), cu\u00e1l es la mejor forma de empezar y de finalizar. Dise\u00f1o [&hellip;]<\/p>\n","protected":false},"author":5,"featured_media":0,"parent":693,"menu_order":0,"comment_status":"open","ping_status":"open","template":"","meta":{"footnotes":""},"class_list":["post-1765","page","type-page","status-publish","hentry"],"_links":{"self":[{"href":"https:\/\/www.aulablog.com\/blog\/edublogs13\/wp-json\/wp\/v2\/pages\/1765","targetHints":{"allow":["GET"]}}],"collection":[{"href":"https:\/\/www.aulablog.com\/blog\/edublogs13\/wp-json\/wp\/v2\/pages"}],"about":[{"href":"https:\/\/www.aulablog.com\/blog\/edublogs13\/wp-json\/wp\/v2\/types\/page"}],"author":[{"embeddable":true,"href":"https:\/\/www.aulablog.com\/blog\/edublogs13\/wp-json\/wp\/v2\/users\/5"}],"replies":[{"embeddable":true,"href":"https:\/\/www.aulablog.com\/blog\/edublogs13\/wp-json\/wp\/v2\/comments?post=1765"}],"version-history":[{"count":7,"href":"https:\/\/www.aulablog.com\/blog\/edublogs13\/wp-json\/wp\/v2\/pages\/1765\/revisions"}],"predecessor-version":[{"id":2112,"href":"https:\/\/www.aulablog.com\/blog\/edublogs13\/wp-json\/wp\/v2\/pages\/1765\/revisions\/2112"}],"up":[{"embeddable":true,"href":"https:\/\/www.aulablog.com\/blog\/edublogs13\/wp-json\/wp\/v2\/pages\/693"}],"wp:attachment":[{"href":"https:\/\/www.aulablog.com\/blog\/edublogs13\/wp-json\/wp\/v2\/media?parent=1765"}],"curies":[{"name":"wp","href":"https:\/\/api.w.org\/{rel}","templated":true}]}}