{"id":1769,"date":"2013-05-06T10:05:42","date_gmt":"2013-05-06T08:05:42","guid":{"rendered":"http:\/\/www.aulablog.com\/blog\/edublogs13\/?page_id=1769"},"modified":"2013-05-06T16:59:56","modified_gmt":"2013-05-06T14:59:56","slug":"identidad-digital-y-redes-sociales-con-menores","status":"publish","type":"page","link":"https:\/\/www.aulablog.com\/blog\/edublogs13\/talleres\/identidad-digital-y-redes-sociales-con-menores\/","title":{"rendered":"Identidad Digital y Redes Sociales con menores"},"content":{"rendered":"<p>No cabe duda de que la Identidad Digital es uno de los contenidos a trabajar con nuestros alumnos, los profesores y las familias. El taller, que impartir\u00e1n Antonio Omatos y V\u00edctor Cuevas, tendr\u00e1 una parte de reflexi\u00f3n sobre la propia pr\u00e1ctica diaria as\u00ed como otra sobre la oferta de recursos \u00fatiles para el trabajo en los centros educativos.<\/p>\n<p><strong>OBJETIVOS:<\/strong><\/p>\n<ul>\n<li>Tomar conciencia de la Identidad Digital.<\/li>\n<li>Conocer los riesgos y ventajas de las redes sociales.<\/li>\n<li>Usar din\u00e1micas y recursos para trabajar esta problem\u00e1tica con los alumnos.<\/li>\n<\/ul>\n<p><strong>CONTENIDOS:<\/strong><\/p>\n<ul>\n<li>La Identidad digital, qu\u00e9 es y qu\u00e9 representa<\/li>\n<li>Riesgos y ventajas de las redes sociales.<\/li>\n<li>Din\u00e1micas de concienciaci\u00f3n sobre los problemas de las redes sociales.<\/li>\n<li>Uso de recursos como v\u00eddeos, p\u00e1ginas web, gu\u00edas, etc. para el trabajo en el aula.<\/li>\n<li>Repositorio de recursos sobre Identidad digital y redes sociales.<\/li>\n<\/ul>\n<h3 style=\"text-align: right;\">Taller impartido por Antonio Omatos y V\u00edctor Cuevas<\/h3>\n<p>&nbsp;<\/p>\n","protected":false},"excerpt":{"rendered":"<p>No cabe duda de que la Identidad Digital es uno de los contenidos a trabajar con nuestros alumnos, los profesores y las familias. El taller, que impartir\u00e1n Antonio Omatos y V\u00edctor Cuevas, tendr\u00e1 una parte de reflexi\u00f3n sobre la propia pr\u00e1ctica diaria as\u00ed como otra sobre la oferta de recursos \u00fatiles para el trabajo en [&hellip;]<\/p>\n","protected":false},"author":5,"featured_media":0,"parent":693,"menu_order":0,"comment_status":"open","ping_status":"open","template":"","meta":{"footnotes":""},"class_list":["post-1769","page","type-page","status-publish","hentry"],"_links":{"self":[{"href":"https:\/\/www.aulablog.com\/blog\/edublogs13\/wp-json\/wp\/v2\/pages\/1769","targetHints":{"allow":["GET"]}}],"collection":[{"href":"https:\/\/www.aulablog.com\/blog\/edublogs13\/wp-json\/wp\/v2\/pages"}],"about":[{"href":"https:\/\/www.aulablog.com\/blog\/edublogs13\/wp-json\/wp\/v2\/types\/page"}],"author":[{"embeddable":true,"href":"https:\/\/www.aulablog.com\/blog\/edublogs13\/wp-json\/wp\/v2\/users\/5"}],"replies":[{"embeddable":true,"href":"https:\/\/www.aulablog.com\/blog\/edublogs13\/wp-json\/wp\/v2\/comments?post=1769"}],"version-history":[{"count":2,"href":"https:\/\/www.aulablog.com\/blog\/edublogs13\/wp-json\/wp\/v2\/pages\/1769\/revisions"}],"predecessor-version":[{"id":1800,"href":"https:\/\/www.aulablog.com\/blog\/edublogs13\/wp-json\/wp\/v2\/pages\/1769\/revisions\/1800"}],"up":[{"embeddable":true,"href":"https:\/\/www.aulablog.com\/blog\/edublogs13\/wp-json\/wp\/v2\/pages\/693"}],"wp:attachment":[{"href":"https:\/\/www.aulablog.com\/blog\/edublogs13\/wp-json\/wp\/v2\/media?parent=1769"}],"curies":[{"name":"wp","href":"https:\/\/api.w.org\/{rel}","templated":true}]}}