{"id":1773,"date":"2013-05-06T10:09:55","date_gmt":"2013-05-06T08:09:55","guid":{"rendered":"http:\/\/www.aulablog.com\/blog\/edublogs13\/?page_id=1773"},"modified":"2013-05-06T16:57:49","modified_gmt":"2013-05-06T14:57:49","slug":"exelearning-y-blogs","status":"publish","type":"page","link":"https:\/\/www.aulablog.com\/blog\/edublogs13\/talleres\/exelearning-y-blogs\/","title":{"rendered":"eXelearning y blogs"},"content":{"rendered":"<p><img loading=\"lazy\" decoding=\"async\" class=\"alignleft\" alt=\"\" src=\"http:\/\/exelearning.net\/wp-content\/themes\/exelearning\/images\/exelearning\/home\/exelenarning.jpg\" width=\"150\" height=\"150\" \/><img loading=\"lazy\" decoding=\"async\" class=\"aligncenter\" alt=\"\" src=\"http:\/\/www.blogtap.net\/wp-content\/uploads\/2010\/02\/wordpress-logo.jpg\" width=\"141\" height=\"141\" \/><\/p>\n<p>&nbsp;<\/p>\n<p><strong>Descripci\u00f3n del taller:<\/strong><\/p>\n<p>eXeLearning es una herramienta sencilla para la creaci\u00f3n de contenidos educativos. Tradicionalmente se ha asociado esta herramienta a la publicaci\u00f3n en plataformas como Moodle, pero tambi\u00e9n podemos publicar los contenidos en abierto en nuestro blog. Por ejemplo, podemos recoger las aportaciones de otros compa\u00f1eros y hacer que el material evolucione.<\/p>\n<p>Por otra parte, los sistemas de alojamientos de archivos en la nube nos facilitan la creaci\u00f3n colaborativa, tanto entre docentes como entre alumnos.<\/p>\n<p><strong>Contenidos:<\/strong><\/p>\n<ul>\n<li>Recorrido por las opciones b\u00e1sicas de eXeLearning.<\/li>\n<li>Alojar en un sitio, publicar en muchos.<\/li>\n<li>Alojar las fuentes de los materiales en la nube para colaborar.<\/li>\n<li>Como publicar los resultados en nuestro blog.<\/li>\n<li>Roadmap de eXelearning y maneras de colaborar en el proyecto.<\/li>\n<\/ul>\n<h3 style=\"text-align: right;\">\u00a0Taller impartido por Jos\u00e9 Miguel Andonegi y Antonio Monje<\/h3>\n","protected":false},"excerpt":{"rendered":"<p>&nbsp; Descripci\u00f3n del taller: eXeLearning es una herramienta sencilla para la creaci\u00f3n de contenidos educativos. Tradicionalmente se ha asociado esta herramienta a la publicaci\u00f3n en plataformas como Moodle, pero tambi\u00e9n podemos publicar los contenidos en abierto en nuestro blog. Por ejemplo, podemos recoger las aportaciones de otros compa\u00f1eros y hacer que el material evolucione. Por [&hellip;]<\/p>\n","protected":false},"author":5,"featured_media":0,"parent":693,"menu_order":0,"comment_status":"open","ping_status":"open","template":"","meta":{"footnotes":""},"class_list":["post-1773","page","type-page","status-publish","hentry"],"_links":{"self":[{"href":"https:\/\/www.aulablog.com\/blog\/edublogs13\/wp-json\/wp\/v2\/pages\/1773","targetHints":{"allow":["GET"]}}],"collection":[{"href":"https:\/\/www.aulablog.com\/blog\/edublogs13\/wp-json\/wp\/v2\/pages"}],"about":[{"href":"https:\/\/www.aulablog.com\/blog\/edublogs13\/wp-json\/wp\/v2\/types\/page"}],"author":[{"embeddable":true,"href":"https:\/\/www.aulablog.com\/blog\/edublogs13\/wp-json\/wp\/v2\/users\/5"}],"replies":[{"embeddable":true,"href":"https:\/\/www.aulablog.com\/blog\/edublogs13\/wp-json\/wp\/v2\/comments?post=1773"}],"version-history":[{"count":2,"href":"https:\/\/www.aulablog.com\/blog\/edublogs13\/wp-json\/wp\/v2\/pages\/1773\/revisions"}],"predecessor-version":[{"id":1797,"href":"https:\/\/www.aulablog.com\/blog\/edublogs13\/wp-json\/wp\/v2\/pages\/1773\/revisions\/1797"}],"up":[{"embeddable":true,"href":"https:\/\/www.aulablog.com\/blog\/edublogs13\/wp-json\/wp\/v2\/pages\/693"}],"wp:attachment":[{"href":"https:\/\/www.aulablog.com\/blog\/edublogs13\/wp-json\/wp\/v2\/media?parent=1773"}],"curies":[{"name":"wp","href":"https:\/\/api.w.org\/{rel}","templated":true}]}}