{"id":1781,"date":"2013-05-06T10:16:44","date_gmt":"2013-05-06T08:16:44","guid":{"rendered":"http:\/\/www.aulablog.com\/blog\/edublogs13\/?page_id=1781"},"modified":"2013-05-06T17:04:34","modified_gmt":"2013-05-06T15:04:34","slug":"moodle-no-solo-es-pdf","status":"publish","type":"page","link":"https:\/\/www.aulablog.com\/blog\/edublogs13\/talleres\/moodle-no-solo-es-pdf\/","title":{"rendered":"\u00a1\u00a1\u00a1Moodle no solo es PDF!!!"},"content":{"rendered":"<p><strong>OBJETIVOS<\/strong><\/p>\n<p>En este taller trabajaremos el aspecto visual de Moodle, daremos trucos sobre como organizar nuestros contenidos, introducir multimedia y objetos din\u00e1micos e interactivos.<\/p>\n<p><strong>CONTENIDOS<\/strong><\/p>\n<ul>\n<li>Organizaci\u00f3n visual de un curso de Moodle<\/li>\n<li>Introducci\u00f3n de Multimedia en recursos y actividades<\/li>\n<li>Trabajar con material en Java.<\/li>\n<li>Como elaborar preguntas m\u00e1s visuales: con im\u00e1genes, video &#8230;<\/li>\n<li>Uso de glosarios y preguntas en juegos<\/li>\n<li>Uso de editores de f\u00f3rmulas: Wiris. Y su aplicaci\u00f3n no matem\u00e1tica.<\/li>\n<li>Recopilando datos: organizaci\u00f3n del libro de calificaciones.<\/li>\n<\/ul>\n<h3 style=\"text-align: right;\">Taller impartido por Mertxe J. Badiola<\/h3>\n<p>&nbsp;<\/p>\n","protected":false},"excerpt":{"rendered":"<p>OBJETIVOS En este taller trabajaremos el aspecto visual de Moodle, daremos trucos sobre como organizar nuestros contenidos, introducir multimedia y objetos din\u00e1micos e interactivos. CONTENIDOS Organizaci\u00f3n visual de un curso de Moodle Introducci\u00f3n de Multimedia en recursos y actividades Trabajar con material en Java. Como elaborar preguntas m\u00e1s visuales: con im\u00e1genes, video &#8230; Uso de [&hellip;]<\/p>\n","protected":false},"author":5,"featured_media":0,"parent":693,"menu_order":0,"comment_status":"open","ping_status":"open","template":"","meta":{"footnotes":""},"class_list":["post-1781","page","type-page","status-publish","hentry"],"_links":{"self":[{"href":"https:\/\/www.aulablog.com\/blog\/edublogs13\/wp-json\/wp\/v2\/pages\/1781","targetHints":{"allow":["GET"]}}],"collection":[{"href":"https:\/\/www.aulablog.com\/blog\/edublogs13\/wp-json\/wp\/v2\/pages"}],"about":[{"href":"https:\/\/www.aulablog.com\/blog\/edublogs13\/wp-json\/wp\/v2\/types\/page"}],"author":[{"embeddable":true,"href":"https:\/\/www.aulablog.com\/blog\/edublogs13\/wp-json\/wp\/v2\/users\/5"}],"replies":[{"embeddable":true,"href":"https:\/\/www.aulablog.com\/blog\/edublogs13\/wp-json\/wp\/v2\/comments?post=1781"}],"version-history":[{"count":3,"href":"https:\/\/www.aulablog.com\/blog\/edublogs13\/wp-json\/wp\/v2\/pages\/1781\/revisions"}],"predecessor-version":[{"id":1806,"href":"https:\/\/www.aulablog.com\/blog\/edublogs13\/wp-json\/wp\/v2\/pages\/1781\/revisions\/1806"}],"up":[{"embeddable":true,"href":"https:\/\/www.aulablog.com\/blog\/edublogs13\/wp-json\/wp\/v2\/pages\/693"}],"wp:attachment":[{"href":"https:\/\/www.aulablog.com\/blog\/edublogs13\/wp-json\/wp\/v2\/media?parent=1781"}],"curies":[{"name":"wp","href":"https:\/\/api.w.org\/{rel}","templated":true}]}}