{"id":1784,"date":"2013-05-06T10:26:59","date_gmt":"2013-05-06T08:26:59","guid":{"rendered":"http:\/\/www.aulablog.com\/blog\/edublogs13\/?page_id=1784"},"modified":"2013-05-06T16:55:14","modified_gmt":"2013-05-06T14:55:14","slug":"app-party","status":"publish","type":"page","link":"https:\/\/www.aulablog.com\/blog\/edublogs13\/talleres\/app-party\/","title":{"rendered":"apps Party"},"content":{"rendered":"<p><a href=\"https:\/\/www.aulablog.com\/blog\/edublogs13\/files\/2013\/05\/Captura-de-pantalla-2013-05-06-a-las-16.49.44.png\"><img loading=\"lazy\" decoding=\"async\" class=\"size-full wp-image-1792 alignleft\" alt=\"aulaBLOG mlearning\" src=\"https:\/\/www.aulablog.com\/blog\/edublogs13\/files\/2013\/05\/Captura-de-pantalla-2013-05-06-a-las-16.49.44.png\" width=\"165\" height=\"133\" srcset=\"https:\/\/www.aulablog.com\/blog\/edublogs13\/files\/2013\/05\/Captura-de-pantalla-2013-05-06-a-las-16.49.44.png 165w, https:\/\/www.aulablog.com\/blog\/edublogs13\/files\/2013\/05\/Captura-de-pantalla-2013-05-06-a-las-16.49.44-150x120.png 150w\" sizes=\"auto, (max-width: 165px) 100vw, 165px\" \/><\/a>Los dispositivos m\u00f3viles han entrado con fuerza en el panorama educativo y contamos con algunas experiencias que hemos dise\u00f1ado durante este tiempo atr\u00e1s en el <a title=\"aulaBLOG mlearning\" href=\"http:\/\/www.aulablog.com\/blog\/mlearning\/\" target=\"_blank\">grupo de trabajo de Mlearning<\/a> de la Asociaci\u00f3n aulaBLOG.<\/p>\n<p>Apps Party surge como un buen momento para poder compartir con todos los asistentes al encuentro que pr\u00e1cticas educativas han sido enriquecidas a trav\u00e9s de los dispositivos m\u00f3viles, que aplicaciones han resuelto aspectos t\u00e9cnicos que antes eran mucho m\u00e1s complejos, como y cuando hemos integrado tabletas y otros dispositivos en nuestro trabajo docente.<br \/>\nAs\u00ed mismo todos los asistentes al taller pueden aportar sus experiencias y entre todos generar un pack b\u00e1sico de aplicaciones que son interesantes en procesos de ense\u00f1anza-aprendizaje y poder compartir esta sinergia entre docentes.<br \/>\nTambi\u00e9n es un buen momento para compartir dificultades, soluciones, temores e interrogantes sobre la integraci\u00f3n de estos dispositivos en nuestras aulas.<\/p>\n<p><strong>OBJETIVOS<\/strong>:<\/p>\n<ul>\n<li>Partir de la experiencia grupal para compartir buenas pr\u00e1cticas y poder aprender entre todos. Desarrollo de la inteligencia colectiva<\/li>\n<li>Compartir aplicaciones concretas integradas en tareas de ense\u00f1anza-aprendizaje para poder llevar a la pr\u00e1ctica en distintos \u00e1mbitos<\/li>\n<li>Generar un listado de pr\u00e1cticas y aplicaciones para poder compartir en el encuentro y publicar en el blog del grupo Mlearning<\/li>\n<\/ul>\n<p><strong>CONTENIDOS<\/strong><br \/>\nLos contenidos girar\u00e1n en torno al Mlearning y el uso de dispositivos m\u00f3viles, de todos modos al ser una sesi\u00f3n muy abierta no son contenidos cerrados.<\/p>\n<ul>\n<li>Dise\u00f1o de tareas e integraci\u00f3n de dispositivos m\u00f3viles<\/li>\n<li>Aplicaciones, usos y posibilidades. Compartir en red a trav\u00e9s de los dispositivos m\u00f3viles.<\/li>\n<\/ul>\n<p>No se requiere de experiencia previa ni de tener una tablet ni un smartphone. Se puede participar de forma activa comentando peque\u00f1as experiencias o de forma oyente preguntando dudas o sugiriendo mejoras en las presentaciones de las experiencias.<\/p>\n<h3 style=\"text-align: right;\">Taller impartido por Javier Monteagudo<\/h3>\n","protected":false},"excerpt":{"rendered":"<p>Los dispositivos m\u00f3viles han entrado con fuerza en el panorama educativo y contamos con algunas experiencias que hemos dise\u00f1ado durante este tiempo atr\u00e1s en el grupo de trabajo de Mlearning de la Asociaci\u00f3n aulaBLOG. Apps Party surge como un buen momento para poder compartir con todos los asistentes al encuentro que pr\u00e1cticas educativas han sido [&hellip;]<\/p>\n","protected":false},"author":5,"featured_media":0,"parent":693,"menu_order":0,"comment_status":"open","ping_status":"open","template":"","meta":{"footnotes":""},"class_list":["post-1784","page","type-page","status-publish","hentry"],"_links":{"self":[{"href":"https:\/\/www.aulablog.com\/blog\/edublogs13\/wp-json\/wp\/v2\/pages\/1784","targetHints":{"allow":["GET"]}}],"collection":[{"href":"https:\/\/www.aulablog.com\/blog\/edublogs13\/wp-json\/wp\/v2\/pages"}],"about":[{"href":"https:\/\/www.aulablog.com\/blog\/edublogs13\/wp-json\/wp\/v2\/types\/page"}],"author":[{"embeddable":true,"href":"https:\/\/www.aulablog.com\/blog\/edublogs13\/wp-json\/wp\/v2\/users\/5"}],"replies":[{"embeddable":true,"href":"https:\/\/www.aulablog.com\/blog\/edublogs13\/wp-json\/wp\/v2\/comments?post=1784"}],"version-history":[{"count":5,"href":"https:\/\/www.aulablog.com\/blog\/edublogs13\/wp-json\/wp\/v2\/pages\/1784\/revisions"}],"predecessor-version":[{"id":1788,"href":"https:\/\/www.aulablog.com\/blog\/edublogs13\/wp-json\/wp\/v2\/pages\/1784\/revisions\/1788"}],"up":[{"embeddable":true,"href":"https:\/\/www.aulablog.com\/blog\/edublogs13\/wp-json\/wp\/v2\/pages\/693"}],"wp:attachment":[{"href":"https:\/\/www.aulablog.com\/blog\/edublogs13\/wp-json\/wp\/v2\/media?parent=1784"}],"curies":[{"name":"wp","href":"https:\/\/api.w.org\/{rel}","templated":true}]}}