{"id":1786,"date":"2013-05-06T10:28:00","date_gmt":"2013-05-06T08:28:00","guid":{"rendered":"http:\/\/www.aulablog.com\/blog\/edublogs13\/?page_id=1786"},"modified":"2013-05-07T23:03:00","modified_gmt":"2013-05-07T21:03:00","slug":"diseno-grafico-con-gimp","status":"publish","type":"page","link":"https:\/\/www.aulablog.com\/blog\/edublogs13\/talleres\/diseno-grafico-con-gimp\/","title":{"rendered":"Dise\u00f1o gr\u00e1fico con GIMP"},"content":{"rendered":"<p style=\"text-align: center;\"><a href=\"http:\/\/www.aulablog.com\/blog\/edublogs12\/2012\/05\/21\/taller-de-gimp\/wilber-gimp\/\" rel=\"attachment wp-att-1321\"><img loading=\"lazy\" decoding=\"async\" class=\"aligncenter size-full wp-image-1321\" title=\"Wilber-gimp\" alt=\"\" src=\"http:\/\/www.aulablog.com\/blog\/edublogs12\/files\/2012\/05\/Wilber-gimp.png\" width=\"256\" height=\"256\" srcset=\"https:\/\/www.aulablog.com\/blog\/edublogs13\/files\/2012\/05\/Wilber-gimp.png 256w, https:\/\/www.aulablog.com\/blog\/edublogs13\/files\/2012\/05\/Wilber-gimp-150x150.png 150w, https:\/\/www.aulablog.com\/blog\/edublogs13\/files\/2012\/05\/Wilber-gimp-250x250.png 250w, https:\/\/www.aulablog.com\/blog\/edublogs13\/files\/2012\/05\/Wilber-gimp-140x140.png 140w\" sizes=\"auto, (max-width: 256px) 100vw, 256px\" \/><\/a><a href=\"http:\/\/upload.wikimedia.org\/wikipedia\/commons\/b\/be\/Wilber-gimp.png\" target=\"_blank\">Cr\u00e9dito de la imagen<\/a><\/p>\n<p>Taller de iniciaci\u00f3n al dise\u00f1o gr\u00e1fico con herramientas libres multiplataforma. Aprende a mejorar la apariencia de tus presentaciones, cambia el aspecto de tu blog, \u201ctunea\u201d tu wiki&#8230;<br \/>\nTrabajaremos la edici\u00f3n de im\u00e1genes digitales mediante el programa Gimp y unas nociones b\u00e1sicas de dibujo vectorial con Inkscape.<\/p>\n<p><strong>Objetivos:<\/strong><\/p>\n<ul>\n<li>Adquirir conocimientos de dise\u00f1o gr\u00e1fico<\/li>\n<li>Crear im\u00e1genes vectoriales mediante inkscape<\/li>\n<li>Aprender el manejo de Gimp para la manipulaci\u00f3n de im\u00e1genes digitales<\/li>\n<li>Ser capaces de generar ilustraciones digitales<\/li>\n<li>Instalaci\u00f3n de fuentes para la edici\u00f3n de textos<\/li>\n<li>Incorporar estas herramientas a nuestra pr\u00e1ctica docente<\/li>\n<\/ul>\n<p><strong>Contenidos:<\/strong><\/p>\n<ul>\n<li>Conocimientos previos<\/li>\n<li>Inkscape: creaci\u00f3n de dibujos vectoriales<\/li>\n<li>Primeros pasos con Gimp<\/li>\n<li>Retoque fotogr\u00e1fico<\/li>\n<li>Capas: collage digital<\/li>\n<li>Crear diapositivas<\/li>\n<li>Dise\u00f1a la cabecera de tu blog<\/li>\n<\/ul>\n<p><strong>Metodolog\u00eda:<\/strong><br \/>\nEs un taller eminentemente pr\u00e1ctico. Se realizar\u00e1n diferentes actividades con el fin de crear dise\u00f1os gr\u00e1ficos con herramientas libres multiplataforma.<\/p>\n<p>&nbsp;<\/p>\n<p>&nbsp;<\/p>\n<h3 style=\"text-align: right;\">Taller impartido por C\u00e9sar Poyatos<\/h3>\n","protected":false},"excerpt":{"rendered":"<p>Cr\u00e9dito de la imagen Taller de iniciaci\u00f3n al dise\u00f1o gr\u00e1fico con herramientas libres multiplataforma. Aprende a mejorar la apariencia de tus presentaciones, cambia el aspecto de tu blog, \u201ctunea\u201d tu wiki&#8230; Trabajaremos la edici\u00f3n de im\u00e1genes digitales mediante el programa Gimp y unas nociones b\u00e1sicas de dibujo vectorial con Inkscape. Objetivos: Adquirir conocimientos de dise\u00f1o [&hellip;]<\/p>\n","protected":false},"author":5,"featured_media":0,"parent":693,"menu_order":0,"comment_status":"open","ping_status":"open","template":"","meta":{"footnotes":""},"class_list":["post-1786","page","type-page","status-publish","hentry"],"_links":{"self":[{"href":"https:\/\/www.aulablog.com\/blog\/edublogs13\/wp-json\/wp\/v2\/pages\/1786","targetHints":{"allow":["GET"]}}],"collection":[{"href":"https:\/\/www.aulablog.com\/blog\/edublogs13\/wp-json\/wp\/v2\/pages"}],"about":[{"href":"https:\/\/www.aulablog.com\/blog\/edublogs13\/wp-json\/wp\/v2\/types\/page"}],"author":[{"embeddable":true,"href":"https:\/\/www.aulablog.com\/blog\/edublogs13\/wp-json\/wp\/v2\/users\/5"}],"replies":[{"embeddable":true,"href":"https:\/\/www.aulablog.com\/blog\/edublogs13\/wp-json\/wp\/v2\/comments?post=1786"}],"version-history":[{"count":3,"href":"https:\/\/www.aulablog.com\/blog\/edublogs13\/wp-json\/wp\/v2\/pages\/1786\/revisions"}],"predecessor-version":[{"id":1872,"href":"https:\/\/www.aulablog.com\/blog\/edublogs13\/wp-json\/wp\/v2\/pages\/1786\/revisions\/1872"}],"up":[{"embeddable":true,"href":"https:\/\/www.aulablog.com\/blog\/edublogs13\/wp-json\/wp\/v2\/pages\/693"}],"wp:attachment":[{"href":"https:\/\/www.aulablog.com\/blog\/edublogs13\/wp-json\/wp\/v2\/media?parent=1786"}],"curies":[{"name":"wp","href":"https:\/\/api.w.org\/{rel}","templated":true}]}}