{"id":21,"date":"2011-05-02T00:34:35","date_gmt":"2011-05-01T22:34:35","guid":{"rendered":"http:\/\/www.aulablog.com\/blog\/edublogs13\/?page_id=21"},"modified":"2013-06-15T13:31:18","modified_gmt":"2013-06-15T11:31:18","slug":"cartel","status":"publish","type":"page","link":"https:\/\/www.aulablog.com\/blog\/edublogs13\/cartel\/","title":{"rendered":"Cartel"},"content":{"rendered":"<p>Cartel para el Encuentro de <strong>Aulablog 2013<\/strong>, obra de C\u00e9sar Poyatos<\/p>\n<p style=\"text-align: center;\"><img loading=\"lazy\" decoding=\"async\" class=\"alignnone\" alt=\"\" src=\"http:\/\/farm3.staticflickr.com\/2849\/8793106778_1bc35090d3_z.jpg\" width=\"640\" height=\"484\" \/><\/p>\n<ul>\n<li><a title=\"aulaBLOG\" href=\"http:\/\/www.flickr.com\/photos\/cpoyatos\/8793108276\/sizes\/o\/\">Original 3500&#215;2650 en euskera<\/a><\/li>\n<li><a title=\"aulaBLOG\" href=\"http:\/\/www.flickr.com\/photos\/cpoyatos\/8793106778\/sizes\/o\/\" target=\"_blank\">Original 3500&#215;2650 en castellano<\/a><\/li>\n<\/ul>\n<p>Ten\u00e9is otros tama\u00f1os en los enlaces correspondientes<\/p>\n<p><strong>C\u00f3digo para incrustar el cartel<\/strong> en el blog (240&#215;182).\u00a0 Copia y pega el siguiente c\u00f3digo HTML en el lateral de tu blog con un widget o gadget:<\/p>\n<pre>&lt;a title=\"VIII Encuentro Aulablog 2013 en Donosti\"\r\n href=\"https:\/\/www.aulablog.com\/blog\/edublogs13\" target=\"_blank\"&gt;\r\n&lt;img src=\"https:\/\/www.aulablog.com\/blog\/edublogs13\/files\/2013\/06\/cartel_aulablog_2013.gif\"\r\n alt=\"VIII Encuentro Aulablog 2013 en Donosti\" \r\nwidth=\"240\" height=\"182\" border=\"0\" \/&gt;&lt;\/a&gt;<\/pre>\n","protected":false},"excerpt":{"rendered":"<p>Cartel para el Encuentro de Aulablog 2013, obra de C\u00e9sar Poyatos Original 3500&#215;2650 en euskera Original 3500&#215;2650 en castellano Ten\u00e9is otros tama\u00f1os en los enlaces correspondientes C\u00f3digo para incrustar el cartel en el blog (240&#215;182).\u00a0 Copia y pega el siguiente c\u00f3digo HTML en el lateral de tu blog con un widget o gadget: &lt;a title=\u00bbVIII [&hellip;]<\/p>\n","protected":false},"author":12,"featured_media":0,"parent":0,"menu_order":9,"comment_status":"open","ping_status":"closed","template":"","meta":{"footnotes":""},"class_list":["post-21","page","type-page","status-publish","hentry"],"_links":{"self":[{"href":"https:\/\/www.aulablog.com\/blog\/edublogs13\/wp-json\/wp\/v2\/pages\/21","targetHints":{"allow":["GET"]}}],"collection":[{"href":"https:\/\/www.aulablog.com\/blog\/edublogs13\/wp-json\/wp\/v2\/pages"}],"about":[{"href":"https:\/\/www.aulablog.com\/blog\/edublogs13\/wp-json\/wp\/v2\/types\/page"}],"author":[{"embeddable":true,"href":"https:\/\/www.aulablog.com\/blog\/edublogs13\/wp-json\/wp\/v2\/users\/12"}],"replies":[{"embeddable":true,"href":"https:\/\/www.aulablog.com\/blog\/edublogs13\/wp-json\/wp\/v2\/comments?post=21"}],"version-history":[{"count":54,"href":"https:\/\/www.aulablog.com\/blog\/edublogs13\/wp-json\/wp\/v2\/pages\/21\/revisions"}],"predecessor-version":[{"id":99,"href":"https:\/\/www.aulablog.com\/blog\/edublogs13\/wp-json\/wp\/v2\/pages\/21\/revisions\/99"}],"wp:attachment":[{"href":"https:\/\/www.aulablog.com\/blog\/edublogs13\/wp-json\/wp\/v2\/media?parent=21"}],"curies":[{"name":"wp","href":"https:\/\/api.w.org\/{rel}","templated":true}]}}