{"id":693,"date":"2011-06-23T02:02:15","date_gmt":"2011-06-23T00:02:15","guid":{"rendered":"http:\/\/www.aulablog.com\/blog\/edublogs13\/?page_id=693"},"modified":"2013-05-31T17:32:52","modified_gmt":"2013-05-31T15:32:52","slug":"talleres","status":"publish","type":"page","link":"https:\/\/www.aulablog.com\/blog\/edublogs13\/talleres\/","title":{"rendered":"Talleres"},"content":{"rendered":"<p>En los <strong>talleres<\/strong> del Encuentro se ense\u00f1a a utilizar herramientas TIC de forma pr\u00e1ctica. Es necesario que los participantes lleven sus propios port\u00e1tiles para realizar las actividades.<\/p>\n<h2>Talleres del Encuentro Aulablog 2013<\/h2>\n<p>Ma\u00f1ana<\/p>\n<ul>\n<li><a title=\"Taller del encuentro\" href=\"https:\/\/www.aulablog.com\/blog\/edublogs13\/talleres\/herramientas-interactivas-para-el-area-de-matematicas-y-ciencias-en-secundaria-y-primaria\/\" target=\"_blank\">Herramientas interactivas para el \u00e1rea de Matem\u00e1ticas y Ciencias (Aula 207)<\/a><\/li>\n<li><a title=\"Taller del encuentro\" href=\"https:\/\/www.aulablog.com\/blog\/edublogs13\/talleres\/herramientas-para-la-evaluacion-del-aprendizaje\/\" target=\"_blank\">Herramientas para la evaluaci\u00f3n del aprendizaje (Sal\u00f3n de Actos)<\/a><\/li>\n<li><a title=\"Taller del encuentro\" href=\"https:\/\/www.aulablog.com\/blog\/edublogs13\/talleres\/identidad-digital-y-redes-sociales-con-menores\/\" target=\"_blank\">Identidad digital y Redes Sociales con menores (Aula 205)<\/a><\/li>\n<li><a title=\"Taller del encuentro\" href=\"https:\/\/www.aulablog.com\/blog\/edublogs13\/talleres\/taller-de-edmodo\/\" target=\"_blank\">Taller de Edmodo (Aula 303 &#8211; 304)<\/a><\/li>\n<li><a title=\"Taller del encuentro\" href=\"https:\/\/www.aulablog.com\/blog\/edublogs13\/talleres\/taller-de-radio-digital-en-directo\/\" target=\"_blank\">Taller de radio digital en directo (Biblioteca nueva)<\/a><\/li>\n<li><a title=\"Taller del encuentro\" href=\"https:\/\/www.aulablog.com\/blog\/edublogs13\/talleres\/diseno-grafico-con-gimp\/\" target=\"_blank\">Dise\u00f1o gr\u00e1fico con GIMP (Aula 301 &#8211; 302)<br \/>\n<\/a><\/li>\n<li><a title=\"Taller del encuentro\" href=\"https:\/\/www.aulablog.com\/blog\/edublogs13\/talleres\/app-party\/\" target=\"_blank\">apps Party (aula 414)<br \/>\n<\/a><\/li>\n<\/ul>\n<p>Tarde<\/p>\n<ul>\n<li><a title=\"Taller del encuentro\" href=\"https:\/\/www.aulablog.com\/blog\/edublogs13\/talleres\/aspectos-legales-de-las-tic-en-educacion\/\" target=\"_blank\">Aspectos legales de las TIC en educaci\u00f3n (Biblioteca nueva)<\/a><\/li>\n<li><a title=\"Taller del encuentro\" href=\"https:\/\/www.aulablog.com\/blog\/edublogs13\/talleres\/exelearning-y-blogs\/\" target=\"_blank\">eXelearning y blogs (Aula 303-304)<\/a><\/li>\n<li><a title=\"Taller del encuentro\" href=\"https:\/\/www.aulablog.com\/blog\/edublogs13\/talleres\/moodle-no-solo-es-pdf\/\" target=\"_blank\">\u00a1\u00a1\u00a1Moodle no es solo pdf!!! (Aula 207)<\/a><\/li>\n<li><a title=\"Taller del encuentro\" href=\"https:\/\/www.aulablog.com\/blog\/edublogs13\/talleres\/taller-de-presentaciones-del-pobrepoint-al-prezi\/\" target=\"_blank\">Taller de Presentaciones (Aula 414)<\/a><\/li>\n<li><a title=\"Taller del encuentro\" href=\"https:\/\/www.aulablog.com\/blog\/edublogs13\/talleres\/taller-de-voz\/\" target=\"_blank\">Taller de voz (Gimnasio)<\/a><\/li>\n<li><a title=\"Taller del encuentro\" href=\"https:\/\/www.aulablog.com\/blog\/edublogs13\/talleres\/taller-qrs-y-realidad-aumentada\/\" target=\"_blank\">Taller QRs y Realidad aumentada (Aula 301-302)<\/a><\/li>\n<\/ul>\n<p>&nbsp;<\/p>\n","protected":false},"excerpt":{"rendered":"<p>En los talleres del Encuentro se ense\u00f1a a utilizar herramientas TIC de forma pr\u00e1ctica. Es necesario que los participantes lleven sus propios port\u00e1tiles para realizar las actividades. Talleres del Encuentro Aulablog 2013 Ma\u00f1ana Herramientas interactivas para el \u00e1rea de Matem\u00e1ticas y Ciencias (Aula 207) Herramientas para la evaluaci\u00f3n del aprendizaje (Sal\u00f3n de Actos) Identidad digital [&hellip;]<\/p>\n","protected":false},"author":12,"featured_media":0,"parent":0,"menu_order":3,"comment_status":"open","ping_status":"closed","template":"","meta":{"footnotes":""},"class_list":["post-693","page","type-page","status-publish","hentry"],"_links":{"self":[{"href":"https:\/\/www.aulablog.com\/blog\/edublogs13\/wp-json\/wp\/v2\/pages\/693","targetHints":{"allow":["GET"]}}],"collection":[{"href":"https:\/\/www.aulablog.com\/blog\/edublogs13\/wp-json\/wp\/v2\/pages"}],"about":[{"href":"https:\/\/www.aulablog.com\/blog\/edublogs13\/wp-json\/wp\/v2\/types\/page"}],"author":[{"embeddable":true,"href":"https:\/\/www.aulablog.com\/blog\/edublogs13\/wp-json\/wp\/v2\/users\/12"}],"replies":[{"embeddable":true,"href":"https:\/\/www.aulablog.com\/blog\/edublogs13\/wp-json\/wp\/v2\/comments?post=693"}],"version-history":[{"count":53,"href":"https:\/\/www.aulablog.com\/blog\/edublogs13\/wp-json\/wp\/v2\/pages\/693\/revisions"}],"predecessor-version":[{"id":714,"href":"https:\/\/www.aulablog.com\/blog\/edublogs13\/wp-json\/wp\/v2\/pages\/693\/revisions\/714"}],"wp:attachment":[{"href":"https:\/\/www.aulablog.com\/blog\/edublogs13\/wp-json\/wp\/v2\/media?parent=693"}],"curies":[{"name":"wp","href":"https:\/\/api.w.org\/{rel}","templated":true}]}}