{"id":87,"date":"2011-05-02T01:04:22","date_gmt":"2011-05-01T23:04:22","guid":{"rendered":"http:\/\/www.aulablog.com\/blog\/edublogs13\/?page_id=87"},"modified":"2013-07-02T09:08:51","modified_gmt":"2013-07-02T07:08:51","slug":"programa","status":"publish","type":"page","link":"https:\/\/www.aulablog.com\/blog\/edublogs13\/programa\/","title":{"rendered":"Programa"},"content":{"rendered":"<p><img loading=\"lazy\" decoding=\"async\" class=\"aligncenter\" alt=\"\" src=\"http:\/\/www.uslanark.com\/irudiak\/reformas\/nazaret01.jpg\" width=\"418\" height=\"313\" \/><\/p>\n<p>Os ofrecemos el programa del encuentro #aulaBLOG13, cuyos horarios no sufrir\u00e1n cambios.<\/p>\n<table style=\"width: 100%; background-color: #e4fafa; border-width: 1px; border-style: solid;\" border=\"0\">\n<tbody>\n<tr>\n<td style=\"width: 20%;\" colspan=\"2\" align=\"center\"><strong>Mi\u00e9rcoles 3 de julio<\/strong><\/td>\n<\/tr>\n<tr>\n<td style=\"width: 20%;\">11:00 &#8211; 12:00<\/td>\n<td>Paseo en Catamar\u00e1n por la bah\u00eda (1 hora &#8211; 9 \u20ac). Web: <a href=\"http:\/\/www.ciudadsansebastian.com\" target=\"_blank\">www.ciudadsansebastian.com<\/a> \u00a0&#8211; Punto de encuentro: 10 minutos antes enfrente del\u00a0<a title=\"Restaurante Sebasti\u00e1n\" href=\"http:\/\/goo.gl\/maps\/h0nrA\" target=\"_blank\">Restaurante Sebasti\u00e1n<\/a><\/td>\n<\/tr>\n<tr>\n<td style=\"width: 20%;\">12:15 &#8211; 13:30<\/td>\n<td>Reuni\u00f3n en Kiosko del Boulevard para visita por la Parte Vieja<\/td>\n<\/tr>\n<tr>\n<td>14:00 &#8211; 16:00<\/td>\n<td>Comida en <a title=\"Sociedad Ilunpe\" href=\"http:\/\/goo.gl\/maps\/9sK8Z\" target=\"_blank\">Sociedad ILUNPE<\/a> (c\/ Angel) de la Parte Vieja<\/td>\n<\/tr>\n<tr>\n<td>16:00 &#8211; 16:30<\/td>\n<td>Recepci\u00f3n de participantes. Acogida y entrega de materiales.<\/td>\n<\/tr>\n<tr>\n<td>16:30 &#8211; 17:00<\/td>\n<td>Inauguraci\u00f3n oficial del Encuentro en el Sal\u00f3n de Actos.<\/td>\n<\/tr>\n<tr>\n<td>17:00 &#8211; 18:00<\/td>\n<td>Conferencia inaugural a cargo de \u00c1ngel S\u00e1ez en el Sal\u00f3n de Actos.<\/td>\n<\/tr>\n<tr>\n<td>18:00 &#8211; 18:30<\/td>\n<td>Pausa NETWORKING<\/td>\n<\/tr>\n<tr>\n<td>18:30 &#8211; 20:30<\/td>\n<td>Trabajo en grupos.<\/td>\n<\/tr>\n<tr>\n<td>21:00 &#8211; 00:00<\/td>\n<td>\n<div>Cena <a href=\"http:\/\/goo.gl\/maps\/BBnLF\" target=\"_blank\">Hotel de Londres y de Inglaterra<\/a> (C\/ Zubieta, 2). En la Playa de la Concha.<\/div>\n<\/td>\n<\/tr>\n<\/tbody>\n<\/table>\n<p>&nbsp;<\/p>\n<table style=\"width: 100%; background-color: #fdf0e1; border-width: 1px; border-style: solid;\" border=\"0\">\n<tbody>\n<tr>\n<td style=\"width: 20%;\" colspan=\"2\" align=\"center\"><strong>Jueves 4 de julio<\/strong><\/td>\n<\/tr>\n<tr>\n<td style=\"width: 20%;\">10:00 &#8211; 11:00<\/td>\n<td>Trabajo en grupos.<\/td>\n<\/tr>\n<tr>\n<td>11:00 &#8211; 11:30<\/td>\n<td>Pausa para caf\u00e9.<\/td>\n<\/tr>\n<tr>\n<td>11:30 &#8211; 13:00<\/td>\n<td>Trabajo en grupos<\/td>\n<\/tr>\n<tr>\n<td>13.00 &#8211; 15:00<\/td>\n<td><a href=\"https:\/\/www.aulablog.com\/blog\/edublogs13\/talleres\/\">Talleres<\/a>.<\/td>\n<\/tr>\n<tr>\n<td>15:00 &#8211; 16:30<\/td>\n<td>Comida con catering en Nazaret Zentroa<\/td>\n<\/tr>\n<tr>\n<td>16:30 &#8211; 18:30<\/td>\n<td><a href=\"https:\/\/www.aulablog.com\/blog\/edublogs13\/talleres\/\">Talleres<\/a>.<\/td>\n<\/tr>\n<tr>\n<td>18:30 &#8211; 18:50<\/td>\n<td>Pausa NETWORKING<\/td>\n<\/tr>\n<tr>\n<td>18:50 &#8211; 20:00<\/td>\n<td>Mesa redonda de principiantes en el Sal\u00f3n de Actos.<\/td>\n<\/tr>\n<tr>\n<td>21:00 &#8211; 00:00<\/td>\n<td>Cena en <a href=\"http:\/\/goo.gl\/maps\/4Zc6B\" target=\"_blank\">Sidrer\u00eda (Sagardotegia) Salaberria<\/a>: C\/ Jos\u00e9 Mar\u00eda Salaberria, 15. Web: <a href=\"http:\/\/www.google.com\/url?q=http%3A%2F%2Fwww.sidreriasalaberria.com&amp;sa=D&amp;sntz=1&amp;usg=AFQjCNH0vrtZ35G-PVq8AiBFC1v5TsYt2g\">www.sidreriasalaberria.com<\/a><\/td>\n<\/tr>\n<\/tbody>\n<\/table>\n<p>&nbsp;<\/p>\n<table style=\"width: 100%; background-color: #fcfcb9; border-width: 1px; border-style: solid;\" border=\"0\">\n<tbody>\n<tr>\n<td style=\"width: 20%;\" colspan=\"2\" align=\"center\"><strong>Viernes 5 de julio<\/strong><\/td>\n<\/tr>\n<tr>\n<td style=\"width: 20%;\">10:00 &#8211; 11:30<\/td>\n<td>Resumen y puesta en com\u00fan del trabajo en grupos<em>.<\/em><\/td>\n<\/tr>\n<tr>\n<td>11:30 &#8211; 12:00<\/td>\n<td>Pausa para caf\u00e9.<\/td>\n<\/tr>\n<tr>\n<td>12:00 &#8211; 13:00<\/td>\n<td>Memoria y Proyectos de aulaBLOG<\/td>\n<\/tr>\n<tr>\n<td>13:00 &#8211; 14:00<\/td>\n<td>Premio Xekeirox aulaBLOG. Clausura del Encuentro. Baile colectivo de Polka.<\/td>\n<\/tr>\n<tr>\n<td>14:30 &#8211; 16:30<\/td>\n<td>Comida en <a href=\"http:\/\/goo.gl\/maps\/HicfY\" target=\"_blank\">Cafeteria Express<\/a>. C\/Reyes Catolicos 12.<\/td>\n<\/tr>\n<tr>\n<td>16:30 &#8211; 18:30<\/td>\n<td>Grupo FP: <a href=\"http:\/\/goo.gl\/maps\/LbD8m\" target=\"_blank\">visita en autobus a Tknika<\/a> (Barrio de Zamalbide. Renteria). Punto de encuentro 10 minutos antes: C\/ Urbieta a la altura del edificio Bellas Artes.<\/td>\n<\/tr>\n<\/tbody>\n<\/table>\n<p>Como veis en el programa,\u00a0 este a\u00f1o no tendremos comunicaciones durante el encuentro que ser\u00e1 sustituido por una propuesta de trabajo en grupo.<\/p>\n<p><strong><span style=\"color: #0000ff;\">Paseo en barco, 10 minutos antes enfrente del <a title=\"Restaurante Sebasti\u00e1n\" href=\"http:\/\/goo.gl\/maps\/h0nrA\" target=\"_blank\"><span style=\"color: #0000ff;\">Restaurante Sebasti\u00e1n<\/span><\/a><\/span><\/strong><\/p>\n","protected":false},"excerpt":{"rendered":"<p>Os ofrecemos el programa del encuentro #aulaBLOG13, cuyos horarios no sufrir\u00e1n cambios. Mi\u00e9rcoles 3 de julio 11:00 &#8211; 12:00 Paseo en Catamar\u00e1n por la bah\u00eda (1 hora &#8211; 9 \u20ac). Web: www.ciudadsansebastian.com \u00a0&#8211; Punto de encuentro: 10 minutos antes enfrente del\u00a0Restaurante Sebasti\u00e1n 12:15 &#8211; 13:30 Reuni\u00f3n en Kiosko del Boulevard para visita por la Parte [&hellip;]<\/p>\n","protected":false},"author":1,"featured_media":0,"parent":0,"menu_order":3,"comment_status":"open","ping_status":"closed","template":"","meta":{"footnotes":""},"class_list":["post-87","page","type-page","status-publish","hentry"],"_links":{"self":[{"href":"https:\/\/www.aulablog.com\/blog\/edublogs13\/wp-json\/wp\/v2\/pages\/87","targetHints":{"allow":["GET"]}}],"collection":[{"href":"https:\/\/www.aulablog.com\/blog\/edublogs13\/wp-json\/wp\/v2\/pages"}],"about":[{"href":"https:\/\/www.aulablog.com\/blog\/edublogs13\/wp-json\/wp\/v2\/types\/page"}],"author":[{"embeddable":true,"href":"https:\/\/www.aulablog.com\/blog\/edublogs13\/wp-json\/wp\/v2\/users\/1"}],"replies":[{"embeddable":true,"href":"https:\/\/www.aulablog.com\/blog\/edublogs13\/wp-json\/wp\/v2\/comments?post=87"}],"version-history":[{"count":85,"href":"https:\/\/www.aulablog.com\/blog\/edublogs13\/wp-json\/wp\/v2\/pages\/87\/revisions"}],"predecessor-version":[{"id":94,"href":"https:\/\/www.aulablog.com\/blog\/edublogs13\/wp-json\/wp\/v2\/pages\/87\/revisions\/94"}],"wp:attachment":[{"href":"https:\/\/www.aulablog.com\/blog\/edublogs13\/wp-json\/wp\/v2\/media?parent=87"}],"curies":[{"name":"wp","href":"https:\/\/api.w.org\/{rel}","templated":true}]}}