{"id":135,"date":"2015-05-17T10:58:58","date_gmt":"2015-05-17T10:58:58","guid":{"rendered":"http:\/\/www.aulablog.com\/blog\/encuentro10\/?page_id=135"},"modified":"2015-05-17T16:23:28","modified_gmt":"2015-05-17T16:23:28","slug":"cartel","status":"publish","type":"page","link":"https:\/\/www.aulablog.com\/blog\/encuentro10\/cartel\/","title":{"rendered":"Cartel"},"content":{"rendered":"<p>Cartel para el Encuentro de <strong>Aulablog 2015<\/strong>, obra de C\u00e9sar Poyatos:<\/p>\n<p><img loading=\"lazy\" decoding=\"async\" class=\"aligncenter size-full wp-image-136\" src=\"https:\/\/www.aulablog.com\/blog\/encuentro10\/files\/2015\/05\/cartel.jpg\" alt=\"cartel\" width=\"528\" height=\"640\" srcset=\"https:\/\/www.aulablog.com\/blog\/encuentro10\/files\/2015\/05\/cartel.jpg 528w, https:\/\/www.aulablog.com\/blog\/encuentro10\/files\/2015\/05\/cartel-248x300.jpg 248w\" sizes=\"(max-width: 528px) 100vw, 528px\" \/><\/p>\n<p>&nbsp;<\/p>\n<h1 style=\"text-align: center;\">aulaBLOG 2015, diez a\u00f1os tejiendo redes de aprendizaje<\/h1>\n<h1 style=\"text-align: center;\"><\/h1>\n<p>Ten\u00e9is otros tama\u00f1os en\u00a0el siguiente enlace: <a href=\"https:\/\/www.flickr.com\/photos\/cpoyatos\/16728925964\/sizes\/z\/\" target=\"_blank\">Cartel del X encuentro de aulablog &#8211; 2015<\/a><\/p>\n<p>&nbsp;<\/p>\n<p><strong>C\u00f3digo para incrustar el cartel<\/strong> en el blog (240&#215;182).\u00a0 Copia y pega el siguiente c\u00f3digo HTML en el lateral de tu blog con un widget o gadget:<\/p>\n<p>&nbsp;<\/p>\n<pre style=\"padding-left: 120px;\">&lt;a title=\"VIII Encuentro Aulablog 2013 en Donosti\"\r\n href=\"https:\/\/www.aulablog.com\/blog\/encuentro10\" target=\"_blank\"&gt;\r\n&lt;img src=\"https:\/\/www.aulablog.com\/blog\/encuentro10\/files\/2015\/05\/cartel.jpg\"\r\n alt=\"aulaBLOG 2015, diez a\u00f1os tejiendo redes de aprendizaje\" \r\nwidth=\"240\" height=\"182\" border=\"0\" \/&gt;&lt;\/a&gt;<\/pre>\n","protected":false},"excerpt":{"rendered":"<p>Cartel para el Encuentro de Aulablog 2015, obra de C\u00e9sar Poyatos: &nbsp; aulaBLOG 2015, diez a\u00f1os tejiendo redes de aprendizaje Ten\u00e9is otros tama\u00f1os en\u00a0el siguiente enlace: Cartel del X encuentro de aulablog &#8211; 2015 &nbsp; C\u00f3digo para incrustar el cartel en el blog (240&#215;182).\u00a0 Copia y pega el siguiente c\u00f3digo HTML en el lateral de [&hellip;]<\/p>\n","protected":false},"author":1,"featured_media":0,"parent":0,"menu_order":0,"comment_status":"open","ping_status":"open","template":"","meta":{"_et_pb_use_builder":"","_et_pb_old_content":"","_et_gb_content_width":"","footnotes":""},"class_list":["post-135","page","type-page","status-publish","hentry"],"_links":{"self":[{"href":"https:\/\/www.aulablog.com\/blog\/encuentro10\/wp-json\/wp\/v2\/pages\/135","targetHints":{"allow":["GET"]}}],"collection":[{"href":"https:\/\/www.aulablog.com\/blog\/encuentro10\/wp-json\/wp\/v2\/pages"}],"about":[{"href":"https:\/\/www.aulablog.com\/blog\/encuentro10\/wp-json\/wp\/v2\/types\/page"}],"author":[{"embeddable":true,"href":"https:\/\/www.aulablog.com\/blog\/encuentro10\/wp-json\/wp\/v2\/users\/1"}],"replies":[{"embeddable":true,"href":"https:\/\/www.aulablog.com\/blog\/encuentro10\/wp-json\/wp\/v2\/comments?post=135"}],"version-history":[{"count":4,"href":"https:\/\/www.aulablog.com\/blog\/encuentro10\/wp-json\/wp\/v2\/pages\/135\/revisions"}],"predecessor-version":[{"id":140,"href":"https:\/\/www.aulablog.com\/blog\/encuentro10\/wp-json\/wp\/v2\/pages\/135\/revisions\/140"}],"wp:attachment":[{"href":"https:\/\/www.aulablog.com\/blog\/encuentro10\/wp-json\/wp\/v2\/media?parent=135"}],"curies":[{"name":"wp","href":"https:\/\/api.w.org\/{rel}","templated":true}]}}