{"id":177,"date":"2015-05-17T14:27:22","date_gmt":"2015-05-17T14:27:22","guid":{"rendered":"http:\/\/www.aulablog.com\/blog\/encuentro10\/?page_id=177"},"modified":"2015-05-17T17:08:10","modified_gmt":"2015-05-17T17:08:10","slug":"alojamientos","status":"publish","type":"page","link":"https:\/\/www.aulablog.com\/blog\/encuentro10\/alojamientos\/","title":{"rendered":"Alojamientos"},"content":{"rendered":"<p>&nbsp;<\/p>\n\n\t\t\t<div class='tabs-left et_sliderfx_fade et_sliderauto_false et_sliderauto_speed_5000 et_slidertype_left_tabs clearfix'>\n\t\t\t\t<div class='et_left_tabs_bg'><\/div>\n\t\t\t\t<ul class='et-tabs-control'>\n\t\t\t<li><a href='#'>\n\t\t\tHoteles\n\t\t<\/a><\/li> \n\t\t<li><a href='#'>\n\t\t\tHostales y Pensiones\n\t\t<\/a><\/li> \n\t\t<li><a href='#'>\n\t\t\tCasas rurales\n\t\t<\/a><\/li>\n\t\t<\/ul> \n\t\t<div class='et-tabs-content'>\n\t\t\t<div class='et-tabs-content-main-wrap'>\n\t\t\t\t<div class='et-tabs-content-wrapper'>\n\t\t\t\t\t<div class='et_slidecontent'>\n\t\t\t<ul>\n<li><b>Hotel Sierra de Ubrique (***)<\/b>\n<ul>\n<li>Avda. Sierra de Ubrique, 1<\/li>\n<li>Tlf: 956 46 68 05<\/li>\n<li>Web: <a href=\"http:\/\/hotelsierradeubrique.com\/\" rel=\"nofollow\">hotelsierradeubrique.com<\/a><\/li>\n<li>M\u00e1s informaci\u00f3n y comentarios en <a href=\"http:\/\/www.tripadvisor.es\/Hotel_Review-g608973-d2135942-Reviews-Hotel_Sierra_de_Ubrique-Ubrique_Sierra_de_Grazalema_Natural_Park_Province_of_Cadiz_And.html\" rel=\"nofollow\">TripAdvisor<\/a><\/li>\n<li>Precios (comunicar que sois participantes al encuentro Aulablog):\n<ul>\n<li>Habitacion doble: \u00a058.00\u20ac IVA incluido solo alojamiento<\/li>\n<li>Habitacion triple : \u00a072.00\u20ac IVA incluido solo alojamiento<\/li>\n<\/ul>\n<\/li>\n<li>Piscina<\/li>\n<li>Zona exterior de Ubrique<\/li>\n<li><a href=\"https:\/\/www.google.es\/maps\/dir\/Av+Herrera+Oria,+10,+11600+Ubrique,+C%C3%A1diz\/A-373,+11600+Ubrique,+C%C3%A1diz\/@36.6654219,-5.4625119,5092m\/data=!3m1!1e3!4m13!4m12!1m5!1m1!1s0xd0d170d3104aa2d:0xf576420afeecb182!2m2!1d-5.4445707!2d36.6797816!1m5!1m1!1s0xd0d19d818055c31:0x63cff8064c53b0f2!2m2!1d-5.4468189!2d36.6564021?hl=en\">Distancia al IES: 3 Km<\/a><\/li>\n<\/ul>\n<\/li>\n<li><b>Hotel Ocurris (**)<\/b>\n<ul>\n<li>Avda. Sol\u00eds Pascual, 51<\/li>\n<li>Tlf:\u00a0956 46 39 39<\/li>\n<li>Web:\u00a0<a href=\"http:\/\/www.hotelocurris.com\/\" rel=\"nofollow\">www.hotelocurris.com<\/a><\/li>\n<li>M\u00e1s informaci\u00f3n y comentarios en <a href=\"http:\/\/www.tripadvisor.es\/Hotel_Review-g608973-d4581502-Reviews-Hotel_Ocurris-Ubrique_Sierra_de_Grazalema_Natural_Park_Province_of_Cadiz_Andalucia.html\" rel=\"nofollow\">TripAdvisor<\/a><\/li>\n<li>Precios:\n<ul>\n<li>Habitaci\u00f3n doble: 59.00\u20ac Alojamiento y desayuno<\/li>\n<li>Habitaci\u00f3n individual: 36,50\u20ac Alojamiento y desayuno<\/li>\n<li>Habitaci\u00f3n triple:\u00a070.00\u20ac Alojamiento y desayuno<\/li>\n<li>Para realizar la reserva, recomiendan enviar email a: comercial@hotelocurris.com con los siguientes datos.\n<ul>\n<li>Asunto : AULABLOG UBRIQUE\u00a0y deben aportar:\u00a0Nombre y Apellidos,\u00a0DNI, tipo habitaci\u00f3n , d\u00eda de llegada y d\u00eda de salida.<\/li>\n<\/ul>\n<\/li>\n<\/ul>\n<\/li>\n<li>Zona centro de Ubrique<\/li>\n<li><a href=\"https:\/\/www.google.es\/maps\/dir\/Av+Herrera+Oria,+10,+11600+Ubrique,+C%C3%A1diz\/Hotel+Ocurris,+Av+Doctor+Sol%C3%ADs+Pascual,+51,+11600+Ubrique,+C%C3%A1diz\/@36.6782661,-5.4472041,638m\/data=!3m1!1e3!4m13!4m12!1m5!1m1!1s0xd0d170d3104aa2d:0xf576420afeecb182!2m2!1d-5.4445707!2d36.6797816!1m5!1m1!1s0xd0d176d15dedd61:0x9380dae9f5a92658!2m2!1d-5.447806!2d36.677555?hl=en\">Distancia al IES: 400 m<\/a><\/li>\n<\/ul>\n<\/li>\n<\/ul>\n\t\t<\/div> \n\t\t<div class='et_slidecontent'>\n\t\t\t<ul>\n<li><b>Casa Emilia<\/b>\n<ul>\n<li>Calle Fuentezuela, 18<\/li>\n<li>Tlf:\u00a0657 99 38 90<\/li>\n<li><a href=\"https:\/\/plus.google.com\/111378320439279026841\/photos?gl=es&amp;hl=en\">Perfil en Google Plus<\/a><\/li>\n<li>M\u00e1s informaci\u00f3n y comentarios en\u00a0<a href=\"http:\/\/www.tripadvisor.es\/Hotel_Review-g608973-d2265435-Reviews-Casa_Emilia-Ubrique_Sierra_de_Grazalema_Natural_Park_Province_of_Cadiz_Andalucia.html\" rel=\"nofollow\">TripAdvisor<\/a><\/li>\n<li>Zona centro (casco hist\u00f3rico) de Ubrique<\/li>\n<li><a href=\"https:\/\/www.google.es\/maps\/dir\/Av+Herrera+Oria,+10,+11600+Ubrique,+C%C3%A1diz\/Casa+Emilia,+Calle+Fuentezuela,+18,+11600+Ubrique,+C%C3%A1diz\/@36.6786966,-5.4460194,17z\/data=!3m1!4b1!4m13!4m12!1m5!1m1!1s0xd0d170d3104aa2d:0xf576420afeecb182!2m2!1d-5.4445707!2d36.6797816!1m5!1m1!1s0xd0d1773742e039d:0x3f2684270f4c8957!2m2!1d-5.442413!2d36.676983?hl=en\">Distancia al IES: 550 m<\/a><\/li>\n<\/ul>\n<\/li>\n<li><b>Pensi\u00f3n Rosario<\/b>\n<ul>\n<li><\/li>\n<li>Direcci\u00f3n: C\/Botica, 3 (C\/ Jos\u00e9 Antonio Primo de Rivera, 3)<\/li>\n<li>Tfno: 956 46 10 46<\/li>\n<li><a href=\"https:\/\/www.google.es\/maps\/@36.677277,-5.442706,3a,75y,122.86h,108.81t\/data=!3m4!1e1!3m2!1sgmxjwoSkMpYbTY1jxfyTUw!2e0!6m1!1e1?hl=en\">Street View<\/a><\/li>\n<li><a href=\"https:\/\/www.google.es\/maps\/dir\/36.677234,-5.4427033\/Av+Herrera+Oria,+10,+11600+Ubrique,+C%C3%A1diz\/@36.6787408,-5.4438459,18z\/data=!4m9!4m8!1m0!1m5!1m1!1s0xd0d170d3104aa2d:0xf576420afeecb182!2m2!1d-5.4445707!2d36.6797816!3e2?hl=en\">Distancia al IES: 500 m<\/a><\/li>\n<\/ul>\n<\/li>\n<\/ul>\n\t\t<\/div> \n\t\t<div class='et_slidecontent'>\n\t\t\t<ul>\n<li>En la web del <a href=\"http:\/\/www.ayuntamientoubrique.es\/\" rel=\"nofollow\">Ayuntamiento de Ubrique<\/a>, dentro de la secci\u00f3n <a href=\"http:\/\/www.ayuntamientoubrique.es\/turismo\/restauracion-y-alojamientos\/alojamientos-en-ubrique.html#p%C3%A1gina-1\" rel=\"nofollow\"><b>Turismo &gt; Alojamientos en Ubrique<\/b><\/a>, podr\u00e1s encontrar un listado de casas rurales dentro de la poblaci\u00f3n de Ubrique y zonas m\u00e1s cercanas, donde aparecen casas para grupos desde 10 personas hasta las habituales para grupos reducidos.<\/li>\n<li>En la misma web, se ofrece tambi\u00e9n otra secci\u00f3n de alojamientos en localidades cercanas, dentro de la secci\u00f3n <a href=\"http:\/\/www.ayuntamientoubrique.es\/turismo\/restauracion-y-alojamientos\/alojamientos-en-alrededores-de-ubrique.html\" rel=\"nofollow\"><b>Turismo &gt; Alojamiento en alrededores de Ubrique<\/b><\/a>. Ah\u00ed podr\u00e1s encontrar referencias a algunos alojamientos en poblaciones muy cercanas como Benaocaz, El Bosque, Villaluenga, Grazalema, etc. Todas estas poblaciones se encuentran dentro del <a href=\"http:\/\/es.wikipedia.org\/wiki\/Parque_natural_de_la_Sierra_de_Grazalema\" rel=\"nofollow\">Parque Natural Sierra de Grazalema<\/a>, por lo que si te gusta la naturaleza podr\u00e1s disfrutar a\u00fan m\u00e1s de esta sierra.<\/li>\n<\/ul>\n\t\t<\/div>\n\t\t\t\t<\/div>\n\t\t\t<\/div>\n\t\t<\/div>\n\t\t\t<\/div>\n","protected":false},"excerpt":{"rendered":"<p>&nbsp;<\/p>\n","protected":false},"author":1,"featured_media":0,"parent":0,"menu_order":0,"comment_status":"open","ping_status":"open","template":"","meta":{"_et_pb_use_builder":"off","_et_pb_old_content":"","_et_gb_content_width":"","footnotes":""},"class_list":["post-177","page","type-page","status-publish","hentry"],"_links":{"self":[{"href":"https:\/\/www.aulablog.com\/blog\/encuentro10\/wp-json\/wp\/v2\/pages\/177","targetHints":{"allow":["GET"]}}],"collection":[{"href":"https:\/\/www.aulablog.com\/blog\/encuentro10\/wp-json\/wp\/v2\/pages"}],"about":[{"href":"https:\/\/www.aulablog.com\/blog\/encuentro10\/wp-json\/wp\/v2\/types\/page"}],"author":[{"embeddable":true,"href":"https:\/\/www.aulablog.com\/blog\/encuentro10\/wp-json\/wp\/v2\/users\/1"}],"replies":[{"embeddable":true,"href":"https:\/\/www.aulablog.com\/blog\/encuentro10\/wp-json\/wp\/v2\/comments?post=177"}],"version-history":[{"count":5,"href":"https:\/\/www.aulablog.com\/blog\/encuentro10\/wp-json\/wp\/v2\/pages\/177\/revisions"}],"predecessor-version":[{"id":250,"href":"https:\/\/www.aulablog.com\/blog\/encuentro10\/wp-json\/wp\/v2\/pages\/177\/revisions\/250"}],"wp:attachment":[{"href":"https:\/\/www.aulablog.com\/blog\/encuentro10\/wp-json\/wp\/v2\/media?parent=177"}],"curies":[{"name":"wp","href":"https:\/\/api.w.org\/{rel}","templated":true}]}}