{"id":308,"date":"2015-05-18T10:31:39","date_gmt":"2015-05-18T10:31:39","guid":{"rendered":"http:\/\/www.aulablog.com\/blog\/encuentro10\/?page_id=308"},"modified":"2015-06-14T23:17:47","modified_gmt":"2015-06-14T23:17:47","slug":"area-de-bienvenida-2","status":"publish","type":"page","link":"https:\/\/www.aulablog.com\/blog\/encuentro10\/area-de-bienvenida-2\/","title":{"rendered":"\u00c1rea de bienvenida"},"content":{"rendered":"<p>[et_pb_section transparent_background=\u00bboff\u00bb background_color=\u00bb#ffffff\u00bb allow_player_pause=\u00bboff\u00bb inner_shadow=\u00bboff\u00bb parallax=\u00bboff\u00bb parallax_method=\u00bboff\u00bb][et_pb_row][et_pb_column type=\u00bb1_3&#8243;][et_pb_text admin_label=\u00bbTexto\u00bb background_layout=\u00bblight\u00bb text_orientation=\u00bbleft\u00bb]<\/p>\n<p><img loading=\"lazy\" decoding=\"async\" class=\" wp-image-297 size-full aligncenter\" src=\"https:\/\/www.aulablog.com\/blog\/encuentro10\/files\/2015\/05\/BIENVENIDA.jpg\" alt=\"BIENVENIDA\" width=\"800\" height=\"566\" srcset=\"https:\/\/www.aulablog.com\/blog\/encuentro10\/files\/2015\/05\/BIENVENIDA.jpg 800w, https:\/\/www.aulablog.com\/blog\/encuentro10\/files\/2015\/05\/BIENVENIDA-300x212.jpg 300w, https:\/\/www.aulablog.com\/blog\/encuentro10\/files\/2015\/05\/BIENVENIDA-400x284.jpg 400w\" sizes=\"(max-width: 800px) 100vw, 800px\" \/><\/p>\n<p>[\/et_pb_text][\/et_pb_column][et_pb_column type=\u00bb2_3&#8243;][et_pb_text admin_label=\u00bbTexto\u00bb background_layout=\u00bblight\u00bb text_orientation=\u00bbleft\u00bb]<\/p>\n<div class=\"et_pb_slide_content\">\n<p style=\"text-align: justify;\">\u00bfEs tu primer aulaBLOG? \u00a0\u00bfa\u00fan no tienes un blog? \u00a0\u00bfhas escuchado hablar de las Google Apps pero a\u00fan no trabajas con ellas? \u00a0\u00bfno te suena ninguna de estas herramientas? \u00a0Pues est\u00e1s de enhorabuena, este es tu espacio. Queremos que te vayas de nuestro encuentro con tu propio lugar\u00a0\u00a0en la red para compartir y trabajar con nosotros y con otros.<\/p>\n<p style=\"text-align: justify;\">Todos hemos tenido un comienzo, el tuyo puede estar en este encuentro .<\/p>\n<p>\u00bfTe apuntas?<\/p>\n<\/div>\n<p>&nbsp;<\/p>\n<p>[\/et_pb_text][\/et_pb_column][\/et_pb_row][\/et_pb_section][et_pb_section fullwidth=\u00bbon\u00bb specialty=\u00bboff\u00bb transparent_background=\u00bboff\u00bb background_color=\u00bb#1e73be\u00bb allow_player_pause=\u00bboff\u00bb inner_shadow=\u00bboff\u00bb parallax=\u00bboff\u00bb parallax_method=\u00bboff\u00bb][et_pb_fullwidth_header admin_label=\u00bbT\u00edtulo de anchura completa\u00bb title=\u00bbTALLERES: ESTRENA TU PLE\u00bb subhead=\u00bb\u00c1rea de Bienvenida\u00bb background_layout=\u00bbdark\u00bb text_orientation=\u00bbcenter\u00bb \/][\/et_pb_section][et_pb_section fullwidth=\u00bboff\u00bb specialty=\u00bboff\u00bb transparent_background=\u00bboff\u00bb background_color=\u00bb#ffffff\u00bb allow_player_pause=\u00bboff\u00bb inner_shadow=\u00bboff\u00bb parallax=\u00bboff\u00bb parallax_method=\u00bboff\u00bb][et_pb_row][et_pb_column type=\u00bb1_4&#8243;][et_pb_blurb admin_label=\u00bbAnuncio\u00bb title=\u00bbPLE I\u00bb url_new_window=\u00bboff\u00bb use_icon=\u00bbon\u00bb font_icon=\u00bbv\u00bb icon_color=\u00bb#ffffff\u00bb use_circle=\u00bbon\u00bb circle_color=\u00bb#81d742&#8243; use_circle_border=\u00bbon\u00bb circle_border_color=\u00bb#ffffff\u00bb icon_placement=\u00bbtop\u00bb animation=\u00bbtop\u00bb background_layout=\u00bblight\u00bb text_orientation=\u00bbleft\u00bb]<div class='et-learn-more et-open clearfix'>\n\t\t\t\t\t<h3 class='heading-more open'>Contenidos<span class='et_learnmore_arrow'><span><\/span><\/span><\/h3>\n\t\t\t\t\t<div class='learn-more-content'>Las sesiones ser\u00e1n eminentemente pr\u00e1cticas y consistir\u00e1n en el desarrollo de los siguientes elementos:<\/p>\n<p>&nbsp;<\/p>\n<ul>\n<li>\u00bfQu\u00e9 es un PLE?<\/li>\n<li>Gmail<\/li>\n<li>Comunidad G+<\/li>\n<li>Pinterest<\/li>\n<li>Blogger<\/li>\n<\/ul><\/div>\n\t\t\t\t<\/div>[\/et_pb_blurb][\/et_pb_column][et_pb_column type=\u00bb1_4&#8243;][et_pb_blurb admin_label=\u00bbAnuncio\u00bb title=\u00bbPLE II\u00bb url_new_window=\u00bboff\u00bb use_icon=\u00bbon\u00bb font_icon=\u00bb\ue030\u00bb icon_color=\u00bb#ffffff\u00bb use_circle=\u00bbon\u00bb circle_color=\u00bb#81d742&#8243; use_circle_border=\u00bbon\u00bb circle_border_color=\u00bb#ffffff\u00bb icon_placement=\u00bbtop\u00bb animation=\u00bbtop\u00bb background_layout=\u00bblight\u00bb text_orientation=\u00bbleft\u00bb]<div class='et-learn-more et-open clearfix'>\n\t\t\t\t\t<h3 class='heading-more open'>Contenidos<span class='et_learnmore_arrow'><span><\/span><\/span><\/h3>\n\t\t\t\t\t<div class='learn-more-content'>Las sesiones sean eminentemente pr\u00e1cticas y consistir\u00e1n en el desarrollo de los siguientes elementos:<\/p>\n<p>&nbsp;<\/p>\n<ul>\n<li>Google Drive<\/li>\n<li>Google Site<\/li>\n<li>Twitter<\/li>\n<\/ul><\/div>\n\t\t\t\t<\/div>[\/et_pb_blurb][\/et_pb_column][et_pb_column type=\u00bb1_4&#8243;][et_pb_blurb admin_label=\u00bbAnuncio\u00bb title=\u00bbPr\u00e1ctica con PLE\u00bb url_new_window=\u00bboff\u00bb use_icon=\u00bbon\u00bb font_icon=\u00bb\ue106\u00bb icon_color=\u00bb#ffffff\u00bb use_circle=\u00bbon\u00bb circle_color=\u00bb#81d742&#8243; use_circle_border=\u00bbon\u00bb circle_border_color=\u00bb#ffffff\u00bb icon_placement=\u00bbtop\u00bb animation=\u00bbtop\u00bb background_layout=\u00bblight\u00bb text_orientation=\u00bbleft\u00bb]<div class='et-learn-more et-open clearfix'>\n\t\t\t\t\t<h3 class='heading-more open'>Contenidos<span class='et_learnmore_arrow'><span><\/span><\/span><\/h3>\n\t\t\t\t\t<div class='learn-more-content'>Las sesiones sean eminentemente pr\u00e1cticas y consistir\u00e1n en el desarrollo de los siguientes elementos:<\/p>\n<p>&nbsp;<\/p>\n<ul>\n<li>Secuencias did\u00e1cticas con TICs<\/li>\n<\/ul><\/div>\n\t\t\t\t<\/div>[\/et_pb_blurb][\/et_pb_column][et_pb_column type=\u00bb1_4&#8243;][et_pb_blurb admin_label=\u00bbAnuncio\u00bb title=\u00bbIntroducci\u00f3n al trabajo con Genial.ly\u00bb url_new_window=\u00bboff\u00bb use_icon=\u00bbon\u00bb font_icon=\u00bbk\u00bb icon_color=\u00bb#ffffff\u00bb use_circle=\u00bbon\u00bb circle_color=\u00bb#81d742&#8243; use_circle_border=\u00bbon\u00bb circle_border_color=\u00bb#ffffff\u00bb icon_placement=\u00bbtop\u00bb animation=\u00bbtop\u00bb background_layout=\u00bblight\u00bb text_orientation=\u00bbleft\u00bb]<\/p>\n<div class='et-learn-more et-open clearfix'>\n\t\t\t\t\t<h3 class='heading-more open'>Contenidos<span class='et_learnmore_arrow'><span><\/span><\/span><\/h3>\n\t\t\t\t\t<div class='learn-more-content'><p>Genial.ly es una herramienta de presentaciones, murales, infograf\u00edas&#8230; y mucho m\u00e1s en Espa\u00f1ol y hecha en C\u00f3rdoba. Aunque su enfoque principal es hacia los medios de comunicaci\u00f3n, han comprendido la importante aportaci\u00f3n que tambi\u00e9n pueden traer al mundo educativo.<\/p><\/div>\n\t\t\t\t<\/div>\n<p>[\/et_pb_blurb][\/et_pb_column][\/et_pb_row][\/et_pb_section][et_pb_section fullwidth=\u00bboff\u00bb specialty=\u00bboff\u00bb transparent_background=\u00bboff\u00bb background_color=\u00bb#9e9e9e\u00bb allow_player_pause=\u00bboff\u00bb inner_shadow=\u00bboff\u00bb parallax=\u00bboff\u00bb parallax_method=\u00bboff\u00bb][et_pb_row][et_pb_column type=\u00bb4_4&#8243;][et_pb_text admin_label=\u00bbTexto\u00bb background_layout=\u00bblight\u00bb text_orientation=\u00bbleft\u00bb]<div class='et-learn-more clearfix'>\n\t\t\t\t\t<h3 class='heading-more'>OBJETIVOS DEL \u00c1REA DE BIENVENIDA o ESTRENA TU PLE<span class='et_learnmore_arrow'><span><\/span><\/span><\/h3>\n\t\t\t\t\t<div class='learn-more-content'>El objetivo de estas sesiones es que el profesorado que se integra en este mundo de las nuevas tecnolog\u00edas por primera vez reconozca la importancia de la implementaci\u00f3n de su propio PLE, como experto en pedagog\u00eda utilizando las TIC. El PLE es el \u00abEntorno Personal de Aprendizaje\u00bb, el conjunto de recursos, fuentes de informaci\u00f3n y relaciones en red que permiten a una persona controlar y gestionar su propio proceso de aprendizaje. En nuestro trabajo como educadores, este entorno debe abarcar tanto nuestro \u00e1mbito personal y como el profesional. Los instrumentos en que se iniciar\u00e1n los que se apunten al taller \u00abEstr\u00e9nate. Estr\u00e9naPLE\u00bb ser\u00e1n los que actualmente se integran en las apps de Google para el \u00e1mbito educativo, con referencias continuas a recursos de las redes sociales (Pinterest, Twitter, etc.). La gente que asista a estos talleres, partiendo pr\u00e1cticamente de cero, acabar\u00e1 con una mochila b\u00e1sica con recursos TIC, un modelo plantilla de secuencia pr\u00e1ctica para utilizar en su aula y un espacio en red para aprender y compartir con otros. Se aconseja traer al taller un smartphone y\/o una tableta.<\/div>\n\t\t\t\t<\/div>[\/et_pb_text][\/et_pb_column][\/et_pb_row][\/et_pb_section]<\/p>\n","protected":false},"excerpt":{"rendered":"<p><div class=\"et_pb_row et_pb_row_0 et_pb_row_empty\">\n\t\t\t\t\n\t\t\t\t\n\t\t\t\t\n\t\t\t\t\n\t\t\t\t\n\t\t\t<\/div> \u00bfEs tu primer aulaBLOG? \u00a0\u00bfa\u00fan no tienes un blog? \u00a0\u00bfhas escuchado hablar de las Google Apps pero a\u00fan no trabajas con ellas? \u00a0\u00bfno te suena ninguna de estas herramientas? \u00a0Pues est\u00e1s de enhorabuena, este es tu espacio. Queremos que te vayas de nuestro encuentro con tu propio lugar\u00a0\u00a0en la red para compartir y trabajar [&hellip;]<\/p>\n","protected":false},"author":23,"featured_media":0,"parent":0,"menu_order":0,"comment_status":"open","ping_status":"open","template":"","meta":{"_et_pb_use_builder":"on","_et_pb_old_content":"","_et_gb_content_width":"","footnotes":""},"class_list":["post-308","page","type-page","status-publish","hentry"],"_links":{"self":[{"href":"https:\/\/www.aulablog.com\/blog\/encuentro10\/wp-json\/wp\/v2\/pages\/308","targetHints":{"allow":["GET"]}}],"collection":[{"href":"https:\/\/www.aulablog.com\/blog\/encuentro10\/wp-json\/wp\/v2\/pages"}],"about":[{"href":"https:\/\/www.aulablog.com\/blog\/encuentro10\/wp-json\/wp\/v2\/types\/page"}],"author":[{"embeddable":true,"href":"https:\/\/www.aulablog.com\/blog\/encuentro10\/wp-json\/wp\/v2\/users\/23"}],"replies":[{"embeddable":true,"href":"https:\/\/www.aulablog.com\/blog\/encuentro10\/wp-json\/wp\/v2\/comments?post=308"}],"version-history":[{"count":24,"href":"https:\/\/www.aulablog.com\/blog\/encuentro10\/wp-json\/wp\/v2\/pages\/308\/revisions"}],"predecessor-version":[{"id":641,"href":"https:\/\/www.aulablog.com\/blog\/encuentro10\/wp-json\/wp\/v2\/pages\/308\/revisions\/641"}],"wp:attachment":[{"href":"https:\/\/www.aulablog.com\/blog\/encuentro10\/wp-json\/wp\/v2\/media?parent=308"}],"curies":[{"name":"wp","href":"https:\/\/api.w.org\/{rel}","templated":true}]}}