{"id":310,"date":"2015-05-18T10:34:41","date_gmt":"2015-05-18T10:34:41","guid":{"rendered":"http:\/\/www.aulablog.com\/blog\/encuentro11\/?page_id=310"},"modified":"2016-06-23T07:48:51","modified_gmt":"2016-06-23T07:48:51","slug":"makers-space","status":"publish","type":"page","link":"https:\/\/www.aulablog.com\/blog\/encuentro11\/makers-space\/","title":{"rendered":"Makers Space"},"content":{"rendered":"<p>[et_pb_section admin_label=\u00bbsection\u00bb][et_pb_row admin_label=\u00bbrow\u00bb][et_pb_column type=\u00bb1_3&#8243;][et_pb_text admin_label=\u00bbTexto\u00bb background_layout=\u00bblight\u00bb text_orientation=\u00bbleft\u00bb]<\/p>\n<p><img loading=\"lazy\" decoding=\"async\" class=\"alignnone wp-image-302 size-medium\" src=\"https:\/\/www.aulablog.com\/blog\/encuentro11\/files\/2015\/05\/MAKERSPACE-300x212.jpg\" alt=\"MAKERSPACE\" width=\"300\" height=\"212\" srcset=\"https:\/\/www.aulablog.com\/blog\/encuentro11\/files\/2015\/05\/MAKERSPACE-300x212.jpg 300w, https:\/\/www.aulablog.com\/blog\/encuentro11\/files\/2015\/05\/MAKERSPACE-400x284.jpg 400w, https:\/\/www.aulablog.com\/blog\/encuentro11\/files\/2015\/05\/MAKERSPACE.jpg 800w\" sizes=\"(max-width: 300px) 100vw, 300px\" \/><\/p>\n<p>[\/et_pb_text][\/et_pb_column][et_pb_column type=\u00bb2_3&#8243;][et_pb_text admin_label=\u00bbTexto\u00bb background_layout=\u00bblight\u00bb text_orientation=\u00bbleft\u00bb]<\/p>\n<div class=\"et_pb_slide_content\">\n<p style=\"text-align: justify;\">\u00bfTe gusta la programaci\u00f3n\u00bf \u00bfte apasiona montar cacharros? \u00bfte parece genial trastear con drones y robots?<\/p>\n<p style=\"text-align: justify;\">Si la respuesta a alguna de estas preguntas es afirmativa este es tu \u00e1rea. Entra en el espacio\u00a0de \u201cmakers\u201d y disfruta con nosotros \u201ccacharreando\u201d con todo tipo de dispositivos: robots, impresoras 3D, programaci\u00f3n y mucho m\u00e1s..<\/p>\n<p style=\"text-align: justify;\">\u00a1Te estamos esperando!<\/p>\n<\/div>\n<p>&nbsp;<\/p>\n<p>[\/et_pb_text][\/et_pb_column][\/et_pb_row][\/et_pb_section][et_pb_section admin_label=\u00bbsection\u00bb fullwidth=\u00bbon\u00bb specialty=\u00bboff\u00bb transparent_background=\u00bboff\u00bb background_color=\u00bb#1e73be\u00bb allow_player_pause=\u00bboff\u00bb inner_shadow=\u00bboff\u00bb parallax=\u00bboff\u00bb parallax_method=\u00bboff\u00bb][et_pb_fullwidth_header admin_label=\u00bbT\u00edtulo de anchura completa\u00bb title=\u00bbTALLERES: MAKERS SPACE\u00bb subhead=\u00bb\u00c1rea STEAM\u00bb background_layout=\u00bbdark\u00bb text_orientation=\u00bbcenter\u00bb] [\/et_pb_fullwidth_header][\/et_pb_section][et_pb_section admin_label=\u00bbsection\u00bb fullwidth=\u00bboff\u00bb specialty=\u00bboff\u00bb transparent_background=\u00bboff\u00bb background_color=\u00bb#ffffff\u00bb allow_player_pause=\u00bboff\u00bb inner_shadow=\u00bboff\u00bb parallax=\u00bboff\u00bb parallax_method=\u00bboff\u00bb disabled_on=\u00bboff|off|off\u00bb disabled=\u00bboff\u00bb padding_mobile=\u00bboff\u00bb make_fullwidth=\u00bboff\u00bb use_custom_width=\u00bboff\u00bb width_unit=\u00bbon\u00bb make_equal=\u00bboff\u00bb use_custom_gutter=\u00bboff\u00bb][et_pb_row admin_label=\u00bbrow\u00bb][et_pb_column type=\u00bb1_4&#8243;][et_pb_blurb admin_label=\u00bbAnuncio\u00bb title=\u00bb Dise\u00f1o e impresi\u00f3n 3D \u00bb url_new_window=\u00bboff\u00bb use_icon=\u00bbon\u00bb font_icon=\u00bbl\u00bb icon_color=\u00bb#ffffff\u00bb use_circle=\u00bbon\u00bb circle_color=\u00bb#e09900&#8243; use_circle_border=\u00bbon\u00bb circle_border_color=\u00bb#ffffff\u00bb icon_placement=\u00bbtop\u00bb animation=\u00bbtop\u00bb background_layout=\u00bblight\u00bb text_orientation=\u00bbleft\u00bb use_icon_font_size=\u00bboff\u00bb use_border_color=\u00bboff\u00bb border_color=\u00bb#ffffff\u00bb border_style=\u00bbsolid\u00bb] <div class='et-learn-more et-open clearfix'>\n\t\t\t\t\t<h3 class='heading-more open'>Descripci\u00f3n<span class='et_learnmore_arrow'><span><\/span><\/span><\/h3>\n\t\t\t\t\t<div class='learn-more-content'><span style=\"color: #3366ff;\"><strong>Viernes 8 de julio de 18:00 a 20:00<\/strong><\/span><\/p>\n<p id=\"yui_3_7_3_2_1463567306498_440\" dir=\"ltr\"><span id=\"yui_3_7_3_2_1463567306498_439\">Hoy, gracias a la impresi\u00f3n 3D podemos dise\u00f1ar objetos del mundo digital al mundo f\u00edsico. Si quieres dise\u00f1ar tu primera pieza 3D, tanto si eres de primaria como de secundaria, \u00e9ste es tu taller.<\/span><\/p>\n<p dir=\"ltr\">Mediante una metodolog\u00eda de <a href=\"https:\/\/drive.google.com\/open?id=0B5MJcFIMM3wAY2M1VHppeW5zbC16Ynh5SklGM29CMVNVcGY4&amp;authuser=0\">aprendizaje basado en dise\u00f1o<\/a> aprenderemos a desarrollar modelos 3D, veremos las pautas para imprimirlos en una impresora 3D y los pasos necesarios para llevarlo al aula.<\/p>\n<p dir=\"ltr\">Tras dise\u00f1arlos de manera creativa los participantes podr\u00e1n imprimir y llevarse sus propios prototipos . \ud83d\ude09<\/p><\/div>\n\t\t\t\t<\/div><div class='et-learn-more clearfix'>\n\t\t\t\t\t<h3 class='heading-more'>Contenidos<span class='et_learnmore_arrow'><span><\/span><\/span><\/h3>\n\t\t\t\t\t<div class='learn-more-content'><ul>\n<li dir=\"ltr\">\n<p dir=\"ltr\">Hardware libre y proyecto RepRap<\/p>\n<\/li>\n<li dir=\"ltr\">\n<p dir=\"ltr\">Fases y competencias desarrolladas del <a href=\"https:\/\/drive.google.com\/open?id=0B5MJcFIMM3wAY2M1VHppeW5zbC16Ynh5SklGM29CMVNVcGY4&amp;authuser=0\">aprendizaje basado en dise\u00f1o<\/a><\/p>\n<\/li>\n<li dir=\"ltr\">\n<p dir=\"ltr\">Generar modelos 3D en base a una idea, problema, concepto o reto.<\/p>\n<\/li>\n<li dir=\"ltr\">\n<p dir=\"ltr\">Configuraci\u00f3n, controles y herramientas b\u00e1sicas de software de dise\u00f1o 3D FreeCAD y TinkerCAD y de software de impresi\u00f3n 3D <a href=\"https:\/\/ultimaker.com\/en\/products\/software\">Cura.<\/a><\/p>\n<\/li>\n<li dir=\"ltr\">\n<p dir=\"ltr\">Conocer las fases y aspectos m\u00e1s importantes para imprimir en 3D.<\/p>\n<\/li>\n<\/ul><\/div>\n\t\t\t\t<\/div><div class='et-learn-more clearfix'>\n\t\t\t\t\t<h3 class='heading-more'>Materiales necesarios por parte de los participantes<span class='et_learnmore_arrow'><span><\/span><\/span><\/h3>\n\t\t\t\t\t<div class='learn-more-content'><ul id=\"yui_3_7_3_2_1463567306498_476\">\n<li dir=\"ltr\">\n<p dir=\"ltr\">Port\u00e1til con software instalado.<\/p>\n<\/li>\n<li dir=\"ltr\">\n<p dir=\"ltr\">Rat\u00f3n.<\/p>\n<\/li>\n<li dir=\"ltr\">\n<p dir=\"ltr\">Regla y l\u00e1piz<\/p>\n<\/li>\n<\/ul>\n<p dir=\"ltr\"><strong>Software instalado<\/strong><\/p>\n<ul>\n<li dir=\"ltr\">\n<p dir=\"ltr\"><a href=\"http:\/\/www.freecadweb.org\/wiki\/?title=Download\/es\">FreeCAD<\/a> (Secundaria)<\/p>\n<\/li>\n<li dir=\"ltr\">\n<p dir=\"ltr\"><a href=\"https:\/\/www.tinkercad.com\/\">TinkerCAD <\/a>(Primaria). Aplicaci\u00f3n online, necesario crearse una cuenta.<\/p>\n<\/li>\n<li dir=\"ltr\">\n<p dir=\"ltr\"><a href=\"https:\/\/ultimaker.com\/en\/products\/software\">Cura.<\/a> (versi\u00f3n 15.04)<\/p>\n<\/li>\n<\/ul>\n<p><a href='#' class='small-button smallblue'>Jos\u00e9 Frutos<\/a><\/div>\n\t\t\t\t<\/div> [\/et_pb_blurb][\/et_pb_column][et_pb_column type=\u00bb1_4&#8243;][et_pb_blurb admin_label=\u00bbAnuncio\u00bb title=\u00bbIntroducci\u00f3n a Scratch\u00bb url_new_window=\u00bboff\u00bb use_icon=\u00bbon\u00bb font_icon=\u00bb\ue037\u00bb icon_color=\u00bb#ffffff\u00bb use_circle=\u00bbon\u00bb circle_color=\u00bb#e09900&#8243; use_circle_border=\u00bbon\u00bb circle_border_color=\u00bb#ffffff\u00bb icon_placement=\u00bbtop\u00bb animation=\u00bbtop\u00bb background_layout=\u00bblight\u00bb text_orientation=\u00bbleft\u00bb use_icon_font_size=\u00bboff\u00bb use_border_color=\u00bboff\u00bb border_color=\u00bb#ffffff\u00bb border_style=\u00bbsolid\u00bb]<\/p>\n<div class='et-learn-more et-open clearfix'>\n\t\t\t\t\t<h3 class='heading-more open'>Descripci\u00f3n<span class='et_learnmore_arrow'><span><\/span><\/span><\/h3>\n\t\t\t\t\t<div class='learn-more-content'><span style=\"color: #3366ff;\"><strong>S\u00e1bado 9 de julio de 9:30 a 11:30<\/strong><\/span><\/p>\n<p>&nbsp;<\/p>\n<p>&nbsp;<\/p>\n<p>Ahora que en el curr\u00edculo se incluye la competencia tecnol\u00f3gica asociada a la programaci\u00f3n y la rob\u00f3tica, este taller pr\u00e1ctico sobre Scratch te puede ayudar a adaptarte a las nuevas exigencias. El nivel ser\u00e1 de iniciaci\u00f3n, as\u00ed que no te asustes y disfruta de la programaci\u00f3n.<\/p>\n<p>Se recomienda tener Scratch cargado en el ordenador (no hay versi\u00f3n para tablets !!!!)<\/p><\/div>\n\t\t\t\t<\/div>\n<p>&nbsp;<\/p>\n<div class='et-learn-more clearfix'>\n\t\t\t\t\t<h3 class='heading-more'>Contenidos<span class='et_learnmore_arrow'><span><\/span><\/span><\/h3>\n\t\t\t\t\t<div class='learn-more-content'><p>Nada de teor\u00eda, inmersi\u00f3n total !!! \u00a0Abrimos Scratch y comenzamos desarrollando un piano !!! con MakeyMakey. Ahora nos metemos a hacer un cuento y terminamos aprendiendo geometr\u00eda divertida \ud83d\ude09<\/p>\n<p>Antes de hacer esta propuesta se ha realizado con \u00e9xito un test de idoneidad con alumnos de primaria de diferentes centros. Si ellos han podido, t\u00fa tambi\u00e9n !!!<\/p><\/div>\n\t\t\t\t<\/div><div class='et-learn-more clearfix'>\n\t\t\t\t\t<h3 class='heading-more'>Material necesario por parte de los participantes<span class='et_learnmore_arrow'><span><\/span><\/span><\/h3>\n\t\t\t\t\t<div class='learn-more-content'><ul>\n<li>Ordenadores personales o port\u00e1tiles, Scratch y placas MakeyMakey<\/li>\n<\/ul><\/div>\n\t\t\t\t<\/div><div class='et-learn-more clearfix'>\n\t\t\t\t\t<h3 class='heading-more'>Comentarios<span class='et_learnmore_arrow'><span><\/span><\/span><\/h3>\n\t\t\t\t\t<div class='learn-more-content'><ul>\n<li>Cuando termines te llevar\u00e1s 3 actividades para realizar directamente en el aula.<b>Yes, you can !!! \ud83d\ude09<\/b><\/li>\n<\/ul>\n<a href='#' class='small-button smallblue'>Rafael Garc\u00eda Polo<\/a>\n<p><span style=\"line-height: 1.5;\"><\/div>\n\t\t\t\t<\/div><\/span><\/p>\n<p>&nbsp;<\/p>\n<p>[\/et_pb_blurb][\/et_pb_column][et_pb_column type=\u00bb1_4&#8243;][et_pb_blurb admin_label=\u00bbAnuncio\u00bb url_new_window=\u00bboff\u00bb use_icon=\u00bbon\u00bb font_icon=\u00bb\ue038\u00bb icon_color=\u00bb#ffffff\u00bb use_circle=\u00bbon\u00bb circle_color=\u00bb#e09900&#8243; use_circle_border=\u00bbon\u00bb circle_border_color=\u00bb#ffffff\u00bb icon_placement=\u00bbtop\u00bb animation=\u00bbtop\u00bb background_layout=\u00bblight\u00bb text_orientation=\u00bbleft\u00bb title=\u00bbIniciaci\u00f3n a la rob\u00f3tica\u00bb use_icon_font_size=\u00bboff\u00bb use_border_color=\u00bboff\u00bb border_color=\u00bb#ffffff\u00bb border_style=\u00bbsolid\u00bb] <div class='et-learn-more et-open clearfix'>\n\t\t\t\t\t<h3 class='heading-more open'>Descripci\u00f3n<span class='et_learnmore_arrow'><span><\/span><\/span><\/h3>\n\t\t\t\t\t<div class='learn-more-content'><span style=\"color: #3366ff;\"><strong>S\u00e1bado 9 de julio de 12:00 a 14:00<\/strong><\/span><\/p>\n<p>&nbsp;<\/p>\n<p>A la hora de plantear la introducci\u00f3n del control de dispositivos desde el ordenador hay un salto importante entre Scratch y Arduino, que la tarjeta Crumble puede cubrir perfectamente. Y eso es as\u00ed por su sencillez de uso y su lenguaje de programaci\u00f3n, gr\u00e1fico y sencillo. Por eso nos parece una opci\u00f3n interesante para los \u00faltimos a\u00f1os de la Educaci\u00f3n Primaria o el primer ciclo de la Educaci\u00f3n Secundaria.<\/p>\n<p dir=\"ltr\">En este espacio intentaremos que las personas que participen en \u00e9l descubran las virtualidades y el inter\u00e9s did\u00e1ctico de esa tarjeta utiliz\u00e1ndola para resolver los sencillos retos que les propondremos.<\/p><\/div>\n\t\t\t\t<\/div><div class='et-learn-more clearfix'>\n\t\t\t\t\t<h3 class='heading-more'>Contenidos<span class='et_learnmore_arrow'><span><\/span><\/span><\/h3>\n\t\t\t\t\t<div class='learn-more-content'><ul id=\"yui_3_7_3_2_1463567306498_509\">\n<li id=\"yui_3_7_3_2_1463567306498_508\" dir=\"ltr\">\n<p id=\"yui_3_7_3_2_1463567306498_507\" dir=\"ltr\">Presentaci\u00f3n de la tarjeta y los sensores y actuadores que conforman el kit Crumble adquirido por aulaBLOG<\/p>\n<\/li>\n<li dir=\"ltr\">\n<p dir=\"ltr\">Presentaci\u00f3n del site que se pone a disposici\u00f3n de todas las personas interesadas.<\/p>\n<\/li>\n<li dir=\"ltr\">\n<p dir=\"ltr\">Configuraci\u00f3n del software.<\/p>\n<\/li>\n<li dir=\"ltr\">\n<p dir=\"ltr\">Resolver una o varias propuestas utilizando los recursos del kit en base a una idea, problema, concepto o reto.<\/p>\n<\/li>\n<\/ul>\n<p>&nbsp;<\/p><\/div>\n\t\t\t\t<\/div><div class='et-learn-more clearfix'>\n\t\t\t\t\t<h3 class='heading-more'>Material necesario por parte de los participantes<span class='et_learnmore_arrow'><span><\/span><\/span><\/h3>\n\t\t\t\t\t<div class='learn-more-content'><ul>\n<li dir=\"ltr\">\n<p dir=\"ltr\">Port\u00e1til con software instalado.<\/p>\n<\/li>\n<li dir=\"ltr\">Un kit Crumble por equipo (se utilizar\u00e1n los de aulaBLOG).<\/li>\n<\/ul>\n<p dir=\"ltr\"><strong>Software instalado:<\/strong><\/p>\n<ul>\n<li dir=\"ltr\">\n<p dir=\"ltr\">Crumble<\/p>\n<\/li>\n<\/ul>\n<p><a href='#' class='small-button smallblue'>Fernando S\u00e1nchez y Josemari Macias<\/a><\/div>\n\t\t\t\t<\/div><\/p>\n<p>&nbsp;<\/p>\n<p>&nbsp;<\/p>\n<p>&nbsp;<\/p>\n<p>[\/et_pb_blurb][\/et_pb_column][et_pb_column type=\u00bb1_4&#8243;][et_pb_blurb admin_label=\u00bbAnuncio\u00bb url_new_window=\u00bboff\u00bb use_icon=\u00bbon\u00bb font_icon=\u00bb\ue038\u00bb icon_color=\u00bb#ffffff\u00bb use_circle=\u00bbon\u00bb circle_color=\u00bb#e09900&#8243; use_circle_border=\u00bbon\u00bb circle_border_color=\u00bb#ffffff\u00bb icon_placement=\u00bbtop\u00bb animation=\u00bbtop\u00bb background_layout=\u00bblight\u00bb text_orientation=\u00bbleft\u00bb title=\u00bbBotell\u00f3n Rob\u00f3tico: Comparte tu tecnolog\u00eda rob\u00f3tica \u00bb use_icon_font_size=\u00bboff\u00bb use_border_color=\u00bboff\u00bb border_color=\u00bb#ffffff\u00bb border_style=\u00bbsolid\u00bb] <div class='et-learn-more et-open clearfix'>\n\t\t\t\t\t<h3 class='heading-more open'>Descripci\u00f3n<span class='et_learnmore_arrow'><span><\/span><\/span><\/h3>\n\t\t\t\t\t<div class='learn-more-content'><span style=\"color: #3366ff;\"><strong>S\u00e1bado 9 de julio de 16:30 a 18:30<\/strong><\/span><\/p>\n<p>La rob\u00f3tica pedag\u00f3gica es cada vez m\u00e1s utilizada en todas las etapas educativas para favorecer el aprendizaje cooperativo y basado en proyectos, permitiendo la adqusici\u00f3n de m\u00faltiples competencias, en particular las denominadas STEM.<\/p>\n<p>Por otro lado, la denominada cultura Maker, recuperando el famoso lema \u00abh\u00e1ztelo t\u00fa mismo\u00bb fomenta una actitud que fortalece la autonom\u00eda personal de alumnos y profesores, permitiendo a los m\u00e1s motivados no ce\u00f1irse a las marcas conocidas de tecnolg\u00eda sino ir mucho m\u00e1s all\u00e1 permiti\u00e9ndoles alternativas m\u00e1s econ\u00f3micas y pduiendo pasar de cnsumidores de tecnolog\u00eda a ser verdaderos productores de la misma.<\/p>\n<p>Pero lejos de ser un movimiento individualista, la cultura Maker favorece compartir conocimientos y recursos entre las comunidades de Makers puesto que siguiendo la lecci\u00f3n aprendida del movimiento del software libre, sober el poder del aprendizaje colectivo.<\/p>\n<p>Se pretende en esta sesi\u00f3n que los asistentes traigan, muestren y compartan sus materiales, recursos y conocimientos con todos los asistentes al espacio. En cualquier caso la organizaci\u00f3n pondr\u00e1 a disposici\u00f3n de los asistentes menos expertos de alg\u00fan material y se le propondr\u00e1 que realice en equipo alg\u00fan desaf\u00edo asumible.<\/p>\n<p>&nbsp;<\/p><\/div>\n\t\t\t\t<\/div><div class='et-learn-more clearfix'>\n\t\t\t\t\t<h3 class='heading-more'>Material necesario por parte de los participantes<span class='et_learnmore_arrow'><span><\/span><\/span><\/h3>\n\t\t\t\t\t<div class='learn-more-content'><ul>\n<li dir=\"ltr\">\n<p dir=\"ltr\">Port\u00e1til con software CRUMBLE y e IDE Arduino instalados.<\/p>\n<\/li>\n<li dir=\"ltr\">Un kit Crumble por equipo (se utilizar\u00e1n los de aulaBLOG).<\/li>\n<\/ul>\n<p dir=\"ltr\"><strong>Software instalado:<\/strong><\/p>\n<ul>\n<li dir=\"ltr\">\n<p dir=\"ltr\">Crumble (se le facilitar\u00e1 a los que no lo tengan)<\/p>\n<\/li>\n<li dir=\"ltr\">IDE Arduino (se le facilitar\u00e1n librer\u00edas \u00fatiles a los asistentes)<\/li>\n<\/ul>\n<a href='#' class='small-button smallblue'>Josemari Macias y Fernando S\u00e1nchez<\/a>\n<p>&nbsp;<\/p>\n<p>&nbsp;<\/p><\/div>\n\t\t\t\t<\/div><\/p>\n<p>&nbsp;<\/p>\n<p>&nbsp;<\/p>\n<p>&nbsp;<\/p>\n<p>[\/et_pb_blurb][\/et_pb_column][\/et_pb_row][\/et_pb_section]<\/p>\n","protected":false},"excerpt":{"rendered":"<p>\u00bfTe gusta la programaci\u00f3n\u00bf \u00bfte apasiona montar cacharros? \u00bfte parece genial trastear con drones y robots? Si la respuesta a alguna de estas preguntas es afirmativa este es tu \u00e1rea. Entra en el espacio\u00a0de \u201cmakers\u201d y disfruta con nosotros \u201ccacharreando\u201d con todo tipo de dispositivos: robots, impresoras 3D, programaci\u00f3n y mucho m\u00e1s.. \u00a1Te estamos esperando! [&hellip;]<\/p>\n","protected":false},"author":23,"featured_media":0,"parent":0,"menu_order":0,"comment_status":"open","ping_status":"open","template":"","meta":{"_et_pb_use_builder":"on","_et_pb_old_content":"","_et_gb_content_width":"","footnotes":""},"class_list":["post-310","page","type-page","status-publish","hentry"],"_links":{"self":[{"href":"https:\/\/www.aulablog.com\/blog\/encuentro11\/wp-json\/wp\/v2\/pages\/310","targetHints":{"allow":["GET"]}}],"collection":[{"href":"https:\/\/www.aulablog.com\/blog\/encuentro11\/wp-json\/wp\/v2\/pages"}],"about":[{"href":"https:\/\/www.aulablog.com\/blog\/encuentro11\/wp-json\/wp\/v2\/types\/page"}],"author":[{"embeddable":true,"href":"https:\/\/www.aulablog.com\/blog\/encuentro11\/wp-json\/wp\/v2\/users\/23"}],"replies":[{"embeddable":true,"href":"https:\/\/www.aulablog.com\/blog\/encuentro11\/wp-json\/wp\/v2\/comments?post=310"}],"version-history":[{"count":18,"href":"https:\/\/www.aulablog.com\/blog\/encuentro11\/wp-json\/wp\/v2\/pages\/310\/revisions"}],"predecessor-version":[{"id":818,"href":"https:\/\/www.aulablog.com\/blog\/encuentro11\/wp-json\/wp\/v2\/pages\/310\/revisions\/818"}],"wp:attachment":[{"href":"https:\/\/www.aulablog.com\/blog\/encuentro11\/wp-json\/wp\/v2\/media?parent=310"}],"curies":[{"name":"wp","href":"https:\/\/api.w.org\/{rel}","templated":true}]}}