{"id":185,"date":"2015-05-17T15:17:01","date_gmt":"2015-05-17T15:17:01","guid":{"rendered":"http:\/\/www.aulablog.com\/blog\/encuentro12\/?page_id=185"},"modified":"2017-05-09T13:40:57","modified_gmt":"2017-05-09T13:40:57","slug":"inscripcion-encuentro-2017","status":"publish","type":"page","link":"https:\/\/www.aulablog.com\/blog\/encuentro12\/inscripcion-encuentro-2017\/","title":{"rendered":"Formulario"},"content":{"rendered":"<p>[et_pb_section bb_built=\u00bb1&#8243; admin_label=\u00bbsection\u00bb][et_pb_row admin_label=\u00bbrow\u00bb][et_pb_column type=\u00bb4_4&#8243;][et_pb_text admin_label=\u00bbText\u00bb background_layout=\u00bblight\u00bb text_orientation=\u00bbleft\u00bb use_border_color=\u00bboff\u00bb border_color=\u00bb#ffffff\u00bb border_style=\u00bbsolid\u00bb]<\/p>\n<p>&nbsp;<\/p>\n<p>Como en ediciones anteriores, el n\u00famero de asistentes al <strong>Encuentro Aulablog 2017<\/strong>\u00a0est\u00e1 limitado a <strong>120<\/strong>, as\u00ed que no lo dejes pasar, pues una vez completado el aforo, nos veremos en la obligaci\u00f3n de no aceptar ninguna solicitud. Los datos de la cuenta para hacer la transferencia o el ingreso de los 70\u20ac de la inscripci\u00f3n es:<\/p>\n<div class='et-box et-info'>\n\t\t\t\t\t<div class='et-box-content'><p style=\"padding-left: 30px;\">TITULAR:\u00a0 AULABLOG<\/p>\n<p style=\"padding-left: 30px;\">IBAN:\u00a0 ES58 1491 0001 2421 2720 8623<\/p>\n<p style=\"padding-left: 30px;\">CCC:\u00a0 1491 0001 24\u00a02127208623<\/p>\n<p style=\"padding-left: 30px;\">Importe: \u00a070\u20ac<\/p>\n<p style=\"padding-left: 30px;\">CONCEPTO: E2017- NOMBRE Y APELLIDOS (Ejemplo: E2017-JOSE FRUTOS ESTEBAN)<\/p>\n<p style=\"padding-left: 30px;\">Si realizas el pago por transferencia puedes enviar el comprobante al correo tesoreria@aulablog.com<\/div><\/div>\n<p style=\"padding-left: 30px;\">\n\u00a1Nos vemos!<\/p>\n<p style=\"padding-left: 30px;\">\n<iframe loading=\"lazy\" src=\"https:\/\/docs.google.com\/forms\/d\/e\/1FAIpQLScTumcMrOeOWp72HoVQXAGn8Jo4lrmF4R6FaYlQdrgGlLKsOA\/viewform?embedded=true\" width=\"850\" height=\"1650\" frameborder=\"0\" marginwidth=\"0\" marginheight=\"0\">Cargando&#8230;<\/iframe><\/p>\n<p>[\/et_pb_text][\/et_pb_column][\/et_pb_row][\/et_pb_section]<\/p>\n","protected":false},"excerpt":{"rendered":"<p>&nbsp; Como en ediciones anteriores, el n\u00famero de asistentes al Encuentro Aulablog 2017\u00a0est\u00e1 limitado a 120, as\u00ed que no lo dejes pasar, pues una vez completado el aforo, nos veremos en la obligaci\u00f3n de no aceptar ninguna solicitud. Los datos de la cuenta para hacer la transferencia o el ingreso de los 70\u20ac de la [&hellip;]<\/p>\n","protected":false},"author":1,"featured_media":0,"parent":0,"menu_order":0,"comment_status":"open","ping_status":"open","template":"","meta":{"_et_pb_use_builder":"on","_et_pb_old_content":"Como en ediciones anteriores, el n\u00famero de asistentes al <strong>Encuentro Aulablog 2015<\/strong>\u00a0est\u00e1 limitado a <strong>120<\/strong>, as\u00ed que no lo dejes pasar, pues una vez completado el aforo, nos veremos en la obligaci\u00f3n de no aceptar ninguna solicitud. Los datos de la cuenta para hacer la transferencia o el ingreso de los 60\u20ac de la inscripci\u00f3n es:\r\n\r\n[box type=\"info\"]\r\n<p style=\"padding-left: 30px;\">TITULAR:\u00a0 AULABLOG<\/p>\r\n<p style=\"padding-left: 30px;\">IBAN:\u00a0 ES58 1491 0001 2421 2720 8623<\/p>\r\n<p style=\"padding-left: 30px;\">CCC:\u00a0 1491 0001 24\u00a02127208623<\/p>\r\n<p style=\"padding-left: 30px;\">Importe: \u00a060\u20ac<\/p>\r\n<p style=\"padding-left: 30px;\">CONCEPTO: E2015- NOMBRE Y APELLIDOS (Ejemplo: E2015-JOSE FRUTOS ESTEBAN)[\/box]<\/p>\r\n\u00a1Nos vemos!\r\n<iframe src=\"https:\/\/docs.google.com\/forms\/d\/13P5RhCYossyC4aCIJb9ZXEZy-_fEdZlkW35vzA4jT7E\/viewform?embedded=true\" width=\"850\" height=\"1650\" frameborder=\"0\" marginwidth=\"0\" marginheight=\"0\">Cargando...<\/iframe>","_et_gb_content_width":"","footnotes":""},"class_list":["post-185","page","type-page","status-publish","hentry"],"_links":{"self":[{"href":"https:\/\/www.aulablog.com\/blog\/encuentro12\/wp-json\/wp\/v2\/pages\/185","targetHints":{"allow":["GET"]}}],"collection":[{"href":"https:\/\/www.aulablog.com\/blog\/encuentro12\/wp-json\/wp\/v2\/pages"}],"about":[{"href":"https:\/\/www.aulablog.com\/blog\/encuentro12\/wp-json\/wp\/v2\/types\/page"}],"author":[{"embeddable":true,"href":"https:\/\/www.aulablog.com\/blog\/encuentro12\/wp-json\/wp\/v2\/users\/1"}],"replies":[{"embeddable":true,"href":"https:\/\/www.aulablog.com\/blog\/encuentro12\/wp-json\/wp\/v2\/comments?post=185"}],"version-history":[{"count":21,"href":"https:\/\/www.aulablog.com\/blog\/encuentro12\/wp-json\/wp\/v2\/pages\/185\/revisions"}],"predecessor-version":[{"id":691,"href":"https:\/\/www.aulablog.com\/blog\/encuentro12\/wp-json\/wp\/v2\/pages\/185\/revisions\/691"}],"wp:attachment":[{"href":"https:\/\/www.aulablog.com\/blog\/encuentro12\/wp-json\/wp\/v2\/media?parent=185"}],"curies":[{"name":"wp","href":"https:\/\/api.w.org\/{rel}","templated":true}]}}