{"id":215,"date":"2015-05-17T16:15:41","date_gmt":"2015-05-17T16:15:41","guid":{"rendered":"http:\/\/www.aulablog.com\/blog\/encuentro12\/?page_id=215"},"modified":"2017-06-20T07:18:15","modified_gmt":"2017-06-20T07:18:15","slug":"area-m-learning","status":"publish","type":"page","link":"https:\/\/www.aulablog.com\/blog\/encuentro12\/area-m-learning\/","title":{"rendered":"\u00c1rea de m-learning"},"content":{"rendered":"<p>[et_pb_section bb_built=\u00bb1&#8243; admin_label=\u00bbsection\u00bb fullwidth=\u00bboff\u00bb specialty=\u00bboff\u00bb][et_pb_row admin_label=\u00bbrow\u00bb][et_pb_column type=\u00bb1_3&#8243;][et_pb_text admin_label=\u00bbTexto\u00bb background_layout=\u00bblight\u00bb text_orientation=\u00bbleft\u00bb]<\/p>\n<p><img loading=\"lazy\" decoding=\"async\" class=\"aligncenter wp-image-300 size-full\" src=\"https:\/\/www.aulablog.com\/blog\/encuentro12\/files\/2015\/05\/AREAMLEARNING.jpg\" alt=\"AREAMLEARNING\" width=\"800\" height=\"566\" srcset=\"https:\/\/www.aulablog.com\/blog\/encuentro12\/files\/2015\/05\/AREAMLEARNING.jpg 800w, https:\/\/www.aulablog.com\/blog\/encuentro12\/files\/2015\/05\/AREAMLEARNING-300x212.jpg 300w, https:\/\/www.aulablog.com\/blog\/encuentro12\/files\/2015\/05\/AREAMLEARNING-400x284.jpg 400w\" sizes=\"(max-width: 800px) 100vw, 800px\" \/><\/p>\n<p>[\/et_pb_text][\/et_pb_column][et_pb_column type=\u00bb2_3&#8243;][et_pb_text admin_label=\u00bbTexto\u00bb background_layout=\u00bblight\u00bb text_orientation=\u00bbleft\u00bb]<\/p>\n<div class=\"et_pb_slide_content\">\n<p style=\"text-align: justify;\">\u00bfQuieres aprender nuevas apps para usar en tu clase? \u00bfTe atreves a jugar con nosotros y participar en un gymkana por todo el centro usando tu m\u00f3vil? \u00a0Si es as\u00ed, este es tu lugar. Aqu\u00ed todo lo haremos con un m\u00f3vil o tableta en las manos: m-learning, apps, realidad aumentada, video, radio\u2026 existe\u00a0una app para \u201ccasi\u201d todo<\/p>\n<p style=\"text-align: justify;\">Siempre hay nuevos m\u00e9todos, nuevas tendencias, nuevas metodolog\u00edas o simplemente una revisi\u00f3n actualizada de lo anterior. En este espacio nos acercaremos a temas como los paisajes de aprendizaje, el flipped classroom o los portfolios. Hay que estar atentos a lo que hacen otros\u00a0\u00bfno te parece?<\/p>\n<p style=\"text-align: justify;\">\u00bfLo descubrimos juntos?<\/p>\n<\/div>\n<p>[\/et_pb_text][\/et_pb_column][\/et_pb_row][\/et_pb_section][et_pb_section bb_built=\u00bb1&#8243; admin_label=\u00bbsection\u00bb fullwidth=\u00bbon\u00bb specialty=\u00bboff\u00bb transparent_background=\u00bboff\u00bb background_color=\u00bb#1e73be\u00bb allow_player_pause=\u00bboff\u00bb inner_shadow=\u00bboff\u00bb parallax=\u00bboff\u00bb parallax_method=\u00bboff\u00bb][et_pb_fullwidth_header admin_label=\u00bbT\u00edtulo de anchura completa\u00bb title=\u00bbTALLERES: M-LEARNING\u00bb subhead=\u00bb\u00c1rea tecnol\u00f3gica\u00bb background_layout=\u00bbdark\u00bb text_orientation=\u00bbcenter\u00bb \/][\/et_pb_section][et_pb_section bb_built=\u00bb1&#8243; admin_label=\u00bbsection\u00bb fullwidth=\u00bboff\u00bb specialty=\u00bboff\u00bb transparent_background=\u00bboff\u00bb background_color=\u00bb#ffffff\u00bb allow_player_pause=\u00bboff\u00bb inner_shadow=\u00bboff\u00bb parallax=\u00bboff\u00bb parallax_method=\u00bboff\u00bb][et_pb_row admin_label=\u00bbrow\u00bb][et_pb_column type=\u00bb1_3&#8243;][et_pb_blurb admin_label=\u00bbAnuncio\u00bb title=\u00bbTouchCast\u00bb url_new_window=\u00bboff\u00bb use_icon=\u00bbon\u00bb font_icon=\u00bb%%120%%\u00bb icon_color=\u00bb#ffffff\u00bb use_circle=\u00bbon\u00bb circle_color=\u00bb#81d742&#8243; use_circle_border=\u00bbon\u00bb circle_border_color=\u00bb#ffffff\u00bb icon_placement=\u00bbtop\u00bb animation=\u00bbtop\u00bb background_layout=\u00bblight\u00bb text_orientation=\u00bbleft\u00bb use_icon_font_size=\u00bboff\u00bb use_border_color=\u00bboff\u00bb border_color=\u00bb#ffffff\u00bb border_style=\u00bbsolid\u00bb] <div class='et-learn-more et-open clearfix'>\n\t\t\t\t\t<h3 class='heading-more open'>Descripci\u00f3n<span class='et_learnmore_arrow'><span><\/span><\/span><\/h3>\n\t\t\t\t\t<div class='learn-more-content'><p><span style=\"font-weight: 400;\">\u00bfQuieres trasladar a tus alumnos a un plat\u00f3 de noticias, a la selva amaz\u00f3nica o al fondo del mar sin salir de clase?<\/span><\/p>\n<p><span style=\"font-weight: 400;\">En este taller de Chroma y TouchCast podr\u00e1s recrear diferentes escenarios para motivar a tus alumnos a expresar oralmente en cualquier idioma.<\/span><\/p>\n<p><span style=\"font-weight: 400;\">El taller est\u00e1 dirigido a profesores de cualquier etapa y \u00e1rea educativa.<\/span><\/p>\n<p style=\"text-align: justify;\"><\/div>\n\t\t\t\t<\/div><div class='et-learn-more clearfix'>\n\t\t\t\t\t<h3 class='heading-more'>Material necesario<span class='et_learnmore_arrow'><span><\/span><\/span><\/h3>\n\t\t\t\t\t<div class='learn-more-content'><ul>\n<li>Tableta<\/li>\n<li>Instalar la ap TouchCast<\/li>\n<\/ul>\n<p style=\"text-align: justify;\"><\/div>\n\t\t\t\t<\/div> [\/et_pb_blurb][\/et_pb_column][et_pb_column type=\u00bb1_3&#8243;][et_pb_blurb admin_label=\u00bbAnuncio\u00bb title=\u00bbExplain Everything\u00bb url_new_window=\u00bboff\u00bb use_icon=\u00bbon\u00bb font_icon=\u00bb%%104%%\u00bb icon_color=\u00bb#ffffff\u00bb use_circle=\u00bbon\u00bb circle_color=\u00bb#81d742&#8243; use_circle_border=\u00bbon\u00bb circle_border_color=\u00bb#ffffff\u00bb icon_placement=\u00bbtop\u00bb animation=\u00bbtop\u00bb background_layout=\u00bblight\u00bb text_orientation=\u00bbleft\u00bb use_icon_font_size=\u00bboff\u00bb use_border_color=\u00bboff\u00bb border_color=\u00bb#ffffff\u00bb border_style=\u00bbsolid\u00bb]<\/p>\n<div class='et-learn-more et-open clearfix'>\n\t\t\t\t\t<h3 class='heading-more open'>Descripci\u00f3n<span class='et_learnmore_arrow'><span><\/span><\/span><\/h3>\n\t\t\t\t\t<div class='learn-more-content'><p><span style=\"font-weight: 400;\">El taller pretende mostrar la aplicabilidad de Apps tipo Screencast (Explain Everything, educreations\u2026).<\/span><\/p>\n<p><span style=\"font-weight: 400;\">Se transmitir\u00e1 adem\u00e1s del uso de la App, una metodolog\u00eda cooperativa para: Formar grupos base, enlazar con ideas previas y desarrollar una sesi\u00f3n (Grupo de expertos).<\/span><\/p>\n<p style=\"text-align: justify;\"><\/div>\n\t\t\t\t<\/div><div class='et-learn-more clearfix'>\n\t\t\t\t\t<h3 class='heading-more'>Material necesario<span class='et_learnmore_arrow'><span><\/span><\/span><\/h3>\n\t\t\t\t\t<div class='learn-more-content'><ul>\n<li>Tableta<\/li>\n<li>Instalar la app\u00a0Explain Everithing<\/li>\n<\/ul>\n<p style=\"text-align: justify;\"><\/div>\n\t\t\t\t<\/div><\/p>\n<p style=\"text-align: justify;\">\n<p style=\"text-align: justify;\">[\/et_pb_blurb][\/et_pb_column][et_pb_column type=\u00bb1_3&#8243;][et_pb_blurb admin_label=\u00bbAnuncio\u00bb url_new_window=\u00bboff\u00bb use_icon=\u00bbon\u00bb font_icon=\u00bb\ue007\u00bb icon_color=\u00bb#ffffff\u00bb use_circle=\u00bbon\u00bb circle_color=\u00bb#eeee22&#8243; use_circle_border=\u00bbon\u00bb circle_border_color=\u00bb#ffffff\u00bb icon_placement=\u00bbtop\u00bb animation=\u00bbtop\u00bb background_layout=\u00bblight\u00bb text_orientation=\u00bbleft\u00bb title=\u00bbAula del futuro\u00bb use_icon_font_size=\u00bboff\u00bb use_border_color=\u00bboff\u00bb border_color=\u00bb#ffffff\u00bb border_style=\u00bbsolid\u00bb] <div class='et-learn-more clearfix'>\n\t\t\t\t\t<h3 class='heading-more'>Descripci\u00f3n<span class='et_learnmore_arrow'><span><\/span><\/span><\/h3>\n\t\t\t\t\t<div class='learn-more-content'><p><span style=\"font-weight: 400;\">\u00bfTe gustar\u00eda redise\u00f1ar un espacio de tu centro para trabajar de otra manera? \u00bfTe gustar\u00eda utilizar el espacio de tu aula de otro modo? \u00bfIntegrar la tecnolog\u00eda de forma eficiente en tus clases? \u00bfUsar metodolog\u00edas adaptadas a los ritmos de aprendizaje de tu alumnado?<\/span><\/p>\n<p><span style=\"font-weight: 400;\">Bienvenido al <em>Future Classroom LAB<\/em>. <\/span><\/p>\n<p><span style=\"font-weight: 400;\">El proyecto <\/span><b><i>Future Classroom Lab o Aula del Futuro <\/i><\/b><span style=\"font-weight: 400;\">parte de European Schoolnet (EUN), el consorcio de Ministerios de Educaci\u00f3n europeos, inici\u00f3 en enero de 2012, con el objetivo de llamar la atenci\u00f3n, entre otros, de responsables pol\u00edticos, proveedores de tecnolog\u00edas, docentes e investigadores educativos para:<\/span><\/p>\n<ul>\n<li style=\"font-weight: 400;\"><span style=\"font-weight: 400;\">Reflexionar sobre la forma en la que las tecnolog\u00edas pueden apoyar el proceso de reforma educativa tanto a nivel nacional como europeo.<\/span><\/li>\n<li style=\"font-weight: 400;\"><span style=\"font-weight: 400;\">Desarrollar talleres de formaci\u00f3n, seminarios y cursos sobre c\u00f3mo las tecnolog\u00edas emergentes y las ya existentes pueden ayudar a transformar los procesos de ense\u00f1anza y aprendizaje.<\/span><\/li>\n<li style=\"font-weight: 400;\"><span style=\"font-weight: 400;\">Favorecer que las actividades de ense\u00f1anza y aprendizaje desarrolladas en el marco del Aula del Futuro tengan una adecuada difusi\u00f3n y se puedan integrar en las aulas.<\/span><\/li>\n<\/ul>\n<p><span style=\"font-weight: 400;\">(Fuente: <\/span><a href=\"http:\/\/fcl.educalab.es\/?page_id=84\"><span style=\"font-weight: 400;\">http:\/\/fcl.educalab.es\/?page_id=84<\/span><\/a><span style=\"font-weight: 400;\">) <\/span><\/p>\n<p><span style=\"font-weight: 400;\">En este taller trabajaremos con uno de los recursos fundamentales del proyecto. <\/span><a href=\"http:\/\/fcl.eun.org\/toolkit;jsessionid=620D21F1C28D7A4BB02A8A5B38C2DCA5\"><span style=\"font-weight: 400;\">El Toolkit <\/span><\/a><span style=\"font-weight: 400;\">que en 5 fases te permitir\u00e1 formar un grupo de trabajo y conocer las principales tendencias educativas, saber tu grado de madurez digital, dise\u00f1ar tu gui\u00f3n pedag\u00f3gico que te llevar\u00e1 a planificar la puesta en marcha de tu aula, programar actividades innovadoras para tu aula y finalmente evaluar todo el proceso)<\/span><\/p>\n<p><span style=\"font-weight: 400;\">Ven y conoce un proyecto para empezar ya mismo. <\/span><\/p>\n<p style=\"text-align: justify;\"><\/div>\n\t\t\t\t<\/div><\/p>\n<p style=\"text-align: justify;\">[\/et_pb_blurb][\/et_pb_column][\/et_pb_row][\/et_pb_section]<\/p>\n","protected":false},"excerpt":{"rendered":"<p>\u00bfQuieres aprender nuevas apps para usar en tu clase? \u00bfTe atreves a jugar con nosotros y participar en un gymkana por todo el centro usando tu m\u00f3vil? \u00a0Si es as\u00ed, este es tu lugar. Aqu\u00ed todo lo haremos con un m\u00f3vil o tableta en las manos: m-learning, apps, realidad aumentada, video, radio\u2026 existe\u00a0una app para [&hellip;]<\/p>\n","protected":false},"author":1,"featured_media":0,"parent":0,"menu_order":0,"comment_status":"open","ping_status":"closed","template":"","meta":{"_et_pb_use_builder":"on","_et_pb_old_content":"<p>[et_pb_section][et_pb_row][et_pb_column type=\"4_4\"][et_pb_countdown_timer admin_label=\"Temporizador de cuenta atr\u00e1s\" title=\"Estamos trabajando en los contenidos de este espacio\" date_time=\"05\/31\/2015 00:00\" background_layout=\"dark\" use_background_color=\"on\" background_color=\"#1e73be\" \/][\/et_pb_column][\/et_pb_row][\/et_pb_section]<\/p>","_et_gb_content_width":"","footnotes":""},"class_list":["post-215","page","type-page","status-publish","hentry"],"_links":{"self":[{"href":"https:\/\/www.aulablog.com\/blog\/encuentro12\/wp-json\/wp\/v2\/pages\/215","targetHints":{"allow":["GET"]}}],"collection":[{"href":"https:\/\/www.aulablog.com\/blog\/encuentro12\/wp-json\/wp\/v2\/pages"}],"about":[{"href":"https:\/\/www.aulablog.com\/blog\/encuentro12\/wp-json\/wp\/v2\/types\/page"}],"author":[{"embeddable":true,"href":"https:\/\/www.aulablog.com\/blog\/encuentro12\/wp-json\/wp\/v2\/users\/1"}],"replies":[{"embeddable":true,"href":"https:\/\/www.aulablog.com\/blog\/encuentro12\/wp-json\/wp\/v2\/comments?post=215"}],"version-history":[{"count":28,"href":"https:\/\/www.aulablog.com\/blog\/encuentro12\/wp-json\/wp\/v2\/pages\/215\/revisions"}],"predecessor-version":[{"id":787,"href":"https:\/\/www.aulablog.com\/blog\/encuentro12\/wp-json\/wp\/v2\/pages\/215\/revisions\/787"}],"wp:attachment":[{"href":"https:\/\/www.aulablog.com\/blog\/encuentro12\/wp-json\/wp\/v2\/media?parent=215"}],"curies":[{"name":"wp","href":"https:\/\/api.w.org\/{rel}","templated":true}]}}