{"id":219,"date":"2015-05-17T16:19:34","date_gmt":"2015-05-17T16:19:34","guid":{"rendered":"http:\/\/www.aulablog.com\/blog\/encuentro12\/?page_id=219"},"modified":"2017-06-10T17:42:45","modified_gmt":"2017-06-10T17:42:45","slug":"experiencias","status":"publish","type":"page","link":"https:\/\/www.aulablog.com\/blog\/encuentro12\/experiencias\/","title":{"rendered":"\u00c1rea de experiencias"},"content":{"rendered":"<p>[et_pb_section bb_built=\u00bb1&#8243; admin_label=\u00bbsection\u00bb][et_pb_row admin_label=\u00bbrow\u00bb][et_pb_column type=\u00bb1_3&#8243;][et_pb_text admin_label=\u00bbTexto\u00bb background_layout=\u00bblight\u00bb text_orientation=\u00bbleft\u00bb]<\/p>\n<p><img loading=\"lazy\" decoding=\"async\" class=\"aligncenter wp-image-299 size-full\" src=\"https:\/\/www.aulablog.com\/blog\/encuentro12\/files\/2015\/05\/EXPERIENCIAS.jpg\" alt=\"EXPERIENCIAS\" width=\"800\" height=\"566\" srcset=\"https:\/\/www.aulablog.com\/blog\/encuentro12\/files\/2015\/05\/EXPERIENCIAS.jpg 800w, https:\/\/www.aulablog.com\/blog\/encuentro12\/files\/2015\/05\/EXPERIENCIAS-300x212.jpg 300w, https:\/\/www.aulablog.com\/blog\/encuentro12\/files\/2015\/05\/EXPERIENCIAS-400x284.jpg 400w\" sizes=\"(max-width: 800px) 100vw, 800px\" \/><\/p>\n<p>[\/et_pb_text][\/et_pb_column][et_pb_column type=\u00bb2_3&#8243;][et_pb_text admin_label=\u00bbTexto\u00bb background_layout=\u00bblight\u00bb text_orientation=\u00bbleft\u00bb use_border_color=\u00bboff\u00bb border_color=\u00bb#ffffff\u00bb border_style=\u00bbsolid\u00bb]<\/p>\n<div class=\"et_pb_slide_content\">\n<p><strong>\u00bfCrees que tienes algo que contarnos?,<\/strong> \u00bfte gustar\u00eda compartir con unos compa\u00f1eros ,-as que est\u00e1n deseando conocer esa experiencia de la que sientes orgulloso, -sa?, \u00bfquieres disponer de un tiempo en el Encuentro para compartir con todos, -as esa experiencia que t\u00fa consideras memorable? Pues\u2026 sigue leyendo.<\/p>\n<p>&nbsp;<\/p>\n<p>En el espacio <strong>\u00c1rea de experiencias<\/strong> vamos a dar cabida a todas aquellas pr\u00e1cticas educativas que se llevan a cabo en el aula y que, por timidez, por verg\u00fcenza, por modestia no ven la luz, aunque estamos seguros de que son dignas de que otros compa\u00f1eros y compa\u00f1eras las conozcan y puedan aplicarlas tambi\u00e9n en su pr\u00e1ctica docente. Deja de un lado la pereza, la falsa modestia y mu\u00e9stranos tu trabajo diario, tus desvelos y tus esfuerzos para hacer una Educaci\u00f3n m\u00e1s viva, m\u00e1s cercana, m\u00e1s humana\u2026 Esta es una ocasi\u00f3n que ni pintiparada para mostrar lo que no sale de tu aula, pero que te hace sentir muy orgulloso, \u2013sa y que ahora quieres darlo a conocer.<\/p>\n<p>&nbsp;<\/p>\n<\/div>\n<p style=\"text-align: justify;\">\n<p>&nbsp;<\/p>\n<p>[\/et_pb_text][\/et_pb_column][\/et_pb_row][\/et_pb_section]<\/p>\n","protected":false},"excerpt":{"rendered":"<p>\u00bfCrees que tienes algo que contarnos?, \u00bfte gustar\u00eda compartir con unos compa\u00f1eros ,-as que est\u00e1n deseando conocer esa experiencia de la que sientes orgulloso, -sa?, \u00bfquieres disponer de un tiempo en el Encuentro para compartir con todos, -as esa experiencia que t\u00fa consideras memorable? Pues\u2026 sigue leyendo. &nbsp; En el espacio \u00c1rea de experiencias vamos [&hellip;]<\/p>\n","protected":false},"author":1,"featured_media":0,"parent":0,"menu_order":0,"comment_status":"open","ping_status":"closed","template":"","meta":{"_et_pb_use_builder":"on","_et_pb_old_content":"<p>[et_pb_section][et_pb_row][et_pb_column type=\"4_4\"][et_pb_countdown_timer admin_label=\"Temporizador de cuenta atr\u00e1s\" title=\"Estamos trabajando en los contenidos de este espacio\" date_time=\"05\/31\/2015 00:00\" background_layout=\"dark\" use_background_color=\"on\" background_color=\"#1e73be\" \/][\/et_pb_column][\/et_pb_row][\/et_pb_section]<\/p>","_et_gb_content_width":"","footnotes":""},"class_list":["post-219","page","type-page","status-publish","hentry"],"_links":{"self":[{"href":"https:\/\/www.aulablog.com\/blog\/encuentro12\/wp-json\/wp\/v2\/pages\/219","targetHints":{"allow":["GET"]}}],"collection":[{"href":"https:\/\/www.aulablog.com\/blog\/encuentro12\/wp-json\/wp\/v2\/pages"}],"about":[{"href":"https:\/\/www.aulablog.com\/blog\/encuentro12\/wp-json\/wp\/v2\/types\/page"}],"author":[{"embeddable":true,"href":"https:\/\/www.aulablog.com\/blog\/encuentro12\/wp-json\/wp\/v2\/users\/1"}],"replies":[{"embeddable":true,"href":"https:\/\/www.aulablog.com\/blog\/encuentro12\/wp-json\/wp\/v2\/comments?post=219"}],"version-history":[{"count":11,"href":"https:\/\/www.aulablog.com\/blog\/encuentro12\/wp-json\/wp\/v2\/pages\/219\/revisions"}],"predecessor-version":[{"id":747,"href":"https:\/\/www.aulablog.com\/blog\/encuentro12\/wp-json\/wp\/v2\/pages\/219\/revisions\/747"}],"wp:attachment":[{"href":"https:\/\/www.aulablog.com\/blog\/encuentro12\/wp-json\/wp\/v2\/media?parent=219"}],"curies":[{"name":"wp","href":"https:\/\/api.w.org\/{rel}","templated":true}]}}