{"id":304,"date":"2015-05-18T10:26:53","date_gmt":"2015-05-18T10:26:53","guid":{"rendered":"http:\/\/www.aulablog.com\/blog\/encuentro12\/?page_id=304"},"modified":"2017-06-20T07:15:51","modified_gmt":"2017-06-20T07:15:51","slug":"espacio-off","status":"publish","type":"page","link":"https:\/\/www.aulablog.com\/blog\/encuentro12\/espacio-off\/","title":{"rendered":"Espacio OFF"},"content":{"rendered":"<p>[et_pb_section bb_built=\u00bb1&#8243; admin_label=\u00bbsection\u00bb][et_pb_row admin_label=\u00bbrow\u00bb][et_pb_column type=\u00bb1_3&#8243;][et_pb_text admin_label=\u00bbTexto\u00bb background_layout=\u00bblight\u00bb text_orientation=\u00bbleft\u00bb]<\/p>\n<p><img loading=\"lazy\" decoding=\"async\" class=\" wp-image-298 size-full aligncenter\" src=\"https:\/\/www.aulablog.com\/blog\/encuentro12\/files\/2015\/05\/ZONAOFF.jpg\" alt=\"ZONAOFF\" width=\"800\" height=\"566\" srcset=\"https:\/\/www.aulablog.com\/blog\/encuentro12\/files\/2015\/05\/ZONAOFF.jpg 800w, https:\/\/www.aulablog.com\/blog\/encuentro12\/files\/2015\/05\/ZONAOFF-300x212.jpg 300w, https:\/\/www.aulablog.com\/blog\/encuentro12\/files\/2015\/05\/ZONAOFF-400x284.jpg 400w\" sizes=\"(max-width: 800px) 100vw, 800px\" \/><\/p>\n<p>[\/et_pb_text][\/et_pb_column][et_pb_column type=\u00bb2_3&#8243;][et_pb_text admin_label=\u00bbTexto\u00bb background_layout=\u00bblight\u00bb text_orientation=\u00bbleft\u00bb]<\/p>\n<p style=\"text-align: justify;\">En este espacio tendr\u00e1s que dejar a un lado todos tus cachivaches tecnol\u00f3gicos: \u00a1es un espacio libre de tecnolog\u00eda! as\u00ed que fuera m\u00f3viles, tabletas y ordenadores y prep\u00e1rate\u00a0para trabajar libre de distracciones<\/p>\n<p>\u00bfAceptas el reto?<\/p>\n<p>&nbsp;<\/p>\n<p>&nbsp;<\/p>\n<p>[\/et_pb_text][\/et_pb_column][\/et_pb_row][\/et_pb_section][et_pb_section bb_built=\u00bb1&#8243; admin_label=\u00bbsection\u00bb fullwidth=\u00bbon\u00bb specialty=\u00bboff\u00bb transparent_background=\u00bboff\u00bb background_color=\u00bb#1e73be\u00bb allow_player_pause=\u00bboff\u00bb inner_shadow=\u00bboff\u00bb parallax=\u00bboff\u00bb parallax_method=\u00bboff\u00bb][et_pb_fullwidth_header admin_label=\u00bbT\u00edtulo de anchura completa\u00bb title=\u00bbTALLERES: ZONA OFF\u00bb subhead=\u00bb\u00c1rea sin tecnolog\u00eda\u00bb background_layout=\u00bbdark\u00bb text_orientation=\u00bbcenter\u00bb \/][\/et_pb_section][et_pb_section bb_built=\u00bb1&#8243; admin_label=\u00bbsection\u00bb fullwidth=\u00bboff\u00bb specialty=\u00bboff\u00bb transparent_background=\u00bboff\u00bb background_color=\u00bb#ffffff\u00bb allow_player_pause=\u00bboff\u00bb inner_shadow=\u00bboff\u00bb parallax=\u00bboff\u00bb parallax_method=\u00bboff\u00bb][et_pb_row admin_label=\u00bbrow\u00bb][et_pb_column type=\u00bb1_2&#8243;][et_pb_blurb admin_label=\u00bbAnuncio\u00bb title=\u00bbMindfulness en el aula\u00bb url_new_window=\u00bboff\u00bb use_icon=\u00bbon\u00bb font_icon=\u00bb%%45%%\u00bb icon_color=\u00bb#ffffff\u00bb use_circle=\u00bbon\u00bb circle_color=\u00bb#81d742&#8243; use_circle_border=\u00bbon\u00bb circle_border_color=\u00bb#ffffff\u00bb icon_placement=\u00bbtop\u00bb animation=\u00bbtop\u00bb background_layout=\u00bblight\u00bb text_orientation=\u00bbleft\u00bb use_icon_font_size=\u00bboff\u00bb use_border_color=\u00bboff\u00bb border_color=\u00bb#ffffff\u00bb border_style=\u00bbsolid\u00bb] <div class='et-learn-more et-open clearfix'>\n\t\t\t\t\t<h3 class='heading-more open'>Descripci\u00f3n<span class='et_learnmore_arrow'><span><\/span><\/span><\/h3>\n\t\t\t\t\t<div class='learn-more-content'><p><span style=\"font-weight: 400;\">Mindfulness o Atenci\u00f3n Plena\u00a0 es una t\u00e9cnica de entrenamiento de la mente que se\u00a0 est\u00e1 mostrando como una gran herramienta\u00a0 para el crecimiento personal y para el desarrollo y la concentraci\u00f3n en los\u00a0 estudiantes.\u00a0 Es el estar aqu\u00ed y ahora, sin juzgar\u00a0 y con aceptaci\u00f3n. El motor de Mindfulness es la respiraci\u00f3n\u00a0 y la atenci\u00f3n en los sentimientos y sensaciones.\u00a0 <\/span><\/p>\n<p><span style=\"font-weight: 400;\">Para el profesorado se presenta como una gran herramienta para luchar contra el estr\u00e9s, aumentando su nivel de empat\u00eda, asertividad y compasi\u00f3n. Esto hace crecer el clima de respeto y confianza en la clase, al encontrarnos, el alumnado, m\u00e1s serenos y comprensivos.<\/span><\/p>\n<p><span style=\"font-weight: 400;\">Al realizar el alumnado ejercicios de respiraci\u00f3n y concentraci\u00f3n aumenta su nivel de atenci\u00f3n y concentraci\u00f3n, les hace estar m\u00e1s seguros, tener m\u00e1s confianza en s\u00ed mismos, aumentando el nivel de creatividad y aumentando sus rendimientos escolares. Con su pr\u00e1ctica, los estudiantes se muestran m\u00e1s atentos, tranquilos y felices.<\/span><\/p>\n<p><span style=\"font-weight: 400;\">El Taller versar\u00e1 en el conocimiento de distintos ejercicios aplicables al crecimiento personal y c\u00f3mo podemos ponerlo en pr\u00e1ctica en nuestras clases. <\/span><\/p><\/div>\n\t\t\t\t<\/div><div class='et-learn-more clearfix'>\n\t\t\t\t\t<h3 class='heading-more'>Contenidos<span class='et_learnmore_arrow'><span><\/span><\/span><\/h3>\n\t\t\t\t\t<div class='learn-more-content'><p>Toda la informaci\u00f3n en el blog\u00a0<a href=\"https:\/\/amariaadelacamachomanarel.tumblr.com\/\"><span style=\"font-weight: 400;\">Mindfulness En Rutas 2014<\/span><\/a><\/p><\/div>\n\t\t\t\t<\/div> [\/et_pb_blurb][\/et_pb_column][et_pb_column type=\u00bb1_2&#8243;][et_pb_blurb admin_label=\u00bbAnuncio\u00bb title=\u00bbTaller de mapeo\u00bb url_new_window=\u00bboff\u00bb use_icon=\u00bbon\u00bb font_icon=\u00bb\ue603\u00bb icon_color=\u00bb#ffffff\u00bb use_circle=\u00bbon\u00bb circle_color=\u00bb#81d742&#8243; use_circle_border=\u00bbon\u00bb circle_border_color=\u00bb#ffffff\u00bb icon_placement=\u00bbtop\u00bb animation=\u00bbtop\u00bb background_layout=\u00bblight\u00bb text_orientation=\u00bbleft\u00bb use_icon_font_size=\u00bboff\u00bb use_border_color=\u00bboff\u00bb border_color=\u00bb#ffffff\u00bb border_style=\u00bbsolid\u00bb]<\/p>\n<div class='et-learn-more et-open clearfix'>\n\t\t\t\t\t<h3 class='heading-more open'>Descripci\u00f3n<span class='et_learnmore_arrow'><span><\/span><\/span><\/h3>\n\t\t\t\t\t<div class='learn-more-content'><p><span style=\"font-weight: 400;\">\u201cUn \u00a0mapeo \u00a0es \u00a0un \u00a0procedimiento \u00a0o \u00a0pr\u00e1ctica por el cual se construye una narrativa o un relato \u00a0colectivo \u00a0que \u00a0visibiliza \u00a0otra \u00a0manera de \u00a0relacionarnos \u00a0con \u00a0el \u00a0territorio.<\/span><span style=\"font-weight: 400;\">\n<\/span><span style=\"font-weight: 400;\">Queremos decir \u201crelacionarnos\u201d cuando hablamos de producir \u00a0otras \u00a0formas \u00a0de conocimiento, \u00a0otras formas de acceso al mismo y, en definitiva, desafiar los relatos dominantes\u201d (Gu\u00eda \u201cC\u00f3mo hacer un mapeo\u201d de La Aventura de Aprender)<\/span><\/p>\n<p><span style=\"font-weight: 400;\">En nuestros centros educativos, en nuestras asociaciones de educaci\u00f3n, etc, podemos aprender a construir cartograf\u00edas para conocer el territorio y contar la historia del mismo de manera colectiva. Poner el foco en nuestros recursos, nuestros valores, nuestros puntos de mejora, etc.<\/span><\/p>\n<p><span style=\"font-weight: 400;\">Esta t\u00e9cnica puede servir para trabajar con nuestro alumnado, con nuestro claustro, en proyectos colaborativos y en comunidad educativa. <\/span><\/p>\n<p><span style=\"font-weight: 400;\">Te invitamos a mapear con nosotros. Contaremos con diferentes recursos.<\/span><\/p><\/div>\n\t\t\t\t<\/div>\n<div class='et-learn-more clearfix'>\n\t\t\t\t\t<h3 class='heading-more'>Contenidos<span class='et_learnmore_arrow'><span><\/span><\/span><\/h3>\n\t\t\t\t\t<div class='learn-more-content'><p><span style=\"font-weight: 400;\">Gu\u00edas de mapeo<\/span><\/p>\n<ul>\n<li style=\"font-weight: 400;\"><span style=\"font-weight: 400;\">Gu\u00eda de La aventura de Aprender:<\/span><\/li>\n<\/ul>\n<p><a href=\"http:\/\/laaventuradeaprender.educalab.es\/documents\/10184\/51639\/C%C3%B3mo+hacer+un+mapeo+colectivo\/\"><span style=\"font-weight: 400;\">http:\/\/laaventuradeaprender.educalab.es\/documents\/10184\/51639\/C%C3%B3mo+hacer+un+mapeo+colectivo\/<\/span><\/a><\/p>\n<ul>\n<li style=\"font-weight: 400;\"><span style=\"font-weight: 400;\">Manual de Mapeo colectivo<\/span><\/li>\n<\/ul>\n<p><a href=\"http:\/\/geoactivismo.org\/wp-content\/uploads\/2015\/11\/Manual_de_mapeo_2013.pdf\"><span style=\"font-weight: 400;\">http:\/\/geoactivismo.org\/wp-content\/uploads\/2015\/11\/Manual_de_mapeo_2013.pdf<\/span><\/a><\/p><\/div>\n\t\t\t\t<\/div>\n<p>&nbsp;<\/p>\n<p>&nbsp;<\/p>\n<p>&nbsp;<\/p>\n<p>[\/et_pb_blurb][\/et_pb_column][\/et_pb_row][\/et_pb_section]<\/p>\n","protected":false},"excerpt":{"rendered":"<p>En este espacio tendr\u00e1s que dejar a un lado todos tus cachivaches tecnol\u00f3gicos: \u00a1es un espacio libre de tecnolog\u00eda! as\u00ed que fuera m\u00f3viles, tabletas y ordenadores y prep\u00e1rate\u00a0para trabajar libre de distracciones \u00bfAceptas el reto? &nbsp; &nbsp; <div class='et-learn-more et-open clearfix'>\n\t\t\t\t\t<h3 class='heading-more open'>Descripci\u00f3n<span class='et_learnmore_arrow'><span><\/span><\/span><\/h3>\n\t\t\t\t\t<div class='learn-more-content'><\/div>\n\t\t\t\t<\/div> Mindfulness o Atenci\u00f3n Plena\u00a0 es una t\u00e9cnica de entrenamiento de la mente que se\u00a0 est\u00e1 [&hellip;]<\/p>\n","protected":false},"author":23,"featured_media":0,"parent":0,"menu_order":0,"comment_status":"open","ping_status":"open","template":"","meta":{"_et_pb_use_builder":"on","_et_pb_old_content":"","_et_gb_content_width":"","footnotes":""},"class_list":["post-304","page","type-page","status-publish","hentry"],"_links":{"self":[{"href":"https:\/\/www.aulablog.com\/blog\/encuentro12\/wp-json\/wp\/v2\/pages\/304","targetHints":{"allow":["GET"]}}],"collection":[{"href":"https:\/\/www.aulablog.com\/blog\/encuentro12\/wp-json\/wp\/v2\/pages"}],"about":[{"href":"https:\/\/www.aulablog.com\/blog\/encuentro12\/wp-json\/wp\/v2\/types\/page"}],"author":[{"embeddable":true,"href":"https:\/\/www.aulablog.com\/blog\/encuentro12\/wp-json\/wp\/v2\/users\/23"}],"replies":[{"embeddable":true,"href":"https:\/\/www.aulablog.com\/blog\/encuentro12\/wp-json\/wp\/v2\/comments?post=304"}],"version-history":[{"count":17,"href":"https:\/\/www.aulablog.com\/blog\/encuentro12\/wp-json\/wp\/v2\/pages\/304\/revisions"}],"predecessor-version":[{"id":785,"href":"https:\/\/www.aulablog.com\/blog\/encuentro12\/wp-json\/wp\/v2\/pages\/304\/revisions\/785"}],"wp:attachment":[{"href":"https:\/\/www.aulablog.com\/blog\/encuentro12\/wp-json\/wp\/v2\/media?parent=304"}],"curies":[{"name":"wp","href":"https:\/\/api.w.org\/{rel}","templated":true}]}}