{"id":310,"date":"2015-05-18T10:34:41","date_gmt":"2015-05-18T10:34:41","guid":{"rendered":"http:\/\/www.aulablog.com\/blog\/encuentro12\/?page_id=310"},"modified":"2017-06-20T08:18:20","modified_gmt":"2017-06-20T08:18:20","slug":"makers-space","status":"publish","type":"page","link":"https:\/\/www.aulablog.com\/blog\/encuentro12\/makers-space\/","title":{"rendered":"Makers Space"},"content":{"rendered":"<p>[et_pb_section bb_built=\u00bb1&#8243; admin_label=\u00bbsection\u00bb][et_pb_row admin_label=\u00bbrow\u00bb][et_pb_column type=\u00bb1_3&#8243;][et_pb_text admin_label=\u00bbTexto\u00bb background_layout=\u00bblight\u00bb text_orientation=\u00bbleft\u00bb] <img loading=\"lazy\" decoding=\"async\" class=\"alignnone wp-image-302 size-medium\" src=\"https:\/\/www.aulablog.com\/blog\/encuentro12\/files\/2015\/05\/MAKERSPACE-300x212.jpg\" alt=\"MAKERSPACE\" width=\"300\" height=\"212\" srcset=\"https:\/\/www.aulablog.com\/blog\/encuentro12\/files\/2015\/05\/MAKERSPACE-300x212.jpg 300w, https:\/\/www.aulablog.com\/blog\/encuentro12\/files\/2015\/05\/MAKERSPACE-400x284.jpg 400w, https:\/\/www.aulablog.com\/blog\/encuentro12\/files\/2015\/05\/MAKERSPACE.jpg 800w\" sizes=\"(max-width: 300px) 100vw, 300px\" \/> [\/et_pb_text][\/et_pb_column][et_pb_column type=\u00bb2_3&#8243;][et_pb_text admin_label=\u00bbTexto\u00bb background_layout=\u00bblight\u00bb text_orientation=\u00bbleft\u00bb use_border_color=\u00bboff\u00bb border_color=\u00bb#ffffff\u00bb border_style=\u00bbsolid\u00bb]<\/p>\n<div class=\"et_pb_slide_content\">\n<p style=\"text-align: justify;\">\u00bfTe gusta la programaci\u00f3n? \u00bfte apasiona montar cacharros? \u00bfte parece genial trastear con drones y robots?<\/p>\n<p style=\"text-align: justify;\">Si la respuesta a alguna de estas preguntas es afirmativa este es tu \u00e1rea. Entra en el espacio\u00a0de \u201cmakers\u201d y disfruta con nosotros \u201ccacharreando\u201d con todo tipo de dispositivos: robots, impresoras 3D, programaci\u00f3n y mucho m\u00e1s..<\/p>\n<p style=\"text-align: justify;\">\u00a1Te estamos esperando!<\/p>\n<\/div>\n<p>&nbsp;<\/p>\n<p>[\/et_pb_text][\/et_pb_column][\/et_pb_row][\/et_pb_section][et_pb_section bb_built=\u00bb1&#8243; admin_label=\u00bbsection\u00bb fullwidth=\u00bbon\u00bb specialty=\u00bboff\u00bb transparent_background=\u00bboff\u00bb background_color=\u00bb#1e73be\u00bb allow_player_pause=\u00bboff\u00bb inner_shadow=\u00bboff\u00bb parallax=\u00bboff\u00bb parallax_method=\u00bboff\u00bb][et_pb_fullwidth_header admin_label=\u00bbT\u00edtulo de anchura completa\u00bb title=\u00bbTALLERES: MAKERS SPACE\u00bb subhead=\u00bb\u00c1rea STEAM\u00bb background_layout=\u00bbdark\u00bb text_orientation=\u00bbcenter\u00bb \/][\/et_pb_section][et_pb_section bb_built=\u00bb1&#8243; admin_label=\u00bbsection\u00bb fullwidth=\u00bboff\u00bb specialty=\u00bboff\u00bb transparent_background=\u00bboff\u00bb background_color=\u00bb#ffffff\u00bb allow_player_pause=\u00bboff\u00bb inner_shadow=\u00bboff\u00bb parallax=\u00bboff\u00bb parallax_method=\u00bboff\u00bb][et_pb_row admin_label=\u00bbrow\u00bb][et_pb_column type=\u00bb1_4&#8243;][et_pb_blurb admin_label=\u00bbAnuncio\u00bb title=\u00bbIniciaci\u00f3n a arduino\u00bb url_new_window=\u00bboff\u00bb use_icon=\u00bboff\u00bb font_icon=\u00bbl\u00bb icon_color=\u00bb#ffffff\u00bb use_circle=\u00bbon\u00bb circle_color=\u00bb#eeee22&#8243; use_circle_border=\u00bbon\u00bb circle_border_color=\u00bb#ffffff\u00bb icon_placement=\u00bbtop\u00bb animation=\u00bbtop\u00bb background_layout=\u00bblight\u00bb text_orientation=\u00bbleft\u00bb use_icon_font_size=\u00bboff\u00bb use_border_color=\u00bboff\u00bb border_color=\u00bb#ffffff\u00bb border_style=\u00bbsolid\u00bb image=\u00bbhttps:\/\/www.aulablog.com\/blog\/encuentro12\/files\/2015\/05\/arduino_official_Logo__.png\u00bb]<\/p>\n<p>&nbsp;<\/p>\n<p><div class='et-learn-more et-open clearfix'>\n\t\t\t\t\t<h3 class='heading-more open'>Descripci\u00f3n<span class='et_learnmore_arrow'><span><\/span><\/span><\/h3>\n\t\t\t\t\t<div class='learn-more-content'><span style=\"font-weight: 400;\">Nos aproximaremos a los principios b\u00e1sicos de la electr\u00f3nica y la programaci\u00f3n de la mano de la plataforma Arduino construyendo un proyecto completo.<\/span><\/div>\n\t\t\t\t<\/div><div class='et-learn-more clearfix'>\n\t\t\t\t\t<h3 class='heading-more'>Material necesario<span class='et_learnmore_arrow'><span><\/span><\/span><\/h3>\n\t\t\t\t\t<div class='learn-more-content'>Ordenador port\u00e1til<\/div>\n\t\t\t\t<\/div> [\/et_pb_blurb][et_pb_blurb admin_label=\u00bbAnuncio\u00bb title=\u00bbTaller de makey makey\u00bb url_new_window=\u00bboff\u00bb use_icon=\u00bboff\u00bb icon_color=\u00bb#1e73be\u00bb use_circle=\u00bboff\u00bb circle_color=\u00bb#1e73be\u00bb use_circle_border=\u00bboff\u00bb circle_border_color=\u00bb#1e73be\u00bb icon_placement=\u00bbtop\u00bb use_icon_font_size=\u00bboff\u00bb background_layout=\u00bblight\u00bb text_orientation=\u00bbleft\u00bb use_border_color=\u00bboff\u00bb border_color=\u00bb#ffffff\u00bb border_style=\u00bbsolid\u00bb animation=\u00bbtop\u00bb font_icon=\u00bb%%225%%\u00bb image=\u00bbhttps:\/\/www.aulablog.com\/blog\/encuentro12\/files\/2015\/05\/Logo-Boarder-Clear.png\u00bb]<\/p>\n<div class='et-learn-more et-open clearfix'>\n\t\t\t\t\t<h3 class='heading-more open'>Descripci\u00f3n<span class='et_learnmore_arrow'><span><\/span><\/span><\/h3>\n\t\t\t\t\t<div class='learn-more-content'><p>\u00bfQuieres integrar la rob\u00f3tica en tus clases y adem\u00e1s juntarlo con art\u00edsticas?<\/p>\n<p>Si la respuesta es s\u00ed, \u00e9ste es tu taller. Trabajaremos con las placas controladoras Makey-makey, pero no te asustes est\u00e1n pensadas para ni\u00f1os de primer ciclo de primaria. Y aprenderemos conceptos b\u00e1sicos Scratch para hacer nuestros primeros programas.<\/p><\/div>\n\t\t\t\t<\/div><div class='et-learn-more clearfix'>\n\t\t\t\t\t<h3 class='heading-more'>Material necesario<span class='et_learnmore_arrow'><span><\/span><\/span><\/h3>\n\t\t\t\t\t<div class='learn-more-content'><p>Portatil y fruta para que no nos falten vitaminas.<\/p><\/div>\n\t\t\t\t<\/div><\/p>\n<p>&nbsp;<\/p>\n<p>[\/et_pb_blurb][\/et_pb_column][et_pb_column type=\u00bb1_4&#8243;][et_pb_blurb admin_label=\u00bbAnuncio\u00bb title=\u00bbIniciaci\u00f3n a la rob\u00f3tica con crumble\u00bb url_new_window=\u00bboff\u00bb use_icon=\u00bboff\u00bb font_icon=\u00bb\ue037\u00bb icon_color=\u00bb#ffffff\u00bb use_circle=\u00bbon\u00bb circle_color=\u00bb#81d742&#8243; use_circle_border=\u00bbon\u00bb circle_border_color=\u00bb#ffffff\u00bb icon_placement=\u00bbtop\u00bb animation=\u00bbtop\u00bb background_layout=\u00bblight\u00bb text_orientation=\u00bbleft\u00bb use_icon_font_size=\u00bboff\u00bb use_border_color=\u00bboff\u00bb border_color=\u00bb#ffffff\u00bb border_style=\u00bbsolid\u00bb image=\u00bbhttps:\/\/www.aulablog.com\/blog\/encuentro12\/files\/2015\/05\/programa.jpg\u00bb] <div class='et-learn-more et-open clearfix'>\n\t\t\t\t\t<h3 class='heading-more open'>Descripci\u00f3n<span class='et_learnmore_arrow'><span><\/span><\/span><\/h3>\n\t\t\t\t\t<div class='learn-more-content'><span style=\"font-weight: 400;\">Nos aproximaremos a los principios b\u00e1sicos de la electr\u00f3nica y la programaci\u00f3n de la mano de la plataforma Arduino construyendo un proyecto completo.<\/span><\/div>\n\t\t\t\t<\/div><div class='et-learn-more clearfix'>\n\t\t\t\t\t<h3 class='heading-more'>Material necesario<span class='et_learnmore_arrow'><span><\/span><\/span><\/h3>\n\t\t\t\t\t<div class='learn-more-content'><ul>\n<li>Ordenador port\u00e1til<\/li>\n<\/ul>\n<p>Software instalado.<\/p>\n<ul>\n<li><a href=\"http:\/\/complubot.com\/inicio\/proyectos\/swr\/crumble\/software-crumble\/\">Crumble<\/a><\/li>\n<\/ul>\n<p><span style=\"line-height: 1.5;\"><\/div>\n\t\t\t\t<\/div><\/span><\/p>\n<p>&nbsp;<\/p>\n<p>[\/et_pb_blurb][\/et_pb_column][et_pb_column type=\u00bb1_4&#8243;][et_pb_blurb admin_label=\u00bbAnuncio\u00bb url_new_window=\u00bboff\u00bb use_icon=\u00bboff\u00bb font_icon=\u00bb\ue038\u00bb icon_color=\u00bb#ffffff\u00bb use_circle=\u00bbon\u00bb circle_color=\u00bb#81d742&#8243; use_circle_border=\u00bbon\u00bb circle_border_color=\u00bb#ffffff\u00bb icon_placement=\u00bbtop\u00bb animation=\u00bbtop\u00bb background_layout=\u00bblight\u00bb text_orientation=\u00bbleft\u00bb title=\u00bbMisionBot \/ Scratch Junior\u00bb use_icon_font_size=\u00bboff\u00bb use_border_color=\u00bboff\u00bb border_color=\u00bb#ffffff\u00bb border_style=\u00bbsolid\u00bb image=\u00bbhttps:\/\/www.aulablog.com\/blog\/encuentro12\/files\/2015\/05\/pUg85PA7SxSln5_FQcPq6jl72eJkfbmt4t8yenImKBVvK0kTmF0xjctABnaLJIm9.jpg\u00bb] <div class='et-learn-more et-open clearfix'>\n\t\t\t\t\t<h3 class='heading-more open'>Descripci\u00f3n MisionBot<span class='et_learnmore_arrow'><span><\/span><\/span><\/h3>\n\t\t\t\t\t<div class='learn-more-content'><span style=\"font-weight: 400;\">MisionBot es un juego que permite el desarrollo del Pensamiento Computacional en edades muy tempranas (a partir de 3 a\u00f1os) sin usar ning\u00fan tipo de dispositivo digital. El principal objetivo de Misionbot es desarrollar el Pensamiento Computacional en el alumnado de educaci\u00f3n infantil a trav\u00e9s de la gamifiaci\u00f3n. Es decir, estamos gamificando la programaci\u00f3n. <\/span><\/p>\n<p>&nbsp;<\/p>\n<p><span style=\"font-weight: 400;\">\u00bfEn qu\u00e9 consiste MisionBot?<\/span><\/p>\n<p>&nbsp;<\/p>\n<p><span style=\"font-weight: 400;\">El juego consiste en programar un robot para que consiga ir desde la casilla de salida a la casilla de llegada cogiendo objetos valiosos y esquivando peligros. Un \u201cprogramador\u201d, establece la secuencia de bloques (tarjetas) que el \u201crobot\u201d debe interpretar para llegar a la meta.<\/span><\/p><\/div>\n\t\t\t\t<\/div><div class='et-learn-more clearfix'>\n\t\t\t\t\t<h3 class='heading-more'>Descripci\u00f3n Scratch Junior<span class='et_learnmore_arrow'><span><\/span><\/span><\/h3>\n\t\t\t\t\t<div class='learn-more-content'><span style=\"font-weight: 400;\">ScratchJr es un lenguaje de programaci\u00f3n introductorio que permite a ni\u00f1os y ni\u00f1as peque\u00f1as (de edades entre 5 y 7) crear sus propias historias interactivas y juegos. Se pueden unir\u00a0bloques gr\u00e1ficos de programaci\u00f3n para hacer que los personajes se muevan, salten, bailen y canten. Permite\u00a0modificar los personajes en el editor de pintura, a\u00f1adir sus propias voces y sonidos, incluso insertar sus propias fotos- para despu\u00e9s utilizar los bloques de programaci\u00f3n para dar vida a los personajes.<\/span><\/p>\n<p>&nbsp;<\/p>\n<p><span style=\"font-weight: 400;\">Est\u00e1 inspirado en el lenguaje de programaci\u00f3n SCRATCH (<\/span><a href=\"https:\/\/scratch.mit.edu\/\"><span style=\"font-weight: 400;\">scratch.mit.edu<\/span><\/a><span style=\"font-weight: 400;\">) y adaptado \u00a0para las edades entre 5 y 7 a\u00f1os.<\/span><\/p>\n<p><span style=\"font-weight: 400;\">Esta aplicaci\u00f3n est\u00e1 disponible de forma gratuita para iPad, tabletas de Android, tabletas de Amazon, y los Chromebooks. Para m\u00e1s informaci\u00f3n sobre ScratchJr sigue el siguiente <\/span><a href=\"http:\/\/scratchjr.org\"><span style=\"font-weight: 400;\">enlace<\/span><\/a><span style=\"font-weight: 400;\">.<\/span><\/p><\/div>\n\t\t\t\t<\/div><div class='et-learn-more clearfix'>\n\t\t\t\t\t<h3 class='heading-more'>Material necesario<span class='et_learnmore_arrow'><span><\/span><\/span><\/h3>\n\t\t\t\t\t<div class='learn-more-content'><p>Se aconseja llevar una tableta. En el taller habr\u00e1 10 iPads mini\u00a0para realizar el taller.<\/p><\/div>\n\t\t\t\t<\/div><\/p>\n<p>&nbsp;<\/p>\n<p>&nbsp;<\/p>\n<p>[\/et_pb_blurb][\/et_pb_column][et_pb_column type=\u00bb1_4&#8243;][et_pb_blurb admin_label=\u00bbAnuncio\u00bb title=\u00bbImpresi\u00f3n 3D\u00bb url_new_window=\u00bboff\u00bb use_icon=\u00bboff\u00bb icon_color=\u00bb#1e73be\u00bb use_circle=\u00bboff\u00bb circle_color=\u00bb#1e73be\u00bb use_circle_border=\u00bboff\u00bb circle_border_color=\u00bb#1e73be\u00bb icon_placement=\u00bbtop\u00bb use_icon_font_size=\u00bboff\u00bb background_layout=\u00bblight\u00bb text_orientation=\u00bbleft\u00bb use_border_color=\u00bboff\u00bb border_color=\u00bb#ffffff\u00bb border_style=\u00bbsolid\u00bb animation=\u00bbtop\u00bb font_icon=\u00bb%%100%%\u00bb image=\u00bbhttps:\/\/www.aulablog.com\/blog\/encuentro12\/files\/2015\/05\/8215690357_6c764305a6_b.jpg\u00bb]<\/p>\n<p><div class='et-learn-more et-open clearfix'>\n\t\t\t\t\t<h3 class='heading-more open'>Descripci\u00f3n<span class='et_learnmore_arrow'><span><\/span><\/span><\/h3>\n\t\t\t\t\t<div class='learn-more-content'>Hoy, gracias a la impresi\u00f3n 3D podemos dise\u00f1ar objetos del mundo digital al mundo f\u00edsico. Si quieres dise\u00f1ar tu primera pieza 3D y ser un maker, \u00e9ste es tu taller.<\/p>\n<p>&nbsp;<\/p>\n<p>Mediante una metodolog\u00eda de <a href=\"https:\/\/drive.google.com\/file\/d\/0B5MJcFIMM3wAY2M1VHppeW5zbC16Ynh5SklGM29CMVNVcGY4\/view\">aprendizaje basado en dise\u00f1o<\/a> aprenderemos a desarrollar modelos 3D y veremos las pautas para imprimirlos en una impresora 3D.<\/p>\n<p>Tras dise\u00f1arlos de manera creativa los participantes podr\u00e1n imprimir y llevarse sus propios prototipos . \ud83d\ude09<\/p><\/div>\n\t\t\t\t<\/div><div class='et-learn-more clearfix'>\n\t\t\t\t\t<h3 class='heading-more'>Material necesario<span class='et_learnmore_arrow'><span><\/span><\/span><\/h3>\n\t\t\t\t\t<div class='learn-more-content'><ul>\n<li>Port\u00e1til con software instalado.<\/li>\n<li>Rat\u00f3n. (muy importante para manejar programas de dise\u00f1o 3D)<\/li>\n<li>Regla y l\u00e1piz<\/li>\n<\/ul>\n<p>Software instalado.<\/p>\n<p>Programas de dise\u00f1o 3D<\/p>\n<ul>\n<li><a href=\"http:\/\/www.freecadweb.org\/wiki\/?title=Download\/es\">FreeCAD<\/a> (Secundaria)<\/li>\n<li><a href=\"https:\/\/www.tinkercad.com\/\">TinkerCAD <\/a>(Primaria). Aplicaci\u00f3n online, necesario crearse una cuenta.<\/li>\n<\/ul>\n<p>Programas de laminaci\u00f3n<\/p>\n<ul>\n<li><a href=\"https:\/\/ultimaker.com\/en\/products\/software\">Cura. (Recomendado para iniciarse)<\/a><\/li>\n<li><a href=\"http:\/\/slic3r.org\/\">Slic3r<\/a> (100% software libre)<\/li>\n<\/ul>\n<p><span style=\"line-height: 1.5;\"><\/div>\n\t\t\t\t<\/div><\/span><\/p>\n<p>[\/et_pb_blurb][\/et_pb_column][\/et_pb_row][\/et_pb_section]<\/p>\n","protected":false},"excerpt":{"rendered":"<p>\u00bfTe gusta la programaci\u00f3n? \u00bfte apasiona montar cacharros? \u00bfte parece genial trastear con drones y robots? Si la respuesta a alguna de estas preguntas es afirmativa este es tu \u00e1rea. Entra en el espacio\u00a0de \u201cmakers\u201d y disfruta con nosotros \u201ccacharreando\u201d con todo tipo de dispositivos: robots, impresoras 3D, programaci\u00f3n y mucho m\u00e1s.. \u00a1Te estamos esperando! [&hellip;]<\/p>\n","protected":false},"author":23,"featured_media":0,"parent":0,"menu_order":0,"comment_status":"open","ping_status":"open","template":"","meta":{"_et_pb_use_builder":"on","_et_pb_old_content":"","_et_gb_content_width":"","footnotes":""},"class_list":["post-310","page","type-page","status-publish","hentry"],"_links":{"self":[{"href":"https:\/\/www.aulablog.com\/blog\/encuentro12\/wp-json\/wp\/v2\/pages\/310","targetHints":{"allow":["GET"]}}],"collection":[{"href":"https:\/\/www.aulablog.com\/blog\/encuentro12\/wp-json\/wp\/v2\/pages"}],"about":[{"href":"https:\/\/www.aulablog.com\/blog\/encuentro12\/wp-json\/wp\/v2\/types\/page"}],"author":[{"embeddable":true,"href":"https:\/\/www.aulablog.com\/blog\/encuentro12\/wp-json\/wp\/v2\/users\/23"}],"replies":[{"embeddable":true,"href":"https:\/\/www.aulablog.com\/blog\/encuentro12\/wp-json\/wp\/v2\/comments?post=310"}],"version-history":[{"count":33,"href":"https:\/\/www.aulablog.com\/blog\/encuentro12\/wp-json\/wp\/v2\/pages\/310\/revisions"}],"predecessor-version":[{"id":563,"href":"https:\/\/www.aulablog.com\/blog\/encuentro12\/wp-json\/wp\/v2\/pages\/310\/revisions\/563"}],"wp:attachment":[{"href":"https:\/\/www.aulablog.com\/blog\/encuentro12\/wp-json\/wp\/v2\/media?parent=310"}],"curies":[{"name":"wp","href":"https:\/\/api.w.org\/{rel}","templated":true}]}}