{"id":37,"date":"2015-04-21T17:03:08","date_gmt":"2015-04-21T17:03:08","guid":{"rendered":"http:\/\/www.aulablog.com\/blog\/encuentro12\/?page_id=37"},"modified":"2018-03-28T12:16:22","modified_gmt":"2018-03-28T12:16:22","slug":"portada","status":"publish","type":"page","link":"https:\/\/www.aulablog.com\/blog\/encuentro12\/","title":{"rendered":"portada"},"content":{"rendered":"<p>[et_pb_section fb_built=\u00bb1&#8243; background_color=\u00bb#0c71c3&#8243; fullwidth=\u00bbon\u00bb admin_label=\u00bbsection\u00bb _builder_version=\u00bb3.0.47&#8243;][et_pb_fullwidth_header title=\u00bbXIII encuentro de aulaBLOG\u00bb subhead=\u00bb6, 7 y 8 de julio del 2018 en Villafranca del Cid, Castell\u00f3n\u00bb background_layout=\u00bbdark\u00bb text_orientation=\u00bbcenter\u00bb admin_label=\u00bbT\u00edtulo de anchura completa\u00bb _builder_version=\u00bb3.0.47&#8243;][\/et_pb_fullwidth_header][\/et_pb_section][et_pb_section fb_built=\u00bb1&#8243; admin_label=\u00bbsection\u00bb _builder_version=\u00bb3.0.47&#8243;][et_pb_row admin_label=\u00bbrow\u00bb _builder_version=\u00bb3.0.47&#8243; background_size=\u00bbinitial\u00bb background_position=\u00bbtop_left\u00bb background_repeat=\u00bbrepeat\u00bb][et_pb_column type=\u00bb4_4&#8243; _builder_version=\u00bb3.0.47&#8243; parallax=\u00bboff\u00bb parallax_method=\u00bbon\u00bb][et_pb_slider admin_label=\u00bbDeslizador\u00bb _builder_version=\u00bb3.0.106&#8243; background_size=\u00bbdefault\u00bb background_position=\u00bbdefault\u00bb custom_padding=\u00bb|||\u00bb custom_padding_tablet=\u00bb|||\u00bb custom_padding_phone=\u00bb|||\u00bb box_shadow_style=\u00bbpreset6&#8243; box_shadow_blur=\u00bb10px\u00bb box_shadow_color=\u00bbrgba(0,0,0,0.1)\u00bb remove_inner_shadow=\u00bboff\u00bb hide_content_on_mobile=\u00bboff\u00bb hide_cta_on_mobile=\u00bboff\u00bb show_inner_shadow=\u00bbon\u00bb][et_pb_slide heading=\u00bbInscripci\u00f3n\u00bb button_text=\u00bbNos vemos en Aguilar de Campoo\u00bb button_link=\u00bbhttps:\/\/www.aulablog.com\/blog\/encuentro12\/inscripcion-encuentro-2017\/\u00bb use_bg_overlay=\u00bboff\u00bb use_text_overlay=\u00bboff\u00bb _builder_version=\u00bb3.0.106&#8243; header_font=\u00bb||||\u00bb body_font=\u00bb||||\u00bb background_image=\u00bbhttps:\/\/www.aulablog.com\/blog\/encuentro12\/files\/2017\/05\/Vista_de_Aguilar_de_Campoo.jpg\u00bb background_size=\u00bbdefault\u00bb background_position=\u00bbdefault\u00bb custom_button=\u00bboff\u00bb button_icon_placement=\u00bbright\u00bb button_on_hover=\u00bbon\u00bb background_color=\u00bb#ffffff\u00bb][\/et_pb_slide][et_pb_slide heading=\u00bbAlojamiento\u00bb button_text=\u00bbAcceder\u00bb button_link=\u00bbhttps:\/\/www.aulablog.com\/blog\/encuentro12\/alojamientos\/\u00bb use_bg_overlay=\u00bboff\u00bb use_text_overlay=\u00bboff\u00bb _builder_version=\u00bb3.0.47&#8243; header_font=\u00bb||||\u00bb body_font=\u00bb||||\u00bb background_image=\u00bbhttps:\/\/www.aulablog.com\/blog\/encuentro12\/files\/2017\/05\/Vista_de_Aguilar_de_Campoo.jpg\u00bb background_size=\u00bbdefault\u00bb background_position=\u00bbdefault\u00bb custom_button=\u00bboff\u00bb button_icon_placement=\u00bbright\u00bb button_on_hover=\u00bbon\u00bb background_color=\u00bb#ffffff\u00bb][\/et_pb_slide][et_pb_slide button_text=\u00bbAcceder\u00bb button_link=\u00bbhttps:\/\/www.aulablog.com\/blog\/encuentro12\/programa\/\u00bb use_bg_overlay=\u00bboff\u00bb use_text_overlay=\u00bboff\u00bb _builder_version=\u00bb3.0.47&#8243; header_font=\u00bb||||\u00bb body_font=\u00bb||||\u00bb background_image=\u00bbhttps:\/\/www.aulablog.com\/blog\/encuentro12\/files\/2015\/04\/001programa.jpg\u00bb background_size=\u00bbdefault\u00bb background_position=\u00bbdefault\u00bb custom_button=\u00bboff\u00bb button_icon_placement=\u00bbright\u00bb button_on_hover=\u00bbon\u00bb background_color=\u00bb#ffffff\u00bb][\/et_pb_slide][et_pb_slide button_text=\u00bbAcceder\u00bb button_link=\u00bbhttps:\/\/www.aulablog.com\/blog\/encuentro12\/espacios-aulablog\/\u00bb use_bg_overlay=\u00bboff\u00bb use_text_overlay=\u00bboff\u00bb _builder_version=\u00bb3.0.47&#8243; header_font=\u00bb||||\u00bb body_font=\u00bb||||\u00bb background_image=\u00bbhttps:\/\/www.aulablog.com\/blog\/encuentro12\/files\/2015\/04\/001espacios.jpg\u00bb background_size=\u00bbdefault\u00bb background_position=\u00bbdefault\u00bb custom_button=\u00bboff\u00bb button_icon_placement=\u00bbright\u00bb button_on_hover=\u00bbon\u00bb background_color=\u00bb#ffffff\u00bb][\/et_pb_slide][\/et_pb_slider][et_pb_text admin_label=\u00bbTexto\u00bb _builder_version=\u00bb3.0.47&#8243; background_size=\u00bbinitial\u00bb background_position=\u00bbtop_left\u00bb background_repeat=\u00bbrepeat\u00bb use_border_color=\u00bboff\u00bb border_color=\u00bb#ffffff\u00bb border_style=\u00bbsolid\u00bb]<\/p>\n<h1 style=\"text-align: center;\">\u00a1\u00a1\u00a1Energ\u00eda para tu aula!!!<\/h1>\n<p>[\/et_pb_text][\/et_pb_column][\/et_pb_row][\/et_pb_section][et_pb_section fb_built=\u00bb1&#8243; admin_label=\u00bbsection\u00bb _builder_version=\u00bb3.0.47&#8243;][et_pb_row admin_label=\u00bbrow\u00bb _builder_version=\u00bb3.0.47&#8243; background_size=\u00bbinitial\u00bb background_position=\u00bbtop_left\u00bb background_repeat=\u00bbrepeat\u00bb][et_pb_column type=\u00bb4_4&#8243; _builder_version=\u00bb3.0.47&#8243; parallax=\u00bboff\u00bb parallax_method=\u00bbon\u00bb][et_pb_text admin_label=\u00bbTexto\u00bb _builder_version=\u00bb3.0.47&#8243; background_size=\u00bbinitial\u00bb background_position=\u00bbtop_left\u00bb background_repeat=\u00bbrepeat\u00bb use_border_color=\u00bboff\u00bb border_color=\u00bb#ffffff\u00bb border_style=\u00bbsolid\u00bb]<\/p>\n<h2 style=\"text-align: center;\">Espacios aulaBLOG &#8211; Horarios<\/h2>\n<p>[\/et_pb_text][et_pb_image src=\u00bbhttps:\/\/www.aulablog.com\/blog\/encuentro12\/files\/2015\/04\/Captura-de-pantalla-2017-07-03-a-las-10.45.13.png\u00bb url=\u00bbhttps:\/\/www.aulablog.com\/blog\/encuentro12\/2017\/06\/29\/premio-sekeirox-2017\/\u00bb align=\u00bbcenter\u00bb admin_label=\u00bbImagen\u00bb _builder_version=\u00bb3.0.47&#8243; max_width=\u00bb580px\u00bb max_width_last_edited=\u00bbon|\u00bb animation_style=\u00bbslide\u00bb animation_direction=\u00bbleft\u00bb animation_duration=\u00bb500ms\u00bb animation_intensity_slide=\u00bb10%\u00bb use_border_color=\u00bboff\u00bb border_color=\u00bb#ffffff\u00bb border_style=\u00bbsolid\u00bb animation=\u00bbleft\u00bb sticky=\u00bboff\u00bb][\/et_pb_image][et_pb_text admin_label=\u00bbTexto\u00bb _builder_version=\u00bb3.0.47&#8243; background_size=\u00bbinitial\u00bb background_position=\u00bbtop_left\u00bb background_repeat=\u00bbrepeat\u00bb use_border_color=\u00bboff\u00bb border_color=\u00bb#ffffff\u00bb border_style=\u00bbsolid\u00bb]<\/p>\n<h5><strong>Viernes 7 de julio de 18:00 a 20:00<\/strong><\/h5>\n<ul>\n<li><strong>Muestra\u00a0de experiencias<\/strong>:\n<ol>\n<li><span style=\"font-weight: 400;\">Tutor\u00eda y talento (30m)<\/span><\/li>\n<li><span style=\"font-weight: 400;\">Proyecto MIjas 17 (10m)<\/span><\/li>\n<li>\u00bfTE ATREVES A VIAJAR Y DESCUBRIR? (30m)<\/li>\n<li>flARmenco, una visi\u00f3n aumentada del flamenco por el alumnado de 2\u00ba de ESO del IES Crist\u00f3bal Col\u00f3n &#8211; Pecha Kucha 6\u201940<\/li>\n<li>Impresi\u00f3n 3D: Del plano a la realidad (30m)<\/li>\n<\/ol>\n<\/li>\n<li><strong>Taller de Mapeo<\/strong> &#8211; Javier Monteagudo<\/li>\n<li><strong>Mision Bot y Scracht Junior<\/strong> &#8211; Mar Ser\u00f3n y Nieves Gonz\u00e1lez<\/li>\n<li><strong>Inicia tu PLE<\/strong>: Entorno Personal \/ profesional de aprendizaje &#8211; Antonia Vivas, Itziar Blanco, Asier Astigarraga, Ibone Amorrortu, Covadonga Mart\u00ednez<\/li>\n<li><strong>Touch Cast y Chroma<\/strong> &#8211; Vanesa Mar\u00edn. Loles Huet<\/li>\n<li><strong>De galleta a cookie, \u00bfgamificamos?<\/strong> &#8211; Javier Barba, Jaione Pozuelo<\/li>\n<li><strong>Superpoderes Creativos<\/strong> &#8211; Aitziber Aguirre, Maru Domenech, Garbi\u00f1e Larralde, Berta Mart\u00ednez, Marcos Cadenato<\/li>\n<\/ul>\n<h5><\/h5>\n<h5><strong>S\u00e1bado 8 de julio de 12:00 a 14:00<\/strong><\/h5>\n<ul>\n<li><strong>Taller de Mindfullness<\/strong> &#8211; Adela Camacho<\/li>\n<li><strong>Taller de Makey Makey<\/strong> &#8211; Rafael Garc\u00eda, Ana Mar\u00eda Mart\u00ednez<\/li>\n<li><strong>Taller de Crumble<\/strong> &#8211; Charo Fern\u00e1ndez &#8211; Jos\u00e9 Frutos<\/li>\n<li><strong>Cuida tu PLE: Profesorado curador<\/strong> &#8211; Isidro Vidal &#8211; Asier Astigarraga<\/li>\n<li><strong>Taller de Explain Everything<\/strong> &#8211; Alberto Alameda<\/li>\n<li><strong>\u00bfSalvemos las cookies! Scape room<\/strong>\u00a0&#8211; Clara Cordero, Itziar L\u00f3pez, Nieves Garc\u00eda<\/li>\n<li><strong>Edusapiens<\/strong> &#8211;\u00a0Aitziber Aguirre, Maru Domenech, Garbi\u00f1e Larralde, Berta Mart\u00ednez, Marcos Cadenato<\/li>\n<\/ul>\n<p>&nbsp;<\/p>\n<h5><strong>S\u00e1bado 8 de julio de 16:30 a 18:30<\/strong><\/h5>\n<ul>\n<li><strong>Muestra\u00a0de experiencias<\/strong>:\n<ol>\n<li><span style=\"font-weight: 400;\">De la lista de control a la r\u00fabrica\u2026 (30m) <\/span><\/li>\n<li><span style=\"font-weight: 400;\">Visual Thinking en Formaci\u00f3n Profesional (10m) <\/span><\/li>\n<li><span style=\"font-weight: 400;\">D\u00eda de las letras: Un multiproyecto transversal. (30m)<\/span><\/li>\n<li><span style=\"font-weight: 400;\">Experiencias de kokedama (10m)<\/span><\/li>\n<li><span style=\"font-weight: 400;\">Actividades colaborativas con Padlet &#8211; (Pecha-Kucha 6\u201940)<\/span><span style=\"font-weight: 400;\"><br \/>\n<\/span><\/li>\n<\/ol>\n<\/li>\n<li><strong>Taller de iniciaci\u00f3n a Arduino<\/strong> &#8211; Charo Fern\u00e1ndez<\/li>\n<li><strong>Taller de Impresi\u00f3n en 3D<\/strong> &#8211; Jos\u00e9 Frutos &#8211; Josu Garro<\/li>\n<li><strong>Practica tu PLE: Tareas integradas con TIC<\/strong> &#8211; Javier Ramos, Juli\u00e1n Sanz<\/li>\n<li><strong>Aula del futuro<\/strong> &#8211; Javier Monteagudo, Alberto Alameda<\/li>\n<li><strong>M@ster G@me<\/strong> &#8211; Carlos Gil<\/li>\n<li><strong>Programaci\u00f3n deconstruida<\/strong> &#8211;\u00a0Aitziber Aguirre, Maru Domenech, Garbi\u00f1e Larralde, Berta Mart\u00ednez, Marcos Cadenato<\/li>\n<\/ul>\n<p>&nbsp;<br \/>\n[\/et_pb_text][\/et_pb_column][\/et_pb_row][\/et_pb_section][et_pb_section fb_built=\u00bb1&#8243; background_color=\u00bb#1e73be\u00bb inner_shadow=\u00bbon\u00bb admin_label=\u00bbsection\u00bb _builder_version=\u00bb3.0.47&#8243;][et_pb_row admin_label=\u00bbrow\u00bb _builder_version=\u00bb3.0.47&#8243; background_size=\u00bbinitial\u00bb background_position=\u00bbtop_left\u00bb background_repeat=\u00bbrepeat\u00bb][et_pb_column type=\u00bb4_4&#8243; _builder_version=\u00bb3.0.47&#8243; parallax=\u00bboff\u00bb parallax_method=\u00bbon\u00bb][et_pb_text admin_label=\u00bbTexto\u00bb _builder_version=\u00bb3.0.47&#8243; background_size=\u00bbinitial\u00bb background_position=\u00bbtop_left\u00bb background_repeat=\u00bbrepeat\u00bb use_border_color=\u00bboff\u00bb border_color=\u00bb#ffffff\u00bb border_style=\u00bbsolid\u00bb]&nbsp;<\/p>\n<h1 style=\"text-align: center;\"><span style=\"color: #000000;\">\u00a0<\/span><\/h1>\n<h1 style=\"text-align: center;\"><span style=\"color: #ff9900;\">Espacios de #aulaBLOG17: talleres, experiencias y buenas pr\u00e1cticas<\/span><\/h1>\n<p>[\/et_pb_text][et_pb_slider admin_label=\u00bbDeslizador\u00bb _builder_version=\u00bb3.0.47&#8243; background_size=\u00bbdefault\u00bb background_position=\u00bbdefault\u00bb custom_padding=\u00bb|||\u00bb custom_padding_tablet=\u00bb|||\u00bb custom_padding_phone=\u00bb|||\u00bb box_shadow_style=\u00bbpreset6&#8243; box_shadow_blur=\u00bb10px\u00bb box_shadow_color=\u00bbrgba(0,0,0,0.1)\u00bb remove_inner_shadow=\u00bboff\u00bb hide_content_on_mobile=\u00bboff\u00bb hide_cta_on_mobile=\u00bboff\u00bb show_inner_shadow=\u00bbon\u00bb saved_tabs=\u00bball\u00bb][et_pb_slide heading=\u00bb\u00c1rea sin tecnolog\u00eda- Espacio OFF\u00bb button_text=\u00bbAcceder al \u00e1rea sin tecnolog\u00eda &#8211; Espacio OFF\u00bb button_link=\u00bbhttps:\/\/www.aulablog.com\/blog\/encuentro12\/espacio-off\/\u00bb use_bg_overlay=\u00bboff\u00bb use_text_overlay=\u00bboff\u00bb _builder_version=\u00bb3.0.47&#8243; header_font=\u00bb||||\u00bb body_font=\u00bb||||\u00bb background_color=\u00bb#1e73be\u00bb background_size=\u00bbdefault\u00bb background_position=\u00bbdefault\u00bb custom_button=\u00bboff\u00bb button_icon_placement=\u00bbright\u00bb button_on_hover=\u00bbon\u00bb]En este espacio tendr\u00e1s que dejar a un lado todos tus cachivaches tecnol\u00f3gicos: \u00a1es un espacio libre de tecnolog\u00eda! as\u00ed que fuera m\u00f3viles, tabletas y ordenadores y prep\u00e1rate\u00a0para trabajar libre de distracciones<\/p>\n<p style=\"text-align: center;\">\u00bfAceptas el reto? \ud83d\ude42<\/p>\n<p>[\/et_pb_slide][et_pb_slide heading=\u00bb\u00c1rea de bienvenida &#8211; ESTRENA TU PLE\u00bb button_text=\u00bbAcceder al \u00e1rea de bienvenida &#8211; ESTRENA TU PLE\u00bb button_link=\u00bbhttps:\/\/www.aulablog.com\/blog\/encuentro12\/area-de-bienvenida\/\u00bb use_bg_overlay=\u00bboff\u00bb use_text_overlay=\u00bboff\u00bb _builder_version=\u00bb3.0.47&#8243; header_font=\u00bb||||\u00bb body_font=\u00bb||||\u00bb background_color=\u00bb#dd9933&#8243; background_size=\u00bbdefault\u00bb background_position=\u00bbdefault\u00bb custom_button=\u00bboff\u00bb button_icon_placement=\u00bbright\u00bb button_on_hover=\u00bbon\u00bb]\u00bfEs tu primer aulaBLOG? \u00a0\u00bfa\u00fan no tienes un blog? \u00a0\u00bfhas escuchado hablar de G-Suite\u00a0pero a\u00fan no trabajas con ella? \u00a0\u00bfno te suena ninguna de estas herramientas? \u00a0Pues est\u00e1s de enhorabuena, este es tu espacio. Queremos que te vayas de nuestro encuentro con tu propio lugar\u00a0\u00a0en la red para compartir y trabajar con nosotros y con otros.<\/p>\n<p style=\"text-align: center;\">Todos hemos tenido un comienzo, el tuyo puede estar en este encuentro .<\/p>\n<p style=\"text-align: center;\">\u00bfTe apuntas?<\/p>\n<p>[\/et_pb_slide][et_pb_slide heading=\u00bb\u00c1rea de makers\u00bb button_text=\u00bbAcceder al \u00e1rea de makers\u00bb button_link=\u00bbhttps:\/\/www.aulablog.com\/blog\/encuentro12\/makers-space\/\u00bb use_bg_overlay=\u00bboff\u00bb use_text_overlay=\u00bboff\u00bb _builder_version=\u00bb3.0.47&#8243; header_font=\u00bb||||\u00bb body_font=\u00bb||||\u00bb background_color=\u00bb#1e73be\u00bb background_size=\u00bbdefault\u00bb background_position=\u00bbdefault\u00bb custom_button=\u00bboff\u00bb button_icon_placement=\u00bbright\u00bb button_on_hover=\u00bbon\u00bb]\u00bfTe gusta la programaci\u00f3n\u00bf \u00bfte apasiona montar cacharros? \u00bfte parece genial trastear con drones y robots?<\/p>\n<p>Si la respuesta a alguna de estas preguntas es afirmativa este es tu \u00e1rea. Entra en el espacio\u00a0de \u00abmakers\u00bb y disfruta con nosotros \u00abcacharreando\u00bb con todo tipo de dispositivos: robots, impresoras 3D, arduino, crumble, makey makey, programaci\u00f3n y mucho m\u00e1s..<\/p>\n<p style=\"text-align: center;\">\u00a1Te estamos esperando!<\/p>\n<p>[\/et_pb_slide][et_pb_slide heading=\u00bb\u00c1rea de m-learning\u00bb button_text=\u00bbAccede al \u00e1rea de m-learning\u00bb button_link=\u00bbhttps:\/\/www.aulablog.com\/blog\/encuentro12\/area-m-learning\/\u00bb use_bg_overlay=\u00bboff\u00bb use_text_overlay=\u00bboff\u00bb _builder_version=\u00bb3.0.47&#8243; header_font=\u00bb||||\u00bb body_font=\u00bb||||\u00bb background_color=\u00bb#dd9933&#8243; background_size=\u00bbdefault\u00bb background_position=\u00bbdefault\u00bb custom_button=\u00bboff\u00bb button_icon_placement=\u00bbright\u00bb button_on_hover=\u00bbon\u00bb]\u00bfQuieres aprender nuevas apps para usar en tu clase? \u00bfTe atreves a jugar con nosotros y participar usando tu m\u00f3vil como herramienta de trabajo? \u00a0Si es as\u00ed, este es tu lugar. Aqu\u00ed todo lo haremos con un m\u00f3vil o tableta en las manos: mobile learning, apps, realidad aumentada, video,&#8230; existe\u00a0una app para \u00abcasi\u00bb todo<\/p>\n<p style=\"text-align: center;\">\u00bfLo descubrimos juntos?<\/p>\n<p>[\/et_pb_slide][et_pb_slide heading=\u00bb\u00c1rea de Gamificaci\u00f3n\u00bb button_text=\u00bbAccede al \u00e1rea de gamificaci\u00f3n\u00bb button_link=\u00bbhttps:\/\/www.aulablog.com\/blog\/encuentro12\/gamificacion\/\u00bb use_bg_overlay=\u00bboff\u00bb use_text_overlay=\u00bboff\u00bb _builder_version=\u00bb3.0.47&#8243; header_font=\u00bb||||\u00bb body_font=\u00bb||||\u00bb background_color=\u00bb#1e73be\u00bb background_size=\u00bbdefault\u00bb background_position=\u00bbdefault\u00bb custom_button=\u00bboff\u00bb button_icon_placement=\u00bbright\u00bb button_on_hover=\u00bbon\u00bb]<span style=\"font-weight: 400;\">Como los buenos cocineros, si queremos llegar a lo m\u00e1s alto, debemos sacar el mejor partido posible a nuestros utensilios de cocina. En este \u00e1rea pondremos en pr\u00e1ctica algunas Apps y herramientas online para Gamificar desde el primer d\u00eda. Si has o\u00eddo hablar de gamificaci\u00f3n y quieres aplicarla en clase, este es tu espacio, elige y disfruta.<\/span><\/p>\n<p style=\"text-align: center;\"><span style=\"font-weight: 400;\">\u00bfSer\u00e1s capaz de convertirte en cookie?<\/span><\/p>\n<p>[\/et_pb_slide][et_pb_slide heading=\u00bb\u00c1rea de experiencias\u00bb button_text=\u00bbManda la tuya\u00bb button_link=\u00bbhttps:\/\/www.aulablog.com\/blog\/encuentro12\/experiencias\/\u00bb use_bg_overlay=\u00bboff\u00bb use_text_overlay=\u00bboff\u00bb _builder_version=\u00bb3.0.47&#8243; header_font=\u00bb||||\u00bb body_font=\u00bb||||\u00bb background_color=\u00bb#dd9933&#8243; background_size=\u00bbdefault\u00bb background_position=\u00bbdefault\u00bb custom_button=\u00bboff\u00bb button_icon_placement=\u00bbright\u00bb button_on_hover=\u00bbon\u00bb]En este espacio tendremos la oportunidad de compartir nuestras experiencias y buenas pr\u00e1cticas. usaremos el\u00a0m\u00e9todo de pecha-kucha para mostrar nuestro trabajo de aula y recuerda: visibilizar el trabajo de aula y el trabajo que hacemos puede ser muy \u00fatil para todos.<\/p>\n<p style=\"text-align: center;\">\u00bfTe animas a compartir?<\/p>\n<p>[\/et_pb_slide][et_pb_slide heading=\u00bb\u00c1rea de Escuela Creativa aulaBLOG\u00bb button_text=\u00bbAccede al \u00e1rea de Escuela Creativa aulaBLOG\u00bb button_link=\u00bbhttps:\/\/www.aulablog.com\/blog\/encuentro12\/escuela-creativa-aulablog\/\u00bb use_bg_overlay=\u00bboff\u00bb use_text_overlay=\u00bboff\u00bb _builder_version=\u00bb3.0.47&#8243; header_font=\u00bb||||\u00bb body_font=\u00bb||||\u00bb background_color=\u00bb#1e73be\u00bb background_size=\u00bbdefault\u00bb background_position=\u00bbdefault\u00bb custom_button=\u00bboff\u00bb button_icon_placement=\u00bbright\u00bb button_on_hover=\u00bbon\u00bb]\u00bfSabes qu\u00e9 es el Proyecto\u00a0Escuelas Creativas Adri\u00e0? \u00bfConoces las gu\u00edas did\u00e1cticas?\u00a0Si quieres llevar y desarrollar la creatividad en tu aula, este es tu espacio. Estos\u00a0talleres te ayudar\u00e1n a conocer las gu\u00edas docentes de Escuelas Creativas. Solo necesitar\u00e1s mucho apetito para\u00a0cambiar las cosas, un boli para tomar notas y hambre de pasarlo bien.<\/p>\n<p style=\"text-align: center;\">Desarrolla tus poderes creativos,\u00a0<i><span style=\"font-weight: 400;\">\u00bfCu\u00e1l es tu Super Cookie Power?<\/span><\/i><\/p>\n<p>[\/et_pb_slide][\/et_pb_slider][\/et_pb_column][\/et_pb_row][\/et_pb_section][et_pb_section fb_built=\u00bb1&#8243; admin_label=\u00bbsection\u00bb _builder_version=\u00bb3.0.47&#8243;][et_pb_row admin_label=\u00bbrow\u00bb _builder_version=\u00bb3.0.47&#8243; background_size=\u00bbinitial\u00bb background_position=\u00bbtop_left\u00bb background_repeat=\u00bbrepeat\u00bb][et_pb_column type=\u00bb4_4&#8243; _builder_version=\u00bb3.0.47&#8243; parallax=\u00bboff\u00bb parallax_method=\u00bbon\u00bb][et_pb_image src=\u00bbhttps:\/\/www.aulablog.com\/blog\/encuentro12\/files\/2017\/06\/premio-sekeirox.jpeg\u00bb url=\u00bbhttps:\/\/www.aulablog.com\/blog\/encuentro12\/2017\/06\/29\/premio-sekeirox-2017\/\u00bb align=\u00bbcenter\u00bb admin_label=\u00bbImagen\u00bb _builder_version=\u00bb3.0.47&#8243; max_width=\u00bb580px\u00bb max_width_last_edited=\u00bbon|\u00bb animation_style=\u00bbslide\u00bb animation_direction=\u00bbleft\u00bb animation_duration=\u00bb500ms\u00bb animation_intensity_slide=\u00bb10%\u00bb use_border_color=\u00bboff\u00bb border_color=\u00bb#ffffff\u00bb border_style=\u00bbsolid\u00bb animation=\u00bbleft\u00bb sticky=\u00bboff\u00bb][\/et_pb_image][et_pb_text admin_label=\u00bbTexto\u00bb _builder_version=\u00bb3.0.47&#8243; background_size=\u00bbinitial\u00bb background_position=\u00bbtop_left\u00bb background_repeat=\u00bbrepeat\u00bb use_border_color=\u00bboff\u00bb border_color=\u00bb#ffffff\u00bb border_style=\u00bbsolid\u00bb]<\/p>\n<h4 style=\"text-align: left;\"><span style=\"color: #000000;\"><span style=\"font-weight: 400;\">El <\/span><a href=\"http:\/\/www.aulablog.com\/blog\/edublogs11\/2011\/07\/07\/nuestro-homenaje-a-carlos-santos-en-aulablog11\/\"><span style=\"font-weight: 400;\">Premio Sekeirox<\/span><\/a><span style=\"font-weight: 400;\">\u00a0fue creado por aulaBLOG\u00a0en el a\u00f1o 2011 en honor a nuestro compa\u00f1ero <\/span><a href=\"http:\/\/recordandoacarlos.blogspot.com\/\"><span style=\"font-weight: 400;\">Carlos Santos<\/span><\/a><span style=\"font-weight: 400;\">, conocido por su nombre de bloguero <\/span><a href=\"https:\/\/sekeirox.blogia.com\/\"><span style=\"font-weight: 400;\">Sekeirox<\/span><\/a><span style=\"font-weight: 400;\">, que nos abandon\u00f3 un a\u00f1o antes y trabaj\u00f3 por la mejora de la Educaci\u00f3n en su Galicia natal. El Premio&#8230;.<\/span><br \/>\n<\/span><\/h4>\n<p><strong><a href=\"https:\/\/www.aulablog.com\/blog\/encuentro12\/2017\/06\/29\/premio-sekeirox-2017\/\">Sigue leyendo<\/a><\/strong><br \/>\n[\/et_pb_text][\/et_pb_column][\/et_pb_row][\/et_pb_section][et_pb_section fb_built=\u00bb1&#8243; fullwidth=\u00bbon\u00bb admin_label=\u00bbsection\u00bb _builder_version=\u00bb3.0.47&#8243;][et_pb_fullwidth_menu menu_id=\u00bb2&#8243; submenu_direction=\u00bbupwards\u00bb admin_label=\u00bbMen\u00fa de anchura completa\u00bb _builder_version=\u00bb3.0.47&#8243; text_orientation=\u00bbcenter\u00bb background_color=\u00bb#ffffff\u00bb][\/et_pb_fullwidth_menu][\/et_pb_section][et_pb_section fb_built=\u00bb1&#8243; background_color=\u00bb#dd9933&#8243; admin_label=\u00bbsection\u00bb _builder_version=\u00bb3.0.47&#8243;][et_pb_row admin_label=\u00bbrow\u00bb _builder_version=\u00bb3.0.47&#8243; background_size=\u00bbinitial\u00bb background_position=\u00bbtop_left\u00bb background_repeat=\u00bbrepeat\u00bb][et_pb_column type=\u00bb2_3&#8243; _builder_version=\u00bb3.0.47&#8243; parallax=\u00bboff\u00bb parallax_method=\u00bbon\u00bb][et_pb_countdown_timer title=\u00bbD\u00edas que faltan para el encuentro:\u00bb date_time=\u00bb07\/07\/2017 00:00&#8243; background_color=\u00bb#dd9933&#8243; admin_label=\u00bbTemporizador de cuenta atr\u00e1s\u00bb _builder_version=\u00bb3.0.47&#8243; background_size=\u00bbinitial\u00bb background_position=\u00bbtop_left\u00bb background_repeat=\u00bbrepeat\u00bb][\/et_pb_countdown_timer][\/et_pb_column][et_pb_column type=\u00bb1_3&#8243; _builder_version=\u00bb3.0.47&#8243; parallax=\u00bboff\u00bb parallax_method=\u00bbon\u00bb][et_pb_blurb image=\u00bbhttps:\/\/www.aulablog.com\/blog\/encuentro12\/files\/2017\/05\/image_uploaded_from_ios_1024.jpg\u00bb alt=\u00bbEncuentro aulaBLOG\u00bb admin_label=\u00bbBlurb\u00bb _builder_version=\u00bb3.0.47&#8243; background_size=\u00bbinitial\u00bb background_position=\u00bbtop_left\u00bb background_repeat=\u00bbrepeat\u00bb text_orientation=\u00bbcenter\u00bb][\/et_pb_blurb][\/et_pb_column][\/et_pb_row][\/et_pb_section]<\/p>\n","protected":false},"excerpt":{"rendered":"<p>\u00a1\u00a1\u00a1Energ\u00eda para tu aula!!! Espacios aulaBLOG &#8211; Horarios Viernes 7 de julio de 18:00 a 20:00 Muestra\u00a0de experiencias: Tutor\u00eda y talento (30m) Proyecto MIjas 17 (10m) \u00bfTE ATREVES A VIAJAR Y DESCUBRIR? (30m) flARmenco, una visi\u00f3n aumentada del flamenco por el alumnado de 2\u00ba de ESO del IES Crist\u00f3bal Col\u00f3n &#8211; Pecha Kucha 6\u201940 Impresi\u00f3n [&hellip;]<\/p>\n","protected":false},"author":1,"featured_media":0,"parent":0,"menu_order":0,"comment_status":"open","ping_status":"open","template":"","meta":{"_et_pb_use_builder":"on","_et_pb_old_content":"","_et_gb_content_width":"","footnotes":""},"class_list":["post-37","page","type-page","status-publish","hentry"],"_links":{"self":[{"href":"https:\/\/www.aulablog.com\/blog\/encuentro12\/wp-json\/wp\/v2\/pages\/37","targetHints":{"allow":["GET"]}}],"collection":[{"href":"https:\/\/www.aulablog.com\/blog\/encuentro12\/wp-json\/wp\/v2\/pages"}],"about":[{"href":"https:\/\/www.aulablog.com\/blog\/encuentro12\/wp-json\/wp\/v2\/types\/page"}],"author":[{"embeddable":true,"href":"https:\/\/www.aulablog.com\/blog\/encuentro12\/wp-json\/wp\/v2\/users\/1"}],"replies":[{"embeddable":true,"href":"https:\/\/www.aulablog.com\/blog\/encuentro12\/wp-json\/wp\/v2\/comments?post=37"}],"version-history":[{"count":72,"href":"https:\/\/www.aulablog.com\/blog\/encuentro12\/wp-json\/wp\/v2\/pages\/37\/revisions"}],"predecessor-version":[{"id":709,"href":"https:\/\/www.aulablog.com\/blog\/encuentro12\/wp-json\/wp\/v2\/pages\/37\/revisions\/709"}],"wp:attachment":[{"href":"https:\/\/www.aulablog.com\/blog\/encuentro12\/wp-json\/wp\/v2\/media?parent=37"}],"curies":[{"name":"wp","href":"https:\/\/api.w.org\/{rel}","templated":true}]}}