{"id":721,"date":"2017-06-10T16:15:41","date_gmt":"2017-06-10T16:15:41","guid":{"rendered":"http:\/\/www.aulablog.com\/blog\/encuentro12\/?page_id=721"},"modified":"2017-06-10T16:25:55","modified_gmt":"2017-06-10T16:25:55","slug":"gamificacion","status":"publish","type":"page","link":"https:\/\/www.aulablog.com\/blog\/encuentro12\/gamificacion\/","title":{"rendered":"\u00c1rea de Gamificaci\u00f3n"},"content":{"rendered":"<p>[et_pb_section bb_built=\u00bb1&#8243; admin_label=\u00bbsection\u00bb fullwidth=\u00bboff\u00bb specialty=\u00bboff\u00bb][et_pb_row admin_label=\u00bbrow\u00bb][et_pb_column type=\u00bb1_3&#8243;][et_pb_text admin_label=\u00bbTexto\u00bb background_layout=\u00bblight\u00bb text_orientation=\u00bbleft\u00bb use_border_color=\u00bboff\u00bb border_color=\u00bb#ffffff\u00bb border_style=\u00bbsolid\u00bb]<\/p>\n<p>&nbsp;<\/p>\n<p><img loading=\"lazy\" decoding=\"async\" class=\"aligncenter wp-image-723\" src=\"https:\/\/www.aulablog.com\/blog\/encuentro12\/files\/2017\/06\/gamification-300x133.jpg\" alt=\"\" width=\"397\" height=\"176\" srcset=\"https:\/\/www.aulablog.com\/blog\/encuentro12\/files\/2017\/06\/gamification-300x133.jpg 300w, https:\/\/www.aulablog.com\/blog\/encuentro12\/files\/2017\/06\/gamification.jpg 700w\" sizes=\"(max-width: 397px) 100vw, 397px\" \/><\/p>\n<p>&nbsp;<\/p>\n<p>[\/et_pb_text][\/et_pb_column][et_pb_column type=\u00bb2_3&#8243;][et_pb_text admin_label=\u00bbTexto\u00bb background_layout=\u00bblight\u00bb text_orientation=\u00bbleft\u00bb use_border_color=\u00bboff\u00bb border_color=\u00bb#ffffff\u00bb border_style=\u00bbsolid\u00bb]<\/p>\n<div class=\"et_pb_slide_content\">\n<p><span style=\"font-weight: 400;\">Como los buenos cocineros, si queremos llegar a lo m\u00e1s alto, debemos sacar el mejor partido posible a nuestros utensilios de cocina. En este \u00e1rea pondremos en pr\u00e1ctica algunas Apps y herramientas online para Gamificar desde el primer d\u00eda. Si has o\u00eddo hablar de gamificaci\u00f3n y quieres aplicarla en clase, este es tu espacio, elige y disfruta.<\/span><\/p>\n<p style=\"text-align: center;\"><span style=\"font-weight: 400;\">\u00bfSer\u00e1s capaz de convertirte en cookie?<\/span><\/p>\n<\/div>\n<p>[\/et_pb_text][\/et_pb_column][\/et_pb_row][\/et_pb_section][et_pb_section bb_built=\u00bb1&#8243; admin_label=\u00bbsection\u00bb fullwidth=\u00bbon\u00bb specialty=\u00bboff\u00bb transparent_background=\u00bboff\u00bb background_color=\u00bb#1e73be\u00bb allow_player_pause=\u00bboff\u00bb inner_shadow=\u00bboff\u00bb parallax=\u00bboff\u00bb parallax_method=\u00bboff\u00bb][et_pb_fullwidth_header admin_label=\u00bbT\u00edtulo de anchura completa\u00bb title=\u00bbTALLERES: Gamificaci\u00f3n\u00bb subhead=\u00bbEspacio gamificado\u00bb background_layout=\u00bbdark\u00bb text_orientation=\u00bbcenter\u00bb header_fullscreen=\u00bboff\u00bb parallax=\u00bboff\u00bb parallax_method=\u00bboff\u00bb header_scroll_down=\u00bboff\u00bb image_orientation=\u00bbcenter\u00bb content_orientation=\u00bbcenter\u00bb custom_button_one=\u00bboff\u00bb button_one_letter_spacing=\u00bb0&#8243; button_one_use_icon=\u00bbdefault\u00bb button_one_icon_placement=\u00bbright\u00bb button_one_on_hover=\u00bbon\u00bb button_one_letter_spacing_hover=\u00bb0&#8243; custom_button_two=\u00bboff\u00bb button_two_letter_spacing=\u00bb0&#8243; button_two_use_icon=\u00bbdefault\u00bb button_two_icon_placement=\u00bbright\u00bb button_two_on_hover=\u00bbon\u00bb button_two_letter_spacing_hover=\u00bb0&#8243; \/][\/et_pb_section][et_pb_section bb_built=\u00bb1&#8243; admin_label=\u00bbsection\u00bb fullwidth=\u00bboff\u00bb specialty=\u00bboff\u00bb transparent_background=\u00bboff\u00bb background_color=\u00bb#ffffff\u00bb allow_player_pause=\u00bboff\u00bb inner_shadow=\u00bboff\u00bb parallax=\u00bboff\u00bb parallax_method=\u00bboff\u00bb][et_pb_row admin_label=\u00bbrow\u00bb][et_pb_column type=\u00bb1_3&#8243;][et_pb_blurb admin_label=\u00bbAnuncio\u00bb title=\u00bb\u00a1Salvemos las cookies! Escape room\u00bb url_new_window=\u00bboff\u00bb use_icon=\u00bbon\u00bb font_icon=\u00bbR\u00bb icon_color=\u00bb#ffffff\u00bb use_circle=\u00bbon\u00bb circle_color=\u00bb#81d742&#8243; use_circle_border=\u00bbon\u00bb circle_border_color=\u00bb#ffffff\u00bb icon_placement=\u00bbtop\u00bb animation=\u00bbtop\u00bb background_layout=\u00bblight\u00bb text_orientation=\u00bbleft\u00bb use_icon_font_size=\u00bboff\u00bb use_border_color=\u00bboff\u00bb border_color=\u00bb#ffffff\u00bb border_style=\u00bbsolid\u00bb] <div class='et-learn-more et-open clearfix'>\n\t\t\t\t\t<h3 class='heading-more open'>Descripci\u00f3n<span class='et_learnmore_arrow'><span><\/span><\/span><\/h3>\n\t\t\t\t\t<div class='learn-more-content'><p><span style=\"font-weight: 400;\">\u00a1Las cookies est\u00e1n en peligro!<\/span><\/p>\n<p><span style=\"font-weight: 400;\"> El principal motor del pueblo se ve amenazado por una nueva banda terrorista, Los Ortorexia, que han decidido poner fin al reinado de este tipo de alimentaci\u00f3n que nos hace tan felices. <\/span><\/p>\n<p><span style=\"font-weight: 400;\">Pero no estamos solos. Contamos con la ayuda de nuestros ancestros para resolver la situaci\u00f3n. Una antigua f\u00e1brica galletera ser\u00e1 nuestro escenario. Los minutos cuentan, los segundos pueden ser definitivos para resolver el misterio de la Gran Receta de Cookies. La que definitivamente logre el consenso de todos en cuanto a nutrici\u00f3n, calidad y salud.<\/span><\/p>\n<p><span style=\"font-weight: 400;\">\u00bfTe apuntas al reto?<\/span><\/p>\n<p style=\"text-align: justify;\"><\/div>\n\t\t\t\t<\/div><div class='et-learn-more clearfix'>\n\t\t\t\t\t<h3 class='heading-more'>Material necesario<span class='et_learnmore_arrow'><span><\/span><\/span><\/h3>\n\t\t\t\t\t<div class='learn-more-content'><ul>\n<li>Un dispositivo m\u00f3vil, smartphone o tableta.<\/li>\n<li><span style=\"font-weight: 400;\">Lector QR (bidi) descargado en el dispositivo m\u00f3vil que se utilice.<\/span><\/li>\n<li><span style=\"font-weight: 400;\">Ilusi\u00f3n y ganas. <\/span><\/li>\n<\/ul>\n<p style=\"text-align: justify;\"><\/div>\n\t\t\t\t<\/div><\/p>\n<p style=\"text-align: justify;\">[\/et_pb_blurb][\/et_pb_column][et_pb_column type=\u00bb1_3&#8243;][et_pb_blurb admin_label=\u00bbAnuncio\u00bb title=\u00bbDe galleta a cookie, \u00bfgamificamos?\u00bb url_new_window=\u00bboff\u00bb use_icon=\u00bbon\u00bb font_icon=\u00bb\ue007\u00bb icon_color=\u00bb#ffffff\u00bb use_circle=\u00bbon\u00bb circle_color=\u00bb#81d742&#8243; use_circle_border=\u00bbon\u00bb circle_border_color=\u00bb#ffffff\u00bb icon_placement=\u00bbtop\u00bb animation=\u00bbtop\u00bb background_layout=\u00bblight\u00bb text_orientation=\u00bbleft\u00bb use_icon_font_size=\u00bboff\u00bb use_border_color=\u00bboff\u00bb border_color=\u00bb#ffffff\u00bb border_style=\u00bbsolid\u00bb] <div class='et-learn-more clearfix'>\n\t\t\t\t\t<h3 class='heading-more'>Descripci\u00f3n<span class='et_learnmore_arrow'><span><\/span><\/span><\/h3>\n\t\t\t\t\t<div class='learn-more-content'><p><span style=\"font-weight: 400;\">Si has o\u00eddo hablar de gamificaci\u00f3n y quieres aplicarla en clase, \u00a1este es tu taller! A trav\u00e9s de una experiencia gamificada, podr\u00e1s vivir en primera persona que es lo que sienten los alumnos cuando sus profes gamifican.<\/span><\/p>\n<p><span style=\"font-weight: 400;\">Veremos los aspectos m\u00e1s importantes en un proyecto de este tipo: creaci\u00f3n de equipos, tipos de jugadores, retos, insignias, narrativa, niveles, puntos, din\u00e1micas, mec\u00e1nicas de juego, etc. <\/span><\/p>\n<p><span style=\"font-weight: 400;\">\u00bfSer\u00e1s capaz de convertirte en cookie?<\/span><\/p>\n<p style=\"text-align: justify;\"><div class='et-learn-more clearfix'>\n\t\t\t\t\t<h3 class='heading-more'>Material necesario<span class='et_learnmore_arrow'><span><\/span><\/span><\/h3>\n\t\t\t\t\t<div class='learn-more-content'><\/div>\n\t\t\t\t<\/div><\/p>\n<ul>\n<li style=\"font-weight: 400;\"><span style=\"font-weight: 400;\">Una galleta.<\/span><\/li>\n<li style=\"font-weight: 400;\"><span style=\"font-weight: 400;\">Ganas de colaborar y pasarlo bien.<\/span><\/li>\n<li style=\"font-weight: 400;\"><span style=\"font-weight: 400;\">Un tel\u00e9fono m\u00f3vil con lector de c\u00f3digos QR<\/span><\/li>\n<\/ul>\n<p style=\"text-align: justify;\"><\/div>\n\t\t\t\t<\/div><\/p>\n<p style=\"text-align: justify;\">[\/et_pb_blurb][\/et_pb_column][et_pb_column type=\u00bb1_3&#8243;][et_pb_blurb admin_label=\u00bbAnuncio\u00bb url_new_window=\u00bboff\u00bb use_icon=\u00bbon\u00bb font_icon=\u00bb%%166%%\u00bb icon_color=\u00bb#ffffff\u00bb use_circle=\u00bbon\u00bb circle_color=\u00bb#eeee22&#8243; use_circle_border=\u00bbon\u00bb circle_border_color=\u00bb#ffffff\u00bb icon_placement=\u00bbtop\u00bb animation=\u00bbtop\u00bb background_layout=\u00bblight\u00bb text_orientation=\u00bbleft\u00bb title=\u00bb M@STER G@ME\u00bb use_icon_font_size=\u00bboff\u00bb use_border_color=\u00bboff\u00bb border_color=\u00bb#ffffff\u00bb border_style=\u00bbsolid\u00bb]<\/p>\n<div class='et-learn-more clearfix'>\n\t\t\t\t\t<h3 class='heading-more'>Descripci\u00f3n<span class='et_learnmore_arrow'><span><\/span><\/span><\/h3>\n\t\t\t\t\t<div class='learn-more-content'><p><span style=\"font-weight: 400;\">&#8211; 3, 2, 1\u2026 Aspirantes, \u00a1a Gamificar! Ahora que ya sab\u00e9is qu\u00e9 es la Gamificaci\u00f3n, debemos convertirnos en aut\u00e9nticos expertos en la materia, o por lo menos, intentarlo. Como los buenos cocineros, si queremos llegar a lo m\u00e1s alto, debemos sacar el mejor partido posible a nuestros utensilios de cocina. En este taller pondremos en pr\u00e1ctica algunas Apps y herramientas online para Gamificar desde el primer d\u00eda. \u00a0<\/span><\/p>\n<p style=\"text-align: justify;\"><div class='et-learn-more clearfix'>\n\t\t\t\t\t<h3 class='heading-more'>Material necesario<span class='et_learnmore_arrow'><span><\/span><\/span><\/h3>\n\t\t\t\t\t<div class='learn-more-content'><\/div>\n\t\t\t\t<\/div><\/p>\n<ul>\n<li style=\"font-weight: 400;\"><span style=\"font-weight: 400;\">M\u00f3vil o Tablet (Por persona). Port\u00e1til (1 por grupo: 3\/4 personas)<\/span><\/li>\n<li style=\"font-weight: 400;\"><span style=\"font-weight: 400;\">Ganas e ilusi\u00f3n por aprender. \u00a0<\/span><\/li>\n<\/ul>\n<p style=\"text-align: justify;\"><\/div>\n\t\t\t\t<\/div>\n<p style=\"text-align: justify;\">\n<p style=\"text-align: justify;\">[\/et_pb_blurb][\/et_pb_column][\/et_pb_row][\/et_pb_section]<\/p>\n","protected":false},"excerpt":{"rendered":"<p>&nbsp; &nbsp; Como los buenos cocineros, si queremos llegar a lo m\u00e1s alto, debemos sacar el mejor partido posible a nuestros utensilios de cocina. En este \u00e1rea pondremos en pr\u00e1ctica algunas Apps y herramientas online para Gamificar desde el primer d\u00eda. Si has o\u00eddo hablar de gamificaci\u00f3n y quieres aplicarla en clase, este es tu [&hellip;]<\/p>\n","protected":false},"author":1,"featured_media":0,"parent":0,"menu_order":0,"comment_status":"open","ping_status":"closed","template":"","meta":{"_et_pb_use_builder":"on","_et_pb_old_content":"<p>[et_pb_section fullwidth=\"off\" specialty=\"off\"][et_pb_row][et_pb_column type=\"1_3\"][et_pb_text admin_label=\"Texto\" background_layout=\"light\" text_orientation=\"left\"]<\/p><p><img class=\"aligncenter wp-image-300 size-full\" src=\"http:\/\/www.aulablog.com\/blog\/encuentro12\/files\/2015\/05\/AREAMLEARNING.jpg\" alt=\"AREAMLEARNING\" width=\"800\" height=\"566\" \/><\/p><p>[\/et_pb_text][\/et_pb_column][et_pb_column type=\"2_3\"][et_pb_text admin_label=\"Texto\" background_layout=\"light\" text_orientation=\"left\"]<\/p><div class=\"et_pb_slide_content\"><p style=\"text-align: justify;\">\u00bfQuieres aprender nuevas apps para usar en tu clase? \u00bfTe atreves a jugar con nosotros y participar en un gymkana por todo el centro usando tu m\u00f3vil? \u00a0Si es as\u00ed, este es tu lugar. Aqu\u00ed todo lo haremos con un m\u00f3vil o tableta en las manos: m-learning, apps, realidad aumentada, video, radio\u2026 existe\u00a0una app para \u201ccasi\u201d todo<\/p><p style=\"text-align: justify;\">Siempre hay nuevos m\u00e9todos, nuevas tendencias, nuevas metodolog\u00edas o simplemente una revisi\u00f3n actualizada de lo anterior. En este espacio nos acercaremos a temas como los paisajes de aprendizaje, el flipped classroom o los portfolios. Hay que estar atentos a lo que hacen otros\u00a0\u00bfno te parece?<\/p><p style=\"text-align: justify;\">\u00bfLo descubrimos juntos?<\/p><\/div><p>[\/et_pb_text][\/et_pb_column][\/et_pb_row][\/et_pb_section][et_pb_section fullwidth=\"on\" specialty=\"off\" transparent_background=\"off\" background_color=\"#1e73be\" allow_player_pause=\"off\" inner_shadow=\"off\" parallax=\"off\" parallax_method=\"off\"][et_pb_fullwidth_header admin_label=\"T\u00edtulo de anchura completa\" title=\"TALLERES: M-LEARNING\" subhead=\"\u00c1rea tecnol\u00f3gica\" background_layout=\"dark\" text_orientation=\"center\" \/][\/et_pb_section][et_pb_section fullwidth=\"off\" specialty=\"off\" transparent_background=\"off\" background_color=\"#ffffff\" allow_player_pause=\"off\" inner_shadow=\"off\" parallax=\"off\" parallax_method=\"off\"][et_pb_row][et_pb_column type=\"1_4\"][et_pb_blurb admin_label=\"Anuncio\" title=\"Evaluar con Apps\" url_new_window=\"off\" use_icon=\"on\" font_icon=\"R\" icon_color=\"#ffffff\" use_circle=\"on\" circle_color=\"#81d742\" use_circle_border=\"on\" circle_border_color=\"#ffffff\" icon_placement=\"top\" animation=\"top\" background_layout=\"light\" text_orientation=\"left\"][learn_more caption=\"Descripci\u00f3n\" state=\"open\"]<\/p><p>Desde la normativa m\u00e1s ortodoxa hasta la pedagog\u00eda m\u00e1s innovadora, siempre se suele entender la evaluaci\u00f3n bajo conceptos como 'reconocer, explicar, razonar, exponer, utilizar, aplicar, investigar'. Todos estos son verbos de 'acci\u00f3n' que requieren de forma obligatoria 'observar' al alumnado. Pues bien, con UNA sola tablets podemos mejorar fundamentalmente nuestra manera de evaluar.....<\/p><p style=\"text-align: justify;\">[\/learn_more][learn_more caption=\"Contenidos\" state=\"close\"]<\/p><ul><li>Cuadernos digitales<\/li><li>Apps para completar la observaci\u00f3n en clase:<br \/> - Etiquetado de recursos<br \/> - R\u00fabricas<br \/> - LMS<br \/> - Blogs de alumno\/a<\/li><li>Pedagog\u00eda SAMR<\/li><\/ul><p style=\"text-align: justify;\">[\/learn_more]<\/p><p style=\"text-align: justify;\">[\/et_pb_blurb][\/et_pb_column][et_pb_column type=\"1_4\"][et_pb_blurb admin_label=\"Anuncio\" title=\"CreAPPtividad\" url_new_window=\"off\" use_icon=\"on\" font_icon=\"\ue007\" icon_color=\"#ffffff\" use_circle=\"on\" circle_color=\"#81d742\" use_circle_border=\"on\" circle_border_color=\"#ffffff\" icon_placement=\"top\" animation=\"top\" background_layout=\"light\" text_orientation=\"left\"][learn_more caption=\"Descripci\u00f3n\" state=\"close\"]<\/p><p>Pendiente...<\/p><p style=\"text-align: justify;\">[\/learn_more]<\/p><p style=\"text-align: justify;\">[\/et_pb_blurb][\/et_pb_column][et_pb_column type=\"1_4\"][et_pb_blurb admin_label=\"Anuncio\" url_new_window=\"off\" use_icon=\"on\" font_icon=\"\ue007\" icon_color=\"#ffffff\" use_circle=\"on\" circle_color=\"#eeee22\" use_circle_border=\"on\" circle_border_color=\"#ffffff\" icon_placement=\"top\" animation=\"top\" background_layout=\"light\" text_orientation=\"left\" title=\"Flippear tu clase\"][learn_more caption=\"Descripci\u00f3n\" state=\"close\"]<\/p><p>Pendiente...<\/p><p style=\"text-align: justify;\">[\/learn_more]<\/p><p style=\"text-align: justify;\">[\/et_pb_blurb][\/et_pb_column][et_pb_column type=\"1_4\"][\/et_pb_column][\/et_pb_row][\/et_pb_section]<\/p>","_et_gb_content_width":"","footnotes":""},"class_list":["post-721","page","type-page","status-publish","hentry"],"_links":{"self":[{"href":"https:\/\/www.aulablog.com\/blog\/encuentro12\/wp-json\/wp\/v2\/pages\/721","targetHints":{"allow":["GET"]}}],"collection":[{"href":"https:\/\/www.aulablog.com\/blog\/encuentro12\/wp-json\/wp\/v2\/pages"}],"about":[{"href":"https:\/\/www.aulablog.com\/blog\/encuentro12\/wp-json\/wp\/v2\/types\/page"}],"author":[{"embeddable":true,"href":"https:\/\/www.aulablog.com\/blog\/encuentro12\/wp-json\/wp\/v2\/users\/1"}],"replies":[{"embeddable":true,"href":"https:\/\/www.aulablog.com\/blog\/encuentro12\/wp-json\/wp\/v2\/comments?post=721"}],"version-history":[{"count":5,"href":"https:\/\/www.aulablog.com\/blog\/encuentro12\/wp-json\/wp\/v2\/pages\/721\/revisions"}],"predecessor-version":[{"id":728,"href":"https:\/\/www.aulablog.com\/blog\/encuentro12\/wp-json\/wp\/v2\/pages\/721\/revisions\/728"}],"wp:attachment":[{"href":"https:\/\/www.aulablog.com\/blog\/encuentro12\/wp-json\/wp\/v2\/media?parent=721"}],"curies":[{"name":"wp","href":"https:\/\/api.w.org\/{rel}","templated":true}]}}