{"id":729,"date":"2017-06-10T16:38:53","date_gmt":"2017-06-10T16:38:53","guid":{"rendered":"http:\/\/www.aulablog.com\/blog\/encuentro12\/?page_id=729"},"modified":"2017-06-15T15:37:59","modified_gmt":"2017-06-15T15:37:59","slug":"escuela-creativa-aulablog","status":"publish","type":"page","link":"https:\/\/www.aulablog.com\/blog\/encuentro12\/escuela-creativa-aulablog\/","title":{"rendered":"\u00c1rea de Escuela Creativa aulaBLOG"},"content":{"rendered":"<p>[et_pb_section bb_built=\u00bb1&#8243; admin_label=\u00bbsection\u00bb fullwidth=\u00bboff\u00bb specialty=\u00bboff\u00bb][et_pb_row admin_label=\u00bbrow\u00bb][et_pb_column type=\u00bb1_3&#8243;][et_pb_text admin_label=\u00bbTexto\u00bb background_layout=\u00bblight\u00bb text_orientation=\u00bbleft\u00bb use_border_color=\u00bboff\u00bb border_color=\u00bb#ffffff\u00bb border_style=\u00bbsolid\u00bb]<\/p>\n<p>&nbsp;<\/p>\n<p>&nbsp;<\/p>\n<p><img loading=\"lazy\" decoding=\"async\" class=\"aligncenter wp-image-731\" src=\"https:\/\/www.aulablog.com\/blog\/encuentro12\/files\/2017\/06\/logo-escuelas-creativas-300x142.jpg\" alt=\"\" width=\"548\" height=\"259\" srcset=\"https:\/\/www.aulablog.com\/blog\/encuentro12\/files\/2017\/06\/logo-escuelas-creativas-300x142.jpg 300w, https:\/\/www.aulablog.com\/blog\/encuentro12\/files\/2017\/06\/logo-escuelas-creativas-768x363.jpg 768w, https:\/\/www.aulablog.com\/blog\/encuentro12\/files\/2017\/06\/logo-escuelas-creativas-1080x511.jpg 1080w, https:\/\/www.aulablog.com\/blog\/encuentro12\/files\/2017\/06\/logo-escuelas-creativas.jpg 1100w\" sizes=\"(max-width: 548px) 100vw, 548px\" \/><\/p>\n<p>&nbsp;<\/p>\n<p>&nbsp;<\/p>\n<p>[\/et_pb_text][\/et_pb_column][et_pb_column type=\u00bb2_3&#8243;][et_pb_text admin_label=\u00bbTexto\u00bb background_layout=\u00bblight\u00bb text_orientation=\u00bbleft\u00bb use_border_color=\u00bboff\u00bb border_color=\u00bb#ffffff\u00bb border_style=\u00bbsolid\u00bb]<\/p>\n<p>&nbsp;<\/p>\n<div class=\"et_pb_slide_content\">\n<p>\u00bfSabes qu\u00e9 es el Proyecto\u00a0Escuelas Creativas Adri\u00e0? \u00bfConoces las gu\u00edas did\u00e1cticas?\u00a0Si quieres llevar y desarrollar la creatividad en tu aula, este es tu espacio. Estos\u00a0talleres te ayudar\u00e1n a conocer las gu\u00edas docentes de Escuelas Creativas. Solo necesitar\u00e1s mucho apetito para\u00a0cambiar las cosas, un boli para tomar notas y hambre de pasarlo bien.<\/p>\n<p style=\"text-align: center;\">Desarrolla tus poderes creativos,\u00a0<i><span style=\"font-weight: 400;\">\u00bfCu\u00e1l es tu Super Cookie Power?<\/span><\/i><\/p>\n<\/div>\n<p>&nbsp;<\/p>\n<p>[\/et_pb_text][\/et_pb_column][\/et_pb_row][\/et_pb_section][et_pb_section bb_built=\u00bb1&#8243; admin_label=\u00bbsection\u00bb fullwidth=\u00bbon\u00bb specialty=\u00bboff\u00bb transparent_background=\u00bboff\u00bb background_color=\u00bb#1e73be\u00bb allow_player_pause=\u00bboff\u00bb inner_shadow=\u00bboff\u00bb parallax=\u00bboff\u00bb parallax_method=\u00bboff\u00bb][et_pb_fullwidth_header admin_label=\u00bbT\u00edtulo de anchura completa\u00bb title=\u00bbTALLERES: Escuela Creativa aulaBLOG\u00bb subhead=\u00bbEspacio Creativo\u00bb background_layout=\u00bbdark\u00bb text_orientation=\u00bbcenter\u00bb header_fullscreen=\u00bboff\u00bb parallax=\u00bboff\u00bb parallax_method=\u00bboff\u00bb header_scroll_down=\u00bboff\u00bb image_orientation=\u00bbcenter\u00bb content_orientation=\u00bbcenter\u00bb custom_button_one=\u00bboff\u00bb button_one_letter_spacing=\u00bb0&#8243; button_one_use_icon=\u00bbdefault\u00bb button_one_icon_placement=\u00bbright\u00bb button_one_on_hover=\u00bbon\u00bb button_one_letter_spacing_hover=\u00bb0&#8243; custom_button_two=\u00bboff\u00bb button_two_letter_spacing=\u00bb0&#8243; button_two_use_icon=\u00bbdefault\u00bb button_two_icon_placement=\u00bbright\u00bb button_two_on_hover=\u00bbon\u00bb button_two_letter_spacing_hover=\u00bb0&#8243; \/][\/et_pb_section][et_pb_section bb_built=\u00bb1&#8243; admin_label=\u00bbsection\u00bb fullwidth=\u00bboff\u00bb specialty=\u00bboff\u00bb transparent_background=\u00bboff\u00bb background_color=\u00bb#ffffff\u00bb allow_player_pause=\u00bboff\u00bb inner_shadow=\u00bboff\u00bb parallax=\u00bboff\u00bb parallax_method=\u00bboff\u00bb][et_pb_row admin_label=\u00bbrow\u00bb][et_pb_column type=\u00bb1_3&#8243;][et_pb_blurb admin_label=\u00bbAnuncio\u00bb title=\u00bbSuperpoderes Creativos\u00bb url_new_window=\u00bboff\u00bb use_icon=\u00bbon\u00bb font_icon=\u00bb%%154%%\u00bb icon_color=\u00bb#ffffff\u00bb use_circle=\u00bbon\u00bb circle_color=\u00bb#81d742&#8243; use_circle_border=\u00bbon\u00bb circle_border_color=\u00bb#ffffff\u00bb icon_placement=\u00bbtop\u00bb animation=\u00bbtop\u00bb background_layout=\u00bblight\u00bb text_orientation=\u00bbleft\u00bb use_icon_font_size=\u00bboff\u00bb use_border_color=\u00bboff\u00bb border_color=\u00bb#ffffff\u00bb border_style=\u00bbsolid\u00bb] <div class='et-learn-more et-open clearfix'>\n\t\t\t\t\t<h3 class='heading-more open'>Descripci\u00f3n<span class='et_learnmore_arrow'><span><\/span><\/span><\/h3>\n\t\t\t\t\t<div class='learn-more-content'><p><img loading=\"lazy\" decoding=\"async\" class=\"aligncenter\" src=\"http:\/\/muppethub.com\/wp-content\/uploads\/2014\/06\/Super-Grover-Original.png\" width=\"159\" height=\"200\" \/><\/p>\n<h4><i><span style=\"font-weight: 400;\">\u00bfCu\u00e1l es tu Super Cookie Power?<\/span><\/i><\/h4>\n<p><span style=\"font-weight: 400;\">Descubre los poderes creativos que te da el Visual Thinking y aprovecha para conocer la gu\u00eda \u201cMi Genoma Creativo\u201d del proyecto Escuelas Creativas Adri\u00e0 elaborada por aulaBLOG.<\/span><\/p>\n<p><strong>M\u00e1s informaci\u00f3n del taller<\/strong>:\u00a0<a href=\"https:\/\/sites.google.com\/aulablog.com\/escuelacreativa\/taller-superpoderes-creativos\" target=\"_blank\" rel=\"noopener noreferrer\">sites.google.com\/aulablog.com\/escuelacreativa\/\/taller-superpoderes-creativos<\/a><\/p>\n<p style=\"text-align: justify;\"><\/div>\n\t\t\t\t<\/div><div class='et-learn-more clearfix'>\n\t\t\t\t\t<h3 class='heading-more'>Material necesario<span class='et_learnmore_arrow'><span><\/span><\/span><\/h3>\n\t\t\t\t\t<div class='learn-more-content'><ul>\n<li style=\"font-weight: 400;\"><span style=\"font-weight: 400;\">Tus miedos, tus verg\u00fcenzas, tus frustraciones \u00a0(y tus <\/span><i><span style=\"font-weight: 400;\">rotus<\/span><\/i><span style=\"font-weight: 400;\">).<\/span><\/li>\n<li style=\"font-weight: 400;\"><span style=\"font-weight: 400;\">Tu capa de super-h\u00e9roe frente a claustros y seminarios amarillos.<\/span>.<\/li>\n<\/ul>\n<p style=\"text-align: justify;\"><\/div>\n\t\t\t\t<\/div> [\/et_pb_blurb][\/et_pb_column][et_pb_column type=\u00bb1_3&#8243;][et_pb_blurb admin_label=\u00bbAnuncio\u00bb title=\u00bbEduSapiens\u00bb url_new_window=\u00bboff\u00bb use_icon=\u00bbon\u00bb font_icon=\u00bbR\u00bb icon_color=\u00bb#ffffff\u00bb use_circle=\u00bbon\u00bb circle_color=\u00bb#81d742&#8243; use_circle_border=\u00bbon\u00bb circle_border_color=\u00bb#ffffff\u00bb icon_placement=\u00bbtop\u00bb animation=\u00bbtop\u00bb background_layout=\u00bblight\u00bb text_orientation=\u00bbleft\u00bb use_icon_font_size=\u00bboff\u00bb use_border_color=\u00bboff\u00bb border_color=\u00bb#ffffff\u00bb border_style=\u00bbsolid\u00bb]<\/p>\n<div class='et-learn-more et-open clearfix'>\n\t\t\t\t\t<h3 class='heading-more open'>Descripci\u00f3n<span class='et_learnmore_arrow'><span><\/span><\/span><\/h3>\n\t\t\t\t\t<div class='learn-more-content'><p><img loading=\"lazy\" decoding=\"async\" class=\"aligncenter \" src=\"http:\/\/www.alfabetajuega.com\/multimedia\/imagenes\/201512\/130469.alfabetajuega-barrio-sesamo-elmo-121215.jpg\" width=\"201\" height=\"113\" \/><\/p>\n<h4><i><span style=\"font-weight: 400;\">Cerca-lejos, alumnado-docentes, contenidos-competencias, arriba-abajo&#8230;<\/span><\/i><\/h4>\n<p><span style=\"font-weight: 400;\">Conoce la metodolog\u00eda Sapiens de Ferran Adri\u00e0 para dise\u00f1ar un proyecto de intervenci\u00f3n en el aula. Utilizaremos la gu\u00eda did\u00e1ctica EduSapiens del proyecto Escuelas Creativas Adri\u00e0 elaborada por aulaBLOG.<\/span><\/p>\n<p><strong>M\u00e1s informaci\u00f3n del taller<\/strong>:\u00a0<a href=\"https:\/\/sites.google.com\/aulablog.com\/escuelacreativa\/taller-edusapiens\" target=\"_blank\" rel=\"noopener noreferrer\">https:\/\/sites.google.com\/aulablog.com\/escuelacreativa\/taller-edusapiens<\/a><\/p>\n<p><b><\/b><\/div>\n\t\t\t\t<\/div><div class='et-learn-more clearfix'>\n\t\t\t\t\t<h3 class='heading-more'>Material necesario<span class='et_learnmore_arrow'><span><\/span><\/span><\/h3>\n\t\t\t\t\t<div class='learn-more-content'><ul>\n<li style=\"font-weight: 400;\"><span style=\"font-weight: 400;\">Dispositivo m\u00f3vil: tableta o smartphone.<\/span><\/li>\n<li style=\"font-weight: 400;\"><span style=\"font-weight: 400;\">Tus insignias (badgets) del INTEF.<\/span><\/li>\n<li style=\"font-weight: 400;\"><span style=\"font-weight: 400;\">Tus certificados de las Consejer\u00edas Educativas de las 17 comunidades Aut\u00f3nomas.<\/span><\/li>\n<\/ul>\n<p style=\"text-align: justify;\"><\/div>\n\t\t\t\t<\/div><\/p>\n<p style=\"text-align: justify;\">[\/et_pb_blurb][\/et_pb_column][et_pb_column type=\u00bb1_3&#8243;][et_pb_blurb admin_label=\u00bbAnuncio\u00bb title=\u00bbProgramaci\u00f3n deconstruida\u00bb url_new_window=\u00bboff\u00bb use_icon=\u00bbon\u00bb font_icon=\u00bb%%114%%\u00bb icon_color=\u00bb#ffffff\u00bb use_circle=\u00bbon\u00bb circle_color=\u00bb#81d742&#8243; use_circle_border=\u00bbon\u00bb circle_border_color=\u00bb#ffffff\u00bb icon_placement=\u00bbtop\u00bb animation=\u00bbtop\u00bb background_layout=\u00bblight\u00bb text_orientation=\u00bbleft\u00bb use_icon_font_size=\u00bboff\u00bb use_border_color=\u00bboff\u00bb border_color=\u00bb#ffffff\u00bb border_style=\u00bbsolid\u00bb] <div class='et-learn-more et-open clearfix'>\n\t\t\t\t\t<h3 class='heading-more open'>Descripci\u00f3n<span class='et_learnmore_arrow'><span><\/span><\/span><\/h3>\n\t\t\t\t\t<div class='learn-more-content'><p><img loading=\"lazy\" decoding=\"async\" class=\"aligncenter\" src=\"http:\/\/1.bp.blogspot.com\/-ZTfhyWo4z04\/UGD95CkgdGI\/AAAAAAAACPg\/QjhEDczCRUY\/s1600\/triki-galletas.jpeg\" width=\"201\" height=\"182\" \/><\/p>\n<h4><i><span style=\"font-weight: 400;\">\u00a1Que la programaci\u00f3n no te coma, mu\u00e9\u00e9\u00e9\u00e9\u00e9\u00e9\u00e9\u00e9\u00e9\u00e9rdela\u2026!<\/span><\/i><\/h4>\n<p><span style=\"font-weight: 400;\">C\u00f3mo realizar una programaci\u00f3n de manera disruptiva con elementos del ABP y conociendo la gu\u00eda Men\u00fa de Aprendizaje del proyecto Escuelas Creativas Adri\u00e0 elaborado por aulaBLOG.<\/span><\/p>\n<p><strong>M\u00e1s informaci\u00f3n del taller<\/strong>:\u00a0<a href=\"https:\/\/sites.google.com\/aulablog.com\/escuelacreativa\/taller-programaci%C3%B3n-deconstruida\" target=\"_blank\" rel=\"noopener noreferrer\">https:\/\/sites.google.com\/aulablog.com\/escuelacreativa\/taller-programaci%C3%B3n-deconstruida<\/a><\/p>\n<p style=\"text-align: justify;\"><\/div>\n\t\t\t\t<\/div><div class='et-learn-more clearfix'>\n\t\t\t\t\t<h3 class='heading-more'>Material necesario<span class='et_learnmore_arrow'><span><\/span><\/span><\/h3>\n\t\t\t\t\t<div class='learn-more-content'><ul>\n<li style=\"font-weight: 400;\"><span style=\"font-weight: 400;\">Mucho apetito de cambiar las cosas \u00a0(y un boli para tomar notas).<\/span><\/li>\n<li style=\"font-weight: 400;\"><span style=\"font-weight: 400;\">Hambre de pasarlo bien.<\/span>.<\/li>\n<\/ul>\n<p style=\"text-align: justify;\"><\/div>\n\t\t\t\t<\/div> [\/et_pb_blurb][\/et_pb_column][\/et_pb_row][\/et_pb_section]<\/p>\n","protected":false},"excerpt":{"rendered":"<p>&nbsp; &nbsp; &nbsp; &nbsp; &nbsp; \u00bfSabes qu\u00e9 es el Proyecto\u00a0Escuelas Creativas Adri\u00e0? \u00bfConoces las gu\u00edas did\u00e1cticas?\u00a0Si quieres llevar y desarrollar la creatividad en tu aula, este es tu espacio. Estos\u00a0talleres te ayudar\u00e1n a conocer las gu\u00edas docentes de Escuelas Creativas. Solo necesitar\u00e1s mucho apetito para\u00a0cambiar las cosas, un boli para tomar notas y hambre de [&hellip;]<\/p>\n","protected":false},"author":1,"featured_media":0,"parent":0,"menu_order":0,"comment_status":"open","ping_status":"closed","template":"","meta":{"_et_pb_use_builder":"on","_et_pb_old_content":"<p>[et_pb_section bb_built=\"1\" admin_label=\"section\" fullwidth=\"off\" specialty=\"off\"][et_pb_row admin_label=\"row\"][et_pb_column type=\"1_3\"][et_pb_text admin_label=\"Texto\" background_layout=\"light\" text_orientation=\"left\" use_border_color=\"off\" border_color=\"#ffffff\" border_style=\"solid\"]<\/p><p>\u00a0<\/p><p><img class=\"aligncenter wp-image-723\" src=\"http:\/\/www.aulablog.com\/blog\/encuentro12\/files\/2017\/06\/gamification-300x133.jpg\" alt=\"\" width=\"397\" height=\"176\" \/><\/p><p>\u00a0<\/p><p>[\/et_pb_text][\/et_pb_column][et_pb_column type=\"2_3\"][et_pb_text admin_label=\"Texto\" background_layout=\"light\" text_orientation=\"left\" use_border_color=\"off\" border_color=\"#ffffff\" border_style=\"solid\"]<\/p><div class=\"et_pb_slide_content\"><p><span style=\"font-weight: 400;\">Como los buenos cocineros, si queremos llegar a lo m\u00e1s alto, debemos sacar el mejor partido posible a nuestros utensilios de cocina. En este \u00e1rea pondremos en pr\u00e1ctica algunas Apps y herramientas online para Gamificar desde el primer d\u00eda. Si has o\u00eddo hablar de gamificaci\u00f3n y quieres aplicarla en clase, este es tu espacio, elige y disfruta.<\/span><\/p><p style=\"text-align: center;\"><span style=\"font-weight: 400;\">\u00bfSer\u00e1s capaz de convertirte en cookie?<\/span><\/p><\/div><p>[\/et_pb_text][\/et_pb_column][\/et_pb_row][\/et_pb_section][et_pb_section bb_built=\"1\" admin_label=\"section\" fullwidth=\"on\" specialty=\"off\" transparent_background=\"off\" background_color=\"#1e73be\" allow_player_pause=\"off\" inner_shadow=\"off\" parallax=\"off\" parallax_method=\"off\"][et_pb_fullwidth_header admin_label=\"T\u00edtulo de anchura completa\" title=\"TALLERES: Gamificaci\u00f3n\" subhead=\"Espacio gamificado\" background_layout=\"dark\" text_orientation=\"center\" header_fullscreen=\"off\" parallax=\"off\" parallax_method=\"off\" header_scroll_down=\"off\" image_orientation=\"center\" content_orientation=\"center\" custom_button_one=\"off\" button_one_letter_spacing=\"0\" button_one_use_icon=\"default\" button_one_icon_placement=\"right\" button_one_on_hover=\"on\" button_one_letter_spacing_hover=\"0\" custom_button_two=\"off\" button_two_letter_spacing=\"0\" button_two_use_icon=\"default\" button_two_icon_placement=\"right\" button_two_on_hover=\"on\" button_two_letter_spacing_hover=\"0\" \/][\/et_pb_section][et_pb_section bb_built=\"1\" admin_label=\"section\" fullwidth=\"off\" specialty=\"off\" transparent_background=\"off\" background_color=\"#ffffff\" allow_player_pause=\"off\" inner_shadow=\"off\" parallax=\"off\" parallax_method=\"off\"][et_pb_row admin_label=\"row\"][et_pb_column type=\"1_3\"][et_pb_blurb admin_label=\"Anuncio\" title=\"\u00a1Salvemos las cookies! Escape room\" url_new_window=\"off\" use_icon=\"on\" font_icon=\"R\" icon_color=\"#ffffff\" use_circle=\"on\" circle_color=\"#81d742\" use_circle_border=\"on\" circle_border_color=\"#ffffff\" icon_placement=\"top\" animation=\"top\" background_layout=\"light\" text_orientation=\"left\" use_icon_font_size=\"off\" use_border_color=\"off\" border_color=\"#ffffff\" border_style=\"solid\"] [learn_more caption=\"Descripci\u00f3n\" state=\"open\"]<\/p><p><span style=\"font-weight: 400;\">\u00a1Las cookies est\u00e1n en peligro!<\/span><\/p><p><span style=\"font-weight: 400;\"> El principal motor del pueblo se ve amenazado por una nueva banda terrorista, Los Ortorexia, que han decidido poner fin al reinado de este tipo de alimentaci\u00f3n que nos hace tan felices. <\/span><\/p><p><span style=\"font-weight: 400;\">Pero no estamos solos. Contamos con la ayuda de nuestros ancestros para resolver la situaci\u00f3n. Una antigua f\u00e1brica galletera ser\u00e1 nuestro escenario. Los minutos cuentan, los segundos pueden ser definitivos para resolver el misterio de la Gran Receta de Cookies. La que definitivamente logre el consenso de todos en cuanto a nutrici\u00f3n, calidad y salud.<\/span><\/p><p><span style=\"font-weight: 400;\">\u00bfTe apuntas al reto?<\/span><\/p><p style=\"text-align: justify;\">[\/learn_more][learn_more caption=\"Material necesario\" state=\"close\"]<\/p><ul><li>Un dispositivo m\u00f3vil, smartphone o tableta.<\/li><li><span style=\"font-weight: 400;\">Lector QR (bidi) descargado en el dispositivo m\u00f3vil que se utilice.<\/span><\/li><li><span style=\"font-weight: 400;\">Ilusi\u00f3n y ganas. <\/span><\/li><\/ul><p style=\"text-align: justify;\">[\/learn_more]<\/p><p style=\"text-align: justify;\">[\/et_pb_blurb][\/et_pb_column][et_pb_column type=\"1_3\"][et_pb_blurb admin_label=\"Anuncio\" title=\"De galleta a cookie, \u00bfgamificamos?\" url_new_window=\"off\" use_icon=\"on\" font_icon=\"\ue007\" icon_color=\"#ffffff\" use_circle=\"on\" circle_color=\"#81d742\" use_circle_border=\"on\" circle_border_color=\"#ffffff\" icon_placement=\"top\" animation=\"top\" background_layout=\"light\" text_orientation=\"left\" use_icon_font_size=\"off\" use_border_color=\"off\" border_color=\"#ffffff\" border_style=\"solid\"] [learn_more caption=\"Descripci\u00f3n\" state=\"close\"]<\/p><p><span style=\"font-weight: 400;\">Si has o\u00eddo hablar de gamificaci\u00f3n y quieres aplicarla en clase, \u00a1este es tu taller! A trav\u00e9s de una experiencia gamificada, podr\u00e1s vivir en primera persona que es lo que sienten los alumnos cuando sus profes gamifican.<\/span><\/p><p><span style=\"font-weight: 400;\">Veremos los aspectos m\u00e1s importantes en un proyecto de este tipo: creaci\u00f3n de equipos, tipos de jugadores, retos, insignias, narrativa, niveles, puntos, din\u00e1micas, mec\u00e1nicas de juego, etc. <\/span><\/p><p><span style=\"font-weight: 400;\">\u00bfSer\u00e1s capaz de convertirte en cookie?<\/span><\/p><p style=\"text-align: justify;\">[learn_more caption=\"Material necesario\" state=\"close\"]<\/p><ul><li style=\"font-weight: 400;\"><span style=\"font-weight: 400;\">Una galleta.<\/span><\/li><li style=\"font-weight: 400;\"><span style=\"font-weight: 400;\">Ganas de colaborar y pasarlo bien.<\/span><\/li><li style=\"font-weight: 400;\"><span style=\"font-weight: 400;\">Un tel\u00e9fono m\u00f3vil con lector de c\u00f3digos QR<\/span><\/li><\/ul><p style=\"text-align: justify;\">[\/learn_more]<\/p><p style=\"text-align: justify;\">[\/et_pb_blurb][\/et_pb_column][et_pb_column type=\"1_3\"][et_pb_blurb admin_label=\"Anuncio\" url_new_window=\"off\" use_icon=\"on\" font_icon=\"%%166%%\" icon_color=\"#ffffff\" use_circle=\"on\" circle_color=\"#eeee22\" use_circle_border=\"on\" circle_border_color=\"#ffffff\" icon_placement=\"top\" animation=\"top\" background_layout=\"light\" text_orientation=\"left\" title=\" M@STER G@ME\" use_icon_font_size=\"off\" use_border_color=\"off\" border_color=\"#ffffff\" border_style=\"solid\"]<\/p><p>[learn_more caption=\"Descripci\u00f3n\" state=\"close\"]<\/p><p><span style=\"font-weight: 400;\">- 3, 2, 1\u2026 Aspirantes, \u00a1a Gamificar! Ahora que ya sab\u00e9is qu\u00e9 es la Gamificaci\u00f3n, debemos convertirnos en aut\u00e9nticos expertos en la materia, o por lo menos, intentarlo. Como los buenos cocineros, si queremos llegar a lo m\u00e1s alto, debemos sacar el mejor partido posible a nuestros utensilios de cocina. En este taller pondremos en pr\u00e1ctica algunas Apps y herramientas online para Gamificar desde el primer d\u00eda. \u00a0<\/span><\/p><p style=\"text-align: justify;\">[learn_more caption=\"Material necesario\" state=\"close\"]<\/p><ul><li style=\"font-weight: 400;\"><span style=\"font-weight: 400;\">M\u00f3vil o Tablet (Por persona). Port\u00e1til (1 por grupo: 3\/4 personas)<\/span><\/li><li style=\"font-weight: 400;\"><span style=\"font-weight: 400;\">Ganas e ilusi\u00f3n por aprender. \u00a0<\/span><\/li><\/ul><p style=\"text-align: justify;\">[\/learn_more]<\/p><p style=\"text-align: justify;\">[\/et_pb_blurb][\/et_pb_column][\/et_pb_row][\/et_pb_section]<\/p>","_et_gb_content_width":"","footnotes":""},"class_list":["post-729","page","type-page","status-publish","hentry"],"_links":{"self":[{"href":"https:\/\/www.aulablog.com\/blog\/encuentro12\/wp-json\/wp\/v2\/pages\/729","targetHints":{"allow":["GET"]}}],"collection":[{"href":"https:\/\/www.aulablog.com\/blog\/encuentro12\/wp-json\/wp\/v2\/pages"}],"about":[{"href":"https:\/\/www.aulablog.com\/blog\/encuentro12\/wp-json\/wp\/v2\/types\/page"}],"author":[{"embeddable":true,"href":"https:\/\/www.aulablog.com\/blog\/encuentro12\/wp-json\/wp\/v2\/users\/1"}],"replies":[{"embeddable":true,"href":"https:\/\/www.aulablog.com\/blog\/encuentro12\/wp-json\/wp\/v2\/comments?post=729"}],"version-history":[{"count":15,"href":"https:\/\/www.aulablog.com\/blog\/encuentro12\/wp-json\/wp\/v2\/pages\/729\/revisions"}],"predecessor-version":[{"id":778,"href":"https:\/\/www.aulablog.com\/blog\/encuentro12\/wp-json\/wp\/v2\/pages\/729\/revisions\/778"}],"wp:attachment":[{"href":"https:\/\/www.aulablog.com\/blog\/encuentro12\/wp-json\/wp\/v2\/media?parent=729"}],"curies":[{"name":"wp","href":"https:\/\/api.w.org\/{rel}","templated":true}]}}