{"id":215,"date":"2015-05-17T16:15:41","date_gmt":"2015-05-17T16:15:41","guid":{"rendered":"http:\/\/www.aulablog.com\/blog\/encuentro13\/?page_id=215"},"modified":"2018-05-11T14:35:19","modified_gmt":"2018-05-11T14:35:19","slug":"area-m-learning","status":"publish","type":"page","link":"https:\/\/www.aulablog.com\/blog\/encuentro13\/area-m-learning\/","title":{"rendered":"\u00c1rea de m-learning"},"content":{"rendered":"<p>[et_pb_section bb_built=\u00bb1&#8243; admin_label=\u00bbsection\u00bb fullwidth=\u00bboff\u00bb specialty=\u00bboff\u00bb next_background_color=\u00bb#1e73be\u00bb][et_pb_row admin_label=\u00bbrow\u00bb background_position=\u00bbtop_left\u00bb background_repeat=\u00bbrepeat\u00bb background_size=\u00bbinitial\u00bb][et_pb_column type=\u00bb1_3&#8243;][et_pb_text background_layout=\u00bblight\u00bb text_orientation=\u00bbleft\u00bb background_position=\u00bbtop_left\u00bb background_repeat=\u00bbrepeat\u00bb background_size=\u00bbinitial\u00bb]<\/p>\n<p><img loading=\"lazy\" decoding=\"async\" class=\"aligncenter wp-image-300 size-full\" src=\"https:\/\/www.aulablog.com\/blog\/encuentro13\/files\/2015\/05\/AREAMLEARNING.jpg\" alt=\"AREAMLEARNING\" width=\"800\" height=\"566\" srcset=\"https:\/\/www.aulablog.com\/blog\/encuentro13\/files\/2015\/05\/AREAMLEARNING.jpg 800w, https:\/\/www.aulablog.com\/blog\/encuentro13\/files\/2015\/05\/AREAMLEARNING-300x212.jpg 300w, https:\/\/www.aulablog.com\/blog\/encuentro13\/files\/2015\/05\/AREAMLEARNING-400x284.jpg 400w\" sizes=\"(max-width: 800px) 100vw, 800px\" \/><\/p>\n<p>[\/et_pb_text][\/et_pb_column][et_pb_column type=\u00bb2_3&#8243;][et_pb_text background_layout=\u00bblight\u00bb text_orientation=\u00bbleft\u00bb background_position=\u00bbtop_left\u00bb background_repeat=\u00bbrepeat\u00bb background_size=\u00bbinitial\u00bb]<\/p>\n<div class=\"et_pb_slide_content\">\n<p style=\"text-align: justify;\">\u00bfQuieres aprender nuevas apps para usar en tu clase? \u00bfTe atreves a jugar con nosotros y participar en un gymkana por todo el centro usando tu m\u00f3vil? \u00a0Si es as\u00ed, este es tu lugar. Aqu\u00ed todo lo haremos con un m\u00f3vil o tableta en las manos: m-learning, apps, realidad aumentada, video, radio\u2026 existe\u00a0una app para \u201ccasi\u201d todo<\/p>\n<p style=\"text-align: justify;\">Siempre hay nuevos m\u00e9todos, nuevas tendencias, nuevas metodolog\u00edas o simplemente una revisi\u00f3n actualizada de lo anterior. En este espacio nos acercaremos a temas como los paisajes de aprendizaje, el flipped classroom o los portfolios. Hay que estar atentos a lo que hacen otros\u00a0\u00bfno te parece?<\/p>\n<p style=\"text-align: justify;\">\u00bfLo descubrimos juntos?<\/p>\n<\/div>\n<p>[\/et_pb_text][\/et_pb_column][\/et_pb_row][\/et_pb_section][et_pb_section bb_built=\u00bb1&#8243; admin_label=\u00bbsection\u00bb fullwidth=\u00bbon\u00bb specialty=\u00bboff\u00bb transparent_background=\u00bboff\u00bb background_color=\u00bb#1e73be\u00bb allow_player_pause=\u00bboff\u00bb inner_shadow=\u00bboff\u00bb parallax=\u00bboff\u00bb parallax_method=\u00bboff\u00bb prev_background_color=\u00bb#ffffff\u00bb next_background_color=\u00bb#ffffff\u00bb][et_pb_fullwidth_header title=\u00bbTALLERES: M-LEARNING\u00bb subhead=\u00bb\u00c1rea tecnol\u00f3gica\u00bb background_layout=\u00bbdark\u00bb text_orientation=\u00bbcenter\u00bb content_max_width=\u00bb100%\u00bb background_color=\u00bbrgba(255, 255, 255, 0)\u00bb \/][\/et_pb_section][et_pb_section bb_built=\u00bb1&#8243; admin_label=\u00bbsection\u00bb fullwidth=\u00bboff\u00bb specialty=\u00bboff\u00bb transparent_background=\u00bboff\u00bb background_color=\u00bb#ffffff\u00bb allow_player_pause=\u00bboff\u00bb inner_shadow=\u00bboff\u00bb parallax=\u00bboff\u00bb parallax_method=\u00bboff\u00bb prev_background_color=\u00bb#1e73be\u00bb][et_pb_row admin_label=\u00bbrow\u00bb background_position=\u00bbtop_left\u00bb background_repeat=\u00bbrepeat\u00bb background_size=\u00bbinitial\u00bb][et_pb_column type=\u00bb1_2&#8243;][et_pb_blurb use_icon=\u00bbon\u00bb font_icon=\u00bb%%104%%\u00bb icon_color=\u00bb#ffffff\u00bb use_circle=\u00bbon\u00bb circle_color=\u00bb#81d742&#8243; use_circle_border=\u00bbon\u00bb circle_border_color=\u00bb#ffffff\u00bb use_border_color=\u00bboff\u00bb background_position=\u00bbtop_left\u00bb background_repeat=\u00bbrepeat\u00bb background_size=\u00bbinitial\u00bb _builder_version=\u00bb3.2.2&#8243; max_width_tablet=\u00bb50px\u00bb title=\u00bbVisual Thinking digital\u00bb]<\/p>\n<p>&nbsp;<\/p>\n<p><span style=\"font-weight: 400;\"><div class='et-learn-more et-open clearfix'>\n\t\t\t\t\t<h3 class='heading-more open'>Descripci\u00f3n<span class='et_learnmore_arrow'><span><\/span><\/span><\/h3>\n\t\t\t\t\t<div class='learn-more-content'><\/span><\/p>\n<p><span style=\"font-weight: 400;\">En este taller exploraremos las posibilidades educativas del <\/span><i><span style=\"font-weight: 400;\">sketchnoting<\/span><\/i><span style=\"font-weight: 400;\"> y experimentaremos diferentes t\u00e9cnicas de dibujo y dise\u00f1o digital.<\/span><\/p>\n<p><span style=\"color: #000080;\"><span style=\"font-weight: 400;\">El <\/span><b>taller se centrar\u00e1 en Procreate de iPad <\/b><\/span><span style=\"font-weight: 400;\">aunque tambi\u00e9n puede realizarse con Sketches, Paper 53, Adobe Sketch o Bamboo paper.<\/span><\/p>\n<p><b>Tabletas Android:<\/b><\/p>\n<ul>\n<li style=\"font-weight: 400;\"><span style=\"font-weight: 400;\">Adobe Sketch &#8211; <\/span><a href=\"https:\/\/play.google.com\/store\/apps\/details?id=com.adobe.creativeapps.sketch&amp;hl=es\"><span style=\"font-weight: 400;\">https:\/\/play.google.com\/store\/apps\/details?id=com.adobe.creativeapps.sketch&amp;hl=es<\/span><\/a><\/li>\n<li style=\"font-weight: 400;\"><span style=\"font-weight: 400;\">Bamboo Paper &#8211; <\/span><a href=\"https:\/\/play.google.com\/store\/apps\/details?id=com.wacom.bamboopapertab&amp;hl=es\"><span style=\"font-weight: 400;\">https:\/\/play.google.com\/store\/apps\/details?id=com.wacom.bamboopapertab&amp;hl=es<\/span><\/a><\/li>\n<\/ul>\n<p><b>iPads:<\/b><\/p>\n<ul>\n<li style=\"font-weight: 400;\"><b>Procreate<\/b><span style=\"font-weight: 400;\"> &#8211; <\/span><a href=\"https:\/\/itunes.apple.com\/es\/app\/procreate\/id425073498?mt=8\"><span style=\"font-weight: 400;\">https:\/\/itunes.apple.com\/es\/app\/procreate\/id425073498?mt=8<\/span><\/a><\/li>\n<li style=\"font-weight: 400;\"><span style=\"font-weight: 400;\">Adobe Sketch &#8211; <\/span><a href=\"https:\/\/itunes.apple.com\/es\/app\/adobe-photoshop-sketch\/id839085644?mt=8\"><span style=\"font-weight: 400;\">https:\/\/itunes.apple.com\/es\/app\/adobe-photoshop-sketch\/id839085644?mt=8<\/span><\/a><\/li>\n<li style=\"font-weight: 400;\"><span style=\"font-weight: 400;\">Bamboo Paper &#8211; <\/span><a href=\"https:\/\/itunes.apple.com\/us\/app\/bamboo-paper-notebook\/id443131313?mt=8\"><span style=\"font-weight: 400;\">https:\/\/itunes.apple.com\/us\/app\/bamboo-paper-notebook\/id443131313?mt=8<\/span><\/a><\/li>\n<li style=\"font-weight: 400;\"><span style=\"font-weight: 400;\">Paper 53 &#8211; <\/span><a href=\"https:\/\/itunes.apple.com\/es\/app\/paper-de-fiftythree\/id506003812?mt=8\"><span style=\"font-weight: 400;\">https:\/\/itunes.apple.com\/es\/app\/paper-de-fiftythree\/id506003812?mt=8<\/span><\/a><\/li>\n<\/ul>\n<p><b>Contenidos del taller:<\/b><\/p>\n<ul>\n<li style=\"font-weight: 400;\"><span style=\"font-weight: 400;\">Qu\u00e9 es el <\/span><i><span style=\"font-weight: 400;\">visual thinking<\/span><\/i><\/li>\n<li style=\"font-weight: 400;\"><i><span style=\"font-weight: 400;\">Sketchnoting<\/span><\/i><span style=\"font-weight: 400;\"> y educaci\u00f3n<\/span><\/li>\n<li style=\"font-weight: 400;\"><span style=\"font-weight: 400;\">Conocer el \u00e1rea de trabajo de Procreate<\/span><\/li>\n<li style=\"font-weight: 400;\"><span style=\"font-weight: 400;\">Dise\u00f1o por capas<\/span><\/li>\n<li style=\"font-weight: 400;\"><span style=\"font-weight: 400;\">Modos de capas<\/span><\/li>\n<li style=\"font-weight: 400;\"><span style=\"font-weight: 400;\">Configuraci\u00f3n b\u00e1sica de pinceles<\/span><\/li>\n<li style=\"font-weight: 400;\"><span style=\"font-weight: 400;\">Caligraf\u00eda<\/span><\/li>\n<li style=\"font-weight: 400;\"><span style=\"font-weight: 400;\">M\u00e1scaras<\/span><\/li>\n<li style=\"font-weight: 400;\"><span style=\"font-weight: 400;\">Exportar dise\u00f1os digitales<\/span><\/li>\n<li style=\"font-weight: 400;\"><i><span style=\"font-weight: 400;\">Timelapse<\/span><\/i><span style=\"font-weight: 400;\"> del proceso creativo<\/span><\/li>\n<\/ul>\n<p><span style=\"font-weight: 400;\"><a href='#' class='small-button smallblue'>Horario: s\u00e1bado d\u00eda 7 de 12:00 a 14:00<\/a><\/span><\/p>\n<p>&nbsp;<\/p>\n<p><span style=\"font-weight: 400;\"><\/div>\n\t\t\t\t<\/div><div class='et-learn-more clearfix'>\n\t\t\t\t\t<h3 class='heading-more'>Material necesario<span class='et_learnmore_arrow'><span><\/span><\/span><\/h3>\n\t\t\t\t\t<div class='learn-more-content'><\/span><\/p>\n<p>Un iPad con la app Procreate instalada.<\/p>\n<p><span style=\"font-weight: 400;\"><\/div>\n\t\t\t\t<\/div><a href='#' class='small-button smallgreen'>C\u00e9sar Poyatos<\/a><\/span><\/p>\n<p>[\/et_pb_blurb][\/et_pb_column][et_pb_column type=\u00bb1_2&#8243;][et_pb_blurb use_icon=\u00bbon\u00bb font_icon=\u00bb%%120%%\u00bb icon_color=\u00bb#ffffff\u00bb use_circle=\u00bbon\u00bb circle_color=\u00bb#81d742&#8243; use_circle_border=\u00bbon\u00bb circle_border_color=\u00bb#ffffff\u00bb use_border_color=\u00bboff\u00bb background_position=\u00bbtop_left\u00bb background_repeat=\u00bbrepeat\u00bb background_size=\u00bbinitial\u00bb _builder_version=\u00bb3.2.2&#8243; max_width_tablet=\u00bb50px\u00bb title=\u00bbCreaci\u00f3n de una banda sonora para cine mudo con Soundcool\u00bb]<\/p>\n<p><span style=\"font-weight: 400;\"><div class='et-learn-more et-open clearfix'>\n\t\t\t\t\t<h3 class='heading-more open'>Descripci\u00f3n<span class='et_learnmore_arrow'><span><\/span><\/span><\/h3>\n\t\t\t\t\t<div class='learn-more-content'><\/span><\/p>\n<p><span style=\"font-weight: 400;\">El taller consistir\u00e1 en la explicaci\u00f3n y puesta en pr\u00e1ctica del proceso de creaci\u00f3n colaborativa de una banda sonora para una pel\u00edcula de cine mudo mediante dispositivos m\u00f3viles. El sistema que hace posible dicha creaci\u00f3n art\u00edstica de manera colectiva es <\/span><i><span style=\"font-weight: 400;\">Soundcool<\/span><\/i><span style=\"font-weight: 400;\">, creado por la Universitat Polit\u00e8cnica de Val\u00e8ncia.<\/span><\/p>\n<p><span style=\"font-weight: 400;\"><a href='#' class='small-button smallblue'>Horario: s\u00e1bado d\u00eda 7 de 16:30 a 18:30<\/a><\/span><\/p>\n<p><span style=\"font-weight: 400;\"><\/div>\n\t\t\t\t<\/div><div class='et-learn-more clearfix'>\n\t\t\t\t\t<h3 class='heading-more'>Material necesario<span class='et_learnmore_arrow'><span><\/span><\/span><\/h3>\n\t\t\t\t\t<div class='learn-more-content'><\/span><\/p>\n<p><span style=\"font-weight: 400;\">Un dispositivo m\u00f3vil -tablet o smartphone- por participante (aunque el sistema no permitir\u00e1 m\u00e1s de 15 participantes al mismo tiempo). Los dispositivos deben tener instalada la app <\/span><i><span style=\"font-weight: 400;\">Soundcool OSC App <\/span><\/i><span style=\"font-weight: 400;\">(iOS o Android)<\/span><\/p>\n<p><span style=\"font-weight: 400;\"><\/div>\n\t\t\t\t<\/div><a href='#' class='small-button smallgreen'>Pau Monfort<\/a><\/span><\/p>\n<p>[\/et_pb_blurb][\/et_pb_column][\/et_pb_row][\/et_pb_section]<\/p>\n","protected":false},"excerpt":{"rendered":"<p>\u00bfQuieres aprender nuevas apps para usar en tu clase? \u00bfTe atreves a jugar con nosotros y participar en un gymkana por todo el centro usando tu m\u00f3vil? \u00a0Si es as\u00ed, este es tu lugar. Aqu\u00ed todo lo haremos con un m\u00f3vil o tableta en las manos: m-learning, apps, realidad aumentada, video, radio\u2026 existe\u00a0una app para [&hellip;]<\/p>\n","protected":false},"author":1,"featured_media":0,"parent":0,"menu_order":0,"comment_status":"open","ping_status":"closed","template":"","meta":{"_et_pb_use_builder":"on","_et_pb_old_content":"<p>[et_pb_section][et_pb_row][et_pb_column type=\"4_4\"][et_pb_countdown_timer admin_label=\"Temporizador de cuenta atr\u00e1s\" title=\"Estamos trabajando en los contenidos de este espacio\" date_time=\"05\/31\/2015 00:00\" background_layout=\"dark\" use_background_color=\"on\" background_color=\"#1e73be\" \/][\/et_pb_column][\/et_pb_row][\/et_pb_section]<\/p>","_et_gb_content_width":"","footnotes":""},"class_list":["post-215","page","type-page","status-publish","hentry"],"_links":{"self":[{"href":"https:\/\/www.aulablog.com\/blog\/encuentro13\/wp-json\/wp\/v2\/pages\/215","targetHints":{"allow":["GET"]}}],"collection":[{"href":"https:\/\/www.aulablog.com\/blog\/encuentro13\/wp-json\/wp\/v2\/pages"}],"about":[{"href":"https:\/\/www.aulablog.com\/blog\/encuentro13\/wp-json\/wp\/v2\/types\/page"}],"author":[{"embeddable":true,"href":"https:\/\/www.aulablog.com\/blog\/encuentro13\/wp-json\/wp\/v2\/users\/1"}],"replies":[{"embeddable":true,"href":"https:\/\/www.aulablog.com\/blog\/encuentro13\/wp-json\/wp\/v2\/comments?post=215"}],"version-history":[{"count":31,"href":"https:\/\/www.aulablog.com\/blog\/encuentro13\/wp-json\/wp\/v2\/pages\/215\/revisions"}],"predecessor-version":[{"id":906,"href":"https:\/\/www.aulablog.com\/blog\/encuentro13\/wp-json\/wp\/v2\/pages\/215\/revisions\/906"}],"wp:attachment":[{"href":"https:\/\/www.aulablog.com\/blog\/encuentro13\/wp-json\/wp\/v2\/media?parent=215"}],"curies":[{"name":"wp","href":"https:\/\/api.w.org\/{rel}","templated":true}]}}