{"id":236,"date":"2015-05-17T16:53:49","date_gmt":"2015-05-17T16:53:49","guid":{"rendered":"http:\/\/www.aulablog.com\/blog\/encuentro13\/?page_id=236"},"modified":"2018-06-30T17:14:20","modified_gmt":"2018-06-30T17:14:20","slug":"programa","status":"publish","type":"page","link":"https:\/\/www.aulablog.com\/blog\/encuentro13\/programa\/","title":{"rendered":"Programa"},"content":{"rendered":"<p>[et_pb_section bb_built=\u00bb1&#8243; admin_label=\u00bbsection\u00bb][et_pb_row admin_label=\u00bbrow\u00bb background_position=\u00bbtop_left\u00bb background_repeat=\u00bbrepeat\u00bb background_size=\u00bbinitial\u00bb][et_pb_column type=\u00bb4_4&#8243;][et_pb_image src=\u00bbhttp:\/\/static1.comunitatvalenciana.com\/sites\/default\/files\/img\/imagen\/2009\/06\/11\/07-0042.jpg\u00bb show_in_lightbox=\u00bboff\u00bb url_new_window=\u00bboff\u00bb use_overlay=\u00bboff\u00bb align=\u00bbleft\u00bb always_center_on_mobile=\u00bbon\u00bb use_border_color=\u00bboff\u00bb force_fullwidth=\u00bboff\u00bb animation_style=\u00bbslide\u00bb animation_duration=\u00bb500ms\u00bb animation_intensity_slide=\u00bb10%\u00bb animation_direction=\u00bbleft\u00bb show_bottom_space=\u00bbon\u00bb _builder_version=\u00bb3.0.106&#8243; \/][et_pb_text use_border_color=\u00bboff\u00bb background_position=\u00bbtop_left\u00bb background_repeat=\u00bbrepeat\u00bb background_size=\u00bbinitial\u00bb _builder_version=\u00bb3.3.1&#8243;]<\/p>\n<h1 style=\"text-align: center;\"><strong>PROGRAMA<\/strong><\/h1>\n<p>Si lo prefieres puedes descargarte el programa en pdf en este enlace: <a href=\"https:\/\/drive.google.com\/open?id=1uIyYw_POhDQgQEAf8UO6pV4iyrDVX1cw\" target=\"_blank\" rel=\"noopener\">Programa #aulaBLOG18<\/a><\/p>\n<p>[\/et_pb_text][et_pb_slider background_position=\u00bbtop_left\u00bb saved_tabs=\u00bball\u00bb custom_padding=\u00bb|||\u00bb box_shadow_blur=\u00bb10px\u00bb box_shadow_color=\u00bbrgba(0,0,0,0.1)\u00bb _builder_version=\u00bb3.3.1&#8243;][et_pb_slide heading=\u00bbViernes 6 de julio\u00bb background_position=\u00bbtop_left\u00bb background_size=\u00bbcover\u00bb background_color=\u00bb#1e73be\u00bb use_bg_overlay=\u00bboff\u00bb use_text_overlay=\u00bboff\u00bb alignment=\u00bbcenter\u00bb background_layout=\u00bbdark\u00bb allow_player_pause=\u00bboff\u00bb text_border_radius=\u00bb3&#8243; header_font_select=\u00bbdefault\u00bb header_font=\u00bb||||\u00bb body_font_select=\u00bbdefault\u00bb body_font=\u00bb||||\u00bb custom_button=\u00bboff\u00bb button_font_select=\u00bbdefault\u00bb button_font=\u00bb||||\u00bb button_use_icon=\u00bbon\u00bb button_on_hover=\u00bbon\u00bb _builder_version=\u00bb3.3.1&#8243; use_background_color_gradient=\u00bboff\u00bb background_color_gradient_start=\u00bb#2b87da\u00bb background_color_gradient_end=\u00bb#29c4a9&#8243; background_color_gradient_type=\u00bblinear\u00bb background_color_gradient_direction=\u00bb180deg\u00bb background_color_gradient_direction_radial=\u00bbcenter\u00bb background_color_gradient_start_position=\u00bb0%\u00bb background_color_gradient_end_position=\u00bb100%\u00bb background_color_gradient_overlays_image=\u00bboff\u00bb parallax=\u00bboff\u00bb parallax_method=\u00bbon\u00bb background_repeat=\u00bbno-repeat\u00bb background_blend=\u00bbnormal\u00bb background_video_pause_outside_viewport=\u00bbon\u00bb child_filter_hue_rotate=\u00bb0deg\u00bb child_filter_saturate=\u00bb100%\u00bb child_filter_brightness=\u00bb100%\u00bb child_filter_contrast=\u00bb100%\u00bb child_filter_invert=\u00bb0%\u00bb child_filter_sepia=\u00bb0%\u00bb child_filter_opacity=\u00bb100%\u00bb child_filter_blur=\u00bb0px\u00bb child_mix_blend_mode=\u00bbnormal\u00bb text_shadow_style=\u00bbnone\u00bb header_text_shadow_style=\u00bbnone\u00bb body_text_shadow_style=\u00bbnone\u00bb button_bg_use_color_gradient=\u00bboff\u00bb button_bg_color_gradient_overlays_image=\u00bboff\u00bb button_text_shadow_style=\u00bbnone\u00bb box_shadow_style_button=\u00bbnone\u00bb text_shadow_horizontal_length=\u00bb0em\u00bb text_shadow_vertical_length=\u00bb0em\u00bb text_shadow_blur_strength=\u00bb0em\u00bb header_text_shadow_horizontal_length=\u00bb0em\u00bb header_text_shadow_vertical_length=\u00bb0em\u00bb header_text_shadow_blur_strength=\u00bb0em\u00bb body_text_shadow_horizontal_length=\u00bb0em\u00bb body_text_shadow_vertical_length=\u00bb0em\u00bb body_text_shadow_blur_strength=\u00bb0em\u00bb button_text_shadow_horizontal_length=\u00bb0em\u00bb button_text_shadow_vertical_length=\u00bb0em\u00bb button_text_shadow_blur_strength=\u00bb0em\u00bb button_link=\u00bb#\u00bb]<\/p>\n<p>10:45 a 13:00:\u00a0<span style=\"font-weight: 400;\">Visita a Vilafranca, Gymkana<\/span><\/p>\n<p>13:30 Comida en el CEIP Don Blasco de Alag\u00f3n<\/p>\n<p>16:00 Recibimiento, acogida y entrega de materiales.<br \/>\n16:15 Inauguraci\u00f3n del encuentro.<br \/>\n16:30 Conferencia inaugural: Andrea Gir\u00e1ldez\u00a0<b>Ser para ense\u00f1ar<\/b><\/p>\n<p>Desde la formaci\u00f3n inicial a la permanente, la formaci\u00f3n del profesorado se centra casi exclusivamente en el desarrollo profesional, es decir, en los aspectos t\u00e9cnicos y pedag\u00f3gicos de la ense\u00f1anza, obviando el papel que desempe\u00f1a el desarrollo personal. En esta conferencia-taller re-pensaremos juntos qu\u00e9 supone ser un \u201cbuen docente\u201d.<\/p>\n<p>17:30 Pausa &#8211; Caf\u00e9<\/p>\n<p>18:00 \u2013 19:45 BreakOut Edu<\/p>\n<p>19:45 &#8211; 20:00 Ensayo Batukada<\/p>\n<p>21:30 Cena en el CEIP Don Blasco de Alag\u00f3n<\/p>\n<p>[\/et_pb_slide][et_pb_slide heading=\u00bbS\u00e1bado 7 de julio\u00bb background_position=\u00bbtop_left\u00bb background_size=\u00bbcover\u00bb background_color=\u00bb#dd9933&#8243; use_bg_overlay=\u00bboff\u00bb use_text_overlay=\u00bboff\u00bb alignment=\u00bbcenter\u00bb background_layout=\u00bbdark\u00bb allow_player_pause=\u00bboff\u00bb text_border_radius=\u00bb3&#8243; header_font_select=\u00bbdefault\u00bb header_font=\u00bb||||\u00bb body_font_select=\u00bbdefault\u00bb body_font=\u00bb||||\u00bb custom_button=\u00bboff\u00bb button_font_select=\u00bbdefault\u00bb button_font=\u00bb||||\u00bb button_use_icon=\u00bbon\u00bb button_on_hover=\u00bbon\u00bb _builder_version=\u00bb3.3.1&#8243; use_background_color_gradient=\u00bboff\u00bb background_color_gradient_start=\u00bb#2b87da\u00bb background_color_gradient_end=\u00bb#29c4a9&#8243; background_color_gradient_type=\u00bblinear\u00bb background_color_gradient_direction=\u00bb180deg\u00bb background_color_gradient_direction_radial=\u00bbcenter\u00bb background_color_gradient_start_position=\u00bb0%\u00bb background_color_gradient_end_position=\u00bb100%\u00bb background_color_gradient_overlays_image=\u00bboff\u00bb parallax=\u00bboff\u00bb parallax_method=\u00bbon\u00bb background_repeat=\u00bbno-repeat\u00bb background_blend=\u00bbnormal\u00bb background_video_pause_outside_viewport=\u00bbon\u00bb child_filter_hue_rotate=\u00bb0deg\u00bb child_filter_saturate=\u00bb100%\u00bb child_filter_brightness=\u00bb100%\u00bb child_filter_contrast=\u00bb100%\u00bb child_filter_invert=\u00bb0%\u00bb child_filter_sepia=\u00bb0%\u00bb child_filter_opacity=\u00bb100%\u00bb child_filter_blur=\u00bb0px\u00bb child_mix_blend_mode=\u00bbnormal\u00bb text_shadow_style=\u00bbnone\u00bb header_text_shadow_style=\u00bbnone\u00bb body_text_shadow_style=\u00bbnone\u00bb button_bg_use_color_gradient=\u00bboff\u00bb button_bg_color_gradient_overlays_image=\u00bboff\u00bb button_text_shadow_style=\u00bbnone\u00bb box_shadow_style_button=\u00bbnone\u00bb text_shadow_horizontal_length=\u00bb0em\u00bb text_shadow_vertical_length=\u00bb0em\u00bb text_shadow_blur_strength=\u00bb0em\u00bb header_text_shadow_horizontal_length=\u00bb0em\u00bb header_text_shadow_vertical_length=\u00bb0em\u00bb header_text_shadow_blur_strength=\u00bb0em\u00bb body_text_shadow_horizontal_length=\u00bb0em\u00bb body_text_shadow_vertical_length=\u00bb0em\u00bb body_text_shadow_blur_strength=\u00bb0em\u00bb button_text_shadow_horizontal_length=\u00bb0em\u00bb button_text_shadow_vertical_length=\u00bb0em\u00bb button_text_shadow_blur_strength=\u00bb0em\u00bb]<\/p>\n<p style=\"text-align: left;\">9:15 Bienvenida, presentaci\u00f3n de la jornada<br \/>\n9:30 \u2013 10:15 Presentaci\u00f3n de las actividades realizadas por los Nodos de aulaBLOG a lo largo del curso.<\/p>\n<p>10:15-10:30 Scratch Day<\/p>\n<p>10:30 &#8211; 11:30\u00a0Conferencia de Ram\u00f3n Barlam:\u00a0<strong><i>To vi or not to vi<\/i><\/strong><\/p>\n<div><strong><i>To vi or not to vi<\/i><\/strong>\u00a0plantea una reflexi\u00f3n sobre el estado actual de la educaci\u00f3n y sus retos inmediatos. A trav\u00e9s de la met\u00e1fora de la elaboraci\u00f3n del vino y desde la experiencia docente adquirida a lo largo de m\u00e1s de 30 a\u00f1os en las aulas de educaci\u00f3n infantil, primaria, secundaria y universidad.\u00a0 Desde los rom\u00e1nticos albores de internet a la incertidumbre de la era de la distracci\u00f3n.<\/div>\n<p>&nbsp;<\/p>\n<p>11:30 Pausa \u2013 caf\u00e9<\/p>\n<p>12:00 \u2013 14:00 \u00c1reas de trabajo &#8211; Talleres<\/p>\n<p>14:00\u00a0\u00a0 Comida en\u00a0el CEIP Don Blasco de Alag\u00f3n<\/p>\n<p>16:30 \u2013 18:30 \u00c1reas de trabajo &#8211; Talleres<\/p>\n<p>18:30 \u2013 18:45 Pausa \u2013 caf\u00e9<\/p>\n<p>18:45 \u2013 19:45 Mesa de novatos<br \/>\n19:45 &#8211; 20:00\u00a0Ensayo Batukada<\/p>\n<p>21:30 Cena en Faixero<\/p>\n<p>[\/et_pb_slide][et_pb_slide heading=\u00bbDomingo 8 de julio\u00bb background_position=\u00bbtop_left\u00bb background_size=\u00bbcover\u00bb background_color=\u00bb#1e73be\u00bb use_bg_overlay=\u00bboff\u00bb use_text_overlay=\u00bboff\u00bb alignment=\u00bbcenter\u00bb background_layout=\u00bbdark\u00bb allow_player_pause=\u00bboff\u00bb text_border_radius=\u00bb3&#8243; header_font_select=\u00bbdefault\u00bb header_font=\u00bb||||\u00bb body_font_select=\u00bbdefault\u00bb body_font=\u00bb||||\u00bb custom_button=\u00bboff\u00bb button_font_select=\u00bbdefault\u00bb button_font=\u00bb||||\u00bb button_use_icon=\u00bbon\u00bb button_on_hover=\u00bbon\u00bb _builder_version=\u00bb3.3.1&#8243; use_background_color_gradient=\u00bboff\u00bb background_color_gradient_start=\u00bb#2b87da\u00bb background_color_gradient_end=\u00bb#29c4a9&#8243; background_color_gradient_type=\u00bblinear\u00bb background_color_gradient_direction=\u00bb180deg\u00bb background_color_gradient_direction_radial=\u00bbcenter\u00bb background_color_gradient_start_position=\u00bb0%\u00bb background_color_gradient_end_position=\u00bb100%\u00bb background_color_gradient_overlays_image=\u00bboff\u00bb parallax=\u00bboff\u00bb parallax_method=\u00bbon\u00bb background_repeat=\u00bbno-repeat\u00bb background_blend=\u00bbnormal\u00bb background_video_pause_outside_viewport=\u00bbon\u00bb child_filter_hue_rotate=\u00bb0deg\u00bb child_filter_saturate=\u00bb100%\u00bb child_filter_brightness=\u00bb100%\u00bb child_filter_contrast=\u00bb100%\u00bb child_filter_invert=\u00bb0%\u00bb child_filter_sepia=\u00bb0%\u00bb child_filter_opacity=\u00bb100%\u00bb child_filter_blur=\u00bb0px\u00bb child_mix_blend_mode=\u00bbnormal\u00bb text_shadow_style=\u00bbnone\u00bb header_text_shadow_style=\u00bbnone\u00bb body_text_shadow_style=\u00bbnone\u00bb button_bg_use_color_gradient=\u00bboff\u00bb button_bg_color_gradient_overlays_image=\u00bboff\u00bb button_text_shadow_style=\u00bbnone\u00bb box_shadow_style_button=\u00bbnone\u00bb text_shadow_horizontal_length=\u00bb0em\u00bb text_shadow_vertical_length=\u00bb0em\u00bb text_shadow_blur_strength=\u00bb0em\u00bb header_text_shadow_horizontal_length=\u00bb0em\u00bb header_text_shadow_vertical_length=\u00bb0em\u00bb header_text_shadow_blur_strength=\u00bb0em\u00bb body_text_shadow_horizontal_length=\u00bb0em\u00bb body_text_shadow_vertical_length=\u00bb0em\u00bb body_text_shadow_blur_strength=\u00bb0em\u00bb button_text_shadow_horizontal_length=\u00bb0em\u00bb button_text_shadow_vertical_length=\u00bb0em\u00bb button_text_shadow_blur_strength=\u00bb0em\u00bb]<\/p>\n<p>10:30 &#8211; 11: 30 Conferencia de Loli Garc\u00eda: <em>Vamos a dar la nota<\/em>. Sobre la evaluaci\u00f3n aut\u00e9ntica<\/p>\n<p>11:30 &#8211; 12:00 Pausa Caf\u00e9<\/p>\n<p>12:00 &#8211; 13:00 Mesa de Experiencias y Buenas Pr\u00e1cticas<\/p>\n<p>13:00 &#8211; 13:15 Memoria aulaBLOG: Nuevos proyectos para el pr\u00f3ximo curso de los Nodos de aulaBLOG.<\/p>\n<p>13:15 &#8211; 13:30 Entrega Premio Sekeirox<\/p>\n<p>13:30 &#8211; 14:00 Batukada y Polka de eduBLOGs<\/p>\n<p>14:30 Comida en\u00a0el CEIP Don Blasco de Alag\u00f3n<\/p>\n<p>[\/et_pb_slide][\/et_pb_slider][\/et_pb_column][\/et_pb_row][\/et_pb_section]<\/p>\n","protected":false},"excerpt":{"rendered":"<p>PROGRAMA Si lo prefieres puedes descargarte el programa en pdf en este enlace: Programa #aulaBLOG18 10:45 a 13:00:\u00a0Visita a Vilafranca, Gymkana 13:30 Comida en el CEIP Don Blasco de Alag\u00f3n 16:00 Recibimiento, acogida y entrega de materiales. 16:15 Inauguraci\u00f3n del encuentro. 16:30 Conferencia inaugural: Andrea Gir\u00e1ldez\u00a0Ser para ense\u00f1ar Desde la formaci\u00f3n inicial a la permanente, [&hellip;]<\/p>\n","protected":false},"author":1,"featured_media":0,"parent":0,"menu_order":0,"comment_status":"open","ping_status":"open","template":"","meta":{"_et_pb_use_builder":"on","_et_pb_old_content":"","_et_gb_content_width":"","footnotes":""},"class_list":["post-236","page","type-page","status-publish","hentry"],"_links":{"self":[{"href":"https:\/\/www.aulablog.com\/blog\/encuentro13\/wp-json\/wp\/v2\/pages\/236","targetHints":{"allow":["GET"]}}],"collection":[{"href":"https:\/\/www.aulablog.com\/blog\/encuentro13\/wp-json\/wp\/v2\/pages"}],"about":[{"href":"https:\/\/www.aulablog.com\/blog\/encuentro13\/wp-json\/wp\/v2\/types\/page"}],"author":[{"embeddable":true,"href":"https:\/\/www.aulablog.com\/blog\/encuentro13\/wp-json\/wp\/v2\/users\/1"}],"replies":[{"embeddable":true,"href":"https:\/\/www.aulablog.com\/blog\/encuentro13\/wp-json\/wp\/v2\/comments?post=236"}],"version-history":[{"count":21,"href":"https:\/\/www.aulablog.com\/blog\/encuentro13\/wp-json\/wp\/v2\/pages\/236\/revisions"}],"predecessor-version":[{"id":992,"href":"https:\/\/www.aulablog.com\/blog\/encuentro13\/wp-json\/wp\/v2\/pages\/236\/revisions\/992"}],"wp:attachment":[{"href":"https:\/\/www.aulablog.com\/blog\/encuentro13\/wp-json\/wp\/v2\/media?parent=236"}],"curies":[{"name":"wp","href":"https:\/\/api.w.org\/{rel}","templated":true}]}}