{"id":310,"date":"2015-05-18T10:34:41","date_gmt":"2015-05-18T10:34:41","guid":{"rendered":"http:\/\/www.aulablog.com\/blog\/encuentro13\/?page_id=310"},"modified":"2018-05-11T14:25:34","modified_gmt":"2018-05-11T14:25:34","slug":"makers-space","status":"publish","type":"page","link":"https:\/\/www.aulablog.com\/blog\/encuentro13\/makers-space\/","title":{"rendered":"Makers Space"},"content":{"rendered":"<p>[et_pb_section bb_built=\u00bb1&#8243; admin_label=\u00bbsection\u00bb next_background_color=\u00bb#1e73be\u00bb][et_pb_row admin_label=\u00bbrow\u00bb background_position=\u00bbtop_left\u00bb background_repeat=\u00bbrepeat\u00bb background_size=\u00bbinitial\u00bb][et_pb_column type=\u00bb1_3&#8243;][et_pb_text background_layout=\u00bblight\u00bb text_orientation=\u00bbleft\u00bb background_position=\u00bbtop_left\u00bb background_repeat=\u00bbrepeat\u00bb background_size=\u00bbinitial\u00bb]<\/p>\n<p><img loading=\"lazy\" decoding=\"async\" class=\"alignnone wp-image-302 size-medium\" src=\"https:\/\/www.aulablog.com\/blog\/encuentro13\/files\/2015\/05\/MAKERSPACE-300x212.jpg\" alt=\"MAKERSPACE\" width=\"300\" height=\"212\" srcset=\"https:\/\/www.aulablog.com\/blog\/encuentro13\/files\/2015\/05\/MAKERSPACE-300x212.jpg 300w, https:\/\/www.aulablog.com\/blog\/encuentro13\/files\/2015\/05\/MAKERSPACE-400x284.jpg 400w, https:\/\/www.aulablog.com\/blog\/encuentro13\/files\/2015\/05\/MAKERSPACE.jpg 800w\" sizes=\"(max-width: 300px) 100vw, 300px\" \/><\/p>\n<p>[\/et_pb_text][\/et_pb_column][et_pb_column type=\u00bb2_3&#8243;][et_pb_text background_layout=\u00bblight\u00bb text_orientation=\u00bbleft\u00bb use_border_color=\u00bboff\u00bb border_color=\u00bb#ffffff\u00bb border_style=\u00bbsolid\u00bb background_position=\u00bbtop_left\u00bb background_repeat=\u00bbrepeat\u00bb background_size=\u00bbinitial\u00bb]<\/p>\n<div class=\"et_pb_slide_content\">\n<p style=\"text-align: justify;\">\u00bfTe gusta la programaci\u00f3n? \u00bfte apasiona montar cacharros? \u00bfte parece genial trastear con drones y robots?<\/p>\n<p style=\"text-align: justify;\">Si la respuesta a alguna de estas preguntas es afirmativa este es tu \u00e1rea. Entra en el espacio\u00a0de \u201cmakers\u201d y disfruta con nosotros \u201ccacharreando\u201d con todo tipo de dispositivos: robots, impresoras 3D, programaci\u00f3n y mucho m\u00e1s..<\/p>\n<p style=\"text-align: justify;\">\u00a1Te estamos esperando!<\/p>\n<\/div>\n<p>&nbsp;<\/p>\n<p>[\/et_pb_text][\/et_pb_column][\/et_pb_row][\/et_pb_section][et_pb_section bb_built=\u00bb1&#8243; admin_label=\u00bbsection\u00bb fullwidth=\u00bbon\u00bb specialty=\u00bboff\u00bb transparent_background=\u00bboff\u00bb background_color=\u00bb#1e73be\u00bb allow_player_pause=\u00bboff\u00bb inner_shadow=\u00bboff\u00bb parallax=\u00bboff\u00bb parallax_method=\u00bboff\u00bb prev_background_color=\u00bb#ffffff\u00bb next_background_color=\u00bb#ffffff\u00bb][et_pb_fullwidth_header title=\u00bbTALLERES: MAKERS SPACE\u00bb subhead=\u00bb\u00c1rea STEAM\u00bb background_layout=\u00bbdark\u00bb text_orientation=\u00bbcenter\u00bb content_max_width=\u00bb100%\u00bb background_color=\u00bbrgba(255, 255, 255, 0)\u00bb \/][\/et_pb_section][et_pb_section bb_built=\u00bb1&#8243; admin_label=\u00bbsection\u00bb fullwidth=\u00bboff\u00bb specialty=\u00bboff\u00bb transparent_background=\u00bboff\u00bb background_color=\u00bb#ffffff\u00bb allow_player_pause=\u00bboff\u00bb inner_shadow=\u00bboff\u00bb parallax=\u00bboff\u00bb parallax_method=\u00bboff\u00bb prev_background_color=\u00bb#1e73be\u00bb][et_pb_row admin_label=\u00bbrow\u00bb background_position=\u00bbtop_left\u00bb background_repeat=\u00bbrepeat\u00bb background_size=\u00bbinitial\u00bb][et_pb_column type=\u00bb1_2&#8243;][et_pb_blurb font_icon=\u00bbl\u00bb icon_color=\u00bb#ffffff\u00bb use_circle=\u00bbon\u00bb circle_color=\u00bb#eeee22&#8243; use_circle_border=\u00bbon\u00bb circle_border_color=\u00bb#ffffff\u00bb use_border_color=\u00bboff\u00bb image=\u00bbhttps:\/\/www.aulablog.com\/blog\/encuentro13\/files\/2015\/05\/Logo-Boarder-Clear.png\u00bb background_position=\u00bbtop_left\u00bb background_repeat=\u00bbrepeat\u00bb background_size=\u00bbinitial\u00bb _builder_version=\u00bb3.2.2&#8243; max_width_tablet=\u00bb50px\u00bb title=\u00bbMakey Makey\u00bb]<\/p>\n<p><span style=\"font-weight: 400;\"><div class='et-learn-more et-open clearfix'>\n\t\t\t\t\t<h3 class='heading-more open'>Descripci\u00f3n<span class='et_learnmore_arrow'><span><\/span><\/span><\/h3>\n\t\t\t\t\t<div class='learn-more-content'><\/span><\/p>\n<p><span style=\"font-weight: 400;\">\u00bfQuieres integrar la rob\u00f3tica en tus clases y adem\u00e1s juntarlo con art\u00edsticas?<\/span><\/p>\n<p><span style=\"font-weight: 400;\">Si la respuesta es s\u00ed, \u00e9ste es tu taller. Trabajaremos con las placas controladoras Makey-makey, pero no te asustes est\u00e1n pensadas para ni\u00f1os de primer ciclo de primaria. Y aprenderemos conceptos b\u00e1sicos Scratch para hacer nuestros primeros programas.<\/span><\/p>\n<p><span style=\"font-weight: 400;\"><a href='#' class='small-button smallblue'>Horario: s\u00e1bado d\u00eda 7 de 12:00 a 14:00<\/a><\/span><\/p>\n<p><span style=\"font-weight: 400;\"><\/div>\n\t\t\t\t<\/div><div class='et-learn-more clearfix'>\n\t\t\t\t\t<h3 class='heading-more'>Material necesario<span class='et_learnmore_arrow'><span><\/span><\/span><\/h3>\n\t\t\t\t\t<div class='learn-more-content'><\/span><\/p>\n<p><span style=\"font-weight: 400;\">Port\u00e1til con rat\u00f3n y fruta para que no nos falten vitaminas.<\/span><\/p>\n<p><span style=\"font-weight: 400;\"><\/div>\n\t\t\t\t<\/div><a href='#' class='small-button smallgreen'>Rafa Garc\u00eda Polo<\/a><\/span><\/p>\n<p>[\/et_pb_blurb][\/et_pb_column][et_pb_column type=\u00bb1_2&#8243;][et_pb_blurb font_icon=\u00bb\ue037\u00bb icon_color=\u00bb#ffffff\u00bb use_circle=\u00bbon\u00bb circle_color=\u00bb#81d742&#8243; use_circle_border=\u00bbon\u00bb circle_border_color=\u00bb#ffffff\u00bb use_border_color=\u00bboff\u00bb image=\u00bbhttps:\/\/www.aulablog.com\/blog\/encuentro13\/files\/2015\/05\/8215690357_6c764305a6_b.jpg\u00bb background_position=\u00bbtop_left\u00bb background_repeat=\u00bbrepeat\u00bb background_size=\u00bbinitial\u00bb _builder_version=\u00bb3.2.2&#8243; max_width_tablet=\u00bb50px\u00bb title=\u00bbESCANEADO DE ANDAR POR CASA, c\u00f3mo hacerte un mini yo\u00bb]<\/p>\n<div class='et-learn-more et-open clearfix'>\n\t\t\t\t\t<h3 class='heading-more open'>Descripci\u00f3n<span class='et_learnmore_arrow'><span><\/span><\/span><\/h3>\n\t\t\t\t\t<div class='learn-more-content'><p><span style=\"font-weight: 400;\">Te has preguntado \u00a0alguna vez c\u00f3mo es eso de escanear, es caro, para qu\u00e9 sirve\u2026 podemos escanear sin mucho coste\u2026 como me puedo hacer un miniyo. El taller va a ir de con pocas perras hacerme con un esc\u00e1ner dom\u00e9stico. Y dedicarme a escanear a todo el que se ponga delante e imprimirlo posteriormente.<\/span><\/p>\n<p><span style=\"font-weight: 400;\">M\u00e1s informaci\u00f3n del taller:<\/span><\/p>\n<ul>\n<li><a href=\"http:\/\/www.rubencarracedo.com\/como-usar-microsoft-kinect-como-escaner-3d\/\"><span style=\"font-weight: 400;\">http:\/\/www.rubencarracedo.com\/como-usar-microsoft-kinect-como-escaner-3d\/<\/span><\/a><\/li>\n<li><a href=\"https:\/\/youtu.be\/rgj3yGfZLBQ\"><span style=\"font-weight: 400;\">https:\/\/youtu.be\/rgj3yGfZLBQ<\/span><\/a><\/li>\n<li><a href=\"https:\/\/www.digitalizacion-3d.com\/guia-del-escaner-3d-portatil\/\"><span style=\"font-weight: 400;\">https:\/\/www.digitalizacion-3d.com\/guia-del-escaner-3d-portatil\/<\/span><\/a><\/li>\n<li><a href=\"https:\/\/imprimiendoelfuturo.wordpress.com\/2013\/09\/24\/convierte-la-kinect-de-tu-xbox-en-un-escaner-3d\/\"><span style=\"font-weight: 400;\">https:\/\/imprimiendoelfuturo.wordpress.com\/2013\/09\/24\/convierte-la-kinect-de-tu-xbox-en-un-escaner-3d\/<\/span><\/a><\/li>\n<li><a href=\"https:\/\/www.artec3d.com\/es\/3d-software\/artec-studio\"><span style=\"font-weight: 400;\">https:\/\/www.artec3d.com\/es\/3d-software\/artec-studio<\/span><\/a><\/li>\n<\/ul>\n<p>&nbsp;<\/p>\n<p><span style=\"font-weight: 400;\"><a href='#' class='small-button smallblue'>Horario: s\u00e1bado d\u00eda 7 de 16:30 a 18:30<\/a><\/span><\/p>\n<p><span style=\"font-weight: 400;\"><\/div>\n\t\t\t\t<\/div><div class='et-learn-more clearfix'>\n\t\t\t\t\t<h3 class='heading-more'>Material necesario<span class='et_learnmore_arrow'><span><\/span><\/span><\/h3>\n\t\t\t\t\t<div class='learn-more-content'><\/span><\/p>\n<p><span style=\"font-weight: 400;\">Port\u00e1til con buena tarjeta gr\u00e1fica, una kinect one de segunda mano, drivers de la kinect instalado, skanect instalado<\/span><\/p>\n<p><span style=\"font-weight: 400;\"><\/div>\n\t\t\t\t<\/div><a href='#' class='small-button smallgreen'>Josu Garro<\/a><\/span><\/p>\n<p>[\/et_pb_blurb][\/et_pb_column][\/et_pb_row][\/et_pb_section]<\/p>\n","protected":false},"excerpt":{"rendered":"<p>\u00bfTe gusta la programaci\u00f3n? \u00bfte apasiona montar cacharros? \u00bfte parece genial trastear con drones y robots? Si la respuesta a alguna de estas preguntas es afirmativa este es tu \u00e1rea. Entra en el espacio\u00a0de \u201cmakers\u201d y disfruta con nosotros \u201ccacharreando\u201d con todo tipo de dispositivos: robots, impresoras 3D, programaci\u00f3n y mucho m\u00e1s.. \u00a1Te estamos esperando! [&hellip;]<\/p>\n","protected":false},"author":23,"featured_media":0,"parent":0,"menu_order":0,"comment_status":"open","ping_status":"open","template":"","meta":{"_et_pb_use_builder":"on","_et_pb_old_content":"","_et_gb_content_width":"","footnotes":""},"class_list":["post-310","page","type-page","status-publish","hentry"],"_links":{"self":[{"href":"https:\/\/www.aulablog.com\/blog\/encuentro13\/wp-json\/wp\/v2\/pages\/310","targetHints":{"allow":["GET"]}}],"collection":[{"href":"https:\/\/www.aulablog.com\/blog\/encuentro13\/wp-json\/wp\/v2\/pages"}],"about":[{"href":"https:\/\/www.aulablog.com\/blog\/encuentro13\/wp-json\/wp\/v2\/types\/page"}],"author":[{"embeddable":true,"href":"https:\/\/www.aulablog.com\/blog\/encuentro13\/wp-json\/wp\/v2\/users\/23"}],"replies":[{"embeddable":true,"href":"https:\/\/www.aulablog.com\/blog\/encuentro13\/wp-json\/wp\/v2\/comments?post=310"}],"version-history":[{"count":35,"href":"https:\/\/www.aulablog.com\/blog\/encuentro13\/wp-json\/wp\/v2\/pages\/310\/revisions"}],"predecessor-version":[{"id":904,"href":"https:\/\/www.aulablog.com\/blog\/encuentro13\/wp-json\/wp\/v2\/pages\/310\/revisions\/904"}],"wp:attachment":[{"href":"https:\/\/www.aulablog.com\/blog\/encuentro13\/wp-json\/wp\/v2\/media?parent=310"}],"curies":[{"name":"wp","href":"https:\/\/api.w.org\/{rel}","templated":true}]}}