{"id":721,"date":"2017-06-10T16:15:41","date_gmt":"2017-06-10T16:15:41","guid":{"rendered":"http:\/\/www.aulablog.com\/blog\/encuentro13\/?page_id=721"},"modified":"2018-05-21T14:28:20","modified_gmt":"2018-05-21T14:28:20","slug":"gamificacion","status":"publish","type":"page","link":"https:\/\/www.aulablog.com\/blog\/encuentro13\/gamificacion\/","title":{"rendered":"\u00c1rea de Gamificaci\u00f3n"},"content":{"rendered":"<p>[et_pb_section bb_built=\u00bb1&#8243; admin_label=\u00bbsection\u00bb fullwidth=\u00bboff\u00bb specialty=\u00bboff\u00bb next_background_color=\u00bb#1e73be\u00bb][et_pb_row admin_label=\u00bbrow\u00bb background_position=\u00bbtop_left\u00bb background_repeat=\u00bbrepeat\u00bb background_size=\u00bbinitial\u00bb][et_pb_column type=\u00bb1_3&#8243;][et_pb_text background_layout=\u00bblight\u00bb text_orientation=\u00bbleft\u00bb use_border_color=\u00bboff\u00bb border_color=\u00bb#ffffff\u00bb border_style=\u00bbsolid\u00bb background_position=\u00bbtop_left\u00bb background_repeat=\u00bbrepeat\u00bb background_size=\u00bbinitial\u00bb]<\/p>\n<p>&nbsp;<\/p>\n<p><img loading=\"lazy\" decoding=\"async\" class=\"aligncenter wp-image-723\" src=\"https:\/\/www.aulablog.com\/blog\/encuentro13\/files\/2017\/06\/gamification-300x133.jpg\" alt=\"\" width=\"397\" height=\"176\" srcset=\"https:\/\/www.aulablog.com\/blog\/encuentro13\/files\/2017\/06\/gamification-300x133.jpg 300w, https:\/\/www.aulablog.com\/blog\/encuentro13\/files\/2017\/06\/gamification.jpg 700w\" sizes=\"(max-width: 397px) 100vw, 397px\" \/><\/p>\n<p>&nbsp;<\/p>\n<p>[\/et_pb_text][\/et_pb_column][et_pb_column type=\u00bb2_3&#8243;][et_pb_text background_layout=\u00bblight\u00bb text_orientation=\u00bbleft\u00bb use_border_color=\u00bboff\u00bb border_color=\u00bb#ffffff\u00bb border_style=\u00bbsolid\u00bb background_position=\u00bbtop_left\u00bb background_repeat=\u00bbrepeat\u00bb background_size=\u00bbinitial\u00bb]<\/p>\n<div class=\"et_pb_slide_content\">\n<p><span style=\"font-weight: 400;\">Como los buenos cocineros, si queremos llegar a lo m\u00e1s alto, debemos sacar el mejor partido posible a nuestros utensilios de cocina. En este \u00e1rea pondremos en pr\u00e1ctica algunas Apps y herramientas online para Gamificar desde el primer d\u00eda. Si has o\u00eddo hablar de gamificaci\u00f3n y quieres aplicarla en clase, este es tu espacio, elige y disfruta.<\/span><\/p>\n<p style=\"text-align: center;\"><span style=\"font-weight: 400;\">\u00bfSer\u00e1s capaz de convertirte en cookie?<\/span><\/p>\n<\/div>\n<p>[\/et_pb_text][\/et_pb_column][\/et_pb_row][\/et_pb_section][et_pb_section bb_built=\u00bb1&#8243; admin_label=\u00bbsection\u00bb fullwidth=\u00bbon\u00bb specialty=\u00bboff\u00bb transparent_background=\u00bboff\u00bb background_color=\u00bb#1e73be\u00bb allow_player_pause=\u00bboff\u00bb inner_shadow=\u00bboff\u00bb parallax=\u00bboff\u00bb parallax_method=\u00bboff\u00bb prev_background_color=\u00bb#ffffff\u00bb next_background_color=\u00bb#ffffff\u00bb][et_pb_fullwidth_header title=\u00bbTALLERES: Gamificaci\u00f3n\u00bb subhead=\u00bbEspacio gamificado\u00bb background_layout=\u00bbdark\u00bb text_orientation=\u00bbcenter\u00bb header_fullscreen=\u00bboff\u00bb parallax=\u00bboff\u00bb parallax_method=\u00bboff\u00bb header_scroll_down=\u00bboff\u00bb image_orientation=\u00bbcenter\u00bb content_orientation=\u00bbcenter\u00bb custom_button_one=\u00bboff\u00bb button_one_letter_spacing=\u00bb0&#8243; button_one_use_icon=\u00bbdefault\u00bb button_one_icon_placement=\u00bbright\u00bb button_one_on_hover=\u00bbon\u00bb button_one_letter_spacing_hover=\u00bb0&#8243; custom_button_two=\u00bboff\u00bb button_two_letter_spacing=\u00bb0&#8243; button_two_use_icon=\u00bbdefault\u00bb button_two_icon_placement=\u00bbright\u00bb button_two_on_hover=\u00bbon\u00bb button_two_letter_spacing_hover=\u00bb0&#8243; _builder_version=\u00bb3.0.106&#8243; background_color=\u00bbrgba(255, 255, 255, 0)\u00bb \/][\/et_pb_section][et_pb_section bb_built=\u00bb1&#8243; admin_label=\u00bbsection\u00bb fullwidth=\u00bboff\u00bb specialty=\u00bboff\u00bb transparent_background=\u00bboff\u00bb background_color=\u00bb#ffffff\u00bb allow_player_pause=\u00bboff\u00bb inner_shadow=\u00bboff\u00bb parallax=\u00bboff\u00bb parallax_method=\u00bboff\u00bb prev_background_color=\u00bb#1e73be\u00bb][et_pb_row admin_label=\u00bbrow\u00bb background_position=\u00bbtop_left\u00bb background_repeat=\u00bbrepeat\u00bb background_size=\u00bbinitial\u00bb][et_pb_column type=\u00bb1_3&#8243;][et_pb_blurb use_icon=\u00bbon\u00bb font_icon=\u00bb%%154%%\u00bb icon_color=\u00bb#ffffff\u00bb use_circle=\u00bbon\u00bb circle_color=\u00bb#81d742&#8243; use_circle_border=\u00bbon\u00bb circle_border_color=\u00bb#ffffff\u00bb use_border_color=\u00bboff\u00bb background_position=\u00bbtop_left\u00bb background_repeat=\u00bbrepeat\u00bb background_size=\u00bbinitial\u00bb _builder_version=\u00bb3.2.2&#8243; max_width_tablet=\u00bb50px\u00bb title=\u00bbGamificaci\u00f3n de la convivencia\u00bb]<\/p>\n<p><span style=\"font-weight: 400;\"><div class='et-learn-more et-open clearfix'>\n\t\t\t\t\t<h3 class='heading-more open'>Descripci\u00f3n<span class='et_learnmore_arrow'><span><\/span><\/span><\/h3>\n\t\t\t\t\t<div class='learn-more-content'><\/span><\/p>\n<p><span style=\"font-weight: 400;\">Herramientas de gamificaci\u00f3n al servicio de la convivencia y de la tutor\u00eda.<\/span><span style=\"font-weight: 400;\">Tratamos de dar una vuelta a la tutor\u00eda y a la convivencia del centro. Se aplican principios de neuroeducaci\u00f3n La metodolog\u00eda que vemos m\u00e1s apropiada es la de Gamificaci\u00f3n. Se estructura como tres trimestres: tres retos.<\/span><\/p>\n<ol>\n<li><span style=\"font-weight: 400;\"> Cohesi\u00f3n de grupo.<\/span><\/li>\n<li><span style=\"font-weight: 400;\"> Habilidades sociales e Inteligencia Emocional.<\/span><\/li>\n<li><span style=\"font-weight: 400;\"> Orientaci\u00f3n y vocaci\u00f3n profesional.<\/span><\/li>\n<\/ol>\n<p><b>Enlace a la web:\u00a0<\/b><a href=\"https:\/\/camachomanarel.wixsite.com\/estigia\"><span style=\"font-weight: 400;\">https:\/\/camachomanarel.wixsite.com\/estigia<\/span><\/a><\/p>\n<p><span style=\"font-weight: 400;\"><a href='#' class='small-button smallblue'>Horario: s\u00e1bado d\u00eda 7 de 12:00 a 14:00<\/a><\/span><\/p>\n<p><span style=\"font-weight: 400;\"><\/div>\n\t\t\t\t<\/div><div class='et-learn-more clearfix'>\n\t\t\t\t\t<h3 class='heading-more'>Material necesario<span class='et_learnmore_arrow'><span><\/span><\/span><\/h3>\n\t\t\t\t\t<div class='learn-more-content'><\/span><\/p>\n<p><span style=\"font-weight: 400;\">Tablet, iPad \u00a0u ordenador<\/span><\/p>\n<p><span style=\"font-weight: 400;\"><\/div>\n\t\t\t\t<\/div><a href='#' class='small-button smallgreen'>M\u00aa Adela Camacho Manarel<\/a><\/span><\/p>\n<p>[\/et_pb_blurb][\/et_pb_column][et_pb_column type=\u00bb1_3&#8243;][et_pb_blurb use_icon=\u00bbon\u00bb font_icon=\u00bbR\u00bb icon_color=\u00bb#ffffff\u00bb use_circle=\u00bbon\u00bb circle_color=\u00bb#81d742&#8243; use_circle_border=\u00bbon\u00bb circle_border_color=\u00bb#ffffff\u00bb use_border_color=\u00bboff\u00bb background_position=\u00bbtop_left\u00bb background_repeat=\u00bbrepeat\u00bb background_size=\u00bbinitial\u00bb _builder_version=\u00bb3.2.2&#8243; max_width_tablet=\u00bb50px\u00bb title=\u00bbMaster G@me\u00bb]<\/p>\n<p><span style=\"font-weight: 400;\"><div class='et-learn-more et-open clearfix'>\n\t\t\t\t\t<h3 class='heading-more open'>Descripci\u00f3n<span class='et_learnmore_arrow'><span><\/span><\/span><\/h3>\n\t\t\t\t\t<div class='learn-more-content'><\/span><\/p>\n<p><span style=\"font-weight: 400;\">Taller de herramientas online para crear Cartas, Avatares, Gesti\u00f3n de puntuaciones o Candados digitales que puedas utilizar en tus proyectos de Gamificaci\u00f3n. <\/span><\/p>\n<p><span style=\"font-weight: 400;\"><a href='#' class='small-button smallblue'>Horario: s\u00e1bado d\u00eda 7 de 12:00 a 14:00<\/a><\/span><\/p>\n<p><span style=\"font-weight: 400;\"><\/div>\n\t\t\t\t<\/div><div class='et-learn-more clearfix'>\n\t\t\t\t\t<h3 class='heading-more'>Material necesario<span class='et_learnmore_arrow'><span><\/span><\/span><\/h3>\n\t\t\t\t\t<div class='learn-more-content'><\/span><\/p>\n<p><span style=\"font-weight: 400;\">Aquel que disponga de ordenador port\u00e1til puede llevarlo por si no hubiera suficientes ordenadores en la sala para cada pareja. <\/span><\/p>\n<p><span style=\"font-weight: 400;\"><\/div>\n\t\t\t\t<\/div><a href='#' class='small-button smallgreen'>Carlos Gil<\/a><\/span><\/p>\n<p>[\/et_pb_blurb][\/et_pb_column][et_pb_column type=\u00bb1_3&#8243;][et_pb_blurb use_icon=\u00bbon\u00bb font_icon=\u00bb\ue007\u00bb icon_color=\u00bb#ffffff\u00bb use_circle=\u00bbon\u00bb circle_color=\u00bb#81d742&#8243; use_circle_border=\u00bbon\u00bb circle_border_color=\u00bb#ffffff\u00bb use_border_color=\u00bboff\u00bb background_position=\u00bbtop_left\u00bb background_repeat=\u00bbrepeat\u00bb background_size=\u00bbinitial\u00bb _builder_version=\u00bb3.2.2&#8243; max_width_tablet=\u00bb50px\u00bb title=\u00bbCon Genially mejor\u00bb]<\/p>\n<p><span style=\"font-weight: 400;\"><div class='et-learn-more et-open clearfix'>\n\t\t\t\t\t<h3 class='heading-more open'>Descripci\u00f3n<span class='et_learnmore_arrow'><span><\/span><\/span><\/h3>\n\t\t\t\t\t<div class='learn-more-content'><\/span><\/p>\n<p><span style=\"font-weight: 400;\">Uso de Genially en el aula, especialmente creaci\u00f3n de juegos.<\/span><\/p>\n<p><span style=\"font-weight: 400;\"><a href='#' class='small-button smallblue'>Horario: s\u00e1bado d\u00eda 7 de 16:30 a 18:30<\/a><\/span><\/p>\n<p>&nbsp;<\/p>\n<p><span style=\"font-weight: 400;\"><\/div>\n\t\t\t\t<\/div><div class='et-learn-more clearfix'>\n\t\t\t\t\t<h3 class='heading-more'>Material necesario<span class='et_learnmore_arrow'><span><\/span><\/span><\/h3>\n\t\t\t\t\t<div class='learn-more-content'><\/span><\/p>\n<p><span style=\"font-weight: 400;\">Un ordenador port\u00e1til o tableta.<\/span><\/p>\n<p><span style=\"font-weight: 400;\"><\/div>\n\t\t\t\t<\/div><a href='#' class='small-button smallgreen'>Mar Ser\u00f3n, Adela Camacho, Felipe y Manoli Fern\u00e1ndez<\/a><\/span><\/p>\n<p>[\/et_pb_blurb][\/et_pb_column][\/et_pb_row][\/et_pb_section]<\/p>\n","protected":false},"excerpt":{"rendered":"<p>&nbsp; &nbsp; Como los buenos cocineros, si queremos llegar a lo m\u00e1s alto, debemos sacar el mejor partido posible a nuestros utensilios de cocina. En este \u00e1rea pondremos en pr\u00e1ctica algunas Apps y herramientas online para Gamificar desde el primer d\u00eda. Si has o\u00eddo hablar de gamificaci\u00f3n y quieres aplicarla en clase, este es tu [&hellip;]<\/p>\n","protected":false},"author":1,"featured_media":0,"parent":0,"menu_order":0,"comment_status":"open","ping_status":"closed","template":"","meta":{"_et_pb_use_builder":"on","_et_pb_old_content":"<p>[et_pb_section fullwidth=\"off\" specialty=\"off\"][et_pb_row][et_pb_column type=\"1_3\"][et_pb_text admin_label=\"Texto\" background_layout=\"light\" text_orientation=\"left\"]<\/p><p><img class=\"aligncenter wp-image-300 size-full\" src=\"http:\/\/www.aulablog.com\/blog\/encuentro12\/files\/2015\/05\/AREAMLEARNING.jpg\" alt=\"AREAMLEARNING\" width=\"800\" height=\"566\" \/><\/p><p>[\/et_pb_text][\/et_pb_column][et_pb_column type=\"2_3\"][et_pb_text admin_label=\"Texto\" background_layout=\"light\" text_orientation=\"left\"]<\/p><div class=\"et_pb_slide_content\"><p style=\"text-align: justify;\">\u00bfQuieres aprender nuevas apps para usar en tu clase? \u00bfTe atreves a jugar con nosotros y participar en un gymkana por todo el centro usando tu m\u00f3vil? \u00a0Si es as\u00ed, este es tu lugar. Aqu\u00ed todo lo haremos con un m\u00f3vil o tableta en las manos: m-learning, apps, realidad aumentada, video, radio\u2026 existe\u00a0una app para \u201ccasi\u201d todo<\/p><p style=\"text-align: justify;\">Siempre hay nuevos m\u00e9todos, nuevas tendencias, nuevas metodolog\u00edas o simplemente una revisi\u00f3n actualizada de lo anterior. En este espacio nos acercaremos a temas como los paisajes de aprendizaje, el flipped classroom o los portfolios. Hay que estar atentos a lo que hacen otros\u00a0\u00bfno te parece?<\/p><p style=\"text-align: justify;\">\u00bfLo descubrimos juntos?<\/p><\/div><p>[\/et_pb_text][\/et_pb_column][\/et_pb_row][\/et_pb_section][et_pb_section fullwidth=\"on\" specialty=\"off\" transparent_background=\"off\" background_color=\"#1e73be\" allow_player_pause=\"off\" inner_shadow=\"off\" parallax=\"off\" parallax_method=\"off\"][et_pb_fullwidth_header admin_label=\"T\u00edtulo de anchura completa\" title=\"TALLERES: M-LEARNING\" subhead=\"\u00c1rea tecnol\u00f3gica\" background_layout=\"dark\" text_orientation=\"center\" \/][\/et_pb_section][et_pb_section fullwidth=\"off\" specialty=\"off\" transparent_background=\"off\" background_color=\"#ffffff\" allow_player_pause=\"off\" inner_shadow=\"off\" parallax=\"off\" parallax_method=\"off\"][et_pb_row][et_pb_column type=\"1_4\"][et_pb_blurb admin_label=\"Anuncio\" title=\"Evaluar con Apps\" url_new_window=\"off\" use_icon=\"on\" font_icon=\"R\" icon_color=\"#ffffff\" use_circle=\"on\" circle_color=\"#81d742\" use_circle_border=\"on\" circle_border_color=\"#ffffff\" icon_placement=\"top\" animation=\"top\" background_layout=\"light\" text_orientation=\"left\"][learn_more caption=\"Descripci\u00f3n\" state=\"open\"]<\/p><p>Desde la normativa m\u00e1s ortodoxa hasta la pedagog\u00eda m\u00e1s innovadora, siempre se suele entender la evaluaci\u00f3n bajo conceptos como 'reconocer, explicar, razonar, exponer, utilizar, aplicar, investigar'. Todos estos son verbos de 'acci\u00f3n' que requieren de forma obligatoria 'observar' al alumnado. Pues bien, con UNA sola tablets podemos mejorar fundamentalmente nuestra manera de evaluar.....<\/p><p style=\"text-align: justify;\">[\/learn_more][learn_more caption=\"Contenidos\" state=\"close\"]<\/p><ul><li>Cuadernos digitales<\/li><li>Apps para completar la observaci\u00f3n en clase:<br \/> - Etiquetado de recursos<br \/> - R\u00fabricas<br \/> - LMS<br \/> - Blogs de alumno\/a<\/li><li>Pedagog\u00eda SAMR<\/li><\/ul><p style=\"text-align: justify;\">[\/learn_more]<\/p><p style=\"text-align: justify;\">[\/et_pb_blurb][\/et_pb_column][et_pb_column type=\"1_4\"][et_pb_blurb admin_label=\"Anuncio\" title=\"CreAPPtividad\" url_new_window=\"off\" use_icon=\"on\" font_icon=\"\ue007\" icon_color=\"#ffffff\" use_circle=\"on\" circle_color=\"#81d742\" use_circle_border=\"on\" circle_border_color=\"#ffffff\" icon_placement=\"top\" animation=\"top\" background_layout=\"light\" text_orientation=\"left\"][learn_more caption=\"Descripci\u00f3n\" state=\"close\"]<\/p><p>Pendiente...<\/p><p style=\"text-align: justify;\">[\/learn_more]<\/p><p style=\"text-align: justify;\">[\/et_pb_blurb][\/et_pb_column][et_pb_column type=\"1_4\"][et_pb_blurb admin_label=\"Anuncio\" url_new_window=\"off\" use_icon=\"on\" font_icon=\"\ue007\" icon_color=\"#ffffff\" use_circle=\"on\" circle_color=\"#eeee22\" use_circle_border=\"on\" circle_border_color=\"#ffffff\" icon_placement=\"top\" animation=\"top\" background_layout=\"light\" text_orientation=\"left\" title=\"Flippear tu clase\"][learn_more caption=\"Descripci\u00f3n\" state=\"close\"]<\/p><p>Pendiente...<\/p><p style=\"text-align: justify;\">[\/learn_more]<\/p><p style=\"text-align: justify;\">[\/et_pb_blurb][\/et_pb_column][et_pb_column type=\"1_4\"][\/et_pb_column][\/et_pb_row][\/et_pb_section]<\/p>","_et_gb_content_width":"","footnotes":""},"class_list":["post-721","page","type-page","status-publish","hentry"],"_links":{"self":[{"href":"https:\/\/www.aulablog.com\/blog\/encuentro13\/wp-json\/wp\/v2\/pages\/721","targetHints":{"allow":["GET"]}}],"collection":[{"href":"https:\/\/www.aulablog.com\/blog\/encuentro13\/wp-json\/wp\/v2\/pages"}],"about":[{"href":"https:\/\/www.aulablog.com\/blog\/encuentro13\/wp-json\/wp\/v2\/types\/page"}],"author":[{"embeddable":true,"href":"https:\/\/www.aulablog.com\/blog\/encuentro13\/wp-json\/wp\/v2\/users\/1"}],"replies":[{"embeddable":true,"href":"https:\/\/www.aulablog.com\/blog\/encuentro13\/wp-json\/wp\/v2\/comments?post=721"}],"version-history":[{"count":13,"href":"https:\/\/www.aulablog.com\/blog\/encuentro13\/wp-json\/wp\/v2\/pages\/721\/revisions"}],"predecessor-version":[{"id":926,"href":"https:\/\/www.aulablog.com\/blog\/encuentro13\/wp-json\/wp\/v2\/pages\/721\/revisions\/926"}],"wp:attachment":[{"href":"https:\/\/www.aulablog.com\/blog\/encuentro13\/wp-json\/wp\/v2\/media?parent=721"}],"curies":[{"name":"wp","href":"https:\/\/api.w.org\/{rel}","templated":true}]}}