{"id":88,"date":"2015-05-01T18:37:01","date_gmt":"2015-05-01T18:37:01","guid":{"rendered":"http:\/\/www.aulablog.com\/blog\/encuentro13\/?page_id=88"},"modified":"2018-04-22T11:31:34","modified_gmt":"2018-04-22T11:31:34","slug":"localizacion","status":"publish","type":"page","link":"https:\/\/www.aulablog.com\/blog\/encuentro13\/localizacion\/","title":{"rendered":"Localizaci\u00f3n"},"content":{"rendered":"<p>[et_pb_section bb_built=\u00bb1&#8243; admin_label=\u00bbsection\u00bb next_background_color=\u00bb#000000&#8243;][et_pb_row admin_label=\u00bbrow\u00bb background_position=\u00bbtop_left\u00bb background_repeat=\u00bbrepeat\u00bb background_size=\u00bbinitial\u00bb][et_pb_column type=\u00bb1_2&#8243;][et_pb_text background_position=\u00bbtop_left\u00bb background_repeat=\u00bbrepeat\u00bb background_size=\u00bbinitial\u00bb _builder_version=\u00bb3.0.106&#8243; background_layout=\u00bblight\u00bb]<\/p>\n<h2>Localizaci\u00f3n de Vilafranca (Castell\u00f3n)<\/h2>\n<div>\n<h4>El XIII Encuentro de aulaBLOG se realizar\u00e1 en el <a href=\"http:\/\/escolavilafranca.blogspot.com.es\/\" target=\"_blank\" rel=\"noopener\"><strong>CEIP Don Blasco de Alag\u00f3n<\/strong><\/a><\/h4>\n<div><\/div>\n<div><\/div>\n<div><\/div>\n<\/div>\n<p>[\/et_pb_text][\/et_pb_column][et_pb_column type=\u00bb1_2&#8243;][et_pb_image src=\u00bbhttps:\/\/www.aulablog.com\/blog\/encuentro13\/files\/2018\/03\/Vilafranca.jpg\u00bb alt=\u00bbAguilar de Campoo\u00bb url=\u00bbhttp:\/\/www.aguilardecampoo.com\/\u00bb url_new_window=\u00bbon\u00bb animation_style=\u00bbslide\u00bb animation_duration=\u00bb500ms\u00bb animation_intensity_slide=\u00bb10%\u00bb animation_direction=\u00bbleft\u00bb show_bottom_space=\u00bbon\u00bb _builder_version=\u00bb3.0.106&#8243; show_in_lightbox=\u00bboff\u00bb use_overlay=\u00bboff\u00bb always_center_on_mobile=\u00bbon\u00bb force_fullwidth=\u00bboff\u00bb]<\/p>\n<p>&nbsp;<\/p>\n<p>[\/et_pb_image][\/et_pb_column][\/et_pb_row][\/et_pb_section][et_pb_section bb_built=\u00bb1&#8243; admin_label=\u00bbsection\u00bb fullwidth=\u00bbon\u00bb prev_background_color=\u00bb#000000&#8243; next_background_color=\u00bb#000000&#8243;][et_pb_fullwidth_map address=\u00bb12150 Villafranca del Cid, Castell\u00f3n, Espa\u00f1a\u00bb zoom_level=\u00bb17&#8243; address_lat=\u00bb40.4297868&#8243; address_lng=\u00bb-0.25764189999995324&#8243; _builder_version=\u00bb3.0.106&#8243; mouse_wheel=\u00bbon\u00bb mobile_dragging=\u00bbon\u00bb][et_pb_map_pin title=\u00bbVillafranca del Cid, Castell\u00f3n\u00bb pin_address=\u00bb12150 Villafranca del Cid, Castell\u00f3n, Espa\u00f1a\u00bb pin_address_lat=\u00bb40.4297868&#8243; pin_address_lng=\u00bb-0.25764189999995324&#8243; _builder_version=\u00bb3.0.106&#8243; \/][\/et_pb_fullwidth_map][\/et_pb_section][et_pb_section bb_built=\u00bb1&#8243; admin_label=\u00bbsection\u00bb fullwidth=\u00bbon\u00bb prev_background_color=\u00bb#000000&#8243;][\/et_pb_section]<\/p>\n","protected":false},"excerpt":{"rendered":"<p>Localizaci\u00f3n de Vilafranca (Castell\u00f3n) El XIII Encuentro de aulaBLOG se realizar\u00e1 en el CEIP Don Blasco de Alag\u00f3n &nbsp;<\/p>\n","protected":false},"author":1,"featured_media":0,"parent":0,"menu_order":0,"comment_status":"open","ping_status":"open","template":"","meta":{"_et_pb_use_builder":"on","_et_pb_old_content":"","_et_gb_content_width":"","footnotes":""},"class_list":["post-88","page","type-page","status-publish","hentry"],"_links":{"self":[{"href":"https:\/\/www.aulablog.com\/blog\/encuentro13\/wp-json\/wp\/v2\/pages\/88","targetHints":{"allow":["GET"]}}],"collection":[{"href":"https:\/\/www.aulablog.com\/blog\/encuentro13\/wp-json\/wp\/v2\/pages"}],"about":[{"href":"https:\/\/www.aulablog.com\/blog\/encuentro13\/wp-json\/wp\/v2\/types\/page"}],"author":[{"embeddable":true,"href":"https:\/\/www.aulablog.com\/blog\/encuentro13\/wp-json\/wp\/v2\/users\/1"}],"replies":[{"embeddable":true,"href":"https:\/\/www.aulablog.com\/blog\/encuentro13\/wp-json\/wp\/v2\/comments?post=88"}],"version-history":[{"count":19,"href":"https:\/\/www.aulablog.com\/blog\/encuentro13\/wp-json\/wp\/v2\/pages\/88\/revisions"}],"predecessor-version":[{"id":885,"href":"https:\/\/www.aulablog.com\/blog\/encuentro13\/wp-json\/wp\/v2\/pages\/88\/revisions\/885"}],"wp:attachment":[{"href":"https:\/\/www.aulablog.com\/blog\/encuentro13\/wp-json\/wp\/v2\/media?parent=88"}],"curies":[{"name":"wp","href":"https:\/\/api.w.org\/{rel}","templated":true}]}}