{"id":880,"date":"2018-04-22T11:25:20","date_gmt":"2018-04-22T11:25:20","guid":{"rendered":"http:\/\/www.aulablog.com\/blog\/encuentro13\/?page_id=880"},"modified":"2018-04-22T11:25:20","modified_gmt":"2018-04-22T11:25:20","slug":"inscripcion","status":"publish","type":"page","link":"https:\/\/www.aulablog.com\/blog\/encuentro13\/inscripcion\/","title":{"rendered":"Inscripci\u00f3n"},"content":{"rendered":"<p>Como en ediciones anteriores, el n\u00famero de asistentes al <strong>XIII\u00a0Encuentro aulaBLOG 2018<\/strong>\u00a0est\u00e1 limitado a <strong>120 personas<\/strong>, as\u00ed que no lo dejes pasar, pues una vez completado el aforo, nos veremos en la obligaci\u00f3n de no aceptar ninguna solicitud. Los datos de la cuenta para hacer la transferencia o el ingreso de los 70\u20ac de la inscripci\u00f3n es:<\/p>\n<div class='et-box et-info'>\n\t\t\t\t\t<div class='et-box-content'><h5>Titular: Aulablog<\/h5>\n<h5>IBAN: ES58 1491 0001 2421 2720 8623\u00a0 \u2014\u2013\u00a0 CCC: 1491 0001 24 2127208623)<\/h5>\n<h5><strong>\u00a1\u00a1\u00a1\u00a1Muy importante!!!!<\/strong><\/h5>\n<h5>Indicar en el CONCEPTO: E2018- NOMBRE Y APELLIDOS (Ejemplo: E2018-JOSE FRUTOS ESTEBAN)<\/h5>\n<p style=\"padding-left: 30px;\"><\/div><\/div>\n<p>\u00a1Nos vemos!<\/p>\n<p><iframe loading=\"lazy\" src=\"https:\/\/docs.google.com\/forms\/d\/e\/1FAIpQLSer1talqJ4Q913HiF2omSkl7d6H-_Uaq5lv268AxDgAFrrF9Q\/viewform?embedded=true\" width=\"760\" height=\"1700\" frameborder=\"0\" marginwidth=\"0\" marginheight=\"0\"><span data-mce-type=\"bookmark\" style=\"display: inline-block; width: 0px; overflow: hidden; line-height: 0;\" class=\"mce_SELRES_start\">\ufeff<\/span><span data-mce-type=\"bookmark\" style=\"display: inline-block; width: 0px; overflow: hidden; line-height: 0;\" class=\"mce_SELRES_start\">\ufeff<\/span><span data-mce-type=\"bookmark\" style=\"display: inline-block; width: 0px; overflow: hidden; line-height: 0;\" class=\"mce_SELRES_start\">\ufeff<\/span><span data-mce-type=\"bookmark\" style=\"display: inline-block; width: 0px; overflow: hidden; line-height: 0;\" class=\"mce_SELRES_start\">\ufeff<\/span><span data-mce-type=\"bookmark\" style=\"display: inline-block; width: 0px; overflow: hidden; line-height: 0;\" class=\"mce_SELRES_start\">\ufeff<\/span>Cargando&#8230;<\/iframe><\/p>\n","protected":false},"excerpt":{"rendered":"<p>Como en ediciones anteriores, el n\u00famero de asistentes al XIII\u00a0Encuentro aulaBLOG 2018\u00a0est\u00e1 limitado a 120 personas, as\u00ed que no lo dejes pasar, pues una vez completado el aforo, nos veremos en la obligaci\u00f3n de no aceptar ninguna solicitud. Los datos de la cuenta para hacer la transferencia o el ingreso de los 70\u20ac de la [&hellip;]<\/p>\n","protected":false},"author":5,"featured_media":0,"parent":0,"menu_order":0,"comment_status":"closed","ping_status":"closed","template":"","meta":{"_et_pb_use_builder":"","_et_pb_old_content":"","_et_gb_content_width":"","footnotes":""},"class_list":["post-880","page","type-page","status-publish","hentry"],"_links":{"self":[{"href":"https:\/\/www.aulablog.com\/blog\/encuentro13\/wp-json\/wp\/v2\/pages\/880","targetHints":{"allow":["GET"]}}],"collection":[{"href":"https:\/\/www.aulablog.com\/blog\/encuentro13\/wp-json\/wp\/v2\/pages"}],"about":[{"href":"https:\/\/www.aulablog.com\/blog\/encuentro13\/wp-json\/wp\/v2\/types\/page"}],"author":[{"embeddable":true,"href":"https:\/\/www.aulablog.com\/blog\/encuentro13\/wp-json\/wp\/v2\/users\/5"}],"replies":[{"embeddable":true,"href":"https:\/\/www.aulablog.com\/blog\/encuentro13\/wp-json\/wp\/v2\/comments?post=880"}],"version-history":[{"count":3,"href":"https:\/\/www.aulablog.com\/blog\/encuentro13\/wp-json\/wp\/v2\/pages\/880\/revisions"}],"predecessor-version":[{"id":1031,"href":"https:\/\/www.aulablog.com\/blog\/encuentro13\/wp-json\/wp\/v2\/pages\/880\/revisions\/1031"}],"wp:attachment":[{"href":"https:\/\/www.aulablog.com\/blog\/encuentro13\/wp-json\/wp\/v2\/media?parent=880"}],"curies":[{"name":"wp","href":"https:\/\/api.w.org\/{rel}","templated":true}]}}