{"id":37,"date":"2015-04-21T17:03:08","date_gmt":"2015-04-21T17:03:08","guid":{"rendered":"http:\/\/www.aulablog.com\/blog\/encuentro14\/?page_id=37"},"modified":"2019-07-14T17:24:25","modified_gmt":"2019-07-14T17:24:25","slug":"portada","status":"publish","type":"page","link":"https:\/\/www.aulablog.com\/blog\/encuentro14\/","title":{"rendered":"portada"},"content":{"rendered":"[et_pb_section fb_built=\u00bb1&#8243; fullwidth=\u00bbon\u00bb next_background_color=\u00bb#ffffff\u00bb admin_label=\u00bbsection\u00bb _builder_version=\u00bb3.0.74&#8243; background_color=\u00bb#0c71c3&#8243;][et_pb_fullwidth_header title=\u00bbXIV encuentro de aulaBLOG\u00bb subhead=\u00bb5, 6 y 7 de julio del 2019 en Oviedo\u00bb text_orientation=\u00bbcenter\u00bb _builder_version=\u00bb3.16&#8243; background_color=\u00bbrgba(255, 255, 255, 0)\u00bb max_width_tablet=\u00bb50px\u00bb button_one_text_size__hover_enabled=\u00bboff\u00bb button_two_text_size__hover_enabled=\u00bboff\u00bb button_one_text_color__hover_enabled=\u00bboff\u00bb button_two_text_color__hover_enabled=\u00bboff\u00bb button_one_border_width__hover_enabled=\u00bboff\u00bb button_two_border_width__hover_enabled=\u00bboff\u00bb button_one_border_color__hover_enabled=\u00bboff\u00bb button_two_border_color__hover_enabled=\u00bboff\u00bb button_one_border_radius__hover_enabled=\u00bboff\u00bb button_two_border_radius__hover_enabled=\u00bboff\u00bb button_one_letter_spacing__hover_enabled=\u00bboff\u00bb button_two_letter_spacing__hover_enabled=\u00bboff\u00bb button_one_bg_color__hover_enabled=\u00bboff\u00bb button_two_bg_color__hover_enabled=\u00bboff\u00bb][\/et_pb_fullwidth_header][\/et_pb_section][et_pb_section fb_built=\u00bb1&#8243; prev_background_color=\u00bb#0c71c3&#8243; next_background_color=\u00bb#000000&#8243; admin_label=\u00bbsection\u00bb _builder_version=\u00bb3.0.47&#8243;][et_pb_row make_equal=\u00bbon\u00bb _builder_version=\u00bb3.19.18&#8243;][et_pb_column type=\u00bb1_2&#8243; _builder_version=\u00bb3.19.18&#8243;][et_pb_image src=\u00bbhttps:\/\/www.aulablog.com\/blog\/encuentro14\/files\/2019\/04\/cartel_aulaBLOG2019_800x600-copia.png\u00bb _builder_version=\u00bb3.19.18&#8243;][\/et_pb_image][\/et_pb_column][et_pb_column type=\u00bb1_2&#8243; _builder_version=\u00bb3.19.18&#8243;][et_pb_text _builder_version=\u00bb3.19.18&#8243; background_size=\u00bbinitial\u00bb background_position=\u00bbtop_left\u00bb background_repeat=\u00bbrepeat\u00bb use_border_color=\u00bboff\u00bb border_color=\u00bb#ffffff\u00bb border_style=\u00bbsolid\u00bb][\/et_pb_text][et_pb_text _builder_version=\u00bb3.19.18&#8243; background_size=\u00bbinitial\u00bb background_position=\u00bbtop_left\u00bb background_repeat=\u00bbrepeat\u00bb use_border_color=\u00bboff\u00bb]<h1><span style=\"font-weight: 400; color: #000080;\"><strong>Cr\u00f3nica del Encuentro<\/strong><\/span><\/h1>\n<p><a href=\"https:\/\/www.aulablog.com\/blog\/encuentro14\/talleres-xiv-encuentro-aulablog\/\"><\/a><\/p>\n<blockquote class=\"wp-block-quote is-layout-flow wp-block-quote-is-layout-flow\">\n<p><strong>Escrito por @nievescout y publicado originalmente en el <a href=\"http:\/\/nodoastur.aulablog.com\/xiv-encuentro-aulablog\/\" target=\"_blank\" rel=\"noopener noreferrer\">blog del Nodo Astur de aulaBLOG.<\/a><\/strong><\/p>\n<\/blockquote>\n<p><a href=\"https:\/\/www.aulablog.com\/blog\/encuentro14\/talleres-xiv-encuentro-aulablog\/\"> <\/a><\/p>\n<h4>Los d\u00edas 5, 6 y 7 de julio de 2019 celebramos en Oviedo el XIV encuentro aulaBLOG, ahora, que las emociones se van asentando, voy a intentar plasmar humildemente una cr\u00f3nica del Encuentro.Cuando hace un a\u00f1o, traje el testigo de organizar el Encuentro, se extend\u00edan casi 365 d\u00edas ante nosotras, ante el equipo formado por mis queridas Luc\u00eda y Carmen, este equipo ovetense que lleva trabajando varios a\u00f1os mano a mano y que recib\u00eda este encargo con enorme ilusi\u00f3n.<\/h4>\n<p><a href=\"https:\/\/www.aulablog.com\/blog\/encuentro14\/2019\/07\/14\/cronica-del-encuentro\/\" target=\"_blank\" rel=\"noopener noreferrer\">Seguir leyendo este art\u00edculo<\/a><\/p>\n<p><!-- more Seguir leyendo este art\u00edculo --><\/p>\n<p><a href=\"https:\/\/www.aulablog.com\/blog\/encuentro14\/talleres-xiv-encuentro-aulablog\/\"><\/a><span><\/span><\/p>\n<p><span><\/span><\/p>[\/et_pb_text][\/et_pb_column][\/et_pb_row][\/et_pb_section][et_pb_section fb_built=\u00bb1&#8243; _builder_version=\u00bb3.19.18&#8243;][et_pb_row _builder_version=\u00bb3.19.18&#8243;][et_pb_column type=\u00bb4_4&#8243; _builder_version=\u00bb3.19.18&#8243;][et_pb_slider _builder_version=\u00bb3.19.18&#8243; background_color=\u00bb#e09900&#8243; background_position=\u00bbtop_left\u00bb custom_padding=\u00bb|||\u00bb button_text_size__hover_enabled=\u00bboff\u00bb button_one_text_size__hover_enabled=\u00bboff\u00bb button_two_text_size__hover_enabled=\u00bboff\u00bb button_text_color__hover_enabled=\u00bboff\u00bb button_one_text_color__hover_enabled=\u00bboff\u00bb button_two_text_color__hover_enabled=\u00bboff\u00bb button_border_width__hover_enabled=\u00bboff\u00bb button_one_border_width__hover_enabled=\u00bboff\u00bb button_two_border_width__hover_enabled=\u00bboff\u00bb button_border_color__hover_enabled=\u00bboff\u00bb button_one_border_color__hover_enabled=\u00bboff\u00bb button_two_border_color__hover_enabled=\u00bboff\u00bb button_border_radius__hover_enabled=\u00bboff\u00bb button_one_border_radius__hover_enabled=\u00bboff\u00bb button_two_border_radius__hover_enabled=\u00bboff\u00bb button_letter_spacing__hover_enabled=\u00bboff\u00bb button_one_letter_spacing__hover_enabled=\u00bboff\u00bb button_two_letter_spacing__hover_enabled=\u00bboff\u00bb button_bg_color__hover_enabled=\u00bboff\u00bb button_one_bg_color__hover_enabled=\u00bboff\u00bb button_two_bg_color__hover_enabled=\u00bboff\u00bb][et_pb_slide button_text=\u00bbAcceder\u00bb button_link=\u00bbhttps:\/\/www.aulablog.com\/blog\/encuentro14\/programa\/\u00bb use_bg_overlay=\u00bboff\u00bb use_text_overlay=\u00bboff\u00bb _builder_version=\u00bb3.19.18&#8243; header_font=\u00bb||||\u00bb body_font=\u00bb||||\u00bb background_color=\u00bb#ffffff\u00bb use_background_color_gradient=\u00bbon\u00bb background_image=\u00bbhttps:\/\/www.aulablog.com\/blog\/encuentro14\/files\/2015\/04\/001programa.jpg\u00bb background_position=\u00bbtop_left\u00bb button_on_hover=\u00bbon\u00bb button_text_size__hover_enabled=\u00bboff\u00bb button_one_text_size__hover_enabled=\u00bboff\u00bb button_two_text_size__hover_enabled=\u00bboff\u00bb button_text_color__hover_enabled=\u00bboff\u00bb button_one_text_color__hover_enabled=\u00bboff\u00bb button_two_text_color__hover_enabled=\u00bboff\u00bb button_border_width__hover_enabled=\u00bboff\u00bb button_one_border_width__hover_enabled=\u00bboff\u00bb button_two_border_width__hover_enabled=\u00bboff\u00bb button_border_color__hover_enabled=\u00bboff\u00bb button_one_border_color__hover_enabled=\u00bboff\u00bb button_two_border_color__hover_enabled=\u00bboff\u00bb button_border_radius__hover_enabled=\u00bboff\u00bb button_one_border_radius__hover_enabled=\u00bboff\u00bb button_two_border_radius__hover_enabled=\u00bboff\u00bb button_letter_spacing__hover_enabled=\u00bboff\u00bb button_one_letter_spacing__hover_enabled=\u00bboff\u00bb button_two_letter_spacing__hover_enabled=\u00bboff\u00bb button_bg_color__hover_enabled=\u00bboff\u00bb button_one_bg_color__hover_enabled=\u00bboff\u00bb button_two_bg_color__hover_enabled=\u00bboff\u00bb]<p>&nbsp;<\/p>\n<p>&nbsp;<\/p>\n<p>&nbsp;<\/p>\n<p>&nbsp;<\/p>\n<p>&nbsp;<\/p>\n<p>&nbsp;<\/p>[\/et_pb_slide][et_pb_slide heading=\u00bbAlojamiento\u00bb button_text=\u00bbAcceder\u00bb button_link=\u00bbhttps:\/\/www.aulablog.com\/blog\/encuentro14\/alojamientos\/\u00bb use_bg_overlay=\u00bboff\u00bb use_text_overlay=\u00bboff\u00bb _builder_version=\u00bb3.19.18&#8243; header_font=\u00bb||||\u00bb body_font=\u00bb||||\u00bb background_color=\u00bb#ffffff\u00bb background_image=\u00bbhttps:\/\/x.cdrst.com\/foto\/hotel-sf\/6115\/granderesp\/hotel-oca-santo-domingo-plaza-exterior-404773b.jpg\u00bb background_position=\u00bbtop_left\u00bb button_on_hover=\u00bbon\u00bb button_text_size__hover_enabled=\u00bboff\u00bb button_one_text_size__hover_enabled=\u00bboff\u00bb button_two_text_size__hover_enabled=\u00bboff\u00bb button_text_color__hover_enabled=\u00bboff\u00bb button_one_text_color__hover_enabled=\u00bboff\u00bb button_two_text_color__hover_enabled=\u00bboff\u00bb button_border_width__hover_enabled=\u00bboff\u00bb button_one_border_width__hover_enabled=\u00bboff\u00bb button_two_border_width__hover_enabled=\u00bboff\u00bb button_border_color__hover_enabled=\u00bboff\u00bb button_one_border_color__hover_enabled=\u00bboff\u00bb button_two_border_color__hover_enabled=\u00bboff\u00bb button_border_radius__hover_enabled=\u00bboff\u00bb button_one_border_radius__hover_enabled=\u00bboff\u00bb button_two_border_radius__hover_enabled=\u00bboff\u00bb button_letter_spacing__hover_enabled=\u00bboff\u00bb button_one_letter_spacing__hover_enabled=\u00bboff\u00bb button_two_letter_spacing__hover_enabled=\u00bboff\u00bb button_bg_color__hover_enabled=\u00bboff\u00bb button_one_bg_color__hover_enabled=\u00bboff\u00bb button_two_bg_color__hover_enabled=\u00bboff\u00bb][\/et_pb_slide][et_pb_slide heading=\u00bbInscripci\u00f3n\u00bb button_text=\u00bbLista de espera\u00bb button_link=\u00bbhttps:\/\/www.aulablog.com\/blog\/encuentro14\/inscripcion\/\u00bb use_bg_overlay=\u00bboff\u00bb use_text_overlay=\u00bboff\u00bb _builder_version=\u00bb3.19.18&#8243; header_font=\u00bb||||\u00bb body_font=\u00bb||||\u00bb background_color=\u00bb#ffffff\u00bb background_image=\u00bbhttps:\/\/www.turismoasturias.es\/documents\/11022\/43831\/06520_oviedo_OK.jpg\/827e84de-500a-40e1-bfdc-ca47fb37cae1?t=1457704780365&#8243; background_position=\u00bbtop_left\u00bb button_on_hover=\u00bbon\u00bb button_text_size__hover_enabled=\u00bboff\u00bb button_one_text_size__hover_enabled=\u00bboff\u00bb button_two_text_size__hover_enabled=\u00bboff\u00bb button_text_color__hover_enabled=\u00bboff\u00bb button_one_text_color__hover_enabled=\u00bboff\u00bb button_two_text_color__hover_enabled=\u00bboff\u00bb button_border_width__hover_enabled=\u00bboff\u00bb button_one_border_width__hover_enabled=\u00bboff\u00bb button_two_border_width__hover_enabled=\u00bboff\u00bb button_border_color__hover_enabled=\u00bboff\u00bb button_one_border_color__hover_enabled=\u00bboff\u00bb button_two_border_color__hover_enabled=\u00bboff\u00bb button_border_radius__hover_enabled=\u00bboff\u00bb button_one_border_radius__hover_enabled=\u00bboff\u00bb button_two_border_radius__hover_enabled=\u00bboff\u00bb button_letter_spacing__hover_enabled=\u00bboff\u00bb button_one_letter_spacing__hover_enabled=\u00bboff\u00bb button_two_letter_spacing__hover_enabled=\u00bboff\u00bb button_bg_color__hover_enabled=\u00bboff\u00bb button_one_bg_color__hover_enabled=\u00bboff\u00bb button_two_bg_color__hover_enabled=\u00bboff\u00bb][\/et_pb_slide][\/et_pb_slider][\/et_pb_column][\/et_pb_row][\/et_pb_section][et_pb_section fb_built=\u00bb1&#8243; prev_background_color=\u00bb#000000&#8243; next_background_color=\u00bb#1e73be\u00bb admin_label=\u00bbsection\u00bb _builder_version=\u00bb3.0.47&#8243;][et_pb_row admin_label=\u00bbrow\u00bb _builder_version=\u00bb3.0.47&#8243; background_size=\u00bbinitial\u00bb background_position=\u00bbtop_left\u00bb background_repeat=\u00bbrepeat\u00bb][et_pb_column type=\u00bb1_2&#8243; _builder_version=\u00bb3.0.47&#8243;][et_pb_text _builder_version=\u00bb3.19.18&#8243;]<p><span>El Premio Sekeirox se otorga cada a\u00f1o a proyectos u organizaciones que destacan por sus valores y acciones en aras de la mejora de la Escuela. Este a\u00f1o se otorga el Premio Sekeirox 2019 al C.P. San Pedro de los Arcos<\/span><\/p>\n<figure class=\"wp-block-video\"><video controls=\"controls\" src=\"http:\/\/nodoastur.aulablog.com\/wp-content\/uploads\/2019\/07\/seikeirox.mov\"><\/video><\/p>\n<figcaption>Video del C.P San Pedro de los Arcos. Premio Seikeirox 2019<\/figcaption>\n<\/figure>\n<p>&nbsp;<\/p>\n[\/et_pb_text][et_pb_image url=\u00bbhttps:\/\/www.aulablog.com\/blog\/encuentro14\/2017\/06\/29\/premio-sekeirox-2017\/\u00bb align=\u00bbcenter\u00bb _builder_version=\u00bb3.19.18&#8243; max_width=\u00bb580px\u00bb max_width_last_edited=\u00bbon|\u00bb animation_style=\u00bbslide\u00bb animation_direction=\u00bbleft\u00bb animation_duration=\u00bb500ms\u00bb animation_intensity_slide=\u00bb10%\u00bb animation=\u00bbleft\u00bb sticky=\u00bboff\u00bb use_border_color=\u00bboff\u00bb border_color=\u00bb#ffffff\u00bb border_style=\u00bbsolid\u00bb][\/et_pb_image][\/et_pb_column][et_pb_column type=\u00bb1_2&#8243; _builder_version=\u00bb3.0.47&#8243;][et_pb_image _builder_version=\u00bb3.19.18&#8243;][\/et_pb_image][et_pb_text _builder_version=\u00bb3.19.18&#8243;]<h2>Entidades colaboradoras:<\/h2>\n<p><img loading=\"lazy\" decoding=\"async\" width=\"630\" height=\"320\" src=\"https:\/\/www.vectorlogo.es\/wp-content\/uploads\/2014\/12\/ayuntamiento-oviedo-logo-vector-vertical.jpg\" alt=\"\" class=\"size-medium alignnone\" scale=\"0\" \/><\/p>\n<h3><img loading=\"lazy\" decoding=\"async\" width=\"155\" height=\"140\" src=\"http:\/\/cproviedo.es\/wp-content\/uploads\/2016\/12\/logo_def_trans_200-1.png\" alt=\"\" class=\"size-medium alignnone\" scale=\"0\" style=\"display: block; margin-left: auto; margin-right: auto;\" \/><\/h3>\n<p>\u00a0<img loading=\"lazy\" decoding=\"async\" src=\"https:\/\/www.aulablog.com\/blog\/encuentro14\/files\/2019\/06\/cabecera-educacion-3.0-300x83.jpg\" width=\"300\" height=\"83\" alt=\"\" class=\"wp-image-1167 alignnone size-medium\" style=\"display: block; margin-left: auto; margin-right: auto;\" srcset=\"https:\/\/www.aulablog.com\/blog\/encuentro14\/files\/2019\/06\/cabecera-educacion-3.0-300x83.jpg 300w, https:\/\/www.aulablog.com\/blog\/encuentro14\/files\/2019\/06\/cabecera-educacion-3.0-768x212.jpg 768w, https:\/\/www.aulablog.com\/blog\/encuentro14\/files\/2019\/06\/cabecera-educacion-3.0-1080x299.jpg 1080w, https:\/\/www.aulablog.com\/blog\/encuentro14\/files\/2019\/06\/cabecera-educacion-3.0.jpg 2008w\" sizes=\"(max-width: 300px) 100vw, 300px\" \/><\/p>\n<p>&nbsp;<\/p>\n<p>&nbsp;<\/p>\n<p>&nbsp;<\/p>\n<p>&nbsp;<\/p>[\/et_pb_text][\/et_pb_column][\/et_pb_row][\/et_pb_section][et_pb_section fb_built=\u00bb1&#8243; prev_background_color=\u00bb#ffffff\u00bb admin_label=\u00bbsection\u00bb _builder_version=\u00bb3.0.74&#8243; background_color=\u00bb#dd9933&#8243;][et_pb_row admin_label=\u00bbrow\u00bb _builder_version=\u00bb3.0.47&#8243; background_size=\u00bbinitial\u00bb background_position=\u00bbtop_left\u00bb background_repeat=\u00bbrepeat\u00bb][et_pb_column type=\u00bb2_3&#8243; _builder_version=\u00bb3.0.47&#8243;][et_pb_countdown_timer title=\u00bbD\u00edas que faltan para el encuentro:\u00bb date_time=\u00bb2019-07-05 16:00&#8243; _builder_version=\u00bb3.19.18&#8243; background_color=\u00bb#dd9933&#8243; background_size=\u00bbinitial\u00bb background_position=\u00bbtop_left\u00bb background_repeat=\u00bbrepeat\u00bb background_layout=\u00bblight\u00bb][\/et_pb_countdown_timer][\/et_pb_column][et_pb_column type=\u00bb1_3&#8243; _builder_version=\u00bb3.0.47&#8243;][\/et_pb_column][\/et_pb_row][\/et_pb_section]","protected":false},"excerpt":{"rendered":"<p>Cr\u00f3nica del Encuentro Escrito por @nievescout y publicado originalmente en el blog del Nodo Astur de aulaBLOG. Los d\u00edas 5, 6 y 7 de julio de 2019 celebramos en Oviedo el XIV encuentro aulaBLOG, ahora, que las emociones se van asentando, voy a intentar plasmar humildemente una cr\u00f3nica del Encuentro.Cuando hace un a\u00f1o, traje el [&hellip;]<\/p>\n","protected":false},"author":1,"featured_media":0,"parent":0,"menu_order":0,"comment_status":"open","ping_status":"open","template":"","meta":{"_et_pb_use_builder":"on","_et_pb_old_content":"","_et_gb_content_width":"","footnotes":""},"class_list":["post-37","page","type-page","status-publish","hentry"],"_links":{"self":[{"href":"https:\/\/www.aulablog.com\/blog\/encuentro14\/wp-json\/wp\/v2\/pages\/37","targetHints":{"allow":["GET"]}}],"collection":[{"href":"https:\/\/www.aulablog.com\/blog\/encuentro14\/wp-json\/wp\/v2\/pages"}],"about":[{"href":"https:\/\/www.aulablog.com\/blog\/encuentro14\/wp-json\/wp\/v2\/types\/page"}],"author":[{"embeddable":true,"href":"https:\/\/www.aulablog.com\/blog\/encuentro14\/wp-json\/wp\/v2\/users\/1"}],"replies":[{"embeddable":true,"href":"https:\/\/www.aulablog.com\/blog\/encuentro14\/wp-json\/wp\/v2\/comments?post=37"}],"version-history":[{"count":126,"href":"https:\/\/www.aulablog.com\/blog\/encuentro14\/wp-json\/wp\/v2\/pages\/37\/revisions"}],"predecessor-version":[{"id":1202,"href":"https:\/\/www.aulablog.com\/blog\/encuentro14\/wp-json\/wp\/v2\/pages\/37\/revisions\/1202"}],"wp:attachment":[{"href":"https:\/\/www.aulablog.com\/blog\/encuentro14\/wp-json\/wp\/v2\/media?parent=37"}],"curies":[{"name":"wp","href":"https:\/\/api.w.org\/{rel}","templated":true}]}}