{"id":88,"date":"2015-05-01T18:37:01","date_gmt":"2015-05-01T18:37:01","guid":{"rendered":"http:\/\/www.aulablog.com\/blog\/encuentro14\/?page_id=88"},"modified":"2019-03-07T10:40:45","modified_gmt":"2019-03-07T10:40:45","slug":"localizacion","status":"publish","type":"page","link":"https:\/\/www.aulablog.com\/blog\/encuentro14\/localizacion\/","title":{"rendered":"Localizaci\u00f3n"},"content":{"rendered":"<p>[et_pb_section fb_built=\u00bb1&#8243; next_background_color=\u00bb#000000&#8243; admin_label=\u00bbsection\u00bb _builder_version=\u00bb3.0.47&#8243;][et_pb_row admin_label=\u00bbrow\u00bb _builder_version=\u00bb3.19.18&#8243; background_size=\u00bbinitial\u00bb background_position=\u00bbtop_left\u00bb background_repeat=\u00bbrepeat\u00bb][et_pb_column type=\u00bb1_2&#8243; _builder_version=\u00bb3.0.47&#8243;][et_pb_text _builder_version=\u00bb3.19.18&#8243; background_size=\u00bbinitial\u00bb background_position=\u00bbtop_left\u00bb background_repeat=\u00bbrepeat\u00bb]<\/p>\n<h2>Localizaciones del Encuentro<\/h2>\n<pre>\u00a0<\/pre>\n<div>\n<h4>El XIV Encuentro de aulaBLOG se realizar\u00e1 en el <a href=\"https:\/\/cproviedo.es\/\" target=\"_blank\" rel=\"noopener noreferrer\"><strong>CPR de Oviedo.<\/strong><\/a><\/h4>\n<p><span style=\"color: #222222; font-family: arial, sans-serif; font-size: small; background-color: #ffffff;\">Calle Juli\u00e1n Ca\u00f1edo, 1A, 33008 Oviedo, Asturias<\/span><strong><\/strong><\/p>\n<p><strong><\/strong><\/p>\n<div><\/div>\n<div><\/div>\n<div><\/div>\n<\/div>\n<p>[\/et_pb_text][\/et_pb_column][et_pb_column type=\u00bb1_2&#8243; _builder_version=\u00bb3.0.47&#8243;][et_pb_image src=\u00bbhttps:\/\/comeniusregiospice.files.wordpress.com\/2010\/08\/cpr-3.jpg\u00bb alt=\u00bbAguilar de Campoo\u00bb url=\u00bbhttp:\/\/www.aguilardecampoo.com\/\u00bb url_new_window=\u00bbon\u00bb _builder_version=\u00bb3.19.18&#8243; animation_style=\u00bbslide\u00bb animation_direction=\u00bbleft\u00bb animation_duration=\u00bb500ms\u00bb animation_intensity_slide=\u00bb10%\u00bb]&nbsp;<br \/>\n[\/et_pb_image][\/et_pb_column][\/et_pb_row][\/et_pb_section][et_pb_section fb_built=\u00bb1&#8243; fullwidth=\u00bbon\u00bb prev_background_color=\u00bb#000000&#8243; next_background_color=\u00bb#000000&#8243; admin_label=\u00bbsection\u00bb _builder_version=\u00bb3.0.47&#8243;][et_pb_fullwidth_map address=\u00bb12150 Villafranca del Cid, Castell\u00f3n, Espa\u00f1a\u00bb zoom_level=\u00bb17&#8243; address_lat=\u00bb40.4297868&#8243; address_lng=\u00bb-0.25764189999995324&#8243; _builder_version=\u00bb3.0.106&#8243;][et_pb_map_pin title=\u00bbVillafranca del Cid, Castell\u00f3n\u00bb pin_address=\u00bb12150 Villafranca del Cid, Castell\u00f3n, Espa\u00f1a\u00bb pin_address_lat=\u00bb40.4297868&#8243; pin_address_lng=\u00bb-0.25764189999995324&#8243; _builder_version=\u00bb3.0.106&#8243;][\/et_pb_map_pin][\/et_pb_fullwidth_map][\/et_pb_section][et_pb_section fb_built=\u00bb1&#8243; fullwidth=\u00bbon\u00bb prev_background_color=\u00bb#000000&#8243; admin_label=\u00bbsection\u00bb _builder_version=\u00bb3.0.47&#8243;][\/et_pb_section]<\/p>\n","protected":false},"excerpt":{"rendered":"<p>Localizaciones del Encuentro \u00a0 El XIV Encuentro de aulaBLOG se realizar\u00e1 en el CPR de Oviedo. Calle Juli\u00e1n Ca\u00f1edo, 1A, 33008 Oviedo, Asturias &nbsp;<\/p>\n","protected":false},"author":1,"featured_media":0,"parent":0,"menu_order":0,"comment_status":"open","ping_status":"open","template":"","meta":{"_et_pb_use_builder":"on","_et_pb_old_content":"","_et_gb_content_width":"","footnotes":""},"class_list":["post-88","page","type-page","status-publish","hentry"],"_links":{"self":[{"href":"https:\/\/www.aulablog.com\/blog\/encuentro14\/wp-json\/wp\/v2\/pages\/88","targetHints":{"allow":["GET"]}}],"collection":[{"href":"https:\/\/www.aulablog.com\/blog\/encuentro14\/wp-json\/wp\/v2\/pages"}],"about":[{"href":"https:\/\/www.aulablog.com\/blog\/encuentro14\/wp-json\/wp\/v2\/types\/page"}],"author":[{"embeddable":true,"href":"https:\/\/www.aulablog.com\/blog\/encuentro14\/wp-json\/wp\/v2\/users\/1"}],"replies":[{"embeddable":true,"href":"https:\/\/www.aulablog.com\/blog\/encuentro14\/wp-json\/wp\/v2\/comments?post=88"}],"version-history":[{"count":19,"href":"https:\/\/www.aulablog.com\/blog\/encuentro14\/wp-json\/wp\/v2\/pages\/88\/revisions"}],"predecessor-version":[{"id":1032,"href":"https:\/\/www.aulablog.com\/blog\/encuentro14\/wp-json\/wp\/v2\/pages\/88\/revisions\/1032"}],"wp:attachment":[{"href":"https:\/\/www.aulablog.com\/blog\/encuentro14\/wp-json\/wp\/v2\/media?parent=88"}],"curies":[{"name":"wp","href":"https:\/\/api.w.org\/{rel}","templated":true}]}}