{"id":1379,"date":"2021-06-19T08:37:50","date_gmt":"2021-06-19T08:37:50","guid":{"rendered":"https:\/\/www.aulablog.com\/blog\/encuentrovirtual2021\/?page_id=1379"},"modified":"2024-05-17T10:01:20","modified_gmt":"2024-05-17T10:01:20","slug":"formulario-de-inscripcion","status":"publish","type":"page","link":"https:\/\/www.aulablog.com\/blog\/encuentro2024\/formulario-de-inscripcion\/","title":{"rendered":"Formulario de inscripci\u00f3n"},"content":{"rendered":"\n<h4 class=\"wp-block-heading\">&nbsp;<\/h4>\n\n\n\n<p>Este es el formulario de inscripci\u00f3n para el XIX Encuentro de aulabLOG que se celebrar\u00e1 en Almansa durante los d\u00edas 5, 6 y 7 de julio de 2024<\/p>\n\n\n\n<p>\u00a1Nos vemos en Almansa!<\/p>\n\n\n\n<iframe loading=\"lazy\" src=\"https:\/\/docs.google.com\/forms\/d\/e\/1FAIpQLSdufcOabuRSmaI-4jRVHwGl3DT1dNmu9E_-m_ugWa_b_3Zt2A\/viewform?embedded=true\" width=\"640\" height=\"3416\" frameborder=\"0\" marginheight=\"0\" marginwidth=\"0\">Cargando\u2026<\/iframe>\n\n\n\n<p><\/p>\n","protected":false},"excerpt":{"rendered":"<p>&nbsp; Este es el formulario de inscripci\u00f3n para el XIX Encuentro de aulabLOG que se celebrar\u00e1 en Almansa durante los d\u00edas 5, 6 y 7 de julio de 2024 \u00a1Nos vemos en Almansa! Cargando\u2026<\/p>\n","protected":false},"author":5,"featured_media":0,"parent":0,"menu_order":0,"comment_status":"closed","ping_status":"closed","template":"","meta":{"_et_pb_use_builder":"","_et_pb_old_content":"","_et_gb_content_width":"","footnotes":""},"class_list":["post-1379","page","type-page","status-publish","hentry"],"_links":{"self":[{"href":"https:\/\/www.aulablog.com\/blog\/encuentro2024\/wp-json\/wp\/v2\/pages\/1379","targetHints":{"allow":["GET"]}}],"collection":[{"href":"https:\/\/www.aulablog.com\/blog\/encuentro2024\/wp-json\/wp\/v2\/pages"}],"about":[{"href":"https:\/\/www.aulablog.com\/blog\/encuentro2024\/wp-json\/wp\/v2\/types\/page"}],"author":[{"embeddable":true,"href":"https:\/\/www.aulablog.com\/blog\/encuentro2024\/wp-json\/wp\/v2\/users\/5"}],"replies":[{"embeddable":true,"href":"https:\/\/www.aulablog.com\/blog\/encuentro2024\/wp-json\/wp\/v2\/comments?post=1379"}],"version-history":[{"count":5,"href":"https:\/\/www.aulablog.com\/blog\/encuentro2024\/wp-json\/wp\/v2\/pages\/1379\/revisions"}],"predecessor-version":[{"id":1763,"href":"https:\/\/www.aulablog.com\/blog\/encuentro2024\/wp-json\/wp\/v2\/pages\/1379\/revisions\/1763"}],"wp:attachment":[{"href":"https:\/\/www.aulablog.com\/blog\/encuentro2024\/wp-json\/wp\/v2\/media?parent=1379"}],"curies":[{"name":"wp","href":"https:\/\/api.w.org\/{rel}","templated":true}]}}