{"id":1379,"date":"2021-06-19T08:37:50","date_gmt":"2021-06-19T08:37:50","guid":{"rendered":"https:\/\/www.aulablog.com\/blog\/encuentrovirtual2021\/?page_id=1379"},"modified":"2026-05-11T10:37:45","modified_gmt":"2026-05-11T10:37:45","slug":"formulario-de-inscripcion","status":"publish","type":"page","link":"https:\/\/www.aulablog.com\/blog\/encuentro2026\/formulario-de-inscripcion\/","title":{"rendered":"Formulario de inscripci\u00f3n"},"content":{"rendered":"\n<h4 class=\"wp-block-heading\">&nbsp;<\/h4>\n\n\n\n<figure class=\"wp-block-image aligncenter size-full is-resized\"><img loading=\"lazy\" decoding=\"async\" width=\"1200\" height=\"1697\" src=\"https:\/\/www.aulablog.com\/blog\/encuentro2026\/files\/2026\/04\/LOGO-AULABLOG-A-COLOR-FONDO-TRANSPARENTE_1200.png\" alt=\"\" class=\"wp-image-1881\" style=\"aspect-ratio:0.7071395967027361;width:187px;height:auto\" srcset=\"https:\/\/www.aulablog.com\/blog\/encuentro2026\/files\/2026\/04\/LOGO-AULABLOG-A-COLOR-FONDO-TRANSPARENTE_1200.png 1200w, https:\/\/www.aulablog.com\/blog\/encuentro2026\/files\/2026\/04\/LOGO-AULABLOG-A-COLOR-FONDO-TRANSPARENTE_1200-980x1386.png 980w, https:\/\/www.aulablog.com\/blog\/encuentro2026\/files\/2026\/04\/LOGO-AULABLOG-A-COLOR-FONDO-TRANSPARENTE_1200-480x679.png 480w\" sizes=\"(min-width: 0px) and (max-width: 480px) 480px, (min-width: 481px) and (max-width: 980px) 980px, (min-width: 981px) 1200px, 100vw\" \/><\/figure>\n\n\n\n<p><a href=\"https:\/\/forms.gle\/m4dy3PwGs1fCwQwEA\" data-type=\"link\" data-id=\"https:\/\/forms.gle\/m4dy3PwGs1fCwQwEA\" target=\"_blank\" rel=\"noreferrer noopener\"><strong>En este enlace<\/strong><\/a> tienes el formulario de inscripci\u00f3n para el XXI Encuentro de aulabLOG que se celebrar\u00e1 en Antequera durante los d\u00edas 3, 4 y 5 de julio de 2026.<\/p>\n\n\n\n<p>\u00a1Nos vemos en Antequera!<\/p>\n","protected":false},"excerpt":{"rendered":"<p>&nbsp; En este enlace tienes el formulario de inscripci\u00f3n para el XXI Encuentro de aulabLOG que se celebrar\u00e1 en Antequera durante los d\u00edas 3, 4 y 5 de julio de 2026. \u00a1Nos vemos en Antequera!<\/p>\n","protected":false},"author":5,"featured_media":0,"parent":0,"menu_order":0,"comment_status":"closed","ping_status":"closed","template":"","meta":{"_et_pb_use_builder":"off","_et_pb_old_content":"<!-- wp:heading {\"level\":4} -->\n<h4 class=\"wp-block-heading\">&nbsp;<\/h4>\n<!-- \/wp:heading -->\n\n<!-- wp:paragraph -->\n<p>En breve abriremos inscripciones para el XXI Encuentro de aulabLOG que se celebrar\u00e1 en Antequera durante los d\u00edas 3, 4 y 5 de julio de 2026<\/p>\n<!-- \/wp:paragraph -->\n\n<!-- wp:paragraph -->\n<p>\u00a1Nos vemos en Antequera!<\/p>\n<!-- \/wp:paragraph -->\n\n<!-- wp:html \/-->\n\n<!-- wp:paragraph -->\n<p><\/p>\n<!-- \/wp:paragraph -->","_et_gb_content_width":"","footnotes":""},"class_list":["post-1379","page","type-page","status-publish","hentry"],"_links":{"self":[{"href":"https:\/\/www.aulablog.com\/blog\/encuentro2026\/wp-json\/wp\/v2\/pages\/1379","targetHints":{"allow":["GET"]}}],"collection":[{"href":"https:\/\/www.aulablog.com\/blog\/encuentro2026\/wp-json\/wp\/v2\/pages"}],"about":[{"href":"https:\/\/www.aulablog.com\/blog\/encuentro2026\/wp-json\/wp\/v2\/types\/page"}],"author":[{"embeddable":true,"href":"https:\/\/www.aulablog.com\/blog\/encuentro2026\/wp-json\/wp\/v2\/users\/5"}],"replies":[{"embeddable":true,"href":"https:\/\/www.aulablog.com\/blog\/encuentro2026\/wp-json\/wp\/v2\/comments?post=1379"}],"version-history":[{"count":9,"href":"https:\/\/www.aulablog.com\/blog\/encuentro2026\/wp-json\/wp\/v2\/pages\/1379\/revisions"}],"predecessor-version":[{"id":1891,"href":"https:\/\/www.aulablog.com\/blog\/encuentro2026\/wp-json\/wp\/v2\/pages\/1379\/revisions\/1891"}],"wp:attachment":[{"href":"https:\/\/www.aulablog.com\/blog\/encuentro2026\/wp-json\/wp\/v2\/media?parent=1379"}],"curies":[{"name":"wp","href":"https:\/\/api.w.org\/{rel}","templated":true}]}}