{"id":37,"date":"2015-04-21T17:03:08","date_gmt":"2015-04-21T17:03:08","guid":{"rendered":"http:\/\/www.aulablog.com\/blog\/encuentro2023\/?page_id=37"},"modified":"2026-05-13T08:21:26","modified_gmt":"2026-05-13T08:21:26","slug":"portada","status":"publish","type":"page","link":"https:\/\/www.aulablog.com\/blog\/encuentro2026\/","title":{"rendered":"portada"},"content":{"rendered":"<p>[et_pb_section fb_built=\u00bb1&#8243; fullwidth=\u00bbon\u00bb admin_label=\u00bbsection\u00bb _builder_version=\u00bb4.27.6&#8243; background_color=\u00bb#0c71c3&#8243; use_background_color_gradient=\u00bbon\u00bb background_color_gradient_type=\u00bbcircular\u00bb background_color_gradient_stops=\u00bb#2b87da 34%|#29c4a9 100%\u00bb background_image=\u00bbhttps:\/\/www.aulablog.com\/blog\/encuentro2026\/files\/2026\/04\/antequera-2-1.jpg\u00bb global_colors_info=\u00bb{}\u00bb][et_pb_fullwidth_header title=\u00bbXXI Encuentro de aulaBLOG Antequera 2026&#8243; text_orientation=\u00bbcenter\u00bb _builder_version=\u00bb4.27.6&#8243; title_text_color=\u00bb#FFFFFF\u00bb content_text_color=\u00bb#FFFFFF\u00bb content_font_size=\u00bb43px\u00bb subhead_font=\u00bb|||on|||||\u00bb subhead_text_color=\u00bb#E09900&#8243; background_color=\u00bb#9b9b9b\u00bb use_background_color_gradient=\u00bbon\u00bb background_image=\u00bbhttps:\/\/www.aulablog.com\/blog\/encuentro2026\/files\/2026\/04\/antequera-2-1.jpg\u00bb parallax=\u00bbon\u00bb background_blend=\u00bbcolor-dodge\u00bb max_width_tablet=\u00bb50px\u00bb title_text_shadow_style=\u00bbpreset5&#8243; content_text_shadow_style=\u00bbpreset1&#8243; subhead_text_shadow_style=\u00bbpreset4&#8243; global_colors_info=\u00bb{}\u00bb button_one_text_size__hover_enabled=\u00bboff\u00bb button_two_text_size__hover_enabled=\u00bboff\u00bb button_one_text_color__hover_enabled=\u00bboff\u00bb button_two_text_color__hover_enabled=\u00bboff\u00bb button_one_border_width__hover_enabled=\u00bboff\u00bb button_two_border_width__hover_enabled=\u00bboff\u00bb button_one_border_color__hover_enabled=\u00bboff\u00bb button_two_border_color__hover_enabled=\u00bboff\u00bb button_one_border_radius__hover_enabled=\u00bboff\u00bb button_two_border_radius__hover_enabled=\u00bboff\u00bb button_one_letter_spacing__hover_enabled=\u00bboff\u00bb button_two_letter_spacing__hover_enabled=\u00bboff\u00bb button_one_bg_color__hover_enabled=\u00bboff\u00bb button_two_bg_color__hover_enabled=\u00bboff\u00bb button_one_text__hover_enabled=\u00bboff|desktop\u00bb background__hover_enabled=\u00bbon|desktop\u00bb]<\/p>\n<h2><strong>3, 4 y 5 de julio de 2026<\/strong><\/h2>\n<p>[\/et_pb_fullwidth_header][\/et_pb_section][et_pb_section fb_built=\u00bb1&#8243; admin_label=\u00bbsection\u00bb _builder_version=\u00bb4.17.3&#8243; global_colors_info=\u00bb{}\u00bb][et_pb_row column_structure=\u00bb1_2,1_2&#8243; make_equal=\u00bbon\u00bb _builder_version=\u00bb4.16&#8243; custom_margin=\u00bb|auto||396px||\u00bb global_colors_info=\u00bb{}\u00bb][et_pb_column type=\u00bb1_2&#8243; _builder_version=\u00bb4.16&#8243; custom_padding=\u00bb|||\u00bb global_colors_info=\u00bb{}\u00bb custom_padding__hover=\u00bb|||\u00bb][et_pb_text _builder_version=\u00bb4.16&#8243; background_size=\u00bbinitial\u00bb background_position=\u00bbtop_left\u00bb background_repeat=\u00bbrepeat\u00bb use_border_color=\u00bboff\u00bb border_color=\u00bb#ffffff\u00bb border_style=\u00bbsolid\u00bb global_colors_info=\u00bb{}\u00bb][\/et_pb_text][et_pb_text _builder_version=\u00bb4.27.6&#8243; background_size=\u00bbinitial\u00bb background_position=\u00bbtop_left\u00bb background_repeat=\u00bbrepeat\u00bb hover_enabled=\u00bb0&#8243; use_border_color=\u00bboff\u00bb inline_fonts=\u00bbArimo\u00bb global_colors_info=\u00bb{}\u00bb sticky_enabled=\u00bb0&#8243;]<\/p>\n<h1 style=\"text-align: center;\"><span style=\"font-weight: 400; color: #000080;\"><strong>Programa<\/strong><\/span><\/h1>\n<h4><strong><span style=\"color: #0000ff;\">Viernes 3 de julio<\/span><\/strong><\/h4>\n<p>11:00 Subida en autob\u00fas al Torcal de Antequera<\/p>\n<p>13:30\u00a0 Conida: <strong>Restaurante La F\u00e1brica<\/strong><\/p>\n<p>16:30 &#8211; 17:30 Recepci\u00f3n de participantes <a href=\"https:\/\/maps.app.goo.gl\/6ctCQ4xxZbUaiowz7?g_st=ac\" target=\"_blank\" rel=\"noopener\"><b>Conjunto arqueol\u00f3gico D\u00f3lmenes de Antequera<\/b><\/a><\/p>\n<p>17:30 &#8211; 18:00 Bienvenida<\/p>\n<p>18:00 &#8211; 19:45: Din\u00e1mica participativa de reflexi\u00f3n y debate.<\/p>\n<p>19:45\u00a0 Visita D\u00f3lmenes<\/p>\n<p>21:30 Cena: <strong>Restaurante La Mariquilla<\/strong><\/p>\n<h4><strong><span style=\"color: #0000ff;\"><\/span><\/strong><\/h4>\n<h4><strong><span style=\"color: #0000ff;\"><\/span><\/strong><\/h4>\n<h4><strong><span style=\"color: #0000ff;\">S\u00e1bado 4 de julio<\/span><\/strong><\/h4>\n<p>10:00 &#8211; 11:30 Din\u00e1mica participativa <strong>en el <a href=\"https:\/\/maps.app.goo.gl\/Qft1HqUBWgC8hKdA8\" target=\"_blank\" rel=\"noopener\">Museo de la ciudad de Antequera<\/a>: <em><span style=\"font-weight: 400;\">De la Piedra al P\u00edxel: El Reto eterno de ser Humanos<\/span><\/em><\/strong><\/p>\n<p>11:30 &#8211;\u00a0 <strong>traslado al <a href=\"https:\/\/maps.app.goo.gl\/wtHypu5L7W7NskybA\" target=\"_blank\" rel=\"noopener\">IES Los Colegiales<\/a><\/strong>:\u00a0Caf\u00e9 &#8211; FOTO OFICIAL<\/p>\n<p>12:00- 13:30 Talleres<\/p>\n<p>14:00 Comida: <strong>Restaurante La Fabrica<\/strong><\/p>\n<p>17:00- 18:30 Talleres en <strong><a href=\"https:\/\/maps.app.goo.gl\/wtHypu5L7W7NskybA\" target=\"_blank\" rel=\"noopener\">IES Los Colegiales<\/a><\/strong><\/p>\n<p>18:45- 20:00 <span style=\"font-weight: 400;\">Reflexi\u00f3n y conclusiones Din\u00e1mica:\u00a0 <em>De la Piedra al P\u00edxel: El Reto eterno de ser Humanos. en <strong><a href=\"https:\/\/maps.app.goo.gl\/wtHypu5L7W7NskybA\" target=\"_blank\" rel=\"noopener\">IES Los Colegiales<\/a><\/strong><\/em><\/span><\/p>\n<p>22:00 Cena de gala: <strong>Restaurante La Mariquilla<\/strong><\/p>\n<h4><strong><span style=\"color: #0000ff;\"><\/span><\/strong><\/h4>\n<h4><strong><span style=\"color: #0000ff;\">Domingo 5 de julio<\/span><\/strong><\/h4>\n<p><a href=\"https:\/\/maps.app.goo.gl\/6ctCQ4xxZbUaiowz7?g_st=ac\" target=\"_blank\" rel=\"noopener\"><b>Conjunto arqueol\u00f3gico D\u00f3lmenes de Antequera<\/b><\/a><\/p>\n<p>10:30 &#8211; 11:30 Premio Sekeirox<\/p>\n<p>11:30 &#8211; 12:45 Ponencia:<\/p>\n<p>12:45: Bautizos<\/p>\n<p>13:00 &#8211; 13:15 Paso del testigo pr\u00f3xima edici\u00f3n<\/p>\n<p>13:15 &#8211; 13: 30 Despedida y cierre del Encuentro<\/p>\n<p>14:00 Polka EDUblog<\/p>\n<p>14:30 Comida <strong>Restaurante La F\u00e1brica<\/strong><\/p>\n<p>[\/et_pb_text][et_pb_button button_url=\u00bbhttps:\/\/www.aulablog.com\/blog\/encuentro2026\/formulario-de-inscripcion\/\u00bb url_new_window=\u00bbon\u00bb button_text=\u00bbFormulario de inscripci\u00f3n \u00bb button_alignment=\u00bbcenter\u00bb _builder_version=\u00bb4.27.6&#8243; _module_preset=\u00bbdefault\u00bb animation_style=\u00bbfold\u00bb animation_duration=\u00bb1700ms\u00bb animation_repeat=\u00bbloop\u00bb box_shadow_style=\u00bbpreset2&#8243; global_colors_info=\u00bb{}\u00bb][\/et_pb_button][\/et_pb_column][et_pb_column type=\u00bb1_2&#8243; _builder_version=\u00bb4.16&#8243; custom_padding=\u00bb|||\u00bb global_colors_info=\u00bb{}\u00bb custom_padding__hover=\u00bb|||\u00bb][et_pb_image align_tablet=\u00bbcenter\u00bb align_phone=\u00bb\u00bb align_last_edited=\u00bbon|desktop\u00bb _builder_version=\u00bb4.16&#8243; global_colors_info=\u00bb{}\u00bb][\/et_pb_image][et_pb_image src=\u00bbhttps:\/\/www.aulablog.com\/blog\/encuentro2026\/files\/2026\/04\/LOGO-AULABLOG-A-COLOR-FONDO-TRANSPARENTE_1200.png\u00bb title_text=\u00bbLOGO AULABLOG A COLOR FONDO TRANSPARENTE_1200&#8243; _builder_version=\u00bb4.27.6&#8243; _module_preset=\u00bbdefault\u00bb global_colors_info=\u00bb{}\u00bb][\/et_pb_image][et_pb_image src=\u00bbhttp:\/\/www.aulablog.com\/blog\/encuentro2023\/files\/2015\/04\/logo_aulablog2.png\u00bb title_text=\u00bblogo_aulablog2&#8243; _builder_version=\u00bb4.25.1&#8243; _module_preset=\u00bbdefault\u00bb width=\u00bb92.3%\u00bb custom_margin=\u00bb|||32px||\u00bb custom_padding=\u00bb22px|49px||40px||\u00bb global_colors_info=\u00bb{}\u00bb][\/et_pb_image][et_pb_text _builder_version=\u00bb4.21.0&#8243; _module_preset=\u00bbdefault\u00bb global_colors_info=\u00bb{}\u00bb]<\/p>\n<h1>Entidades colaboradoras<\/h1>\n<p>[\/et_pb_text][\/et_pb_column][\/et_pb_row][et_pb_row _builder_version=\u00bb4.25.1&#8243; _module_preset=\u00bbdefault\u00bb global_colors_info=\u00bb{}\u00bb][et_pb_column type=\u00bb4_4&#8243; _builder_version=\u00bb4.25.1&#8243; _module_preset=\u00bbdefault\u00bb global_colors_info=\u00bb{}\u00bb][et_pb_video _builder_version=\u00bb4.27.4&#8243; _module_preset=\u00bbdefault\u00bb global_colors_info=\u00bb{}\u00bb][\/et_pb_video][\/et_pb_column][\/et_pb_row][et_pb_row _builder_version=\u00bb4.21.0&#8243; _module_preset=\u00bbdefault\u00bb global_colors_info=\u00bb{}\u00bb][et_pb_column type=\u00bb4_4&#8243; _builder_version=\u00bb4.21.0&#8243; _module_preset=\u00bbdefault\u00bb global_colors_info=\u00bb{}\u00bb][\/et_pb_column][\/et_pb_row][et_pb_row _builder_version=\u00bb4.26.0&#8243; _module_preset=\u00bbdefault\u00bb global_colors_info=\u00bb{}\u00bb][et_pb_column type=\u00bb4_4&#8243; _builder_version=\u00bb4.26.0&#8243; _module_preset=\u00bbdefault\u00bb global_colors_info=\u00bb{}\u00bb][et_pb_code _builder_version=\u00bb4.27.4&#8243; _module_preset=\u00bbdefault\u00bb global_colors_info=\u00bb{}\u00bb]soy novato\/a[\/et_pb_code][\/et_pb_column][\/et_pb_row][et_pb_row _builder_version=\u00bb4.21.0&#8243; _module_preset=\u00bbdefault\u00bb global_colors_info=\u00bb{}\u00bb][et_pb_column type=\u00bb4_4&#8243; _builder_version=\u00bb4.21.0&#8243; _module_preset=\u00bbdefault\u00bb global_colors_info=\u00bb{}\u00bb][et_pb_countdown_timer title=\u00bbD\u00edas que faltan para el encuentro:\u00bb date_time=\u00bb2026-07-03 16:34&#8243; _builder_version=\u00bb4.27.6&#8243; _module_preset=\u00bbdefault\u00bb global_colors_info=\u00bb{}\u00bb][\/et_pb_countdown_timer][\/et_pb_column][\/et_pb_row][et_pb_row _builder_version=\u00bb4.21.0&#8243; _module_preset=\u00bbdefault\u00bb global_colors_info=\u00bb{}\u00bb][et_pb_column type=\u00bb4_4&#8243; _builder_version=\u00bb4.21.0&#8243; _module_preset=\u00bbdefault\u00bb global_colors_info=\u00bb{}\u00bb][et_pb_cta title=\u00bb\u00a1No te pierdas la Declaraci\u00f3n de Coca!\u00bb button_url=\u00bbhttps:\/\/declaraciondecoca.aulablog.com\/\u00bb url_new_window=\u00bbon\u00bb button_text=\u00bbVisita la Declaraci\u00f3n de Coca\u00bb _builder_version=\u00bb4.25.0&#8243; _module_preset=\u00bbdefault\u00bb link_option_url=\u00bbhttps:\/\/declaraciondecoca.aulablog.com\/\u00bb link_option_url_new_window=\u00bbon\u00bb global_colors_info=\u00bb{}\u00bb]<\/p>\n<p>En el encuentro celebrado en julio del 2023 en Coca se actualiz\u00f3 nuestra Declaraci\u00f3n de Roa. La Declaraci\u00f3n de Roa surgi\u00f3 en nuestro primer en cuentro en el 2006 \u00a1hace ya 19 a\u00f1os! y nos parec\u00eda que ya era el momento de revisarla y actualizarla.<\/p>\n<p>[\/et_pb_cta][\/et_pb_column][\/et_pb_row][\/et_pb_section]<\/p>\n","protected":false},"excerpt":{"rendered":"<p>3, 4 y 5 de julio de 2026Programa Viernes 3 de julio 11:00 Subida en autob\u00fas al Torcal de Antequera 13:30\u00a0 Conida: Restaurante La F\u00e1brica 16:30 &#8211; 17:30 Recepci\u00f3n de participantes Conjunto arqueol\u00f3gico D\u00f3lmenes de Antequera 17:30 &#8211; 18:00 Bienvenida 18:00 &#8211; 19:45: Din\u00e1mica participativa de reflexi\u00f3n y debate. 19:45\u00a0 Visita D\u00f3lmenes 21:30 Cena: Restaurante [&hellip;]<\/p>\n","protected":false},"author":1,"featured_media":0,"parent":0,"menu_order":0,"comment_status":"open","ping_status":"open","template":"","meta":{"_et_pb_use_builder":"on","_et_pb_old_content":"","_et_gb_content_width":"","footnotes":""},"class_list":["post-37","page","type-page","status-publish","hentry"],"_links":{"self":[{"href":"https:\/\/www.aulablog.com\/blog\/encuentro2026\/wp-json\/wp\/v2\/pages\/37","targetHints":{"allow":["GET"]}}],"collection":[{"href":"https:\/\/www.aulablog.com\/blog\/encuentro2026\/wp-json\/wp\/v2\/pages"}],"about":[{"href":"https:\/\/www.aulablog.com\/blog\/encuentro2026\/wp-json\/wp\/v2\/types\/page"}],"author":[{"embeddable":true,"href":"https:\/\/www.aulablog.com\/blog\/encuentro2026\/wp-json\/wp\/v2\/users\/1"}],"replies":[{"embeddable":true,"href":"https:\/\/www.aulablog.com\/blog\/encuentro2026\/wp-json\/wp\/v2\/comments?post=37"}],"version-history":[{"count":9,"href":"https:\/\/www.aulablog.com\/blog\/encuentro2026\/wp-json\/wp\/v2\/pages\/37\/revisions"}],"predecessor-version":[{"id":1893,"href":"https:\/\/www.aulablog.com\/blog\/encuentro2026\/wp-json\/wp\/v2\/pages\/37\/revisions\/1893"}],"wp:attachment":[{"href":"https:\/\/www.aulablog.com\/blog\/encuentro2026\/wp-json\/wp\/v2\/media?parent=37"}],"curies":[{"name":"wp","href":"https:\/\/api.w.org\/{rel}","templated":true}]}}