{"id":1320,"date":"2020-07-05T18:11:42","date_gmt":"2020-07-05T18:11:42","guid":{"rendered":"http:\/\/www.aulablog.com\/blog\/encuentrovirtual\/?page_id=1320"},"modified":"2020-07-05T18:11:43","modified_gmt":"2020-07-05T18:11:43","slug":"conferencia-inaugural-jose-cuerva","status":"publish","type":"page","link":"https:\/\/www.aulablog.com\/blog\/encuentrovirtual\/conferencia-inaugural-jose-cuerva\/","title":{"rendered":"Conferencia inaugural: Jos\u00e9 Cuerva"},"content":{"rendered":"<p>[et_pb_section fb_built=\u00bb1&#8243; _builder_version=\u00bb3.19.18&#8243;][et_pb_row _builder_version=\u00bb3.19.18&#8243;][et_pb_column type=\u00bb4_4&#8243; _builder_version=\u00bb3.19.18&#8243;][et_pb_text _builder_version=\u00bb3.19.18&#8243;]<\/p>\n<h4>Conferencia inaugural de Jos\u00e9 Cuerva:\u00a0<\/h4>\n<h5><em>Transformaci\u00f3n de un centro, la cultura de colaboraci\u00f3n y equipo, reflexi\u00f3n sobre el impacto en los centros en tiempos de incertidumbre.<\/em><\/h5>\n<p><iframe loading=\"lazy\" title=\"Conferencia inaugural Jose\u0301 Cuerva\" width=\"1080\" height=\"608\" src=\"https:\/\/www.youtube.com\/embed\/PhulWg6x4Jg?feature=oembed\"  allow=\"accelerometer; autoplay; clipboard-write; encrypted-media; gyroscope; picture-in-picture; web-share\" allowfullscreen><\/iframe><\/p>\n<p>[\/et_pb_text][\/et_pb_column][\/et_pb_row][\/et_pb_section]<\/p>\n","protected":false},"excerpt":{"rendered":"<p>Conferencia inaugural de Jos\u00e9 Cuerva:\u00a0 Transformaci\u00f3n de un centro, la cultura de colaboraci\u00f3n y equipo, reflexi\u00f3n sobre el impacto en los centros en tiempos de incertidumbre. https:\/\/youtu.be\/PhulWg6x4Jg<\/p>\n","protected":false},"author":5,"featured_media":0,"parent":0,"menu_order":0,"comment_status":"closed","ping_status":"closed","template":"","meta":{"_et_pb_use_builder":"on","_et_pb_old_content":"","_et_gb_content_width":"","footnotes":""},"class_list":["post-1320","page","type-page","status-publish","hentry"],"_links":{"self":[{"href":"https:\/\/www.aulablog.com\/blog\/encuentrovirtual\/wp-json\/wp\/v2\/pages\/1320","targetHints":{"allow":["GET"]}}],"collection":[{"href":"https:\/\/www.aulablog.com\/blog\/encuentrovirtual\/wp-json\/wp\/v2\/pages"}],"about":[{"href":"https:\/\/www.aulablog.com\/blog\/encuentrovirtual\/wp-json\/wp\/v2\/types\/page"}],"author":[{"embeddable":true,"href":"https:\/\/www.aulablog.com\/blog\/encuentrovirtual\/wp-json\/wp\/v2\/users\/5"}],"replies":[{"embeddable":true,"href":"https:\/\/www.aulablog.com\/blog\/encuentrovirtual\/wp-json\/wp\/v2\/comments?post=1320"}],"version-history":[{"count":2,"href":"https:\/\/www.aulablog.com\/blog\/encuentrovirtual\/wp-json\/wp\/v2\/pages\/1320\/revisions"}],"predecessor-version":[{"id":1326,"href":"https:\/\/www.aulablog.com\/blog\/encuentrovirtual\/wp-json\/wp\/v2\/pages\/1320\/revisions\/1326"}],"wp:attachment":[{"href":"https:\/\/www.aulablog.com\/blog\/encuentrovirtual\/wp-json\/wp\/v2\/media?parent=1320"}],"curies":[{"name":"wp","href":"https:\/\/api.w.org\/{rel}","templated":true}]}}