{"id":1379,"date":"2021-06-19T08:37:50","date_gmt":"2021-06-19T08:37:50","guid":{"rendered":"https:\/\/www.aulablog.com\/blog\/encuentrovirtual2021\/?page_id=1379"},"modified":"2021-06-19T08:43:18","modified_gmt":"2021-06-19T08:43:18","slug":"formulario-de-inscripcion","status":"publish","type":"page","link":"https:\/\/www.aulablog.com\/blog\/encuentrovirtual2021\/formulario-de-inscripcion\/","title":{"rendered":"Formulario de inscripci\u00f3n"},"content":{"rendered":"\n<h4 class=\"wp-block-heading\">&nbsp;<\/h4>\n\n\n\n<p>Puedes vivir el <strong>XVI Encuentro aulaBLOG 2021<\/strong> de dos formas diferentes. Por un lado tendremos espacios conjuntos que disfrutaremos todos los asistentes a la vez y y por otro podremos disfrutar de manera particular de un itinerario que se adapte m\u00e1s a tus expectativas. Tendr\u00e1s que elegir uno de ellos a la hora de inscribirte:<\/p>\n\n\n\n<ul class=\"wp-block-list\"><li><strong>Itinerario Vintage<\/strong>. Versi\u00f3n cl\u00e1sica del encuentro con talleres, experiencias, debates, etc.<\/li><li><strong>Itinerario Co-lab<\/strong>. <strong>Vive tu aventura de cine<\/strong>. Cocreaci\u00f3n y reflexi\u00f3n para dise\u00f1ar un producto final.<\/li><\/ul>\n\n\n\n<p>Cada itinerario tiene un numero limitado de asistentes y una vez completo el cupo desaparecer\u00e1 del formulario. <\/p>\n\n\n\n<p>\u00a1Nos vemos!<\/p>\n\n\n\n<iframe loading=\"lazy\" src=\"https:\/\/docs.google.com\/forms\/d\/e\/1FAIpQLSdm2s9n_blJjZgK5xItQ2FCD7vn1RLDcaDyiUSyqfQ5nWwD1g\/viewform?embedded=true\" width=\"640\" height=\"3035\" frameborder=\"0\" marginheight=\"0\" marginwidth=\"0\">Cargando\u2026<\/iframe>\n\n\n\n<p><\/p>\n","protected":false},"excerpt":{"rendered":"<p>&nbsp; Puedes vivir el XVI Encuentro aulaBLOG 2021 de dos formas diferentes. Por un lado tendremos espacios conjuntos que disfrutaremos todos los asistentes a la vez y y por otro podremos disfrutar de manera particular de un itinerario que se adapte m\u00e1s a tus expectativas. Tendr\u00e1s que elegir uno de ellos a la hora de [&hellip;]<\/p>\n","protected":false},"author":5,"featured_media":0,"parent":0,"menu_order":0,"comment_status":"closed","ping_status":"closed","template":"","meta":{"_et_pb_use_builder":"","_et_pb_old_content":"","_et_gb_content_width":"","footnotes":""},"class_list":["post-1379","page","type-page","status-publish","hentry"],"_links":{"self":[{"href":"https:\/\/www.aulablog.com\/blog\/encuentrovirtual2021\/wp-json\/wp\/v2\/pages\/1379","targetHints":{"allow":["GET"]}}],"collection":[{"href":"https:\/\/www.aulablog.com\/blog\/encuentrovirtual2021\/wp-json\/wp\/v2\/pages"}],"about":[{"href":"https:\/\/www.aulablog.com\/blog\/encuentrovirtual2021\/wp-json\/wp\/v2\/types\/page"}],"author":[{"embeddable":true,"href":"https:\/\/www.aulablog.com\/blog\/encuentrovirtual2021\/wp-json\/wp\/v2\/users\/5"}],"replies":[{"embeddable":true,"href":"https:\/\/www.aulablog.com\/blog\/encuentrovirtual2021\/wp-json\/wp\/v2\/comments?post=1379"}],"version-history":[{"count":3,"href":"https:\/\/www.aulablog.com\/blog\/encuentrovirtual2021\/wp-json\/wp\/v2\/pages\/1379\/revisions"}],"predecessor-version":[{"id":1382,"href":"https:\/\/www.aulablog.com\/blog\/encuentrovirtual2021\/wp-json\/wp\/v2\/pages\/1379\/revisions\/1382"}],"wp:attachment":[{"href":"https:\/\/www.aulablog.com\/blog\/encuentrovirtual2021\/wp-json\/wp\/v2\/media?parent=1379"}],"curies":[{"name":"wp","href":"https:\/\/api.w.org\/{rel}","templated":true}]}}