{"id":1531,"date":"2014-05-09T09:00:44","date_gmt":"2014-05-09T07:00:44","guid":{"rendered":"http:\/\/www.aulablog.com\/blog\/?page_id=1531"},"modified":"2016-11-03T16:16:57","modified_gmt":"2016-11-03T15:16:57","slug":"ix-encuentro-aulablog14","status":"publish","type":"page","link":"https:\/\/www.aulablog.com\/blog\/ix-encuentro-aulablog14\/","title":{"rendered":"IX Encuentro #aulaBLOG14"},"content":{"rendered":"<p><img loading=\"lazy\" decoding=\"async\" class=\"aligncenter\" src=\"https:\/\/farm8.staticflickr.com\/7331\/13802243853_cc5730d774.jpg\" alt=\"\" width=\"270\" height=\"400\" \/><\/p>\n<ul>\n<li>\n<h5><a href=\"https:\/\/www.aulablog.com\/blog\/ix-encuentro-aulablog14\/programa-aulablog14\/\">Programa #aulaBLOG14<\/a><\/h5>\n<\/li>\n<li>\n<blockquote style=\"margin: 0 0 0 40px; border: none; padding: 0px;\">\n<h5><strong><a class=\"row-title\" href=\"https:\/\/www.aulablog.com\/blog\/ix-encuentro-aulablog14\/programa-aulablog14\/como-hacer-una-gymkana-y-no-morir-en-el-intento\/\">C\u00f3mo hacer una gymkana con Desing thinking y no morir en el intento<\/a><\/strong><\/h5>\n<\/blockquote>\n<ul>\n<li>\n<h5><strong><a class=\"row-title\" href=\"https:\/\/www.aulablog.com\/blog\/ix-encuentro-aulablog14\/programa-aulablog14\/creareduvolution\/\">CrearEDUvolution<\/a><\/strong><\/h5>\n<\/li>\n<li>\n<h5><a href=\"https:\/\/www.aulablog.com\/blog\/ix-encuentro-aulablog14\/programa-aulablog14\/iniciate-en-la-robotica-educativa-construyendo-y-controlando-tu-robot-bicho\/\"><strong> In\u00edciate en la rob\u00f3tica educativa construyendo y controlando tu robot-bicho<\/strong><\/a><\/h5>\n<\/li>\n<li>\n<h5><strong><a class=\"row-title\" href=\"https:\/\/www.aulablog.com\/blog\/ix-encuentro-aulablog14\/programa-aulablog14\/matematicas-en-tres-actos-sin-conflicto-no-hay-matematicas\/\">Matem\u00e1ticas en tres actos. Sin conflicto, no hay matem\u00e1ticas!<\/a><\/strong><\/h5>\n<\/li>\n<li>\n<h5><strong><a class=\"row-title\" href=\"https:\/\/www.aulablog.com\/blog\/ix-encuentro-aulablog14\/programa-aulablog14\/polka-robotica\/\">Polka Rob\u00f3tica<\/a><\/strong><\/h5>\n<\/li>\n<li>\n<h5><strong><a class=\"row-title\" href=\"https:\/\/www.aulablog.com\/blog\/ix-encuentro-aulablog14\/programa-aulablog14\/programa-actividades-interactivas-de-matematicas-y-ciencias-con-wiris-quizzes\/\"> Programa actividades interactivas de Matem\u00e1ticas y Ciencias con WIRIS Quizzes<\/a><\/strong><\/h5>\n<\/li>\n<li>\n<h5><strong><a class=\"row-title\" href=\"https:\/\/www.aulablog.com\/blog\/ix-encuentro-aulablog14\/programa-aulablog14\/pulso-ritmo-y-movimiento\/\">Pulso, ritmo y movimiento<\/a><\/strong><\/h5>\n<\/li>\n<li>\n<h5><strong><a class=\"row-title\" href=\"https:\/\/www.aulablog.com\/blog\/ix-encuentro-aulablog14\/programa-aulablog14\/robotica-y-trabajo-cooperativo\/\">Rob\u00f3tica y trabajo cooperativo<\/a><\/strong><\/h5>\n<\/li>\n<li>\n<h5><strong><a class=\"row-title\" href=\"https:\/\/www.aulablog.com\/blog\/ix-encuentro-aulablog14\/programa-aulablog14\/romper-barreras-abrir-puertas-disenando-para-la-inclusion\/\">Romper barreras, abrir puertas Dise\u00f1ando para la inclusi\u00f3n<\/a><\/strong><\/h5>\n<\/li>\n<li>\n<h5><strong><a class=\"row-title\" href=\"https:\/\/www.aulablog.com\/blog\/ix-encuentro-aulablog14\/programa-aulablog14\/taller-de-app-inventor\/\">Taller de App Inventor<\/a><\/strong><\/h5>\n<\/li>\n<li>\n<h5><strong><a class=\"row-title\" href=\"https:\/\/www.aulablog.com\/blog\/ix-encuentro-aulablog14\/programa-aulablog14\/taller-de-aumentaty\/\">Taller de Aumentaty<\/a><\/strong><\/h5>\n<\/li>\n<li>\n<h5><strong><a class=\"row-title\" href=\"https:\/\/www.aulablog.com\/blog\/ix-encuentro-aulablog14\/programa-aulablog14\/taller-de-creapptividad\/\">Taller de creAPPtividad<\/a><\/strong><\/h5>\n<\/li>\n<li>\n<h5><strong><a class=\"row-title\" href=\"https:\/\/www.aulablog.com\/blog\/ix-encuentro-aulablog14\/programa-aulablog14\/taller-de-cuentacuentos\/\">Taller de cuentacuentos<\/a><\/strong><\/h5>\n<\/li>\n<li>\n<h5><strong><a class=\"row-title\" href=\"https:\/\/www.aulablog.com\/blog\/ix-encuentro-aulablog14\/programa-aulablog14\/taller-de-introduccion-a-la-electronica-creativa\/\">Taller de Introducci\u00f3n a la electr\u00f3nica creativa<\/a><\/strong><\/h5>\n<\/li>\n<li>\n<h5><strong><a class=\"row-title\" href=\"https:\/\/www.aulablog.com\/blog\/ix-encuentro-aulablog14\/programa-aulablog14\/taller-de-repositorios-de-recursos-educativos-abiertos\/\">Taller de repositorios de recursos educativos abiertos<\/a><\/strong><\/h5>\n<\/li>\n<li>\n<h5><strong><a class=\"row-title\" href=\"https:\/\/www.aulablog.com\/blog\/ix-encuentro-aulablog14\/programa-aulablog14\/trabajo-colaborativo-y-evaluacion-en-wikis\/\">Trabajo colaborativo y evaluaci\u00f3n en wikis<\/a><\/strong><\/h5>\n<\/li>\n<\/ul>\n<\/li>\n<\/ul>\n<p>Alojamiento #aulaBLOG14<\/p>\n","protected":false},"excerpt":{"rendered":"<p>Programa #aulaBLOG14 C\u00f3mo hacer una gymkana con Desing thinking y no morir en el intento CrearEDUvolution In\u00edciate en la rob\u00f3tica educativa construyendo y controlando tu robot-bicho Matem\u00e1ticas en tres actos. Sin conflicto, no hay matem\u00e1ticas! Polka Rob\u00f3tica Programa actividades interactivas de Matem\u00e1ticas y Ciencias con WIRIS Quizzes Pulso, ritmo y movimiento Rob\u00f3tica y trabajo cooperativo [&hellip;]<\/p>\n","protected":false},"author":5,"featured_media":0,"parent":0,"menu_order":0,"comment_status":"open","ping_status":"open","template":"","meta":{"_et_pb_use_builder":"","_et_pb_old_content":"","_et_gb_content_width":"","footnotes":""},"class_list":["post-1531","page","type-page","status-publish","hentry"],"_links":{"self":[{"href":"https:\/\/www.aulablog.com\/blog\/wp-json\/wp\/v2\/pages\/1531","targetHints":{"allow":["GET"]}}],"collection":[{"href":"https:\/\/www.aulablog.com\/blog\/wp-json\/wp\/v2\/pages"}],"about":[{"href":"https:\/\/www.aulablog.com\/blog\/wp-json\/wp\/v2\/types\/page"}],"author":[{"embeddable":true,"href":"https:\/\/www.aulablog.com\/blog\/wp-json\/wp\/v2\/users\/5"}],"replies":[{"embeddable":true,"href":"https:\/\/www.aulablog.com\/blog\/wp-json\/wp\/v2\/comments?post=1531"}],"version-history":[{"count":5,"href":"https:\/\/www.aulablog.com\/blog\/wp-json\/wp\/v2\/pages\/1531\/revisions"}],"predecessor-version":[{"id":2215,"href":"https:\/\/www.aulablog.com\/blog\/wp-json\/wp\/v2\/pages\/1531\/revisions\/2215"}],"wp:attachment":[{"href":"https:\/\/www.aulablog.com\/blog\/wp-json\/wp\/v2\/media?parent=1531"}],"curies":[{"name":"wp","href":"https:\/\/api.w.org\/{rel}","templated":true}]}}