{"id":1575,"date":"2014-06-13T13:04:42","date_gmt":"2014-06-13T11:04:42","guid":{"rendered":"http:\/\/www.aulablog.com\/blog\/?page_id=1575"},"modified":"2014-06-13T13:04:42","modified_gmt":"2014-06-13T11:04:42","slug":"programa-actividades-interactivas-de-matematicas-y-ciencias-con-wiris-quizzes","status":"publish","type":"page","link":"https:\/\/www.aulablog.com\/blog\/ix-encuentro-aulablog14\/programa-aulablog14\/programa-actividades-interactivas-de-matematicas-y-ciencias-con-wiris-quizzes\/","title":{"rendered":"Programa actividades interactivas de Matem\u00e1ticas y Ciencias con WIRIS Quizzes"},"content":{"rendered":"<p><b>N\u00famero m\u00e1ximo de participantes:<\/b> 20<\/p>\n<p><b>\u00bfPorqu\u00e9 es interesante vuestra propuesta?<\/b><\/p>\n<p>WIRIS Quizzes es un complemento perfecto para las aulas virtuales para materias de ciencias, especialmente matem\u00e1ticas. Adem\u00e1s, por \u00a0tratarse de un lenguaje de programaci\u00f3n, permite infinitas posibilidades para crear actividades matem\u00e1ticas que nunca son iguales pero a la vez siempre conocemos si se han realizado de la manera adecuada.<\/p>\n<p>&nbsp;<\/p>\n<p><b>Nombres de los que vais a presentar la propuesta:<\/b><\/p>\n<p>Ramon Eixarch (de WIRIS)<\/p>\n<p>&nbsp;<\/p>\n<p><b>L\u00ednea tem\u00e1tica seleccionada para trabajar:<\/b><\/p>\n<p>M-Learning (la \u00faltima versi\u00f3n de WIRIS ser\u00e1 100% compatible con dispositivos m\u00f3viles)<\/p>\n<p>&nbsp;<\/p>\n<p><b>Descripci\u00f3n breve de lo que quer\u00e9is hacer, es decir \u00a0\u00bfqu\u00e9 vamos a aprender? \u00a0\u00bfc\u00f3mo? : <\/b><\/p>\n<p>Trabajando colaborativamente desde un ordenador con conexi\u00f3n a internet los participantes se conectar\u00e1n a aulas virtuales desde las cuales aprender\u00e1n a crear actividades interactivas autocorregibles mediante el lenguaje de programaci\u00f3n de WIRIS<\/p>\n<p>&nbsp;<\/p>\n","protected":false},"excerpt":{"rendered":"<p>N\u00famero m\u00e1ximo de participantes: 20 \u00bfPorqu\u00e9 es interesante vuestra propuesta? WIRIS Quizzes es un complemento perfecto para las aulas virtuales para materias de ciencias, especialmente matem\u00e1ticas. Adem\u00e1s, por \u00a0tratarse de un lenguaje de programaci\u00f3n, permite infinitas posibilidades para crear actividades matem\u00e1ticas que nunca son iguales pero a la vez siempre conocemos si se han realizado [&hellip;]<\/p>\n","protected":false},"author":5,"featured_media":0,"parent":1533,"menu_order":0,"comment_status":"open","ping_status":"open","template":"","meta":{"_et_pb_use_builder":"","_et_pb_old_content":"","_et_gb_content_width":"","footnotes":""},"class_list":["post-1575","page","type-page","status-publish","hentry"],"_links":{"self":[{"href":"https:\/\/www.aulablog.com\/blog\/wp-json\/wp\/v2\/pages\/1575","targetHints":{"allow":["GET"]}}],"collection":[{"href":"https:\/\/www.aulablog.com\/blog\/wp-json\/wp\/v2\/pages"}],"about":[{"href":"https:\/\/www.aulablog.com\/blog\/wp-json\/wp\/v2\/types\/page"}],"author":[{"embeddable":true,"href":"https:\/\/www.aulablog.com\/blog\/wp-json\/wp\/v2\/users\/5"}],"replies":[{"embeddable":true,"href":"https:\/\/www.aulablog.com\/blog\/wp-json\/wp\/v2\/comments?post=1575"}],"version-history":[{"count":1,"href":"https:\/\/www.aulablog.com\/blog\/wp-json\/wp\/v2\/pages\/1575\/revisions"}],"predecessor-version":[{"id":1576,"href":"https:\/\/www.aulablog.com\/blog\/wp-json\/wp\/v2\/pages\/1575\/revisions\/1576"}],"up":[{"embeddable":true,"href":"https:\/\/www.aulablog.com\/blog\/wp-json\/wp\/v2\/pages\/1533"}],"wp:attachment":[{"href":"https:\/\/www.aulablog.com\/blog\/wp-json\/wp\/v2\/media?parent=1575"}],"curies":[{"name":"wp","href":"https:\/\/api.w.org\/{rel}","templated":true}]}}