{"id":1582,"date":"2014-06-13T13:19:42","date_gmt":"2014-06-13T11:19:42","guid":{"rendered":"http:\/\/www.aulablog.com\/blog\/?page_id=1582"},"modified":"2014-06-13T13:19:42","modified_gmt":"2014-06-13T11:19:42","slug":"robotica-y-trabajo-cooperativo","status":"publish","type":"page","link":"https:\/\/www.aulablog.com\/blog\/ix-encuentro-aulablog14\/programa-aulablog14\/robotica-y-trabajo-cooperativo\/","title":{"rendered":"Rob\u00f3tica y trabajo cooperativo"},"content":{"rendered":"<p><b>Nombres de los que vais a presentar la propuesta:\u00a0<\/b>Artur Coll<\/p>\n<p><b>L\u00ednea tem\u00e1tica seleccionada para trabajar:\u00a0<\/b>Rob\u00f3tica<\/p>\n<p>&nbsp;<\/p>\n<p><b>Descripci\u00f3n breve de lo que quer\u00e9is hacer, es decir \u00a0\u00bfqu\u00e9 vamos a aprender? \u00a0\u00bfc\u00f3mo? \ud83d\ude42<\/b><\/p>\n<p>Rob\u00f3tica y trabajo cooperativo. Con Lego Wedo y Lego Mindstorms, abordaremos estrategias de resolucion de problemes trabajando de forma cooperativa tanto dentro de un grupo como entre diferentes grupos.<\/p>\n<p><b>N\u00famero m\u00e1ximo de participantes:\u00a0<\/b>20<\/p>\n<p><b>\u00bfPorqu\u00e9 es interesante vuestra propuesta?<\/b><\/p>\n<p>La programaci\u00f3n y la rob\u00f2tica educativa s\u00f3n herramientas novedosas, altamente motivadoras para el alumnado, y que proporcionan difentes habilidades como la creatividad, el pensamiento divergente, la tolerancia a la frustraci\u00f3n y la resoluci\u00f3n de problemas. Adem\u00e1s, cuando trabajamos en grupo resulta m\u00e1s motivado<\/p>\n","protected":false},"excerpt":{"rendered":"<p>Nombres de los que vais a presentar la propuesta:\u00a0Artur Coll L\u00ednea tem\u00e1tica seleccionada para trabajar:\u00a0Rob\u00f3tica &nbsp; Descripci\u00f3n breve de lo que quer\u00e9is hacer, es decir \u00a0\u00bfqu\u00e9 vamos a aprender? \u00a0\u00bfc\u00f3mo? \ud83d\ude42 Rob\u00f3tica y trabajo cooperativo. Con Lego Wedo y Lego Mindstorms, abordaremos estrategias de resolucion de problemes trabajando de forma cooperativa tanto dentro de un [&hellip;]<\/p>\n","protected":false},"author":5,"featured_media":0,"parent":1533,"menu_order":0,"comment_status":"open","ping_status":"open","template":"","meta":{"_et_pb_use_builder":"","_et_pb_old_content":"","_et_gb_content_width":"","footnotes":""},"class_list":["post-1582","page","type-page","status-publish","hentry"],"_links":{"self":[{"href":"https:\/\/www.aulablog.com\/blog\/wp-json\/wp\/v2\/pages\/1582","targetHints":{"allow":["GET"]}}],"collection":[{"href":"https:\/\/www.aulablog.com\/blog\/wp-json\/wp\/v2\/pages"}],"about":[{"href":"https:\/\/www.aulablog.com\/blog\/wp-json\/wp\/v2\/types\/page"}],"author":[{"embeddable":true,"href":"https:\/\/www.aulablog.com\/blog\/wp-json\/wp\/v2\/users\/5"}],"replies":[{"embeddable":true,"href":"https:\/\/www.aulablog.com\/blog\/wp-json\/wp\/v2\/comments?post=1582"}],"version-history":[{"count":1,"href":"https:\/\/www.aulablog.com\/blog\/wp-json\/wp\/v2\/pages\/1582\/revisions"}],"predecessor-version":[{"id":1583,"href":"https:\/\/www.aulablog.com\/blog\/wp-json\/wp\/v2\/pages\/1582\/revisions\/1583"}],"up":[{"embeddable":true,"href":"https:\/\/www.aulablog.com\/blog\/wp-json\/wp\/v2\/pages\/1533"}],"wp:attachment":[{"href":"https:\/\/www.aulablog.com\/blog\/wp-json\/wp\/v2\/media?parent=1582"}],"curies":[{"name":"wp","href":"https:\/\/api.w.org\/{rel}","templated":true}]}}