{"id":1584,"date":"2014-06-13T13:30:37","date_gmt":"2014-06-13T11:30:37","guid":{"rendered":"http:\/\/www.aulablog.com\/blog\/?page_id=1584"},"modified":"2014-06-13T13:30:37","modified_gmt":"2014-06-13T11:30:37","slug":"taller-de-introduccion-a-la-electronica-creativa","status":"publish","type":"page","link":"https:\/\/www.aulablog.com\/blog\/ix-encuentro-aulablog14\/programa-aulablog14\/taller-de-introduccion-a-la-electronica-creativa\/","title":{"rendered":"Taller de Introducci\u00f3n a la electr\u00f3nica creativa"},"content":{"rendered":"<ul>\n<li>Nombres de los que vais a presentar la propuesta: MERCEDES JIMENO BADIOLA. CPES NAZARET BHIP. DONOSTIA-SAN SEBASTI\u00c1N<\/li>\n<\/ul>\n<p><a href=\"mailto:mertxejbadiola@gmail.com\">mertxejbadiola@gmail.com<\/a>\u00a0&#8211;\u00a0<a href=\"http:\/\/www.mertxejbadiola.com\">http:\/\/www.mertxejbadiola.com<\/a><\/p>\n<p>&nbsp;<\/p>\n<ul>\n<li>L\u00ednea tem\u00e1tica seleccionada para trabajar: Este taller se podr\u00eda enmarcar dentro de 3 l\u00edneas:<\/li>\n<\/ul>\n<ol>\n<li>Creatividad.<\/li>\n<li>Cultura de pensamiento: Destrezas y rutinas<\/li>\n<li>PBL<\/li>\n<\/ol>\n<p>Vamos a trabajar de una manera creativa y experimental las \u00e1reas cient\u00edfico-t\u00e9cnicas de electricidad y electr\u00f3nica fomentando el pensamiento, la deducci\u00f3n y el aprendizaje basado en proyectos proyectos.<\/p>\n<ul>\n<li>Descripci\u00f3n breve de lo que quer\u00e9is hacer, es decir \u00a0\u00bfqu\u00e9 vamos a aprender? \u00a0\u00bfc\u00f3mo?<\/li>\n<\/ul>\n<p>Proponemos trabajar la parte del \u00c1rea Cient\u00edfico-T\u00e9cnica de Electricidad y Electr\u00f3nica mediante la construcci\u00f3n de circuitos el\u00e9ctricos y electr\u00f3nicos.<\/p>\n<p>Para ello realizaremos 4 tipos actividades: <a href=\"https:\/\/docs.google.com\/document\/d\/1NQJ1Gm_QnrHWP2dOapOUaorpOTlsseorfA6Y28ULnYQ\/edit\" target=\"_blank\">m\u00e1s informaci\u00f3n<\/a><\/p>\n<p>&nbsp;<\/p>\n<ul>\n<li>N\u00famero m\u00e1ximo de participantes: \u00a020-24 participantes. Se trabajar\u00e1 en 4 grupos de 4-6 personas.<\/li>\n<\/ul>\n<p>&nbsp;<\/p>\n<ul>\n<li>\u00bfPorqu\u00e9 es interesante vuestra propuesta?<\/li>\n<\/ul>\n<p>No es necesario que el participante tenga conocimientos de electricidad y\/o electr\u00f3nica para participar en el taller. Ni que sea docente de ninguna asignatura del \u00c1rea Cient\u00edfico-T\u00e9cnica, ya que el taller se puede extender a otras asignaturas del curr\u00edculo. Fomenta la creatividad y se trabaja la coordinaci\u00f3n y el trabajo en equipo. El taller se puede adaptar a cualquier nivel educativo, principalmente Educaci\u00f3n Primaria y Educaci\u00f3n Secundaria.<\/p>\n<p>&nbsp;<\/p>\n","protected":false},"excerpt":{"rendered":"<p>Nombres de los que vais a presentar la propuesta: MERCEDES JIMENO BADIOLA. CPES NAZARET BHIP. DONOSTIA-SAN SEBASTI\u00c1N mertxejbadiola@gmail.com\u00a0&#8211;\u00a0http:\/\/www.mertxejbadiola.com &nbsp; L\u00ednea tem\u00e1tica seleccionada para trabajar: Este taller se podr\u00eda enmarcar dentro de 3 l\u00edneas: Creatividad. Cultura de pensamiento: Destrezas y rutinas PBL Vamos a trabajar de una manera creativa y experimental las \u00e1reas cient\u00edfico-t\u00e9cnicas de electricidad [&hellip;]<\/p>\n","protected":false},"author":5,"featured_media":0,"parent":1533,"menu_order":0,"comment_status":"open","ping_status":"open","template":"","meta":{"_et_pb_use_builder":"","_et_pb_old_content":"","_et_gb_content_width":"","footnotes":""},"class_list":["post-1584","page","type-page","status-publish","hentry"],"_links":{"self":[{"href":"https:\/\/www.aulablog.com\/blog\/wp-json\/wp\/v2\/pages\/1584","targetHints":{"allow":["GET"]}}],"collection":[{"href":"https:\/\/www.aulablog.com\/blog\/wp-json\/wp\/v2\/pages"}],"about":[{"href":"https:\/\/www.aulablog.com\/blog\/wp-json\/wp\/v2\/types\/page"}],"author":[{"embeddable":true,"href":"https:\/\/www.aulablog.com\/blog\/wp-json\/wp\/v2\/users\/5"}],"replies":[{"embeddable":true,"href":"https:\/\/www.aulablog.com\/blog\/wp-json\/wp\/v2\/comments?post=1584"}],"version-history":[{"count":1,"href":"https:\/\/www.aulablog.com\/blog\/wp-json\/wp\/v2\/pages\/1584\/revisions"}],"predecessor-version":[{"id":1587,"href":"https:\/\/www.aulablog.com\/blog\/wp-json\/wp\/v2\/pages\/1584\/revisions\/1587"}],"up":[{"embeddable":true,"href":"https:\/\/www.aulablog.com\/blog\/wp-json\/wp\/v2\/pages\/1533"}],"wp:attachment":[{"href":"https:\/\/www.aulablog.com\/blog\/wp-json\/wp\/v2\/media?parent=1584"}],"curies":[{"name":"wp","href":"https:\/\/api.w.org\/{rel}","templated":true}]}}