{"id":1588,"date":"2014-06-13T13:42:56","date_gmt":"2014-06-13T11:42:56","guid":{"rendered":"http:\/\/www.aulablog.com\/blog\/?page_id=1588"},"modified":"2014-06-13T13:42:56","modified_gmt":"2014-06-13T11:42:56","slug":"matematicas-en-tres-actos-sin-conflicto-no-hay-matematicas","status":"publish","type":"page","link":"https:\/\/www.aulablog.com\/blog\/ix-encuentro-aulablog14\/programa-aulablog14\/matematicas-en-tres-actos-sin-conflicto-no-hay-matematicas\/","title":{"rendered":"Matem\u00e1ticas en tres actos. Sin conflicto, no hay matem\u00e1ticas!"},"content":{"rendered":"<p><b>T\u00edtulo del taller:\u00a0<\/b>Matem\u00e1ticas en tres actos.\u00a0<i>Sin conflicto, no hay matem\u00e1ticas!<\/i><\/p>\n<p><b>Nombres de los que vais a presentar la propuesta:\u00a0<\/b>Sergi del Moral y \u00a0Boris Mir, profesores del Institut-Escola Les Vinyes<\/p>\n<p><b>L\u00ednea tem\u00e1tica:\u00a0<\/b>ABP-PBL. \u00a0Creatividad<\/p>\n<p>&nbsp;<\/p>\n<p><b>Descripci\u00f3n breve:\u00a0<\/b>En este espacio \u201caprender haciendo\u201d os proponemos hacer una actividad matem\u00e1tica en tres actos, una metodologia original de Dan Meyer que promueve la resoluci\u00f3n de problemas de manera creativa, participativa, visual, fresca, aplicada y sonriente.<\/p>\n<p>David Mamet dice que el trabajo de un dramaturgo consiste en maravillar con lo que est\u00e1 a punto de suceder, no s\u00f3lo en explicar o sugerir qu\u00e9 suceder\u00e1. En Les Vinyes lo intentamos y venimos a hacerlo con vosotros, en vivo y en directo.<\/p>\n<p>&nbsp;<\/p>\n<p><b>N\u00famero m\u00e1ximo de participantes:\u00a0<\/b>118 \ud83d\ude42<\/p>\n<p><b>\u00bfPorqu\u00e9 es interesante vuestra propuesta?\u00a0<\/b>Creemos que la actividades matem\u00e1ticas en tres actos son interesantes porqu\u00e9:<\/p>\n<p>1\/ Invierten el ciclo contenido-problema.<\/p>\n<p>2\/ Permiten pensar creativamente, modelizar, discutir y argumentar.<\/p>\n<p>3\/ Permiten incluir a todo el mundo y a personalizar.<\/p>\n<p>4\/ Fomentan el trabajo en equipo y la colaboraci\u00f3n.<\/p>\n<p>5\/ Parten de un est\u00edmulo visual e impactante.<\/p>\n<p>6\/ Usan la tecnologia para resolver problemas.<\/p>\n<p>&nbsp;<\/p>\n<p>&nbsp;<\/p>\n","protected":false},"excerpt":{"rendered":"<p>T\u00edtulo del taller:\u00a0Matem\u00e1ticas en tres actos.\u00a0Sin conflicto, no hay matem\u00e1ticas! Nombres de los que vais a presentar la propuesta:\u00a0Sergi del Moral y \u00a0Boris Mir, profesores del Institut-Escola Les Vinyes L\u00ednea tem\u00e1tica:\u00a0ABP-PBL. \u00a0Creatividad &nbsp; Descripci\u00f3n breve:\u00a0En este espacio \u201caprender haciendo\u201d os proponemos hacer una actividad matem\u00e1tica en tres actos, una metodologia original de Dan Meyer que [&hellip;]<\/p>\n","protected":false},"author":5,"featured_media":0,"parent":1533,"menu_order":0,"comment_status":"open","ping_status":"open","template":"","meta":{"_et_pb_use_builder":"","_et_pb_old_content":"","_et_gb_content_width":"","footnotes":""},"class_list":["post-1588","page","type-page","status-publish","hentry"],"_links":{"self":[{"href":"https:\/\/www.aulablog.com\/blog\/wp-json\/wp\/v2\/pages\/1588","targetHints":{"allow":["GET"]}}],"collection":[{"href":"https:\/\/www.aulablog.com\/blog\/wp-json\/wp\/v2\/pages"}],"about":[{"href":"https:\/\/www.aulablog.com\/blog\/wp-json\/wp\/v2\/types\/page"}],"author":[{"embeddable":true,"href":"https:\/\/www.aulablog.com\/blog\/wp-json\/wp\/v2\/users\/5"}],"replies":[{"embeddable":true,"href":"https:\/\/www.aulablog.com\/blog\/wp-json\/wp\/v2\/comments?post=1588"}],"version-history":[{"count":1,"href":"https:\/\/www.aulablog.com\/blog\/wp-json\/wp\/v2\/pages\/1588\/revisions"}],"predecessor-version":[{"id":1589,"href":"https:\/\/www.aulablog.com\/blog\/wp-json\/wp\/v2\/pages\/1588\/revisions\/1589"}],"up":[{"embeddable":true,"href":"https:\/\/www.aulablog.com\/blog\/wp-json\/wp\/v2\/pages\/1533"}],"wp:attachment":[{"href":"https:\/\/www.aulablog.com\/blog\/wp-json\/wp\/v2\/media?parent=1588"}],"curies":[{"name":"wp","href":"https:\/\/api.w.org\/{rel}","templated":true}]}}