{"id":1592,"date":"2014-06-13T13:48:41","date_gmt":"2014-06-13T11:48:41","guid":{"rendered":"http:\/\/www.aulablog.com\/blog\/?page_id=1592"},"modified":"2014-06-13T13:48:41","modified_gmt":"2014-06-13T11:48:41","slug":"polka-robotica","status":"publish","type":"page","link":"https:\/\/www.aulablog.com\/blog\/ix-encuentro-aulablog14\/programa-aulablog14\/polka-robotica\/","title":{"rendered":"Polka Rob\u00f3tica"},"content":{"rendered":"<p><b>T\u00edtulo: <\/b>Polka rob\u00f3tica<\/p>\n<p><b>N\u00famero m\u00e1ximo de participantes:<\/b> 16 (un robot para cada dos participantes)<\/p>\n<p><b>\u00bfPorqu\u00e9 es interesante vuestra propuesta?\u00a0<\/b>Se trata de un espacio de rob\u00f3tica educativa de nivel intermedio, es aconsejable, aunque no imrescindible tener alguna experiencia previa. Los participantes podr\u00e1n construir\u00e1n un robot LEGO Mindstorms EV3 y programarlo para que siga la secuencia de movimientos del baile de la polka.<\/p>\n<p>&nbsp;<\/p>\n<p><b>Nombres de los que vais a presentar la propuesta:\u00a0<\/b>Roc\u00edo Lara (de Ro-Botica)<\/p>\n<p><b>L\u00ednea tem\u00e1tica seleccionada para trabajar:\u00a0<\/b>Rob\u00f3tica<\/p>\n<p>&nbsp;<\/p>\n<p><b>Descripci\u00f3n breve de lo que quer\u00e9is hacer, es decir \u00a0\u00bfqu\u00e9 vamos a aprender? \u00a0\u00bfc\u00f3mo? :<\/b><\/p>\n<p>Trabajando colaborativamente con su compa\u00f1ero y dem\u00e1s participantes, se construye un robot y se le ense\u00f1a a bailar la polka, de esta manera se trabajan m\u00faltiples habilidades: musical, l\u00f3gica, manual, &#8230;<\/p>\n<p><b>Material obligatorio que deben traer los participantes:<\/b><\/p>\n<ul>\n<li>Ordenador personal por cada puesto de trabajo (total 8) con el programa EV3 lite instalado:<a href=\"http:\/\/www.lego.com\/en-gb\/mindstorms\/downloads\/software\/ddsoftwaredownload\/\">http:\/\/www.lego.com\/en-gb\/mindstorms\/downloads\/software\/ddsoftwaredownload\/<\/a> (el programa \u201cpesa\u201d por lo que se requiere un m\u00ednimo de 4 MB de RAM para que vaya holgado, con 2MB se puede hacer y con 1MB demasiado lento).<\/li>\n<\/ul>\n","protected":false},"excerpt":{"rendered":"<p>T\u00edtulo: Polka rob\u00f3tica N\u00famero m\u00e1ximo de participantes: 16 (un robot para cada dos participantes) \u00bfPorqu\u00e9 es interesante vuestra propuesta?\u00a0Se trata de un espacio de rob\u00f3tica educativa de nivel intermedio, es aconsejable, aunque no imrescindible tener alguna experiencia previa. Los participantes podr\u00e1n construir\u00e1n un robot LEGO Mindstorms EV3 y programarlo para que siga la secuencia de [&hellip;]<\/p>\n","protected":false},"author":5,"featured_media":0,"parent":1533,"menu_order":0,"comment_status":"open","ping_status":"open","template":"","meta":{"_et_pb_use_builder":"","_et_pb_old_content":"","_et_gb_content_width":"","footnotes":""},"class_list":["post-1592","page","type-page","status-publish","hentry"],"_links":{"self":[{"href":"https:\/\/www.aulablog.com\/blog\/wp-json\/wp\/v2\/pages\/1592","targetHints":{"allow":["GET"]}}],"collection":[{"href":"https:\/\/www.aulablog.com\/blog\/wp-json\/wp\/v2\/pages"}],"about":[{"href":"https:\/\/www.aulablog.com\/blog\/wp-json\/wp\/v2\/types\/page"}],"author":[{"embeddable":true,"href":"https:\/\/www.aulablog.com\/blog\/wp-json\/wp\/v2\/users\/5"}],"replies":[{"embeddable":true,"href":"https:\/\/www.aulablog.com\/blog\/wp-json\/wp\/v2\/comments?post=1592"}],"version-history":[{"count":1,"href":"https:\/\/www.aulablog.com\/blog\/wp-json\/wp\/v2\/pages\/1592\/revisions"}],"predecessor-version":[{"id":1593,"href":"https:\/\/www.aulablog.com\/blog\/wp-json\/wp\/v2\/pages\/1592\/revisions\/1593"}],"up":[{"embeddable":true,"href":"https:\/\/www.aulablog.com\/blog\/wp-json\/wp\/v2\/pages\/1533"}],"wp:attachment":[{"href":"https:\/\/www.aulablog.com\/blog\/wp-json\/wp\/v2\/media?parent=1592"}],"curies":[{"name":"wp","href":"https:\/\/api.w.org\/{rel}","templated":true}]}}