{"id":1594,"date":"2014-06-13T13:52:25","date_gmt":"2014-06-13T11:52:25","guid":{"rendered":"http:\/\/www.aulablog.com\/blog\/?page_id=1594"},"modified":"2014-06-13T13:52:25","modified_gmt":"2014-06-13T11:52:25","slug":"taller-de-cuentacuentos","status":"publish","type":"page","link":"https:\/\/www.aulablog.com\/blog\/ix-encuentro-aulablog14\/programa-aulablog14\/taller-de-cuentacuentos\/","title":{"rendered":"Taller de cuentacuentos"},"content":{"rendered":"<p><strong>T\u00edtulo<\/strong>: Taller de cuentacuentos<\/p>\n<p><strong>N<\/strong><b>ombres de los que vais a presentar la propuesta:\u00a0<\/b>Manuel Rino S\u00e1nchez<\/p>\n<ul>\n<li><b>L\u00ednea tem\u00e1tica seleccionada para trabajar: \u00a0<\/b>Creatividad<\/li>\n<li><b>Descripci\u00f3n breve de lo que quer\u00e9is hacer, es decir \u00a0\u00bfqu\u00e9 vamos a aprender? \u00a0\u00bfc\u00f3mo?<\/b><\/li>\n<li>Se trata de que hagamos entre todos un taller de Cuento Tradicional. Cada participante buscar\u00e1 o escribir\u00e1 (mejor esto \u00faltimo) un cuento al estilo tradicional (se dispondr\u00e1n de varios ejemplos de diferentes culturas). Despu\u00e9s de identificar los elementos comunes que existen en todas las culturas, escribiremos el cuento. Una vez acabado, cada participante lo narrar\u00e1 delante de los dem\u00e1s, intentando darle la entonaci\u00f3n y la intenci\u00f3n oportunas.\n<p>No se trata de ense\u00f1ar nada sino de que todos aprendamos de todos. Si alguien quiere elaborar un Podcast con su narraci\u00f3n podr\u00e1 hacerlo.<\/li>\n<li><b>N\u00famero m\u00e1ximo de participantes: <\/b>20<\/li>\n<\/ul>\n<ul>\n<li><b>\u00bfPor qu\u00e9 es interesante vuestra propuesta?<\/b><\/li>\n<li>Se puede llevar a cabo con alumnos de la ESO en general, pero yo lo he hecho con los de 1\u00ba, en la materia de Lengua Castellana y Literatura. Es interesante porque es una propuesta que fomenta en los alumnos la creatividad, ejercita la memorizaci\u00f3n y la pr\u00e1ctica de la lengua oral (entonaci\u00f3n correcta, pausas, cambios de registros, etc.).<\/li>\n<\/ul>\n<p>&nbsp;<\/p>\n<p>&nbsp;<\/p>\n","protected":false},"excerpt":{"rendered":"<p>T\u00edtulo: Taller de cuentacuentos Nombres de los que vais a presentar la propuesta:\u00a0Manuel Rino S\u00e1nchez L\u00ednea tem\u00e1tica seleccionada para trabajar: \u00a0Creatividad Descripci\u00f3n breve de lo que quer\u00e9is hacer, es decir \u00a0\u00bfqu\u00e9 vamos a aprender? \u00a0\u00bfc\u00f3mo? Se trata de que hagamos entre todos un taller de Cuento Tradicional. Cada participante buscar\u00e1 o escribir\u00e1 (mejor esto \u00faltimo) [&hellip;]<\/p>\n","protected":false},"author":5,"featured_media":0,"parent":1533,"menu_order":0,"comment_status":"open","ping_status":"open","template":"","meta":{"_et_pb_use_builder":"","_et_pb_old_content":"","_et_gb_content_width":"","footnotes":""},"class_list":["post-1594","page","type-page","status-publish","hentry"],"_links":{"self":[{"href":"https:\/\/www.aulablog.com\/blog\/wp-json\/wp\/v2\/pages\/1594","targetHints":{"allow":["GET"]}}],"collection":[{"href":"https:\/\/www.aulablog.com\/blog\/wp-json\/wp\/v2\/pages"}],"about":[{"href":"https:\/\/www.aulablog.com\/blog\/wp-json\/wp\/v2\/types\/page"}],"author":[{"embeddable":true,"href":"https:\/\/www.aulablog.com\/blog\/wp-json\/wp\/v2\/users\/5"}],"replies":[{"embeddable":true,"href":"https:\/\/www.aulablog.com\/blog\/wp-json\/wp\/v2\/comments?post=1594"}],"version-history":[{"count":1,"href":"https:\/\/www.aulablog.com\/blog\/wp-json\/wp\/v2\/pages\/1594\/revisions"}],"predecessor-version":[{"id":1595,"href":"https:\/\/www.aulablog.com\/blog\/wp-json\/wp\/v2\/pages\/1594\/revisions\/1595"}],"up":[{"embeddable":true,"href":"https:\/\/www.aulablog.com\/blog\/wp-json\/wp\/v2\/pages\/1533"}],"wp:attachment":[{"href":"https:\/\/www.aulablog.com\/blog\/wp-json\/wp\/v2\/media?parent=1594"}],"curies":[{"name":"wp","href":"https:\/\/api.w.org\/{rel}","templated":true}]}}